{"id":4956,"date":"2022-11-02T02:03:10","date_gmt":"2022-11-02T02:03:10","guid":{"rendered":"https:\/\/moposanitaryware.com\/?post_type=product&#038;p=4956"},"modified":"2024-07-31T02:55:25","modified_gmt":"2024-07-31T02:55:25","slug":"hot-sale-cheap-high-pressure-all-copper-portable-bathroom-bidet-with-handheld-for-chrome-toilet-bidet-sprayer-gun","status":"publish","type":"product","link":"https:\/\/moposanitaryware.com\/es\/hot-sale-cheap-high-pressure-all-copper-portable-bathroom-bidet-with-handheld-for-chrome-toilet-bidet-sprayer-gun\/","title":{"rendered":"Bid\u00e9 de ba\u00f1o port\u00e1til de cobre de alta presi\u00f3n, barato, gran oferta, con mano para pistola rociadora de bid\u00e9 de inodoro cromado"},"content":{"rendered":"<h1 style=\"text-align: center;\"><a href=\"https:\/\/moposanitaryware.com\/es\/categoria-producto\/toilet-spray\/\">Spray de ba\u00f1o<\/a><\/h1>\n<p style=\"text-align: left;\">\u00bfPor qu\u00e9 ser\u00eda diferente en el <a href=\"https:\/\/moposanitaryware.com\/es\/categoria-producto\/toilet-spray\/\">ba\u00f1o<\/a>?<br \/>\nLo mismo ocurre cuando usas el <a href=\"https:\/\/moposanitaryware.com\/es\/categoria-producto\/toilet-spray\/\">ba\u00f1o<\/a>. Usando un <a href=\"https:\/\/moposanitaryware.com\/es\/categoria-producto\/toilet-spray\/\">bid\u00e9<\/a> en lugar de <a href=\"https:\/\/moposanitaryware.com\/es\/categoria-producto\/toilet-spray\/\">ba\u00f1o<\/a> El papel proporciona una limpieza profunda que la simple limpieza no puede lograr. El agua es m\u00e1s sanitaria que <a href=\"https:\/\/moposanitaryware.com\/es\/categoria-producto\/toilet-spray\/\">papel higi\u00e9nico<\/a> porque limpia suavemente el \u00e1rea en lugar de simplemente frotarla con<a href=\"https:\/\/moposanitaryware.com\/es\/categoria-producto\/toilet-spray\/\"> papel higi\u00e9nico<\/a>. Tal vez la idea err\u00f3nea de que <a href=\"https:\/\/moposanitaryware.com\/es\/categoria-producto\/toilet-spray\/\">bid\u00e9s<\/a> son insalubres se remonta a la infancia, ya que limpiarse es una de las primeras lecciones de <a href=\"https:\/\/moposanitaryware.com\/es\/categoria-producto\/toilet-spray\/\">buen ba\u00f1o<\/a> higiene.<br \/>\nLa buena higiene es universal, y tambi\u00e9n lo son <a href=\"https:\/\/moposanitaryware.com\/es\/categoria-producto\/toilet-spray\/\">pausas para ir al ba\u00f1o<\/a>, que hace <a href=\"https:\/\/moposanitaryware.com\/es\/categoria-producto\/toilet-spray\/\">bid\u00e9s<\/a> una gran adici\u00f3n a la rutina de higiene personal de cualquier persona. <a href=\"https:\/\/moposanitaryware.com\/es\/categoria-producto\/toilet-spray\/\">Asientos de bid\u00e9<\/a>, <a href=\"https:\/\/moposanitaryware.com\/es\/categoria-producto\/toilet-spray\/\">bid\u00e9<\/a> accesorios y dispositivos de mano <a href=\"https:\/\/moposanitaryware.com\/es\/categoria-producto\/toilet-spray\/\">pulverizadores de bid\u00e9<\/a> Son ideales para hombres, mujeres, ni\u00f1os y ancianos. Quienquiera que seas, usando un <a href=\"https:\/\/moposanitaryware.com\/es\/categoria-producto\/toilet-spray\/\">bid\u00e9<\/a> Es m\u00e1s higi\u00e9nico que limpiarse solo y le deja una sensaci\u00f3n de limpieza y frescura durante todo el d\u00eda.<br \/>\n\u00bfEso significa que los hombres pueden usar<a href=\"https:\/\/moposanitaryware.com\/es\/categoria-producto\/toilet-spray\/\"> bid\u00e9s<\/a>, \u00bftambi\u00e9n? Bueno, como los hombres tienen que hacer caca como todos, s\u00ed. Los hombres no s\u00f3lo pueden lavarse con un <a href=\"https:\/\/moposanitaryware.com\/es\/categoria-producto\/toilet-spray\/\">bid\u00e9<\/a>, pero tambi\u00e9n deber\u00edan hacerlo. No s\u00f3lo es perfectamente aceptable: es m\u00e1s suave, m\u00e1s higi\u00e9nico y, en todos los aspectos, mejor que limpiar con un pa\u00f1o.<\/p>\n<div class=\"row\"  id=\"row-69652424\">\n\n\t<div id=\"col-312127437\" class=\"col small-12 large-12\"  >\n\t\t\t\t<div class=\"col-inner\"  >\n\t\t\t\n\t\t\t\n<table>\n<tbody>\n<tr>\n<td>Lugar de origen:<\/td>\n<td>Fosh\u00e1n, China<\/td>\n<\/tr>\n<tr>\n<td>Escribe un nombre<\/td>\n<td><a href=\"https:\/\/moposanitaryware.com\/es\/categoria-producto\/toilet-spray\/\">Spray para inodoro MOPO\u00ae<\/a><\/td>\n<\/tr>\n<tr>\n<td>Solicitud:<\/td>\n<td>Hotel, hogar, villa, apartamento<\/td>\n<\/tr>\n<tr>\n<td>Servicio postventa<\/td>\n<td>Soporte t\u00e9cnico en l\u00ednea, repuestos gratuitos<\/td>\n<\/tr>\n<tr>\n<td>OEM y ODM:<\/td>\n<td>OEM<\/td>\n<\/tr>\n<tr>\n<td>Cantidad m\u00ednima de pedido:<\/td>\n<td>1 juego<\/td>\n<\/tr>\n<tr>\n<td>Titulado<\/td>\n<td>CEISO9001<\/td>\n<\/tr>\n<tr>\n<td>Muestra gratis:<\/td>\n<td>muestra de pago<\/td>\n<\/tr>\n<tr>\n<td>Capacidad de suministro:<\/td>\n<td>500 juegos<\/td>\n<\/tr>\n<\/tbody>\n<\/table>\n\t\t<\/div>\n\t\t\t\t\t<\/div>\n\n\t\n\n\t<div id=\"col-1168345597\" class=\"col medium-6 small-12 large-6\"  >\n\t\t\t\t<div class=\"col-inner\"  >\n\t\t\t\n\t\t\t\n<h2>Accesorio de higiene multiusos<\/h2>\n<p>El chorro de agua siempre est\u00e1 &quot;bien dirigido al \u00e1rea que desea limpiar&quot; porque usted est\u00e1 controlando el chorro. Limpieza de higiene personal: un enjuague minucioso siempre har\u00e1 un mejor trabajo. Ayuda a reducir la picaz\u00f3n y la irritaci\u00f3n que su piel sufre. Una forma segura de evitar una infecci\u00f3n del tracto urinario, tratar una hemorroide y vivir un estilo de vida m\u00e1s saludable. Le ayuda a evitar la contaminaci\u00f3n de las manos por el uso. <a href=\"https:\/\/moposanitaryware.com\/es\/categoria-producto\/toilet-spray\/\">papel higi\u00e9nico<\/a>.Cuidado de Discapacidad:Ideal personal <a href=\"https:\/\/moposanitaryware.com\/es\/categoria-producto\/toilet-spray\/\">El spray de agua para bid\u00e9 ayuda<\/a> pacientes con hemorroides o estre\u00f1imiento para recuperaci\u00f3n, asistencia y cuidados especiales. <a href=\"https:\/\/moposanitaryware.com\/es\/categoria-producto\/toilet-spray\/\">Pulverizador de bid\u00e9 MOPO<\/a> es para la higiene personal diaria y tambi\u00e9n se puede usar para la ducha shattaf, el lavado femenino, el rociador de pa\u00f1ales de tela para beb\u00e9s en el inodoro, la ducha para perros y m\u00e1s.<\/p>\n\t\t<\/div>\n\t\t\t\t\t<\/div>\n\n\t\n\n\t<div id=\"col-1869154\" class=\"col medium-6 small-12 large-6\"  >\n\t\t\t\t<div class=\"col-inner\"  >\n\t\t\t\n\t\t\t\n\t<div class=\"img has-hover x md-x lg-x y md-y lg-y\" id=\"image_1294831303\">\n\t\t\t\t\t\t\t\t<div class=\"img-inner dark\" >\n\t\t\t<img loading=\"lazy\" decoding=\"async\" width=\"600\" height=\"400\" src=\"https:\/\/moposanitaryware.com\/wp-content\/uploads\/2022\/11\/Efficient-Hygiene-\u2013-Bring-your-bathroom-into-the-21st-century-with-a-toilet-hose-bidet-attachment-.-Diminish-your-paper-usage-avoid-toilet-clogs-and-enjoy-a-cleaner-life-overall.jpg\" class=\"attachment-original size-original\" alt=\"china mopo Efficient Hygiene \u2013 Bring your bathroom into the 21st century with a toilet hose bidet attachment . Diminish your paper usage, avoid toilet clogs, and enjoy a cleaner life overall\" title=\"\">\t\t\t\t\t\t\n\t\t\t\t\t<\/div>\n\t\t\t\t\t\t\t\t\n<style>\n#image_1294831303 {\n  width: 100%;\n}\n<\/style>\n\t<\/div>\n\t\n\t\t<\/div>\n\t\t\t\t\t<\/div>\n\n\t\n<\/div>\n<div class=\"row\"  id=\"row-549978352\">\n\n\t<div id=\"col-802053548\" class=\"col medium-6 small-12 large-6\"  >\n\t\t\t\t<div class=\"col-inner\"  >\n\t\t\t\n\t\t\t\n\t<div class=\"img has-hover x md-x lg-x y md-y lg-y\" id=\"image_1721246852\">\n\t\t\t\t\t\t\t\t<div class=\"img-inner dark\" >\n\t\t\t<img loading=\"lazy\" decoding=\"async\" width=\"600\" height=\"400\" src=\"https:\/\/moposanitaryware.com\/wp-content\/uploads\/2022\/11\/High-Precision-QualityHigh-quality-bidet-sprayer-installation-to-suit-your-bathroom-cleaning..jpg\" class=\"attachment-original size-original\" alt=\"china mopo High Precision QualityHigh quality bidet sprayer installation to suit your bathroom cleaning.\" title=\"\">\t\t\t\t\t\t\n\t\t\t\t\t<\/div>\n\t\t\t\t\t\t\t\t\n<style>\n#image_1721246852 {\n  width: 100%;\n}\n<\/style>\n\t<\/div>\n\t\n\t\t<\/div>\n\t\t\t\t\t<\/div>\n\n\t\n\n\t<div id=\"col-634551646\" class=\"col medium-6 small-12 large-6\"  >\n\t\t\t\t<div class=\"col-inner\"  >\n\t\t\t\n\t\t\t\n<h2>Calidad de alta precisi\u00f3n<\/h2>\n<p>Alta calidad <a href=\"https:\/\/moposanitaryware.com\/es\/categoria-producto\/toilet-spray\/\">rociador de bid\u00e9<\/a> instalaci\u00f3n que se adapta a sus <a href=\"https:\/\/moposanitaryware.com\/es\/categoria-producto\/toilet-spray\/\">ba\u00f1o<\/a> Limpieza. Este kit ensamblado a medida est\u00e1 disponible en una variedad de diferentes tipos de acabados de materiales, disponibles en lat\u00f3n \/ ABS \/ acero inoxidable 304 y superiores, lo que brinda m\u00e1s durabilidad y resistencia a la oxidaci\u00f3n y la corrosi\u00f3n. <a href=\"https:\/\/moposanitaryware.com\/es\/categoria-producto\/toilet-spray\/\">rociador de bid\u00e9<\/a> para el inodoro es la mejor opci\u00f3n para la limpieza del fondo para mejorar la higiene personal, especialmente durante el embarazo y los ciclos menstruales de las mujeres. Mano<a href=\"https:\/\/moposanitaryware.com\/es\/categoria-producto\/toilet-spray\/\"> Pulverizador de bid\u00e9<\/a> El dise\u00f1o ergon\u00f3mico con una sola mano le permite limpiar m\u00e1s f\u00e1cilmente la parte delantera o trasera, lo que es m\u00e1s higi\u00e9nico que usar papel higi\u00e9nico.<\/p>\n\t\t<\/div>\n\t\t\t\t\t<\/div>\n\n\t\n<\/div>\n<div class=\"row\"  id=\"row-166893861\">\n\n\t<div id=\"col-1990123546\" class=\"col medium-6 small-12 large-6\"  >\n\t\t\t\t<div class=\"col-inner\"  >\n\t\t\t\n\t\t\t\n<h2>Higiene eficiente<\/h2>\n<p>Trae tu <a href=\"https:\/\/moposanitaryware.com\/es\/categoria-producto\/toilet-spray\/\">ba\u00f1o<\/a> En el siglo XXI con una manguera de ba\u00f1o. <a href=\"https:\/\/moposanitaryware.com\/es\/categoria-producto\/toilet-spray\/\">bid\u00e9<\/a> adjunto . Disminuye el uso de papel, evita <a href=\"https:\/\/moposanitaryware.com\/es\/categoria-producto\/toilet-spray\/\">ba\u00f1o<\/a> zuecos y disfrutar de una vida m\u00e1s limpia en general.<a href=\"https:\/\/moposanitaryware.com\/es\/categoria-producto\/toilet-spray\/\">Pulverizador multiusos<\/a> \u2013 Usarte<a href=\"https:\/\/moposanitaryware.com\/es\/categoria-producto\/toilet-spray\/\">bid\u00e9 de inodoro<\/a> accesorio para limpiar \u00e1reas \u00edntimas, pa\u00f1ales de tela o el propio inodoro. Ajuste la palanca para controlar la presi\u00f3n y apague siempre la v\u00e1lvula T despu\u00e9s de su uso. Hay m\u00faltiples modos de pulverizaci\u00f3n disponibles, reemplazo perfecto del doble.<a href=\"https:\/\/moposanitaryware.com\/es\/categoria-producto\/toilet-spray\/\"> funci\u00f3n pulverizador.<\/a>La ducha con rociador de mano tiene muchos usos, no solo para la higiene personal. El flujo de agua a alta presi\u00f3n puede eliminar las manchas. \u00a1Perfecto para enjuagar pa\u00f1ales de tela, regar plantas, limpiar ba\u00f1eras y m\u00e1s!<\/p>\n\t\t<\/div>\n\t\t\t\t\t<\/div>\n\n\t\n\n\t<div id=\"col-39910272\" class=\"col medium-6 small-12 large-6\"  >\n\t\t\t\t<div class=\"col-inner\"  >\n\t\t\t\n\t\t\t\n\t<div class=\"img has-hover x md-x lg-x y md-y lg-y\" id=\"image_1488833295\">\n\t\t\t\t\t\t\t\t<div class=\"img-inner dark\" >\n\t\t\t<img loading=\"lazy\" decoding=\"async\" width=\"600\" height=\"400\" src=\"https:\/\/moposanitaryware.com\/wp-content\/uploads\/2022\/11\/Adjustable-Water-PressurePress-the-handheld-bidet-sprayer-buttons-to-control-the-water-flow-you-will-get-the-suitable-water-pressure-to-meet-your-daily-needs..jpg\" class=\"attachment-original size-original\" alt=\"china mopo Adjustable Water PressurePress the handheld bidet sprayer buttons to control the water flow, you will get the suitable water pressure to meet your daily needs.\" title=\"\">\t\t\t\t\t\t\n\t\t\t\t\t<\/div>\n\t\t\t\t\t\t\t\t\n<style>\n#image_1488833295 {\n  width: 100%;\n}\n<\/style>\n\t<\/div>\n\t\n\t\t<\/div>\n\t\t\t\t\t<\/div>\n\n\t\n<\/div>","protected":false},"excerpt":{"rendered":"<p>Nombre de la marca: <a href=\"https:\/\/moposanitaryware.com\/es\/#brave_open_popup_688\">MOPO\u00ae<\/a><br \/>\nNombre del producto: <a href=\"https:\/\/moposanitaryware.com\/es\/categoria-producto\/toilet-spray\/\">Spray de ba\u00f1o<\/a><br \/>\nModel Number\uff1aMP PQ07<br \/>\nMaterial: Cobre\/Abs\/Acero inoxidable<br \/>\n<a href=\"https:\/\/moposanitaryware.com\/es\/categoria-producto\/toilet-spray\/\">Tama\u00f1o del rociador del inodoro<\/a>: por encargo<br \/>\nPeso: 2-8 KG<br \/>\nColor: Blanco\/Negro\/Oro\/Gris o personalizado<br \/>\nTipo de instalaci\u00f3n: Instalaci\u00f3n suspendida en la pared<\/p>\n\t<a class=\"paoc-popup-click paoc-popup-cust-337 paoc-popup-button paoc-popup-btn\" href=\"javascript:void(0);\">Solicitar presupuesto<\/a>\r\n\u00a0 \u00a0 \u00a0<a href=\"https:\/\/api.whatsapp.com\/send?phone=8618675762929\"><img loading=\"lazy\" decoding=\"async\" class=\"alignnone wp-image-6698\" src=\"https:\/\/moposanitaryware.com\/wp-content\/uploads\/WhatsApp.png\" alt=\"\" width=\"140\" height=\"33\" srcset=\"https:\/\/moposanitaryware.com\/wp-content\/uploads\/WhatsApp.png 546w, https:\/\/moposanitaryware.com\/wp-content\/uploads\/WhatsApp-18x4.png 18w\" sizes=\"auto, (max-width: 140px) 100vw, 140px\" \/><\/a><\/p>","protected":false},"featured_media":4934,"template":"","meta":{"_acf_changed":false},"product_brand":[],"product_cat":[15,222],"product_tag":[226,117,135,223,225],"class_list":{"0":"post-4956","1":"product","2":"type-product","3":"status-publish","4":"has-post-thumbnail","6":"product_cat-see-all-categories","7":"product_cat-toilet-spray","8":"product_tag-bidet","9":"product_tag-bidet-toilets","10":"product_tag-toilet","11":"product_tag-toilet-spray","12":"product_tag-wall-hung-toilet","14":"first","15":"instock","16":"shipping-taxable","17":"product-type-simple"},"acf":[],"_links":{"self":[{"href":"https:\/\/moposanitaryware.com\/es\/wp-json\/wp\/v2\/product\/4956","targetHints":{"allow":["GET"]}}],"collection":[{"href":"https:\/\/moposanitaryware.com\/es\/wp-json\/wp\/v2\/product"}],"about":[{"href":"https:\/\/moposanitaryware.com\/es\/wp-json\/wp\/v2\/types\/product"}],"wp:featuredmedia":[{"embeddable":true,"href":"https:\/\/moposanitaryware.com\/es\/wp-json\/wp\/v2\/media\/4934"}],"wp:attachment":[{"href":"https:\/\/moposanitaryware.com\/es\/wp-json\/wp\/v2\/media?parent=4956"}],"wp:term":[{"taxonomy":"product_brand","embeddable":true,"href":"https:\/\/moposanitaryware.com\/es\/wp-json\/wp\/v2\/product_brand?post=4956"},{"taxonomy":"product_cat","embeddable":true,"href":"https:\/\/moposanitaryware.com\/es\/wp-json\/wp\/v2\/product_cat?post=4956"},{"taxonomy":"product_tag","embeddable":true,"href":"https:\/\/moposanitaryware.com\/es\/wp-json\/wp\/v2\/product_tag?post=4956"}],"curies":[{"name":"wp","href":"https:\/\/api.w.org\/{rel}","templated":true}]}}