{"id":4188,"date":"2022-01-22T02:59:02","date_gmt":"2022-01-22T02:59:02","guid":{"rendered":"https:\/\/moposanitaryware.com\/?post_type=product&#038;p=4188"},"modified":"2024-08-01T08:07:25","modified_gmt":"2024-08-01T08:07:25","slug":"high-quality-wall-mounted-bathroom-sink-cabinet-bathroom-furniture-dresser-bathroom-cabinet-mp-2117","status":"publish","type":"product","link":"https:\/\/moposanitaryware.com\/es\/high-quality-wall-mounted-bathroom-sink-cabinet-bathroom-furniture-dresser-bathroom-cabinet-mp-2117\/","title":{"rendered":"Mueble de lavabo de ba\u00f1o montado en la pared de alta calidad, mueble de ba\u00f1o, tocador, mueble de ba\u00f1o MP AC117"},"content":{"rendered":"<div class=\"banner has-hover\" id=\"banner-804716265\">\n          <div class=\"banner-inner fill\">\n        <div class=\"banner-bg fill\" >\n            <img loading=\"lazy\" decoding=\"async\" width=\"1000\" height=\"400\" src=\"https:\/\/moposanitaryware.com\/wp-content\/uploads\/2022\/09\/professional-China-Bathroom-Cabinet-manufacturers-we-provide-customers-with-comprehensive-project-management-services..jpg\" class=\"bg attachment-original size-original\" alt=\"\" title=\"\">                                    \n\t<div class=\"is-border\"\n\t\tstyle=\"border-width:0px 0px px 0px;margin:0px 0px px 0px;\">\n\t<\/div>\n                    <\/div>\n\t\t\n        <div class=\"banner-layers container\">\n            <a class=\"fill\" href=\"https:\/\/moposanitaryware.com\/es\/categoria-producto\/bathroom-vanities\/\" ><div class=\"fill banner-link\"><\/div><\/a>            \n   <div id=\"text-box-1906368790\" class=\"text-box banner-layer x50 md-x50 lg-x50 y50 md-y50 lg-y70 res-text\">\n                                <div class=\"text-box-content text dark\">\n              \n              <div class=\"text-inner text-center\">\n                  \n<h3><a href=\"https:\/\/moposanitaryware.com\/es\/categoria-producto\/bathroom-vanities\/\">Mueble de ba\u00f1o<\/a><\/h3>\n<p><a class=\"button primary is-underline lowercase\" href=\"https:\/\/moposanitaryware.com\/es\/categoria-producto\/bathroom-vanities\/\" target=\"_self\" rel=\"noopener\">Leer m\u00e1s<\/a><\/p>\n              <\/div>\n           <\/div>\n                            \n<style>\n#text-box-1906368790 {\n  width: 51%;\n}\n#text-box-1906368790 .text-box-content {\n  font-size: 100%;\n}\n@media (min-width:550px) {\n  #text-box-1906368790 {\n    width: 37%;\n  }\n}\n<\/style>\n    <\/div>\n \n        <\/div>\n      <\/div>\n\n            \n<style>\n#banner-804716265 {\n  padding-top: 60%;\n  background-color: rgb(255,255,255);\n}\n#banner-804716265 .banner-bg img {\n  object-position: 47% 61%;\n}\n@media (min-width:550px) {\n  #banner-804716265 {\n    padding-top: 35%;\n  }\n}\n<\/style>\n  <\/div>\n\n\n<h1 style=\"text-align: center;\">Mueble de ba\u00f1o<\/h1>\n<p style=\"text-align: center;\">El estilo minimalista y moderno se integra f\u00e1cilmente en cualquier estilo de ba\u00f1o. El acabado es f\u00e1cil de limpiar, adem\u00e1s de ser muy moderno, mientras que los tiradores cromados realzan el aspecto general. Espejo con iluminaci\u00f3n LED sin marco, algo m\u00e1s que dar la impresi\u00f3n de que la habitaci\u00f3n es m\u00e1s grande.<br \/>\nMueble de ba\u00f1o adecuado para ba\u00f1os de tama\u00f1o \u00fanico y espacio limitado. personalizado con dos materias primas, seis opciones de tama\u00f1os, pintura con acabado de superficie impermeable, tres selecciones de materiales para lavabos, un total de m\u00e1s de 18 dise\u00f1os diferentes.<\/p>\n<div class=\"row\"  id=\"row-840131570\">\n\n\t<div id=\"col-1275919269\" class=\"col small-12 large-12\"  >\n\t\t\t\t<div class=\"col-inner\"  >\n\t\t\t\n\t\t\t\n<table style=\"height: 492px;\" border=\"1\" width=\"667\">\n<tbody>\n<tr>\n<td>Lugar de origen:<\/td>\n<td>Fosh\u00e1n, China<\/td>\n<\/tr>\n<tr>\n<td>Escribe un nombre:<\/td>\n<td data-spm-anchor-id=\"a2700.details.pronpeci14.i1.47c970d3Zz0E3h\">Gabinete de tocador de ba\u00f1o de lujo moderno MOPO\u00ae<\/td>\n<\/tr>\n<tr>\n<td><strong><span data-spm-anchor-id=\"a2700.wholesale.0.i33.2c534154qJukFc\">Caracter\u00edstica<\/span><\/strong><strong>\u00a0<\/strong><\/td>\n<td>Disponible en m\u00faltiples acabados<br \/>\nPuertas empotradas incluidas para un acabado de dise\u00f1o limpio e impecable.<br \/>\nAlta dureza, f\u00e1cil de limpiar.<br \/>\nGu\u00edas y bisagras suaves, resistentes al agua y al polvo.<br \/>\nAlmacenamiento con un solo caj\u00f3n y dos puertas Amplio espacio de almacenamiento<br \/>\nParte trasera abierta para f\u00e1cil acceso a la plomer\u00eda.<br \/>\nEncimera de tocador con perfil de borde extra grueso para una apariencia lujosa<br \/>\nOpci\u00f3n de montaje de grifo de un solo orificio<br \/>\nEspejo LED sin marco<br \/>\nControles deslizantes silenciosos y de cierre suave<br \/>\nNivel E1 Materia prima<br \/>\nImpermeable<br \/>\ncapacidad de carga s\u00faper fuerte<br \/>\nCaj\u00f3n oculto<br \/>\nInstalaci\u00f3n r\u00e1pida y sencilla<\/td>\n<\/tr>\n<tr>\n<td>Solicitud:<\/td>\n<td>Hotel, hogar, villa, apartamento,<\/td>\n<\/tr>\n<tr>\n<td>Certificado:<\/td>\n<td>CE, ISO 9001, SASO, marca de agua, UPC<\/td>\n<\/tr>\n<tr>\n<td>Servicio postventa<\/td>\n<td>Soporte t\u00e9cnico en l\u00ednea, repuestos gratuitos<\/td>\n<\/tr>\n<tr>\n<td>OEM y ODM:<\/td>\n<td>OEM<\/td>\n<\/tr>\n<tr>\n<td>Cantidad m\u00ednima de pedido:<\/td>\n<td>1 juego<\/td>\n<\/tr>\n<tr>\n<td>Muestra gratis:<\/td>\n<td>muestra de pago<\/td>\n<\/tr>\n<tr>\n<td>Capacidad de suministro:<\/td>\n<td>500 juegos\/juegos por d\u00eda<\/td>\n<\/tr>\n<tr>\n<td style=\"text-align: left;\">Embalaje:<\/td>\n<td style=\"text-align: left;\">Cajas de cart\u00f3n de exportaci\u00f3n est\u00e1ndar con espuma de PE y poliespuma, la caja de madera es opcional para el env\u00edo LCL<\/td>\n<\/tr>\n<\/tbody>\n<\/table>\n\t\t<\/div>\n\t\t\t\t\t<\/div>\n\n\t\n<\/div>\n<div class=\"row\"  id=\"row-169197956\">\n\n\t<div id=\"col-69971792\" class=\"col medium-6 small-12 large-6\"  >\n\t\t\t\t<div class=\"col-inner\"  >\n\t\t\t\n\t\t\t\n<h2>Madera maciza multicapa<\/h2>\n<p>Recubrimiento UV de madera maciza multicapa<br \/>\nAlta presi\u00f3n comprimida<br \/>\ncapa de chapa<br \/>\nEO1EST\u00c1NDAR Eucalipto<br \/>\nn\u00facleo de Plywooc<br \/>\ncapa de chapa<br \/>\nCoatina UV<br \/>\nResistente al agua y a los ara\u00f1azos No.<br \/>\nTratamiento Resistencia Deformaci\u00f3n<br \/>\nMadera de caucho sin miedo al vapor de agua.<br \/>\nEl material principal del cuerpo del gabinete de madera de caucho es la alta densidad y la alta dureza, por lo que tiene un buen rendimiento a prueba de agua y resistencia a la humedad y se usa ampliamente en el espacio del ba\u00f1o.<br \/>\nMayor dureza alta densidad Hermosa textura<\/p>\n\t\t<\/div>\n\t\t\t\t\t<\/div>\n\n\t\n\n\t<div id=\"col-18983946\" class=\"col medium-6 small-12 large-6\"  >\n\t\t\t\t<div class=\"col-inner\"  >\n\t\t\t\n\t\t\t\n\t<div class=\"img has-hover x md-x lg-x y md-y lg-y\" id=\"image_1285983954\">\n\t\t\t\t\t\t\t\t<div class=\"img-inner dark\" >\n\t\t\t<img loading=\"lazy\" decoding=\"async\" width=\"600\" height=\"420\" src=\"https:\/\/moposanitaryware.com\/wp-content\/uploads\/2022\/09\/Modern-Style-Solid-Wood-Bathroom-Floor-Cabinet-Bath-Furniture-Vanities-Plywood-Vanity-Sink-Bathroom-Cabinet-Multi-layer-solid-wood-material.jpg\" class=\"attachment-original size-original\" alt=\"\" srcset=\"https:\/\/moposanitaryware.com\/wp-content\/uploads\/2022\/09\/Modern-Style-Solid-Wood-Bathroom-Floor-Cabinet-Bath-Furniture-Vanities-Plywood-Vanity-Sink-Bathroom-Cabinet-Multi-layer-solid-wood-material.jpg 600w, https:\/\/moposanitaryware.com\/wp-content\/uploads\/2022\/09\/Modern-Style-Solid-Wood-Bathroom-Floor-Cabinet-Bath-Furniture-Vanities-Plywood-Vanity-Sink-Bathroom-Cabinet-Multi-layer-solid-wood-material-571x400.jpg 571w\" sizes=\"auto, (max-width: 600px) 100vw, 600px\" title=\"\">\t\t\t\t\t\t\n\t\t\t\t\t<\/div>\n\t\t\t\t\t\t\t\t\n<style>\n#image_1285983954 {\n  width: 100%;\n}\n<\/style>\n\t<\/div>\n\t\n\t\t<\/div>\n\t\t\t\t\t<\/div>\n\n\t\n<\/div>\n<div class=\"row\"  id=\"row-1723334766\">\n\n\t<div id=\"col-1134829564\" class=\"col medium-6 small-12 large-6\"  >\n\t\t\t\t<div class=\"col-inner\"  >\n\t\t\t\n\t\t\t\n\t<div class=\"img has-hover x md-x lg-x y md-y lg-y\" id=\"image_1232148924\">\n\t\t\t\t\t\t\t\t<div class=\"img-inner dark\" >\n\t\t\t<img loading=\"lazy\" decoding=\"async\" width=\"600\" height=\"420\" src=\"https:\/\/moposanitaryware.com\/wp-content\/uploads\/2022\/09\/Solid-Wood-Bathroom-Cabinet-Bath-Furniture-Vanities-Plywood-Vanity-Sink-Bathroom-Cabinet-Space-aluminum-sheet.jpg\" class=\"attachment-original size-original\" alt=\"\" srcset=\"https:\/\/moposanitaryware.com\/wp-content\/uploads\/2022\/09\/Solid-Wood-Bathroom-Cabinet-Bath-Furniture-Vanities-Plywood-Vanity-Sink-Bathroom-Cabinet-Space-aluminum-sheet.jpg 600w, https:\/\/moposanitaryware.com\/wp-content\/uploads\/2022\/09\/Solid-Wood-Bathroom-Cabinet-Bath-Furniture-Vanities-Plywood-Vanity-Sink-Bathroom-Cabinet-Space-aluminum-sheet-571x400.jpg 571w\" sizes=\"auto, (max-width: 600px) 100vw, 600px\" title=\"\">\t\t\t\t\t\t\n\t\t\t\t\t<\/div>\n\t\t\t\t\t\t\t\t\n<style>\n#image_1232148924 {\n  width: 100%;\n}\n<\/style>\n\t<\/div>\n\t\n\t\t<\/div>\n\t\t\t\t\t<\/div>\n\n\t\n\n\t<div id=\"col-2048033831\" class=\"col medium-6 small-12 large-6\"  >\n\t\t\t\t<div class=\"col-inner\"  >\n\t\t\t\n\t\t\t\n<h2>Gabinete y encimera<\/h2>\n<div class=\"p\">El cuerpo del gabinete coincide con el material y el prop\u00f3sito de la placa doble.<br \/>\nGabinete de madera maciza + panel de puerta de PVC<br \/>\nEl panel de la puerta est\u00e1 hecho de PVC, que es m\u00e1s resistente al agua. El cuerpo del gabinete est\u00e1 hecho de material de madera maciza multicapa, que tiene una mayor capacidad de carga.<br \/>\nEl gabinete de panel de madera maciza multicapa adopta un panel de PVC. Uso en tinta negra\/puerta. Uso en lavabo de losa de roca.<\/div>\n<div><\/div>\n<div>Encimeras ligeras M\u00e1s concisas y con m\u00e1s textura.<br \/>\nResuena con el fino mango de metal, por lo que el dise\u00f1o general es inteligente y ligero.<br \/>\nla losa de roca tiene alta dureza, tenacidad, resistencia a la compresi\u00f3n y resistencia a la flexi\u00f3n. No tienes que preocuparte de que ning\u00fan objeto caiga y da\u00f1e la encimera.<\/div>\n\t\t<\/div>\n\t\t\t\t\t<\/div>\n\n\t\n\n\t<div id=\"col-1397552575\" class=\"col medium-6 small-12 large-6\"  >\n\t\t\t\t<div class=\"col-inner\"  >\n\t\t\t\n\t\t\t\n<h2>Bisagra de acero inoxidable<\/h2>\n<div class=\"p\">\n<p>Bisagra de acero inoxidable<br \/>\nUtilizando nueva tecnolog\u00eda de galvanoplastia, m\u00e1s resistente a la corrosi\u00f3n.<br \/>\nCorrosi\u00f3n por oxidaci\u00f3n, uso prolongado como nuevo.<br \/>\nCilindro hidr\u00e1ulico<br \/>\nEl cilindro hidr\u00e1ulico es un accesorio importante para amortiguar y amortiguar, con una fuerza de amortiguamiento uniforme, silencioso y sin ruido.<\/p>\n<\/div>\n\t\t<\/div>\n\t\t\t\t\t<\/div>\n\n\t\n\n\t<div id=\"col-1382466292\" class=\"col medium-6 small-12 large-6\"  >\n\t\t\t\t<div class=\"col-inner\"  >\n\t\t\t\n\t\t\t\n\t<div class=\"img has-hover x md-x lg-x y md-y lg-y\" id=\"image_409991529\">\n\t\t\t\t\t\t\t\t<div class=\"img-inner dark\" >\n\t\t\t<img loading=\"lazy\" decoding=\"async\" width=\"600\" height=\"420\" src=\"https:\/\/moposanitaryware.com\/wp-content\/uploads\/2022\/09\/Bathroom-Floor-Cabinet-Bath-Furniture-Vanities-Plywood-Vanity-Sink-Bathroom-Cabinet-Brand-mute-and-durable-hinge.jpg\" class=\"attachment-original size-original\" alt=\"\" srcset=\"https:\/\/moposanitaryware.com\/wp-content\/uploads\/2022\/09\/Bathroom-Floor-Cabinet-Bath-Furniture-Vanities-Plywood-Vanity-Sink-Bathroom-Cabinet-Brand-mute-and-durable-hinge.jpg 600w, https:\/\/moposanitaryware.com\/wp-content\/uploads\/2022\/09\/Bathroom-Floor-Cabinet-Bath-Furniture-Vanities-Plywood-Vanity-Sink-Bathroom-Cabinet-Brand-mute-and-durable-hinge-571x400.jpg 571w\" sizes=\"auto, (max-width: 600px) 100vw, 600px\" title=\"\">\t\t\t\t\t\t\n\t\t\t\t\t<\/div>\n\t\t\t\t\t\t\t\t\n<style>\n#image_409991529 {\n  width: 100%;\n}\n<\/style>\n\t<\/div>\n\t\n\t\t<\/div>\n\t\t\t\t\t<\/div>\n\n\t\n<\/div>\n<div class=\"row\"  id=\"row-1025700456\">\n\n\t<div id=\"col-257923784\" class=\"col medium-6 small-12 large-6\"  >\n\t\t\t\t<div class=\"col-inner\"  >\n\t\t\t\n\t\t\t\n\t<div class=\"img has-hover x md-x lg-x y md-y lg-y\" id=\"image_268751897\">\n\t\t\t\t\t\t\t\t<div class=\"img-inner dark\" >\n\t\t\t<img loading=\"lazy\" decoding=\"async\" width=\"600\" height=\"420\" src=\"https:\/\/moposanitaryware.com\/wp-content\/uploads\/2022\/09\/Solid-Wood-Bathroom-Floor-Cabinet-Bath-Furniture-Vanities-Plywood-Vanity-Class-A-ceramic-basin-easy-to-clean.jpg\" class=\"attachment-original size-original\" alt=\"\" srcset=\"https:\/\/moposanitaryware.com\/wp-content\/uploads\/2022\/09\/Solid-Wood-Bathroom-Floor-Cabinet-Bath-Furniture-Vanities-Plywood-Vanity-Class-A-ceramic-basin-easy-to-clean.jpg 600w, https:\/\/moposanitaryware.com\/wp-content\/uploads\/2022\/09\/Solid-Wood-Bathroom-Floor-Cabinet-Bath-Furniture-Vanities-Plywood-Vanity-Class-A-ceramic-basin-easy-to-clean-571x400.jpg 571w\" sizes=\"auto, (max-width: 600px) 100vw, 600px\" title=\"\">\t\t\t\t\t\t\n\t\t\t\t\t<\/div>\n\t\t\t\t\t\t\t\t\n<style>\n#image_268751897 {\n  width: 100%;\n}\n<\/style>\n\t<\/div>\n\t\n\t\t<\/div>\n\t\t\t\t\t<\/div>\n\n\t\n\n\t<div id=\"col-1977385821\" class=\"col medium-6 small-12 large-6\"  >\n\t\t\t\t<div class=\"col-inner\"  >\n\t\t\t\n\t\t\t\n<h1>Lavabo de porcelana blanca de f\u00e1cil limpieza.<\/h1>\n<p>Esmalte de tres capas de nivel nanom\u00e9trico f\u00e1cil de limpiar, la superficie es tan suave como la porcelana, fina y sedosa. La cocci\u00f3n a una temperatura elevada de 1280\u00b0C forma un esmalte microcristalino autolimpiante. El \u00e1rea es dif\u00edcil de retener agua y la mantiene suave y seca.<\/p>\n\t\t<\/div>\n\t\t\t\t\t<\/div>\n\n\t\n\n\t<div id=\"col-1558860471\" class=\"col medium-6 small-12 large-6\"  >\n\t\t\t\t<div class=\"col-inner\"  >\n\t\t\t\n\t\t\t\n<h2><span class=\"Y2IQFc\" lang=\"en\">Corredera autocebante<\/span><\/h2>\n<div class=\"p\">\n<p>Pas\u00f3 decenas de miles de experimentos de apertura y cierre. El riel deslizante autocebante tiene una gran capacidad de carga. Todav\u00eda se abre y cierra suavemente y protege el gabinete al tiempo que reduce el ruido de colisi\u00f3n. El riel deslizante del soporte del amortiguador no se oxida y evita da\u00f1os. El riel deslizante ordinario de tres secciones es f\u00e1cil de oxidar y da\u00f1ar<\/p>\n<\/div>\n\t\t<\/div>\n\t\t\t\t\t<\/div>\n\n\t\n\n\t<div id=\"col-1709214520\" class=\"col medium-6 small-12 large-6\"  >\n\t\t\t\t<div class=\"col-inner\"  >\n\t\t\t\n\t\t\t\n\t<div class=\"img has-hover x md-x lg-x y md-y lg-y\" id=\"image_1165013108\">\n\t\t\t\t\t\t\t\t<div class=\"img-inner dark\" >\n\t\t\t<img loading=\"lazy\" decoding=\"async\" width=\"600\" height=\"420\" src=\"https:\/\/moposanitaryware.com\/wp-content\/uploads\/2022\/09\/Bathroom-Cabinet-Bath-Furniture-Vanities-Plywood-Vanity-Sink-Bathroom-Cabinet-Silent-damping-Drawer-Slides.jpg\" class=\"attachment-original size-original\" alt=\"\" srcset=\"https:\/\/moposanitaryware.com\/wp-content\/uploads\/2022\/09\/Bathroom-Cabinet-Bath-Furniture-Vanities-Plywood-Vanity-Sink-Bathroom-Cabinet-Silent-damping-Drawer-Slides.jpg 600w, https:\/\/moposanitaryware.com\/wp-content\/uploads\/2022\/09\/Bathroom-Cabinet-Bath-Furniture-Vanities-Plywood-Vanity-Sink-Bathroom-Cabinet-Silent-damping-Drawer-Slides-571x400.jpg 571w\" sizes=\"auto, (max-width: 600px) 100vw, 600px\" title=\"\">\t\t\t\t\t\t\n\t\t\t\t\t<\/div>\n\t\t\t\t\t\t\t\t\n<style>\n#image_1165013108 {\n  width: 100%;\n}\n<\/style>\n\t<\/div>\n\t\n\t\t<\/div>\n\t\t\t\t\t<\/div>\n\n\t\n<\/div>\n<div class=\"row\"  id=\"row-55071381\">\n\n\t<div id=\"col-1652767010\" class=\"col medium-6 small-12 large-6\"  >\n\t\t\t\t<div class=\"col-inner\"  >\n\t\t\t\n\t\t\t\n<div class=\"container section-title-container\" ><h3 class=\"section-title section-title-normal\"><b><\/b><span class=\"section-title-main\" >envianos un email<\/span><b><\/b><\/h3><\/div>\n<p>Si est\u00e1 interesado en nuestros productos y desea conocer m\u00e1s detalles, deje un mensaje aqu\u00ed, le responderemos lo antes posible.<\/p>\n\n<div class=\"wpcf7 no-js\" id=\"wpcf7-f13-o1\" lang=\"en-US\" dir=\"ltr\" data-wpcf7-id=\"13\">\n<div class=\"screen-reader-response\"><p role=\"status\" aria-live=\"polite\" aria-atomic=\"true\"><\/p> <ul><\/ul><\/div>\n<form action=\"\/es\/wp-json\/wp\/v2\/product\/4188#wpcf7-f13-o1\" method=\"post\" class=\"wpcf7-form init\" aria-label=\"Contact form\" novalidate=\"novalidate\" data-status=\"init\" data-trp-original-action=\"\/es\/wp-json\/wp\/v2\/product\/4188#wpcf7-f13-o1\">\n<fieldset class=\"hidden-fields-container\"><input type=\"hidden\" name=\"_wpcf7\" value=\"13\" \/><input type=\"hidden\" name=\"_wpcf7_version\" value=\"6.1.1\" \/><input type=\"hidden\" name=\"_wpcf7_locale\" value=\"en_US\" \/><input type=\"hidden\" name=\"_wpcf7_unit_tag\" value=\"wpcf7-f13-o1\" \/><input type=\"hidden\" name=\"_wpcf7_container_post\" value=\"0\" \/><input type=\"hidden\" name=\"_wpcf7_posted_data_hash\" value=\"\" \/><input type=\"hidden\" name=\"_wpcf7_recaptcha_response\" value=\"\" \/>\n<\/fieldset>\n<div class=\"form-flat\">\n\t<p><span class=\"wpcf7-form-control-wrap\" data-name=\"your-name\"><input size=\"40\" maxlength=\"400\" class=\"wpcf7-form-control wpcf7-text wpcf7-validates-as-required\" aria-required=\"true\" aria-invalid=\"false\" placeholder=\"Tu nombre (requerido)\" value=\"\" type=\"text\" name=\"your-name\" \/><\/span><br \/>\n<span class=\"wpcf7-form-control-wrap\" data-name=\"your-email\"><input size=\"40\" maxlength=\"400\" class=\"wpcf7-form-control wpcf7-email wpcf7-validates-as-required wpcf7-text wpcf7-validates-as-email\" aria-required=\"true\" aria-invalid=\"false\" placeholder=\"Tu Email (requerido)\" value=\"\" type=\"email\" name=\"your-email\" \/><\/span>\n\t<\/p>\n\t<p><span class=\"wpcf7-form-control-wrap\" data-name=\"your-tels\"><input size=\"40\" maxlength=\"400\" class=\"wpcf7-form-control wpcf7-tel wpcf7-text wpcf7-validates-as-tel\" aria-invalid=\"false\" placeholder=\"Tu Tel (Opcional)\" value=\"\" type=\"tel\" name=\"your-tels\" \/><\/span>\n\t<\/p>\n\t<p><span class=\"wpcf7-form-control-wrap\" data-name=\"your-message\"><textarea cols=\"40\" rows=\"10\" maxlength=\"2000\" class=\"wpcf7-form-control wpcf7-textarea\" aria-invalid=\"false\" placeholder=\"Para obtener el mejor resultado, recomendamos incluir los siguientes detalles:-Autopresentaci\u00f3n-Art\u00edculos o servicios requeridos-Cantidad requerida\" name=\"your-message\"><\/textarea><\/span>\n\t<\/p>\n\t<p>Consulta de trabajo:*<br \/>\n<span class=\"wpcf7-form-control-wrap\" data-name=\"checkbox\"><span class=\"wpcf7-form-control wpcf7-checkbox wpcf7-validates-as-required wpcf7-exclusive-checkbox\"><span class=\"wpcf7-list-item first\"><label><input type=\"checkbox\" name=\"checkbox\" value=\"Quotation\" \/><span class=\"wpcf7-list-item-label\">Cotizaci\u00f3n<\/span><\/label><\/span><span class=\"wpcf7-list-item\"><label><input type=\"checkbox\" name=\"checkbox\" value=\"Catalog\" \/><span class=\"wpcf7-list-item-label\">Catalogar<\/span><\/label><\/span><span class=\"wpcf7-list-item\"><label><input type=\"checkbox\" name=\"checkbox\" value=\"Service Support\" \/><span class=\"wpcf7-list-item-label\">Servicio de ayuda<\/span><\/label><\/span><span class=\"wpcf7-list-item\"><label><input type=\"checkbox\" name=\"checkbox\" value=\"Project\" \/><span class=\"wpcf7-list-item-label\">Proyecto<\/span><\/label><\/span><span class=\"wpcf7-list-item last\"><label><input type=\"checkbox\" name=\"checkbox\" value=\"I am interested in becoming an agent\" \/><span class=\"wpcf7-list-item-label\">Estoy interesado en ser agente.<\/span><\/label><\/span><\/span><\/span><br \/>\n<input class=\"wpcf7-form-control wpcf7-submit has-spinner button\" type=\"submit\" value=\"Entregar\" \/>\n\t<\/p>\n<\/div><div class=\"wpcf7-response-output\" aria-hidden=\"true\"><\/div>\n<input type=\"hidden\" name=\"trp-form-language\" value=\"es\"\/><\/form>\n<\/div>\n\n\t\t<\/div>\n\t\t\t\t\t<\/div>\n\n\t\n\n\t<div id=\"col-727019399\" class=\"col medium-6 small-12 large-6\"  >\n\t\t\t\t<div class=\"col-inner\"  >\n\t\t\t\n\t\t\t\n<div class=\"container section-title-container\" ><h3 class=\"section-title section-title-normal\"><b><\/b><span class=\"section-title-main\" >CONT\u00c1CTENOS<\/span><b><\/b><\/h3><\/div>\n<p>Si tiene alguna pregunta sobre alguno de nuestros productos, o necesita ponerse en contacto con nosotros por cualquier otro motivo, complete este formulario a continuaci\u00f3n y nos comunicaremos con usted lo antes posible.<\/p>\n<p><strong>Ll\u00e1manos:<\/strong> <a href=\"http:\/\/+86 18675762929\" rel=\"nofollow\">+8618675762929<\/a><br \/>\n<strong>Env\u00edanos un correo electr\u00f3nico<\/strong>:\u00a0\u00a0<a href=\"mailto:info@mopochina.com\">info@mopochina.com<\/a><\/p>\n<p><strong>Skype\u00a0<\/strong>: <a href=\"skype:Sanitwell Shen?chat\">jiawei cheng<\/a><\/p>\n<p><strong>Direcciones<\/strong> : B1, n\u00ba 10<sup>th<\/sup>, Mundo de la Cer\u00e1mica Yingkeyijia, 4<sup>th<\/sup>\u00a0Jihua Road, Chancheng, Foshan, 528 000, Guangdong, China<\/p>\n<p><strong>BASE DE PRODUCCI\u00d3N :<\/strong>\u00a0Pa\u00eds de Chaoan, ciudad de Chaozhou, provincia de Guangdong<\/p>\n<p><strong>Enlace amistoso:<\/strong><br \/>\n<a href=\"https:\/\/moposanitaryware.com\/es\/?attachment_id=4729\">https:\/\/moposanitaryware.com<\/a><br \/>\n<a href=\"https:\/\/www.mopotoilet.com\" rel=\"nofollow noopener\" target=\"_blank\">https:\/\/www.mopotoilet.com<\/a><br \/>\n<a href=\"https:\/\/\/es\/www.mopofaucet.com\/\">https:www.mopofaucet.com<\/a><\/p>\n<div class=\"social-icons follow-icons full-width text-left\" ><span>S\u00edganos<\/span><a href=\"https:\/\/www.facebook.com\/MOPOCHINA\" target=\"_blank\" data-label=\"Facebook\" class=\"icon primary button circle facebook tooltip\" title=\"S\u00edguenos en Facebook\" aria-label=\"S\u00edguenos en Facebook\" rel=\"noopener nofollow\"><i class=\"icon-facebook\" ><\/i><\/a><a href=\"https:\/\/www.instagram.com\/mopotoilet\/\" target=\"_blank\" data-label=\"Instagram\" class=\"icon primary button circle instagram tooltip\" title=\"S\u00edguenos en Instagram\" aria-label=\"S\u00edguenos en Instagram\" rel=\"noopener nofollow\"><i class=\"icon-instagram\" ><\/i><\/a><a href=\"https:\/\/twitter.com\/mopotoilet\" data-label=\"Twitter\" target=\"_blank\" class=\"icon primary button circle twitter tooltip\" title=\"S\u00edguenos en Twitter\" aria-label=\"S\u00edguenos en Twitter\" rel=\"noopener nofollow\"><i class=\"icon-twitter\" ><\/i><\/a><a href=\"mailto:info@mopochina.com\" data-label=\"E-mail\" target=\"_blank\" class=\"icon primary button circle email tooltip\" title=\"Env\u00edanos un correo electr\u00f3nico\" aria-label=\"Env\u00edanos un correo electr\u00f3nico\" rel=\"nofollow noopener\" ><i class=\"icon-envelop\" ><\/i><\/a><a href=\"https:\/\/www.linkedin.com\/company\/mopo-sanitary-ware\/\" data-label=\"LinkedIn\" target=\"_blank\" class=\"icon primary button circle linkedin tooltip\" title=\"S\u00edguenos en LinkedIn\" aria-label=\"S\u00edguenos en LinkedIn\" rel=\"noopener nofollow\"><i class=\"icon-linkedin\" ><\/i><\/a><a href=\"https:\/\/www.youtube.com\/c\/mopochina\/featured\" data-label=\"YouTube\" target=\"_blank\" class=\"icon primary button circle youtube tooltip\" title=\"S\u00edguenos en Youtube\" aria-label=\"S\u00edguenos en Youtube\" rel=\"noopener nofollow\"><i class=\"icon-youtube\" ><\/i><\/a><\/div>\n\t\t<\/div>\n\t\t\t\t\t<\/div>\n\n\t\n<\/div>","protected":false},"excerpt":{"rendered":"<p>Nombre de la marca: <a href=\"#brave_open_popup_688\">MOPO\u00ae<\/a><br \/>\nNombre del producto: Gabinete de ba\u00f1o de madera maciza de lujo<br \/>\nN\u00famero de modelo: MP AC117<br \/>\nMaterial: madera contrachapada\/MDF\/madera maciza\/roble<br \/>\nColores: como se muestra<br \/>\nTama\u00f1o: por encargo<br \/>\nCuenca: Corian, resina de recubrimiento de nanodiamante<br \/>\nForma del lavabo: redondo, rectangular, cuadrado, ovalado.<br \/>\nTipo de montaje: montado en la pared<\/p>\n\t<a class=\"paoc-popup-click paoc-popup-cust-337 paoc-popup-button paoc-popup-btn\" href=\"javascript:void(0);\">Solicitar presupuesto<\/a>\r\n\u00a0 \u00a0 \u00a0<a href=\"https:\/\/api.whatsapp.com\/send?phone=8618675762929\"><img loading=\"lazy\" decoding=\"async\" class=\"alignnone wp-image-6698\" src=\"https:\/\/moposanitaryware.com\/wp-content\/uploads\/WhatsApp.png\" alt=\"\" width=\"140\" height=\"33\" srcset=\"https:\/\/moposanitaryware.com\/wp-content\/uploads\/WhatsApp.png 546w, https:\/\/moposanitaryware.com\/wp-content\/uploads\/WhatsApp-18x4.png 18w\" sizes=\"auto, (max-width: 140px) 100vw, 140px\" \/><\/a><\/p>","protected":false},"featured_media":4190,"template":"","meta":{"_acf_changed":false},"product_brand":[],"product_cat":[15,58,92],"product_tag":[160,161],"class_list":{"0":"post-4188","1":"product","2":"type-product","3":"status-publish","4":"has-post-thumbnail","6":"product_cat-see-all-categories","7":"product_cat-bathroom-vanities","8":"product_cat-wall-mounted","9":"product_tag-bathroom-cabinets","10":"product_tag-bathroom-vanity","12":"first","13":"instock","14":"shipping-taxable","15":"product-type-simple"},"acf":[],"_links":{"self":[{"href":"https:\/\/moposanitaryware.com\/es\/wp-json\/wp\/v2\/product\/4188","targetHints":{"allow":["GET"]}}],"collection":[{"href":"https:\/\/moposanitaryware.com\/es\/wp-json\/wp\/v2\/product"}],"about":[{"href":"https:\/\/moposanitaryware.com\/es\/wp-json\/wp\/v2\/types\/product"}],"wp:featuredmedia":[{"embeddable":true,"href":"https:\/\/moposanitaryware.com\/es\/wp-json\/wp\/v2\/media\/4190"}],"wp:attachment":[{"href":"https:\/\/moposanitaryware.com\/es\/wp-json\/wp\/v2\/media?parent=4188"}],"wp:term":[{"taxonomy":"product_brand","embeddable":true,"href":"https:\/\/moposanitaryware.com\/es\/wp-json\/wp\/v2\/product_brand?post=4188"},{"taxonomy":"product_cat","embeddable":true,"href":"https:\/\/moposanitaryware.com\/es\/wp-json\/wp\/v2\/product_cat?post=4188"},{"taxonomy":"product_tag","embeddable":true,"href":"https:\/\/moposanitaryware.com\/es\/wp-json\/wp\/v2\/product_tag?post=4188"}],"curies":[{"name":"wp","href":"https:\/\/api.w.org\/{rel}","templated":true}]}}