{"id":2736,"date":"2021-07-16T08:55:51","date_gmt":"2021-07-16T08:55:51","guid":{"rendered":"https:\/\/moposanitaryware.com\/?post_type=product&#038;p=2736"},"modified":"2024-08-01T09:36:41","modified_gmt":"2024-08-01T09:36:41","slug":"chrome-waterfall-brass-bathtub-faucet","status":"publish","type":"product","link":"https:\/\/moposanitaryware.com\/es\/chrome-waterfall-brass-bathtub-faucet\/","title":{"rendered":"Grifo cromado para ba\u00f1era en cascada, juego de ducha cuadrado de lat\u00f3n montado en el suelo con ducha de mano, grifo para lavabo independiente"},"content":{"rendered":"<div class=\"row align-center\"  id=\"row-1323145551\">\n\n\t<div id=\"col-123824454\" class=\"col medium-9 small-12 large-9\"  data-animate=\"fadeInUp\">\n\t\t\t\t<div class=\"col-inner\"  >\n\t\t\t\n\t\t\t\n<h1 style=\"text-align: center;\"><a href=\"https:\/\/moposanitaryware.com\/es\/categoria-producto\/faucets\/\">Grifos<\/a><\/h1>\n<p style=\"text-align: center;\">Busque grifos de cocina, grifos de ba\u00f1o, grifos de lavabo y grifos mezcladores de lavabo disponibles en una amplia gama de estilos y acabados. Los grifos de ba\u00f1o combinan un dise\u00f1o superior con la m\u00e1s alta calidad y funciones innovadoras. Descubra soluciones fascinantes para su ba\u00f1o.<\/p>\n<div class=\"row\"  id=\"row-470387795\">\n\n\t<div id=\"col-1072080124\" class=\"col small-12 large-12\"  >\n\t\t\t\t<div class=\"col-inner text-center\"  >\n\t\t\t\n\t\t\t\n<a href=\"https:\/\/moposanitaryware.com\/es\/categoria-producto\/faucets\/\" class=\"button secondary is-underline lowercase\"  >\n\t\t<span>Explorar todo<\/span>\n\t<i class=\"icon-menu\" aria-hidden=\"true\" ><\/i><\/a>\n\n\t\t<\/div>\n\t\t\t\t\t<\/div>\n\n\t\n<\/div>\n\t\t<\/div>\n\t\t\t\t\t<\/div>\n\n\t\n<\/div>\n<div class=\"row align-center\"  id=\"row-208307987\">\n\n\t<div id=\"col-329745521\" class=\"col medium-10 small-12 large-10\"  >\n\t\t\t\t<div class=\"col-inner text-left\"  >\n\t\t\t\n\t\t\t\n<table style=\"height: 492px;\" border=\"1\" width=\"667\">\n<tbody>\n<tr>\n<td>Lugar de origen:<\/td>\n<td>Fosh\u00e1n, China<\/td>\n<\/tr>\n<tr>\n<td>Escribe un nombre:<\/td>\n<td data-spm-anchor-id=\"a2700.details.pronpeci14.i1.47c970d3Zz0E3h\">Grifos de ba\u00f1o modernos de lat\u00f3n MOPO\u00ae para ba\u00f1era<\/td>\n<\/tr>\n<tr>\n<td><strong><span data-spm-anchor-id=\"a2700.wholesale.0.i33.2c534154qJukFc\">Caracter\u00edstica<\/span><\/strong><strong>\u00a0<\/strong><\/td>\n<td>Material premium para operaciones con un solo mango<br \/>\nLos acabados de durabilidad y confiabilidad resisten la corrosi\u00f3n.<br \/>\nMaterial de lat\u00f3n macizo de calidad.<br \/>\nEl cartucho de disco cer\u00e1mico garantiza una larga duraci\u00f3n.<br \/>\nOperaci\u00f3n con una sola manija sin goteo<br \/>\nLos topes l\u00edmite de alta temperatura eliminan las quemaduras<br \/>\nGrifos de agua fr\u00eda y caliente con sentido mixto<\/td>\n<\/tr>\n<tr>\n<td>Solicitud:<\/td>\n<td>Hotel, hogar, villa, apartamento, edificio de oficinas, hospital, centro comercial,<\/td>\n<\/tr>\n<tr>\n<td>Certificado:<\/td>\n<td>CE, ISO 9001, SASO, marca de agua, UPC<\/td>\n<\/tr>\n<tr>\n<td>Servicio postventa<\/td>\n<td>Soporte t\u00e9cnico en l\u00ednea, repuestos gratuitos<\/td>\n<\/tr>\n<tr>\n<td>OEM y ODM:<\/td>\n<td>OEM<\/td>\n<\/tr>\n<tr>\n<td>Cantidad m\u00ednima de pedido:<\/td>\n<td>1 juego<\/td>\n<\/tr>\n<tr>\n<td>Muestra gratis:<\/td>\n<td>muestra de pago<\/td>\n<\/tr>\n<tr>\n<td>Capacidad de suministro:<\/td>\n<td>500 juegos\/juegos por d\u00eda<\/td>\n<\/tr>\n<tr>\n<td style=\"text-align: left;\">Embalaje:<\/td>\n<td style=\"text-align: left;\">Caja: Embalaje neutro; Embalaje: Bolsa de poliestireno o bolsa de tela; Brindamos servicios de dise\u00f1o de empaques personalizados.<\/td>\n<\/tr>\n<\/tbody>\n<\/table>\n\t\t<\/div>\n\t\t\t\t\t<\/div>\n\n\t\n<\/div>\n<div class=\"row\"  id=\"row-54310777\">\n\n\t<div id=\"col-1994998696\" class=\"col medium-4 small-12 large-4\"  >\n\t\t\t\t<div class=\"col-inner\"  >\n\t\t\t\n\t\t\t\n\t<div class=\"box has-hover   has-hover box-text-bottom\" >\n\n\t\t<div class=\"box-image\" >\n\t\t\t\t\t\t<div class=\"\" >\n\t\t\t\t<img loading=\"lazy\" decoding=\"async\" width=\"600\" height=\"420\" src=\"https:\/\/moposanitaryware.com\/wp-content\/uploads\/2021\/07\/China-Bathtub-Faucet-Supplier-Floor-Mounted-Brass-Square-Bath-Shower-Set-with-Handshower-Freestanding-Tub-Sink-Tap-All-Brass-Structure-Material-Design.jpg\" class=\"attachment- size-\" alt=\"Grifo para lavabo de ba\u00f1era independiente con ducha de mano, dise\u00f1o de estructura de material de lat\u00f3n\" srcset=\"https:\/\/moposanitaryware.com\/wp-content\/uploads\/2021\/07\/China-Bathtub-Faucet-Supplier-Floor-Mounted-Brass-Square-Bath-Shower-Set-with-Handshower-Freestanding-Tub-Sink-Tap-All-Brass-Structure-Material-Design.jpg 600w, https:\/\/moposanitaryware.com\/wp-content\/uploads\/2021\/07\/China-Bathtub-Faucet-Supplier-Floor-Mounted-Brass-Square-Bath-Shower-Set-with-Handshower-Freestanding-Tub-Sink-Tap-All-Brass-Structure-Material-Design-571x400.jpg 571w\" sizes=\"auto, (max-width: 600px) 100vw, 600px\" title=\"\">\t\t\t\t\t\t\t\t\t\t\t<\/div>\n\t\t\t\t\t<\/div>\n\n\t\t<div class=\"box-text text-center\" >\n\t\t\t<div class=\"box-text-inner\">\n\t\t\t\t\n<p style=\"text-align: left;\">Dise\u00f1o totalmente de lat\u00f3n El grifo est\u00e1 hecho de lat\u00f3n pesado y acabado negro. La ducha de mano adopta un dise\u00f1o moderno y elegante. Est\u00e1 perfectamente integrada con el grifo principal. Fabricado mediante mecanizado de precisi\u00f3n, totalmente natural, resistente y duradero. Construcci\u00f3n de lat\u00f3n macizo para resistir el \u00f3xido y la corrosi\u00f3n.<\/p>\n\t\t\t<\/div>\n\t\t<\/div>\n\t<\/div>\n\t\n\t\t<\/div>\n\t\t\t\t\t<\/div>\n\n\t\n\n\t<div id=\"col-1503888382\" class=\"col medium-4 small-12 large-4\"  >\n\t\t\t\t<div class=\"col-inner\"  >\n\t\t\t\n\t\t\t\n\t<div class=\"box has-hover   has-hover box-text-bottom\" >\n\n\t\t<div class=\"box-image\" >\n\t\t\t\t\t\t<div class=\"\" >\n\t\t\t\t<img loading=\"lazy\" decoding=\"async\" width=\"600\" height=\"420\" src=\"https:\/\/moposanitaryware.com\/wp-content\/uploads\/2021\/07\/Bathroom-accessories-304-Stainless-Steel-scratch-resistant-durablee-treatment-never-rusty-never-Fading.jpg\" class=\"attachment- size-\" alt=\"Accesorios de ba\u00f1o en acero inoxidable 304\" srcset=\"https:\/\/moposanitaryware.com\/wp-content\/uploads\/2021\/07\/Bathroom-accessories-304-Stainless-Steel-scratch-resistant-durablee-treatment-never-rusty-never-Fading.jpg 600w, https:\/\/moposanitaryware.com\/wp-content\/uploads\/2021\/07\/Bathroom-accessories-304-Stainless-Steel-scratch-resistant-durablee-treatment-never-rusty-never-Fading-571x400.jpg 571w\" sizes=\"auto, (max-width: 600px) 100vw, 600px\" title=\"\">\t\t\t\t\t\t\t\t\t\t\t<\/div>\n\t\t\t\t\t<\/div>\n\n\t\t<div class=\"box-text text-center\" >\n\t\t\t<div class=\"box-text-inner\">\n\t\t\t\t\n<p style=\"text-align: left;\">El acero inoxidable 304 tiene una excelente resistencia a las comunicaciones en una amplia gama de entornos atmosf\u00e9ricos y muchos medios corrosivos. Est\u00e1 sujeto a corrosi\u00f3n por picaduras y grietas en entornos c\u00e1lidos con cloruro y resiste el \u00f3xido y la corrosi\u00f3n bajo tensi\u00f3n por encima de aproximadamente 60 \u2103.<\/p>\n\t\t\t<\/div>\n\t\t<\/div>\n\t<\/div>\n\t\n\t\t<\/div>\n\t\t\t\t\t<\/div>\n\n\t\n\n\t<div id=\"col-695222174\" class=\"col medium-4 small-12 large-4\"  >\n\t\t\t\t<div class=\"col-inner\"  >\n\t\t\t\n\t\t\t\n\t<div class=\"box has-hover   has-hover box-text-bottom\" >\n\n\t\t<div class=\"box-image\" >\n\t\t\t\t\t\t<div class=\"\" >\n\t\t\t\t<img loading=\"lazy\" decoding=\"async\" width=\"600\" height=\"420\" src=\"https:\/\/moposanitaryware.com\/wp-content\/uploads\/2021\/07\/China-Bathtub-Faucet-Supplier-Floor-Mounted-Brass-Square-Bath-Shower-Set-with-Handshower-Freestanding-Tub-Sink-Tap-Electroplating-process.jpg\" class=\"attachment- size-\" alt=\"Grifo de lavabo de ba\u00f1era independiente con ducha de mano - proceso de galvanoplastia\" srcset=\"https:\/\/moposanitaryware.com\/wp-content\/uploads\/2021\/07\/China-Bathtub-Faucet-Supplier-Floor-Mounted-Brass-Square-Bath-Shower-Set-with-Handshower-Freestanding-Tub-Sink-Tap-Electroplating-process.jpg 600w, https:\/\/moposanitaryware.com\/wp-content\/uploads\/2021\/07\/China-Bathtub-Faucet-Supplier-Floor-Mounted-Brass-Square-Bath-Shower-Set-with-Handshower-Freestanding-Tub-Sink-Tap-Electroplating-process-571x400.jpg 571w\" sizes=\"auto, (max-width: 600px) 100vw, 600px\" title=\"\">\t\t\t\t\t\t\t\t\t\t\t<\/div>\n\t\t\t\t\t<\/div>\n\n\t\t<div class=\"box-text text-center\" >\n\t\t\t<div class=\"box-text-inner\">\n\t\t\t\t\n<p id=\"tw-target-text\" class=\"tw-data-text tw-text-large XcVN5d tw-ta\" dir=\"ltr\" style=\"text-align: left;\" data-placeholder=\"\u7ffb\u8bd1\">M\u00faltiples bases de tratamiento, la base adopta un tratamiento de superficie cepillado con luz de espejo para resaltar la belleza de la apariencia, arte moderno y elegante, resistente al desgaste, resistente a los ara\u00f1azos, tratamiento duradero, mango anodizado, suave y delicado, nunca se oxida, nunca se decolora, s\u00f3lido con muchos matices.<\/p>\n\t\t\t<\/div>\n\t\t<\/div>\n\t<\/div>\n\t\n\t\t<\/div>\n\t\t\t\t\t<\/div>\n\n\t\n\n\t<div id=\"col-534185480\" class=\"col medium-4 small-12 large-4\"  >\n\t\t\t\t<div class=\"col-inner\"  >\n\t\t\t\n\t\t\t\n\t<div class=\"box has-hover   has-hover box-text-bottom\" >\n\n\t\t<div class=\"box-image\" >\n\t\t\t\t\t\t<div class=\"\" >\n\t\t\t\t<img loading=\"lazy\" decoding=\"async\" width=\"600\" height=\"420\" src=\"https:\/\/moposanitaryware.com\/wp-content\/uploads\/2021\/07\/China-Bathtub-Faucet-Supplier-Floor-Mounted-Brass-Square-Bath-Shower-Set-with-Handshower-Freestanding-Tub-Sink-Tap-Waterfall-Spout-Design-Beautiful.jpg\" class=\"attachment- size-\" alt=\"Hermoso dise\u00f1o de grifo de ba\u00f1era con ca\u00f1o en cascada\" srcset=\"https:\/\/moposanitaryware.com\/wp-content\/uploads\/2021\/07\/China-Bathtub-Faucet-Supplier-Floor-Mounted-Brass-Square-Bath-Shower-Set-with-Handshower-Freestanding-Tub-Sink-Tap-Waterfall-Spout-Design-Beautiful.jpg 600w, https:\/\/moposanitaryware.com\/wp-content\/uploads\/2021\/07\/China-Bathtub-Faucet-Supplier-Floor-Mounted-Brass-Square-Bath-Shower-Set-with-Handshower-Freestanding-Tub-Sink-Tap-Waterfall-Spout-Design-Beautiful-571x400.jpg 571w\" sizes=\"auto, (max-width: 600px) 100vw, 600px\" title=\"\">\t\t\t\t\t\t\t\t\t\t\t<\/div>\n\t\t\t\t\t<\/div>\n\n\t\t<div class=\"box-text text-center\" >\n\t\t\t<div class=\"box-text-inner\">\n\t\t\t\t\n<p style=\"text-align: left;\">El grifo de la ba\u00f1era con ca\u00f1o giratorio de 360 grados le permite ajustar la posici\u00f3n del ca\u00f1o seg\u00fan sus propios h\u00e1bitos. El dise\u00f1o del ca\u00f1o en cascada es moderno y hermoso con la ba\u00f1era, la uni\u00f3n perfecta del suelo es un todo org\u00e1nico. Mejor flujo de agua<\/p>\n\t\t\t<\/div>\n\t\t<\/div>\n\t<\/div>\n\t\n\t\t<\/div>\n\t\t\t\t\t<\/div>\n\n\t\n\n\t<div id=\"col-1702279439\" class=\"col medium-4 small-12 large-4\"  >\n\t\t\t\t<div class=\"col-inner\"  >\n\t\t\t\n\t\t\t\n\t<div class=\"box has-hover   has-hover box-text-bottom\" >\n\n\t\t<div class=\"box-image\" >\n\t\t\t\t\t\t<div class=\"\" >\n\t\t\t\t<img loading=\"lazy\" decoding=\"async\" width=\"600\" height=\"420\" src=\"https:\/\/moposanitaryware.com\/wp-content\/uploads\/2021\/07\/China-Bathtub-Faucet-Supplier-Floor-Mounted-Brass-Square-Bath-Shower-Set-with-Handshower-Freestanding-Tub-Sink-Tap-Different-Spray-Modes-Handheld-Shower-Head.jpg\" class=\"attachment- size-\" alt=\"Grifo de ba\u00f1era con diferentes modos de pulverizaci\u00f3n, cabezal de ducha de mano\" srcset=\"https:\/\/moposanitaryware.com\/wp-content\/uploads\/2021\/07\/China-Bathtub-Faucet-Supplier-Floor-Mounted-Brass-Square-Bath-Shower-Set-with-Handshower-Freestanding-Tub-Sink-Tap-Different-Spray-Modes-Handheld-Shower-Head.jpg 600w, https:\/\/moposanitaryware.com\/wp-content\/uploads\/2021\/07\/China-Bathtub-Faucet-Supplier-Floor-Mounted-Brass-Square-Bath-Shower-Set-with-Handshower-Freestanding-Tub-Sink-Tap-Different-Spray-Modes-Handheld-Shower-Head-571x400.jpg 571w\" sizes=\"auto, (max-width: 600px) 100vw, 600px\" title=\"\">\t\t\t\t\t\t\t\t\t\t\t<\/div>\n\t\t\t\t\t<\/div>\n\n\t\t<div class=\"box-text text-center\" >\n\t\t\t<div class=\"box-text-inner\">\n\t\t\t\t\n<p style=\"text-align: left;\">Potente y multifuncional kit de cabezal de ducha de mano para duchas con bajo caudal y presi\u00f3n de agua, crea un chorro que aumenta la presi\u00f3n y suministra agua a mayor velocidad para compensar situaciones de baja presi\u00f3n de agua.<\/p>\n\t\t\t<\/div>\n\t\t<\/div>\n\t<\/div>\n\t\n\t\t<\/div>\n\t\t\t\t\t<\/div>\n\n\t\n\n\t<div id=\"col-1886151349\" class=\"col medium-4 small-12 large-4\"  >\n\t\t\t\t<div class=\"col-inner\"  >\n\t\t\t\n\t\t\t\n\t<div class=\"box has-hover   has-hover box-text-bottom\" >\n\n\t\t<div class=\"box-image\" >\n\t\t\t\t\t\t<div class=\"\" >\n\t\t\t\t<img loading=\"lazy\" decoding=\"async\" width=\"600\" height=\"420\" src=\"https:\/\/moposanitaryware.com\/wp-content\/uploads\/2021\/07\/China-Bathtub-Faucet-Supplier-Floor-Mounted-Brass-Square-Bath-Shower-Set-with-Handshower-Freestanding-Tub-Sink-Tap-304-Stainless-Steel-Hoses.jpg\" class=\"attachment- size-\" alt=\"Grifo de ba\u00f1era con mangueras de acero inoxidable 304\" srcset=\"https:\/\/moposanitaryware.com\/wp-content\/uploads\/2021\/07\/China-Bathtub-Faucet-Supplier-Floor-Mounted-Brass-Square-Bath-Shower-Set-with-Handshower-Freestanding-Tub-Sink-Tap-304-Stainless-Steel-Hoses.jpg 600w, https:\/\/moposanitaryware.com\/wp-content\/uploads\/2021\/07\/China-Bathtub-Faucet-Supplier-Floor-Mounted-Brass-Square-Bath-Shower-Set-with-Handshower-Freestanding-Tub-Sink-Tap-304-Stainless-Steel-Hoses-571x400.jpg 571w\" sizes=\"auto, (max-width: 600px) 100vw, 600px\" title=\"\">\t\t\t\t\t\t\t\t\t\t\t<\/div>\n\t\t\t\t\t<\/div>\n\n\t\t<div class=\"box-text text-center\" >\n\t\t\t<div class=\"box-text-inner\">\n\t\t\t\t\n<p class=\"a-spacing-mini\" style=\"text-align: left;\">Ducha de mano multiusos con mangueras de acero inoxidable Ducha de mano multiusos, perfecta para la ducha de cuerpo completo, ba\u00f1ar a tu hijo o limpiar la ba\u00f1era. Manguera de ducha de acero inoxidable de alta calidad, duradera, resistente a la corrosi\u00f3n y f\u00e1cil de instalar.<\/p>\n\t\t\t<\/div>\n\t\t<\/div>\n\t<\/div>\n\t\n\t\t<\/div>\n\t\t\t\t\t<\/div>\n\n\t\n<\/div>","protected":false},"excerpt":{"rendered":"<p>Nombre de la marca: <a href=\"#brave_open_popup_688\">MOPO<\/a><br \/>\nProduct Name: Bathtub Free Standing Faucet<br \/>\nModel Number\uff1a MP-6118<br \/>\nMaterial: lat\u00f3n\/acero de nivel 59 A.<br \/>\nSize\uff1a 880*150*42mm<br \/>\nPeso: 1,8 KG<br \/>\nColor: Negro\/Cromo\/Dorado\/Oro rosa<br \/>\nCaracter\u00edstica: Grifos con medidor<br \/>\nN\u00famero de manijas:: manija \u00fanica<br \/>\nInstallation Type\uff1a Free Standing<\/p>\n\t<a class=\"paoc-popup-click paoc-popup-cust-337 paoc-popup-button paoc-popup-btn\" href=\"javascript:void(0);\">Solicitar presupuesto<\/a>\r\n\u00a0 \u00a0 \u00a0<a href=\"https:\/\/api.whatsapp.com\/send?phone=8618675762929\"><img loading=\"lazy\" decoding=\"async\" class=\"alignnone wp-image-6698\" src=\"https:\/\/moposanitaryware.com\/wp-content\/uploads\/WhatsApp.png\" alt=\"\" width=\"140\" height=\"33\" srcset=\"https:\/\/moposanitaryware.com\/wp-content\/uploads\/WhatsApp.png 546w, https:\/\/moposanitaryware.com\/wp-content\/uploads\/WhatsApp-18x4.png 18w\" sizes=\"auto, (max-width: 140px) 100vw, 140px\" \/><\/a><\/p>","protected":false},"featured_media":2748,"template":"","meta":{"_acf_changed":false},"product_brand":[],"product_cat":[15,23,96],"product_tag":[162,132],"class_list":{"0":"post-2736","1":"product","2":"type-product","3":"status-publish","4":"has-post-thumbnail","6":"product_cat-see-all-categories","7":"product_cat-faucets","8":"product_cat-bathtub-faucet","9":"product_tag-bathtub-faucet","10":"product_tag-water-mixer-tap","12":"first","13":"instock","14":"shipping-taxable","15":"product-type-simple"},"acf":[],"_links":{"self":[{"href":"https:\/\/moposanitaryware.com\/es\/wp-json\/wp\/v2\/product\/2736","targetHints":{"allow":["GET"]}}],"collection":[{"href":"https:\/\/moposanitaryware.com\/es\/wp-json\/wp\/v2\/product"}],"about":[{"href":"https:\/\/moposanitaryware.com\/es\/wp-json\/wp\/v2\/types\/product"}],"wp:featuredmedia":[{"embeddable":true,"href":"https:\/\/moposanitaryware.com\/es\/wp-json\/wp\/v2\/media\/2748"}],"wp:attachment":[{"href":"https:\/\/moposanitaryware.com\/es\/wp-json\/wp\/v2\/media?parent=2736"}],"wp:term":[{"taxonomy":"product_brand","embeddable":true,"href":"https:\/\/moposanitaryware.com\/es\/wp-json\/wp\/v2\/product_brand?post=2736"},{"taxonomy":"product_cat","embeddable":true,"href":"https:\/\/moposanitaryware.com\/es\/wp-json\/wp\/v2\/product_cat?post=2736"},{"taxonomy":"product_tag","embeddable":true,"href":"https:\/\/moposanitaryware.com\/es\/wp-json\/wp\/v2\/product_tag?post=2736"}],"curies":[{"name":"wp","href":"https:\/\/api.w.org\/{rel}","templated":true}]}}