{"id":2474,"date":"2021-07-06T08:13:24","date_gmt":"2021-07-06T08:13:24","guid":{"rendered":"https:\/\/moposanitaryware.com\/?post_type=product&#038;p=2474"},"modified":"2024-08-01T09:38:55","modified_gmt":"2024-08-01T09:38:55","slug":"wholesale-electronic-toilet-seat-cover","status":"publish","type":"product","link":"https:\/\/moposanitaryware.com\/es\/wholesale-electronic-toilet-seat-cover\/","title":{"rendered":"Cubierta calentada el\u00e9ctrica del asiento de inodoro del cuarto de ba\u00f1o del bid\u00e9 del sensor electr\u00f3nico inteligente al por mayor moderno del retrete"},"content":{"rendered":"<div class=\"row align-center\"  id=\"row-339978113\">\n\n\t<div id=\"col-1881839256\" class=\"col medium-10 small-12 large-10\"  >\n\t\t\t\t<div class=\"col-inner text-center\"  >\n\t\t\t\n\t\t\t\n<h1 style=\"text-align: center;\"><a href=\"https:\/\/moposanitaryware.com\/es\/categoria-producto\/bidet-toilets\/\">Inodoro inteligente<\/a><\/h1>\n<p style=\"text-align: center;\">Fabricante y proveedor de inodoros inteligentes de alta calidad, especializado en la venta al por mayor de inodoros inteligentes nuevos, asientos de inodoro inteligentes MOPO Smart Toilet fabrica inodoros con bid\u00e9 inteligentes de lujo, asequibles y de calidad. Esta tecnolog\u00eda inteligente cambiar\u00e1 la forma en que ve su ba\u00f1o y una variedad de productos para el ba\u00f1o.<\/p>\n\t\t<\/div>\n\t\t\t\t\t<\/div>\n\n\t\n<\/div>\n<div class=\"row\"  id=\"row-1000896262\">\n\n\t<div id=\"col-1980485084\" class=\"col small-12 large-12\"  >\n\t\t\t\t<div class=\"col-inner\"  >\n\t\t\t\n\t\t\t\n<h2 style=\"text-align: center;\"><span style=\"font-size: 120%;\"><em>Categor\u00edas de ba\u00f1os<\/em><\/span><\/h2>\n<h1 style=\"text-align: center;\"><a href=\"https:\/\/moposanitaryware.com\/es\/categoria-producto\/toilets\/\"><img loading=\"lazy\" decoding=\"async\" class=\"alignnone wp-image-353\" src=\"https:\/\/moposanitaryware.com\/wp-content\/uploads\/2021\/03\/Close-Coupled-Toilet.png\" alt=\"\" width=\"100\" height=\"100\" title=\"\" srcset=\"https:\/\/moposanitaryware.com\/wp-content\/uploads\/2021\/03\/Close-Coupled-Toilet.png 280w, https:\/\/moposanitaryware.com\/wp-content\/uploads\/2021\/03\/Close-Coupled-Toilet-100x100.png 100w\" sizes=\"auto, (max-width: 100px) 100vw, 100px\" \/><\/a>\u00a0 <a href=\"https:\/\/moposanitaryware.com\/es\/categoria-producto\/toilets\/\"><img loading=\"lazy\" decoding=\"async\" class=\"alignnone wp-image-356\" src=\"https:\/\/moposanitaryware.com\/wp-content\/uploads\/2021\/03\/One-Piece-Toilet.png\" alt=\"\" width=\"100\" height=\"100\" title=\"\" srcset=\"https:\/\/moposanitaryware.com\/wp-content\/uploads\/2021\/03\/One-Piece-Toilet.png 280w, https:\/\/moposanitaryware.com\/wp-content\/uploads\/2021\/03\/One-Piece-Toilet-100x100.png 100w\" sizes=\"auto, (max-width: 100px) 100vw, 100px\" \/><\/a>\u00a0 <a href=\"https:\/\/moposanitaryware.com\/es\/categoria-producto\/toilets\/\"><img loading=\"lazy\" decoding=\"async\" class=\"alignnone wp-image-354\" src=\"https:\/\/moposanitaryware.com\/wp-content\/uploads\/2021\/03\/Floor-Standing-Bidet.png\" alt=\"\" width=\"100\" height=\"100\" title=\"\" srcset=\"https:\/\/moposanitaryware.com\/wp-content\/uploads\/2021\/03\/Floor-Standing-Bidet.png 280w, https:\/\/moposanitaryware.com\/wp-content\/uploads\/2021\/03\/Floor-Standing-Bidet-100x100.png 100w\" sizes=\"auto, (max-width: 100px) 100vw, 100px\" \/><\/a>\u00a0 \u00a0<a href=\"https:\/\/moposanitaryware.com\/es\/categoria-producto\/toilets\/\"><img loading=\"lazy\" decoding=\"async\" class=\"alignnone wp-image-362\" src=\"https:\/\/moposanitaryware.com\/wp-content\/uploads\/2021\/03\/Wall-Hung-Toilet-1.png\" alt=\"\" width=\"100\" height=\"100\" title=\"\" srcset=\"https:\/\/moposanitaryware.com\/wp-content\/uploads\/2021\/03\/Wall-Hung-Toilet-1.png 280w, https:\/\/moposanitaryware.com\/wp-content\/uploads\/2021\/03\/Wall-Hung-Toilet-1-100x100.png 100w\" sizes=\"auto, (max-width: 100px) 100vw, 100px\" \/><\/a>\u00a0 <a href=\"https:\/\/moposanitaryware.com\/es\/categoria-producto\/toilets\/\"><img loading=\"lazy\" decoding=\"async\" class=\"alignnone wp-image-361\" style=\"font-size: 25.92px;\" src=\"https:\/\/moposanitaryware.com\/wp-content\/uploads\/2021\/03\/Smart-Bidet-toilet.png\" alt=\"\" width=\"100\" height=\"100\" title=\"\" srcset=\"https:\/\/moposanitaryware.com\/wp-content\/uploads\/2021\/03\/Smart-Bidet-toilet.png 280w, https:\/\/moposanitaryware.com\/wp-content\/uploads\/2021\/03\/Smart-Bidet-toilet-100x100.png 100w\" sizes=\"auto, (max-width: 100px) 100vw, 100px\" \/><\/a><a style=\"font-size: 25.92px;\" href=\"https:\/\/moposanitaryware.com\/es\/categoria-producto\/toilets\/\"><img loading=\"lazy\" decoding=\"async\" class=\"alignnone wp-image-358\" src=\"https:\/\/moposanitaryware.com\/wp-content\/uploads\/2021\/03\/Wall-Hang-Urinal.png\" alt=\"\" width=\"100\" height=\"100\" title=\"\" srcset=\"https:\/\/moposanitaryware.com\/wp-content\/uploads\/2021\/03\/Wall-Hang-Urinal.png 280w, https:\/\/moposanitaryware.com\/wp-content\/uploads\/2021\/03\/Wall-Hang-Urinal-100x100.png 100w\" sizes=\"auto, (max-width: 100px) 100vw, 100px\" \/><\/a><span style=\"font-size: 25.92px;\">\u00a0\u00a0<\/span><\/h1>\n\t\t<\/div>\n\t\t\t\t\t<\/div>\n\n\t\n<\/div>\n<div class=\"row\"  id=\"row-776150116\">\n\n\t<div id=\"col-360090390\" class=\"col medium-6 small-12 large-6\"  >\n\t\t\t\t<div class=\"col-inner\"  >\n\t\t\t\n\t\t\t\n<h3>Boquilla de acero inoxidable<\/h3>\n<p><b>Con funci\u00f3n 3 en 1.<\/b>El <a href=\"https:\/\/moposanitaryware.com\/es\/shop\/bidets-toilets\/\">inodoro inteligente<\/a> traer\u00e1 el lavado que te mereces a tu ba\u00f1o. Experimente nuestra boquilla 3 en 1 especialmente dise\u00f1ada que le brindar\u00e1 el mejor lavado posterior, un lavado femenino reconfortante y un lavado turbo eficaz. La boquilla autolimpiante de acero inoxidable se suma a la elegancia que ya ofrece, y m\u00e1s. Minimice las necesidades de mantenimiento y limpieza con este componente duradero y eficaz Cuidado de la salud, Cuidado de la salud, Limpieza femenina, Limpieza de cadera, Autolimpieza de boquillas, Limpieza de masaje m\u00f3vil, M\u00faltiples opciones de lavado est\u00e1n disponibles para su vida c\u00f3moda y saludable.<\/p>\n\t\t<\/div>\n\t\t\t\t\t<\/div>\n\n\t\n\n\t<div id=\"col-10699839\" class=\"col medium-6 small-12 large-6\"  >\n\t\t\t\t<div class=\"col-inner\"  >\n\t\t\t\n\t\t\t\n\t<div class=\"img has-hover x md-x lg-x y md-y lg-y\" id=\"image_965624729\">\n\t\t<a class=\"open-video\" href=\"https:\/\/www.youtube.com\/watch?v=CeHGZjKQAcU\" rel=\"nofollow noopener\" target=\"_blank\">\t\t\t\t\t\t<div class=\"img-inner dark\" >\n\t\t\t<img loading=\"lazy\" decoding=\"async\" width=\"600\" height=\"420\" src=\"https:\/\/moposanitaryware.com\/wp-content\/uploads\/2022\/09\/Smart-toilet-Patented-3-in-1-nozzle.jpg\" class=\"attachment-original size-original\" alt=\"\" srcset=\"https:\/\/moposanitaryware.com\/wp-content\/uploads\/2022\/09\/Smart-toilet-Patented-3-in-1-nozzle.jpg 600w, https:\/\/moposanitaryware.com\/wp-content\/uploads\/2022\/09\/Smart-toilet-Patented-3-in-1-nozzle-571x400.jpg 571w\" sizes=\"auto, (max-width: 600px) 100vw, 600px\" title=\"\">\t\t\t\t\t\t\t<div class=\"overlay\" style=\"background-color: rgba(0,0,0,.2)\"><\/div>\n\t\t\t\t\t\t\t\t\t\t<div class=\"absolute no-click x50 y50 md-x50 md-y50 lg-x50 lg-y50 text-shadow-2\">\n\t\t\t\t\t<div class=\"overlay-icon\">\n\t\t\t\t\t\t<i class=\"icon-play\"><\/i>\n\t\t\t\t\t<\/div>\n\t\t\t\t<\/div>\n\t\t\t\n\t\t\t\t\t<\/div>\n\t\t\t\t\t\t<\/a>\t\t\n<style>\n#image_965624729 {\n  width: 100%;\n}\n<\/style>\n\t<\/div>\n\t\n\t\t<\/div>\n\t\t\t\t\t<\/div>\n\n\t\n<\/div>\n<div class=\"row\"  id=\"row-1498960100\">\n\n\t<div id=\"col-1459614889\" class=\"col medium-6 small-12 large-6\"  >\n\t\t\t\t<div class=\"col-inner\"  >\n\t\t\t\n\t\t\t\n\t<div class=\"img has-hover x md-x lg-x y md-y lg-y\" id=\"image_299443673\">\n\t\t<a class=\"\" href=\"https:\/\/moposanitaryware.com\/es\/shop\/bidets-toilets\/\">\t\t\t\t\t\t<div class=\"img-inner dark\" >\n\t\t\t<img loading=\"lazy\" decoding=\"async\" width=\"600\" height=\"420\" src=\"https:\/\/moposanitaryware.com\/wp-content\/uploads\/2022\/09\/Smart-Toilet-Cleansing-Water-Warm-air-dryer.jpg\" class=\"attachment-original size-original\" alt=\"\" srcset=\"https:\/\/moposanitaryware.com\/wp-content\/uploads\/2022\/09\/Smart-Toilet-Cleansing-Water-Warm-air-dryer.jpg 600w, https:\/\/moposanitaryware.com\/wp-content\/uploads\/2022\/09\/Smart-Toilet-Cleansing-Water-Warm-air-dryer-571x400.jpg 571w\" sizes=\"auto, (max-width: 600px) 100vw, 600px\" title=\"\">\t\t\t\t\t\t\n\t\t\t\t\t<\/div>\n\t\t\t\t\t\t<\/a>\t\t\n<style>\n#image_299443673 {\n  width: 100%;\n}\n<\/style>\n\t<\/div>\n\t\n\t\t<\/div>\n\t\t\t\t\t<\/div>\n\n\t\n\n\t<div id=\"col-43474465\" class=\"col medium-6 small-12 large-6\"  >\n\t\t\t\t<div class=\"col-inner\"  >\n\t\t\t\n\t\t\t\n<h3>Secador de aire caliente ajustable<\/h3>\n<p>Disfrute de la facilidad y comodidad del secado con el secador de aire caliente con temperatura ajustable. Reduce la necesidad de<a href=\"https:\/\/moposanitaryware.com\/es\/shop\/bidets-toilets\/\"> ba\u00f1o<\/a> papel y crea una experiencia m\u00e1s manos libres. Los niveles de temperatura de la secadora se pueden ajustar hasta 5 niveles seg\u00fan su comodidad y gusto. Elija mantenerlo caliente o mantenerlo fresco. Termine su experiencia con la secadora caliente y salve \u00e1rboles mientras lo hace.<\/p>\n\t\t<\/div>\n\t\t\t\t\t<\/div>\n\n\t\n<\/div>\n<div class=\"row\"  id=\"row-2052342989\">\n\n\t<div id=\"col-1882496389\" class=\"col medium-6 small-12 large-6\"  >\n\t\t\t\t<div class=\"col-inner\"  >\n\t\t\t\n\t\t\t\n<h3>Tecnolog\u00eda de calefacci\u00f3n h\u00edbrida<\/h3>\n<p>Se ha demostrado que la brillante innovaci\u00f3n de la tecnolog\u00eda de calentamiento de agua h\u00edbrido es uno de los m\u00e9todos de calentamiento de agua instant\u00e1neo m\u00e1s efectivos y confiables. Desarrollamos una nueva tecnolog\u00eda de calentamiento h\u00edbrido que utiliza las mejores caracter\u00edsticas de las tecnolog\u00edas de calentamiento instant\u00e1neo y calefacci\u00f3n. El nuevo sistema de calentamiento h\u00edbrido combina agua Flujo y consistencia de temperatura con una duraci\u00f3n ilimitada para producir un flujo continuo de agua c\u00e1lida y rejuvenecedora.<\/p>\n\t\t<\/div>\n\t\t\t\t\t<\/div>\n\n\t\n\n\t<div id=\"col-1191991565\" class=\"col medium-6 small-12 large-6\"  >\n\t\t\t\t<div class=\"col-inner\"  >\n\t\t\t\n\t\t\t\n\t<div class=\"img has-hover x md-x lg-x y md-y lg-y\" id=\"image_201590897\">\n\t\t<a class=\"\" href=\"https:\/\/moposanitaryware.com\/es\/shop\/bidets-toilets\/\">\t\t\t\t\t\t<div class=\"img-inner dark\" >\n\t\t\t<img loading=\"lazy\" decoding=\"async\" width=\"600\" height=\"420\" src=\"https:\/\/moposanitaryware.com\/wp-content\/uploads\/2022\/09\/Smart-Toilet-Hybrid-heating-technology-Built-to-last.jpg\" class=\"attachment-original size-original\" alt=\"\" srcset=\"https:\/\/moposanitaryware.com\/wp-content\/uploads\/2022\/09\/Smart-Toilet-Hybrid-heating-technology-Built-to-last.jpg 600w, https:\/\/moposanitaryware.com\/wp-content\/uploads\/2022\/09\/Smart-Toilet-Hybrid-heating-technology-Built-to-last-571x400.jpg 571w\" sizes=\"auto, (max-width: 600px) 100vw, 600px\" title=\"\">\t\t\t\t\t\t\n\t\t\t\t\t<\/div>\n\t\t\t\t\t\t<\/a>\t\t\n<style>\n#image_201590897 {\n  width: 100%;\n}\n<\/style>\n\t<\/div>\n\t\n\t\t<\/div>\n\t\t\t\t\t<\/div>\n\n\t\n<\/div>\n<div class=\"row\"  id=\"row-2057869108\">\n\n\t<div id=\"col-1758556283\" class=\"col medium-4 small-12 large-4\"  >\n\t\t\t\t<div class=\"col-inner\"  >\n\t\t\t\n\t\t\t\n\t<div class=\"img has-hover x md-x lg-x y md-y lg-y\" id=\"image_1447423916\">\n\t\t<a class=\"open-video\" href=\"https:\/\/www.youtube.com\/watch?v=0knb9chQmwk\" rel=\"nofollow noopener\" target=\"_blank\">\t\t\t\t\t\t<div class=\"img-inner dark\" >\n\t\t\t<img loading=\"lazy\" decoding=\"async\" width=\"400\" height=\"280\" src=\"https:\/\/moposanitaryware.com\/wp-content\/uploads\/2022\/09\/bathroom-automatic-electronic-bidet-smart-toilet-Contoured-seat-is-heated.jpg\" class=\"attachment-original size-original\" alt=\"\" title=\"\">\t\t\t\t\t\t\t<div class=\"overlay\" style=\"background-color: rgba(0,0,0,.2)\"><\/div>\n\t\t\t\t\t\t\t\t\t\t<div class=\"absolute no-click x50 y50 md-x50 md-y50 lg-x50 lg-y50 text-shadow-2\">\n\t\t\t\t\t<div class=\"overlay-icon\">\n\t\t\t\t\t\t<i class=\"icon-play\"><\/i>\n\t\t\t\t\t<\/div>\n\t\t\t\t<\/div>\n\t\t\t\n\t\t\t\t\t<\/div>\n\t\t\t\t\t\t<\/a>\t\t\n<style>\n#image_1447423916 {\n  width: 100%;\n}\n<\/style>\n\t<\/div>\n\t\n<h3 class=\"a-spacing-mini\">Asiento con calefacci\u00f3n<\/h3>\n<p><span class=\"a-list-item\">El asiento contorneado tiene calefacci\u00f3n para brindar la m\u00e1xima comodidad y mantenerlo c\u00e1lido y acogedor. <\/span><span class=\"a-list-item\">Los ajustes de temperatura ajustables permiten a los usuarios crear y mantener el nivel perfecto de calidez.<\/span><\/p>\n\t\t<\/div>\n\t\t\t\t\t<\/div>\n\n\t\n\n\t<div id=\"col-802088117\" class=\"col medium-4 small-12 large-4\"  >\n\t\t\t\t<div class=\"col-inner\"  >\n\t\t\t\n\t\t\t\n\t<div class=\"img has-hover x md-x lg-x y md-y lg-y\" id=\"image_1461848817\">\n\t\t<a class=\"open-video\" href=\"https:\/\/www.youtube.com\/watch?v=OzG-pyRutuI\" rel=\"nofollow noopener\" target=\"_blank\">\t\t\t\t\t\t<div class=\"img-inner dark\" >\n\t\t\t<img loading=\"lazy\" decoding=\"async\" width=\"400\" height=\"280\" src=\"https:\/\/moposanitaryware.com\/wp-content\/uploads\/2022\/09\/sanitary-wares-bathroom-ceramic-one-piece-intelligent-toilet-with-LED-blue-night-light.jpg\" class=\"attachment-original size-original\" alt=\"\" title=\"\">\t\t\t\t\t\t\t<div class=\"overlay\" style=\"background-color: rgba(0,0,0,.2)\"><\/div>\n\t\t\t\t\t\t\t\t\t\t<div class=\"absolute no-click x50 y50 md-x50 md-y50 lg-x50 lg-y50 text-shadow-2\">\n\t\t\t\t\t<div class=\"overlay-icon\">\n\t\t\t\t\t\t<i class=\"icon-play\"><\/i>\n\t\t\t\t\t<\/div>\n\t\t\t\t<\/div>\n\t\t\t\n\t\t\t\t\t<\/div>\n\t\t\t\t\t\t<\/a>\t\t\n<style>\n#image_1461848817 {\n  width: 100%;\n}\n<\/style>\n\t<\/div>\n\t\n<h3 class=\"a-spacing-mini\">Luz nocturna brillante<\/h3>\n<p class=\"a-spacing-mini\">La luz nocturna suave e iluminada resaltar\u00e1 su camino hacia el ba\u00f1o. El c\u00e1lido y acogedor resplandor del <a href=\"https:\/\/moposanitaryware.com\/es\/shop\/bidets-toilets\/\">ba\u00f1o<\/a> El asiento le permite descansar tranquilo sin sufrir luces brillantes en medio de la noche. Si prefiere la oscuridad, la luz nocturna se apaga f\u00e1cilmente con solo tocar un bot\u00f3n.<\/p>\n\t\t<\/div>\n\t\t\t\t\t<\/div>\n\n\t\n\n\t<div id=\"col-452370254\" class=\"col medium-4 small-12 large-4\"  >\n\t\t\t\t<div class=\"col-inner\"  >\n\t\t\t\n\t\t\t\n\t<div class=\"img has-hover x md-x lg-x y md-y lg-y\" id=\"image_1307409718\">\n\t\t<a class=\"\" href=\"https:\/\/moposanitaryware.com\/es\/shop\/bidets-toilets\/\">\t\t\t\t\t\t<div class=\"img-inner dark\" >\n\t\t\t<img loading=\"lazy\" decoding=\"async\" width=\"400\" height=\"280\" src=\"https:\/\/moposanitaryware.com\/wp-content\/uploads\/2022\/09\/Smart-Toilets-wireless-remote-control-convenient-and-sanitary.jpg\" class=\"attachment-original size-original\" alt=\"\" title=\"\">\t\t\t\t\t\t\n\t\t\t\t\t<\/div>\n\t\t\t\t\t\t<\/a>\t\t\n<style>\n#image_1307409718 {\n  width: 100%;\n}\n<\/style>\n\t<\/div>\n\t\n<h3 class=\"a-spacing-mini\">Desodorante de aire<\/h3>\n<p><span class=\"a-list-item\">El desodorizador de aire autom\u00e1tico neutraliza los olores del ba\u00f1o mediante el uso de potentes filtros.<\/span><span class=\"a-list-item\">Limpia eficazmente el aire alrededor del <a href=\"https:\/\/moposanitaryware.com\/es\/shop\/bidets-toilets\/\">ba\u00f1o<\/a> para crear una experiencia m\u00e1s placentera<\/span><\/p>\n\t\t<\/div>\n\t\t\t\t\t<\/div>\n\n\t\n<\/div>\n<div class=\"row\"  id=\"row-1645993941\">\n\n\t<div id=\"col-1760750647\" class=\"col medium-6 small-12 large-6\"  >\n\t\t\t\t<div class=\"col-inner\"  >\n\t\t\t\n\t\t\t\n<div class=\"container section-title-container\" ><h3 class=\"section-title section-title-normal\"><b><\/b><span class=\"section-title-main\" >envianos un email<\/span><b><\/b><\/h3><\/div>\n<p>Si est\u00e1 interesado en nuestros productos y desea conocer m\u00e1s detalles, deje un mensaje aqu\u00ed, le responderemos lo antes posible.<\/p>\n\n<div class=\"wpcf7 no-js\" id=\"wpcf7-f13-o1\" lang=\"en-US\" dir=\"ltr\" data-wpcf7-id=\"13\">\n<div class=\"screen-reader-response\"><p role=\"status\" aria-live=\"polite\" aria-atomic=\"true\"><\/p> <ul><\/ul><\/div>\n<form action=\"\/es\/wp-json\/wp\/v2\/product\/2474#wpcf7-f13-o1\" method=\"post\" class=\"wpcf7-form init\" aria-label=\"Contact form\" novalidate=\"novalidate\" data-status=\"init\" data-trp-original-action=\"\/es\/wp-json\/wp\/v2\/product\/2474#wpcf7-f13-o1\">\n<fieldset class=\"hidden-fields-container\"><input type=\"hidden\" name=\"_wpcf7\" value=\"13\" \/><input type=\"hidden\" name=\"_wpcf7_version\" value=\"6.1.1\" \/><input type=\"hidden\" name=\"_wpcf7_locale\" value=\"en_US\" \/><input type=\"hidden\" name=\"_wpcf7_unit_tag\" value=\"wpcf7-f13-o1\" \/><input type=\"hidden\" name=\"_wpcf7_container_post\" value=\"0\" \/><input type=\"hidden\" name=\"_wpcf7_posted_data_hash\" value=\"\" \/><input type=\"hidden\" name=\"_wpcf7_recaptcha_response\" value=\"\" \/>\n<\/fieldset>\n<div class=\"form-flat\">\n\t<p><span class=\"wpcf7-form-control-wrap\" data-name=\"your-name\"><input size=\"40\" maxlength=\"400\" class=\"wpcf7-form-control wpcf7-text wpcf7-validates-as-required\" aria-required=\"true\" aria-invalid=\"false\" placeholder=\"Tu nombre (requerido)\" value=\"\" type=\"text\" name=\"your-name\" \/><\/span><br \/>\n<span class=\"wpcf7-form-control-wrap\" data-name=\"your-email\"><input size=\"40\" maxlength=\"400\" class=\"wpcf7-form-control wpcf7-email wpcf7-validates-as-required wpcf7-text wpcf7-validates-as-email\" aria-required=\"true\" aria-invalid=\"false\" placeholder=\"Tu Email (requerido)\" value=\"\" type=\"email\" name=\"your-email\" \/><\/span>\n\t<\/p>\n\t<p><span class=\"wpcf7-form-control-wrap\" data-name=\"your-tels\"><input size=\"40\" maxlength=\"400\" class=\"wpcf7-form-control wpcf7-tel wpcf7-text wpcf7-validates-as-tel\" aria-invalid=\"false\" placeholder=\"Tu Tel (Opcional)\" value=\"\" type=\"tel\" name=\"your-tels\" \/><\/span>\n\t<\/p>\n\t<p><span class=\"wpcf7-form-control-wrap\" data-name=\"your-message\"><textarea cols=\"40\" rows=\"10\" maxlength=\"2000\" class=\"wpcf7-form-control wpcf7-textarea\" aria-invalid=\"false\" placeholder=\"Para obtener el mejor resultado, recomendamos incluir los siguientes detalles:-Autopresentaci\u00f3n-Art\u00edculos o servicios requeridos-Cantidad requerida\" name=\"your-message\"><\/textarea><\/span>\n\t<\/p>\n\t<p>Consulta de trabajo:*<br \/>\n<span class=\"wpcf7-form-control-wrap\" data-name=\"checkbox\"><span class=\"wpcf7-form-control wpcf7-checkbox wpcf7-validates-as-required wpcf7-exclusive-checkbox\"><span class=\"wpcf7-list-item first\"><label><input type=\"checkbox\" name=\"checkbox\" value=\"Quotation\" \/><span class=\"wpcf7-list-item-label\">Cotizaci\u00f3n<\/span><\/label><\/span><span class=\"wpcf7-list-item\"><label><input type=\"checkbox\" name=\"checkbox\" value=\"Catalog\" \/><span class=\"wpcf7-list-item-label\">Catalogar<\/span><\/label><\/span><span class=\"wpcf7-list-item\"><label><input type=\"checkbox\" name=\"checkbox\" value=\"Service Support\" \/><span class=\"wpcf7-list-item-label\">Servicio de ayuda<\/span><\/label><\/span><span class=\"wpcf7-list-item\"><label><input type=\"checkbox\" name=\"checkbox\" value=\"Project\" \/><span class=\"wpcf7-list-item-label\">Proyecto<\/span><\/label><\/span><span class=\"wpcf7-list-item last\"><label><input type=\"checkbox\" name=\"checkbox\" value=\"I am interested in becoming an agent\" \/><span class=\"wpcf7-list-item-label\">Estoy interesado en ser agente.<\/span><\/label><\/span><\/span><\/span><br \/>\n<input class=\"wpcf7-form-control wpcf7-submit has-spinner button\" type=\"submit\" value=\"Entregar\" \/>\n\t<\/p>\n<\/div><div class=\"wpcf7-response-output\" aria-hidden=\"true\"><\/div>\n<input type=\"hidden\" name=\"trp-form-language\" value=\"es\"\/><\/form>\n<\/div>\n\n\t\t<\/div>\n\t\t\t\t\t<\/div>\n\n\t\n\n\t<div id=\"col-582627180\" class=\"col medium-6 small-12 large-6\"  >\n\t\t\t\t<div class=\"col-inner\"  >\n\t\t\t\n\t\t\t\n<div class=\"container section-title-container\" ><h3 class=\"section-title section-title-normal\"><b><\/b><span class=\"section-title-main\" >CONT\u00c1CTENOS<\/span><b><\/b><\/h3><\/div>\n<p>Si tiene alguna pregunta sobre alguno de nuestros productos, o necesita ponerse en contacto con nosotros por cualquier otro motivo, complete este formulario a continuaci\u00f3n y nos comunicaremos con usted lo antes posible.<\/p>\n<p><strong>Ll\u00e1manos:<\/strong> <a href=\"http:\/\/+86 18675762929\" rel=\"nofollow\">+8618675762929<\/a><br \/>\n<strong>Env\u00edanos un correo electr\u00f3nico<\/strong>:\u00a0\u00a0<a href=\"mailto:info@mopochina.com\">info@mopochina.com<\/a><\/p>\n<p><strong>Skype\u00a0<\/strong>: <a href=\"skype:Sanitwell Shen?chat\">jiawei cheng<\/a><\/p>\n<p><strong>Direcciones<\/strong> : B1, n\u00ba 10<sup>th<\/sup>, Mundo de la Cer\u00e1mica Yingkeyijia, 4<sup>th<\/sup>\u00a0Jihua Road, Chancheng, Foshan, 528 000, Guangdong, China<\/p>\n<p><strong>BASE DE PRODUCCI\u00d3N :<\/strong>\u00a0Pa\u00eds de Chaoan, ciudad de Chaozhou, provincia de Guangdong<\/p>\n<p><strong>Enlace amistoso:<\/strong><br \/>\n<a href=\"https:\/\/moposanitaryware.com\/es\/?attachment_id=4774\">https:\/\/moposanitaryware.com<\/a><br \/>\n<a href=\"https:\/\/www.mopotoilet.com\" rel=\"nofollow noopener\" target=\"_blank\">https:\/\/www.mopotoilet.com<\/a><br \/>\n<a href=\"https:\/\/\/es\/www.mopofaucet.com\/\">https:www.mopofaucet.com<\/a><\/p>\n<div class=\"social-icons follow-icons full-width text-left\" ><span>S\u00edganos<\/span><a href=\"https:\/\/www.facebook.com\/MOPOCHINA\" target=\"_blank\" data-label=\"Facebook\" class=\"icon primary button circle facebook tooltip\" title=\"S\u00edguenos en Facebook\" aria-label=\"S\u00edguenos en Facebook\" rel=\"noopener nofollow\"><i class=\"icon-facebook\" ><\/i><\/a><a href=\"https:\/\/www.instagram.com\/mopotoilet\/\" target=\"_blank\" data-label=\"Instagram\" class=\"icon primary button circle instagram tooltip\" title=\"S\u00edguenos en Instagram\" aria-label=\"S\u00edguenos en Instagram\" rel=\"noopener nofollow\"><i class=\"icon-instagram\" ><\/i><\/a><a href=\"https:\/\/twitter.com\/mopotoilet\" data-label=\"Twitter\" target=\"_blank\" class=\"icon primary button circle twitter tooltip\" title=\"S\u00edguenos en Twitter\" aria-label=\"S\u00edguenos en Twitter\" rel=\"noopener nofollow\"><i class=\"icon-twitter\" ><\/i><\/a><a href=\"mailto:info@mopochina.com\" data-label=\"E-mail\" target=\"_blank\" class=\"icon primary button circle email tooltip\" title=\"Env\u00edanos un correo electr\u00f3nico\" aria-label=\"Env\u00edanos un correo electr\u00f3nico\" rel=\"nofollow noopener\" ><i class=\"icon-envelop\" ><\/i><\/a><a href=\"https:\/\/www.linkedin.com\/company\/mopo-sanitary-ware\/\" data-label=\"LinkedIn\" target=\"_blank\" class=\"icon primary button circle linkedin tooltip\" title=\"S\u00edguenos en LinkedIn\" aria-label=\"S\u00edguenos en LinkedIn\" rel=\"noopener nofollow\"><i class=\"icon-linkedin\" ><\/i><\/a><a href=\"https:\/\/www.youtube.com\/c\/mopochina\/featured\" data-label=\"YouTube\" target=\"_blank\" class=\"icon primary button circle youtube tooltip\" title=\"S\u00edguenos en Youtube\" aria-label=\"S\u00edguenos en Youtube\" rel=\"noopener nofollow\"><i class=\"icon-youtube\" ><\/i><\/a><\/div>\n\t\t<\/div>\n\t\t\t\t\t<\/div>\n\n\t\n<\/div>","protected":false},"excerpt":{"rendered":"<p>Nombre de la marca: MOPO<br \/>\nModel Number: MP-E1209R<br \/>\nName: Bidet seat<br \/>\nMaterial: Ceramic<br \/>\nSize: 520*460*160mm<br \/>\nWeight: 6.8KG<br \/>\nColor: White<br \/>\nFeature: Automatic Operation<br \/>\nInstallation Type: Floor Mounted<\/p>\n\t<a class=\"paoc-popup-click paoc-popup-cust-337 paoc-popup-button paoc-popup-btn\" href=\"javascript:void(0);\">Solicitar presupuesto<\/a>\r\n\u00a0 \u00a0 \u00a0<a href=\"https:\/\/api.whatsapp.com\/send?phone=8618675762929\"><img loading=\"lazy\" decoding=\"async\" class=\"alignnone wp-image-6698\" src=\"https:\/\/moposanitaryware.com\/wp-content\/uploads\/WhatsApp.png\" alt=\"\" width=\"140\" height=\"33\" srcset=\"https:\/\/moposanitaryware.com\/wp-content\/uploads\/WhatsApp.png 546w, https:\/\/moposanitaryware.com\/wp-content\/uploads\/WhatsApp-18x4.png 18w\" sizes=\"auto, (max-width: 140px) 100vw, 140px\" \/><\/a><\/p>","protected":false},"featured_media":2486,"template":"","meta":{"_acf_changed":false},"product_brand":[],"product_cat":[61,83],"product_tag":[156,157],"class_list":{"0":"post-2474","1":"product","2":"type-product","3":"status-publish","4":"has-post-thumbnail","6":"product_cat-bidet-toilets","7":"product_cat-bidet-seat","8":"product_tag-bidet-seat","9":"product_tag-smart-toilet-seat","11":"first","12":"instock","13":"shipping-taxable","14":"product-type-simple"},"acf":[],"_links":{"self":[{"href":"https:\/\/moposanitaryware.com\/es\/wp-json\/wp\/v2\/product\/2474","targetHints":{"allow":["GET"]}}],"collection":[{"href":"https:\/\/moposanitaryware.com\/es\/wp-json\/wp\/v2\/product"}],"about":[{"href":"https:\/\/moposanitaryware.com\/es\/wp-json\/wp\/v2\/types\/product"}],"wp:featuredmedia":[{"embeddable":true,"href":"https:\/\/moposanitaryware.com\/es\/wp-json\/wp\/v2\/media\/2486"}],"wp:attachment":[{"href":"https:\/\/moposanitaryware.com\/es\/wp-json\/wp\/v2\/media?parent=2474"}],"wp:term":[{"taxonomy":"product_brand","embeddable":true,"href":"https:\/\/moposanitaryware.com\/es\/wp-json\/wp\/v2\/product_brand?post=2474"},{"taxonomy":"product_cat","embeddable":true,"href":"https:\/\/moposanitaryware.com\/es\/wp-json\/wp\/v2\/product_cat?post=2474"},{"taxonomy":"product_tag","embeddable":true,"href":"https:\/\/moposanitaryware.com\/es\/wp-json\/wp\/v2\/product_tag?post=2474"}],"curies":[{"name":"wp","href":"https:\/\/api.w.org\/{rel}","templated":true}]}}