{"id":2052,"date":"2021-06-22T08:55:32","date_gmt":"2021-06-22T08:55:32","guid":{"rendered":"https:\/\/moposanitaryware.com\/?post_type=product&#038;p=2052"},"modified":"2024-08-01T09:48:38","modified_gmt":"2024-08-01T09:48:38","slug":"factory-wholesale-bathroom-smart-toilets","status":"publish","type":"product","link":"https:\/\/moposanitaryware.com\/es\/factory-wholesale-bathroom-smart-toilets\/","title":{"rendered":"Taburete electr\u00f3nico autom\u00e1tico, venta al por mayor de f\u00e1brica, inodoro inteligente de una pieza con chorro de sif\u00f3n, inodoro inteligente para ba\u00f1o"},"content":{"rendered":"<div class=\"banner has-hover\" id=\"banner-2033031210\">\n          <div class=\"banner-inner fill\">\n        <div class=\"banner-bg fill\" >\n            <img loading=\"lazy\" decoding=\"async\" width=\"800\" height=\"333\" src=\"https:\/\/moposanitaryware.com\/wp-content\/uploads\/2022\/09\/smart-toilet-supplier-and-manufacturer-china-intelligent-toilet.jpg\" class=\"bg attachment-original size-original\" alt=\"\" title=\"\">                                    \n                    <\/div>\n\t\t\n        <div class=\"banner-layers container\">\n            <a class=\"fill\" href=\"https:\/\/moposanitaryware.com\/es\/shop\/bidets-toilets\/\" ><div class=\"fill banner-link\"><\/div><\/a>            \n   <div id=\"text-box-544439902\" class=\"text-box banner-layer x85 md-x50 lg-x50 y70 md-y70 lg-y70 res-text\">\n                                <div class=\"text-box-content text dark\">\n              \n              <div class=\"text-inner text-center\">\n                  \n<h2 class=\"LC20lb MBeuO DKV0Md\"><span style=\"font-size: 80%;\"><a href=\"https:\/\/moposanitaryware.com\/es\/shop\/bidets-toilets\/\">Inodoros inteligentes<\/a> \u2013 Ba\u00f1o inteligente<\/span><\/h2>\n<a href=\"#brave_open_popup_688\" class=\"button success lowercase\"  style=\"border-radius:99px;\">\n\t\t<span>Obtener cotizaci\u00f3n<\/span>\n\t<\/a>\n\n              <\/div>\n           <\/div>\n                            \n<style>\n#text-box-544439902 {\n  width: 61%;\n}\n#text-box-544439902 .text-box-content {\n  font-size: 100%;\n}\n@media (min-width:550px) {\n  #text-box-544439902 {\n    width: 28%;\n  }\n}\n<\/style>\n    <\/div>\n \n        <\/div>\n      <\/div>\n\n            \n<style>\n#banner-2033031210 {\n  padding-top: 50%;\n  background-color: rgb(255,255,255);\n}\n#banner-2033031210 .banner-bg img {\n  object-position: 37% 26%;\n}\n@media (min-width:550px) {\n  #banner-2033031210 {\n    padding-top: 35%;\n  }\n}\n<\/style>\n  <\/div>\n\n\n<div class=\"row align-center\"  id=\"row-9584452\">\n\n\t<div id=\"col-586359897\" class=\"col medium-10 small-12 large-10\"  >\n\t\t\t\t<div class=\"col-inner text-center\"  >\n\t\t\t\n\t\t\t\n<h1 style=\"text-align: center;\"><a href=\"https:\/\/moposanitaryware.com\/es\/categoria-producto\/bidet-toilets\/\">Inodoro inteligente<\/a><\/h1>\n<p style=\"text-align: center;\">Fabricante y proveedor de inodoros inteligentes de alta calidad, se especializa en la venta al por mayor de inodoros inteligentes nuevos, asiento de inodoro inteligente. El inodoro inteligente MOPO fabrica inodoros con bid\u00e9 inteligentes de lujo, asequibles y de calidad. Esta tecnolog\u00eda inteligente cambiar\u00e1 la forma en que ves tu ba\u00f1o. y una variedad de productos de ba\u00f1o<\/p>\n\t\t<\/div>\n\t\t\t\t\t<\/div>\n\n\t\n<\/div>\n<div class=\"row\"  id=\"row-995289146\">\n\n\t<div id=\"col-1294249324\" class=\"col medium-6 small-12 large-6\"  >\n\t\t\t\t<div class=\"col-inner\"  >\n\t\t\t\n\t\t\t\n<h3>Boquilla de acero inoxidable<\/h3>\n<p><b>Con funci\u00f3n 3 en 1.<\/b>El <a href=\"https:\/\/moposanitaryware.com\/es\/shop\/bidets-toilets\/\">inodoro inteligente<\/a> traer\u00e1 el lavado que te mereces a tu ba\u00f1o. Experimente nuestra boquilla 3 en 1 especialmente dise\u00f1ada que le brindar\u00e1 el mejor lavado posterior, un lavado femenino reconfortante y un lavado turbo eficaz. La boquilla autolimpiante de acero inoxidable se suma a la elegancia que ya ofrece, y m\u00e1s. Minimice las necesidades de mantenimiento y limpieza con este componente duradero y eficaz Cuidado de la salud, Cuidado de la salud, Limpieza femenina, Limpieza de cadera, Autolimpieza de boquillas, Limpieza de masaje m\u00f3vil, M\u00faltiples opciones de lavado est\u00e1n disponibles para su vida c\u00f3moda y saludable.<\/p>\n\t\t<\/div>\n\t\t\t\t\t<\/div>\n\n\t\n\n\t<div id=\"col-594754810\" class=\"col medium-6 small-12 large-6\"  >\n\t\t\t\t<div class=\"col-inner\"  >\n\t\t\t\n\t\t\t\n\t<div class=\"img has-hover x md-x lg-x y md-y lg-y\" id=\"image_1770851058\">\n\t\t<a class=\"open-video\" href=\"https:\/\/www.youtube.com\/watch?v=CeHGZjKQAcU\" rel=\"nofollow noopener\" target=\"_blank\">\t\t\t\t\t\t<div class=\"img-inner dark\" >\n\t\t\t<img loading=\"lazy\" decoding=\"async\" width=\"600\" height=\"420\" src=\"https:\/\/moposanitaryware.com\/wp-content\/uploads\/2022\/09\/Smart-toilet-Patented-3-in-1-nozzle.jpg\" class=\"attachment-original size-original\" alt=\"\" srcset=\"https:\/\/moposanitaryware.com\/wp-content\/uploads\/2022\/09\/Smart-toilet-Patented-3-in-1-nozzle.jpg 600w, https:\/\/moposanitaryware.com\/wp-content\/uploads\/2022\/09\/Smart-toilet-Patented-3-in-1-nozzle-571x400.jpg 571w\" sizes=\"auto, (max-width: 600px) 100vw, 600px\" title=\"\">\t\t\t\t\t\t\t<div class=\"overlay\" style=\"background-color: rgba(0,0,0,.2)\"><\/div>\n\t\t\t\t\t\t\t\t\t\t<div class=\"absolute no-click x50 y50 md-x50 md-y50 lg-x50 lg-y50 text-shadow-2\">\n\t\t\t\t\t<div class=\"overlay-icon\">\n\t\t\t\t\t\t<i class=\"icon-play\"><\/i>\n\t\t\t\t\t<\/div>\n\t\t\t\t<\/div>\n\t\t\t\n\t\t\t\t\t<\/div>\n\t\t\t\t\t\t<\/a>\t\t\n<style>\n#image_1770851058 {\n  width: 100%;\n}\n<\/style>\n\t<\/div>\n\t\n\t\t<\/div>\n\t\t\t\t\t<\/div>\n\n\t\n<\/div>\n<div class=\"row\"  id=\"row-906807665\">\n\n\t<div id=\"col-123505704\" class=\"col medium-6 small-12 large-6\"  >\n\t\t\t\t<div class=\"col-inner\"  >\n\t\t\t\n\t\t\t\n\t<div class=\"img has-hover x md-x lg-x y md-y lg-y\" id=\"image_246975065\">\n\t\t<a class=\"\" href=\"https:\/\/moposanitaryware.com\/es\/shop\/bidets-toilets\/\">\t\t\t\t\t\t<div class=\"img-inner dark\" >\n\t\t\t<img loading=\"lazy\" decoding=\"async\" width=\"600\" height=\"420\" src=\"https:\/\/moposanitaryware.com\/wp-content\/uploads\/2022\/09\/Smart-Toilet-Cleansing-Water-Warm-air-dryer.jpg\" class=\"attachment-original size-original\" alt=\"\" srcset=\"https:\/\/moposanitaryware.com\/wp-content\/uploads\/2022\/09\/Smart-Toilet-Cleansing-Water-Warm-air-dryer.jpg 600w, https:\/\/moposanitaryware.com\/wp-content\/uploads\/2022\/09\/Smart-Toilet-Cleansing-Water-Warm-air-dryer-571x400.jpg 571w\" sizes=\"auto, (max-width: 600px) 100vw, 600px\" title=\"\">\t\t\t\t\t\t\n\t\t\t\t\t<\/div>\n\t\t\t\t\t\t<\/a>\t\t\n<style>\n#image_246975065 {\n  width: 100%;\n}\n<\/style>\n\t<\/div>\n\t\n\t\t<\/div>\n\t\t\t\t\t<\/div>\n\n\t\n\n\t<div id=\"col-1976976364\" class=\"col medium-6 small-12 large-6\"  >\n\t\t\t\t<div class=\"col-inner\"  >\n\t\t\t\n\t\t\t\n<h3>Secador de aire caliente ajustable<\/h3>\n<p>Disfrute de la facilidad y comodidad del secado con el secador de aire caliente con temperatura ajustable. Reduce la necesidad de<a href=\"https:\/\/moposanitaryware.com\/es\/shop\/bidets-toilets\/\"> ba\u00f1o<\/a> papel y crea una experiencia m\u00e1s manos libres. Los niveles de temperatura de la secadora se pueden ajustar hasta 5 niveles seg\u00fan su comodidad y gusto. Elija mantenerlo caliente o mantenerlo fresco. Termine su experiencia con la secadora caliente y salve \u00e1rboles mientras lo hace.<\/p>\n\t\t<\/div>\n\t\t\t\t\t<\/div>\n\n\t\n<\/div>\n<div class=\"row\"  id=\"row-863344966\">\n\n\t<div id=\"col-177019950\" class=\"col medium-6 small-12 large-6\"  >\n\t\t\t\t<div class=\"col-inner\"  >\n\t\t\t\n\t\t\t\n<h3>Tecnolog\u00eda de calefacci\u00f3n h\u00edbrida<\/h3>\n<p>Se ha demostrado que la brillante innovaci\u00f3n de la tecnolog\u00eda de calentamiento de agua h\u00edbrido es uno de los m\u00e9todos de calentamiento de agua instant\u00e1neo m\u00e1s efectivos y confiables. Desarrollamos una nueva tecnolog\u00eda de calentamiento h\u00edbrido que utiliza las mejores caracter\u00edsticas de las tecnolog\u00edas de calentamiento instant\u00e1neo y calefacci\u00f3n. El nuevo sistema de calentamiento h\u00edbrido combina agua Flujo y consistencia de temperatura con una duraci\u00f3n ilimitada para producir un flujo continuo de agua c\u00e1lida y rejuvenecedora.<\/p>\n\t\t<\/div>\n\t\t\t\t\t<\/div>\n\n\t\n\n\t<div id=\"col-45371875\" class=\"col medium-6 small-12 large-6\"  >\n\t\t\t\t<div class=\"col-inner\"  >\n\t\t\t\n\t\t\t\n\t<div class=\"img has-hover x md-x lg-x y md-y lg-y\" id=\"image_673006633\">\n\t\t<a class=\"\" href=\"https:\/\/moposanitaryware.com\/es\/shop\/bidets-toilets\/\">\t\t\t\t\t\t<div class=\"img-inner dark\" >\n\t\t\t<img loading=\"lazy\" decoding=\"async\" width=\"600\" height=\"420\" src=\"https:\/\/moposanitaryware.com\/wp-content\/uploads\/2022\/09\/Smart-Toilet-Hybrid-heating-technology-Built-to-last.jpg\" class=\"attachment-original size-original\" alt=\"\" srcset=\"https:\/\/moposanitaryware.com\/wp-content\/uploads\/2022\/09\/Smart-Toilet-Hybrid-heating-technology-Built-to-last.jpg 600w, https:\/\/moposanitaryware.com\/wp-content\/uploads\/2022\/09\/Smart-Toilet-Hybrid-heating-technology-Built-to-last-571x400.jpg 571w\" sizes=\"auto, (max-width: 600px) 100vw, 600px\" title=\"\">\t\t\t\t\t\t\n\t\t\t\t\t<\/div>\n\t\t\t\t\t\t<\/a>\t\t\n<style>\n#image_673006633 {\n  width: 100%;\n}\n<\/style>\n\t<\/div>\n\t\n\t\t<\/div>\n\t\t\t\t\t<\/div>\n\n\t\n<\/div>\n<div class=\"row\"  id=\"row-2130235032\">\n\n\t<div id=\"col-1439936677\" class=\"col medium-6 small-12 large-6\"  >\n\t\t\t\t<div class=\"col-inner\"  >\n\t\t\t\n\t\t\t\n\t<div class=\"img has-hover x md-x lg-x y md-y lg-y\" id=\"image_267895067\">\n\t\t<a class=\"open-video\" href=\"https:\/\/www.youtube.com\/watch?v=5KqqEmz7ak0\" rel=\"nofollow noopener\" target=\"_blank\">\t\t\t\t\t\t<div class=\"img-inner dark\" >\n\t\t\t<img loading=\"lazy\" decoding=\"async\" width=\"600\" height=\"420\" src=\"https:\/\/moposanitaryware.com\/wp-content\/uploads\/2022\/09\/Smart-Toilets-manufacturer-and-supplier-Bidet-Toilets-Foam-shield-Splash-proof.jpg\" class=\"attachment-original size-original\" alt=\"\" srcset=\"https:\/\/moposanitaryware.com\/wp-content\/uploads\/2022\/09\/Smart-Toilets-manufacturer-and-supplier-Bidet-Toilets-Foam-shield-Splash-proof.jpg 600w, https:\/\/moposanitaryware.com\/wp-content\/uploads\/2022\/09\/Smart-Toilets-manufacturer-and-supplier-Bidet-Toilets-Foam-shield-Splash-proof-571x400.jpg 571w\" sizes=\"auto, (max-width: 600px) 100vw, 600px\" title=\"\">\t\t\t\t\t\t\t<div class=\"overlay\" style=\"background-color: rgba(0,0,0,.2)\"><\/div>\n\t\t\t\t\t\t\t\t\t\t<div class=\"absolute no-click x50 y50 md-x50 md-y50 lg-x50 lg-y50 text-shadow-2\">\n\t\t\t\t\t<div class=\"overlay-icon\">\n\t\t\t\t\t\t<i class=\"icon-play\"><\/i>\n\t\t\t\t\t<\/div>\n\t\t\t\t<\/div>\n\t\t\t\n\t\t\t\t\t<\/div>\n\t\t\t\t\t\t<\/a>\t\t\n<style>\n#image_267895067 {\n  width: 100%;\n}\n<\/style>\n\t<\/div>\n\t\n\t\t<\/div>\n\t\t\t\t\t<\/div>\n\n\t\n\n\t<div id=\"col-787378274\" class=\"col medium-6 small-12 large-6\"  >\n\t\t\t\t<div class=\"col-inner\"  >\n\t\t\t\n\t\t\t\n<h3 class=\"a-spacing-mini\">Escudo de espuma <span class=\"Y2IQFc\" lang=\"en\">A prueba de salpicaduras<\/span><\/h3>\n<p class=\"a-spacing-mini\">caracter\u00edstica destacada entre <a href=\"https:\/\/moposanitaryware.com\/es\/shop\/bidets-toilets\/\">ba\u00f1os inteligentes<\/a>. Una protecci\u00f3n de espuma evita que el agua salpique durante el lavado. No solo eso, sino que tambi\u00e9n previene el olor, la suciedad y, lo m\u00e1s importante, esta espuma ayuda a matar las bacterias que est\u00e1n presentes despu\u00e9s del uso y tambi\u00e9n las bacterias presentes alrededor de la piel. <a href=\"https:\/\/moposanitaryware.com\/es\/shop\/bidets-toilets\/\">taza del inodoro.<\/a><\/p>\n<p class=\"a-spacing-mini\">De esta manera, el <a href=\"https:\/\/moposanitaryware.com\/es\/shop\/bidets-toilets\/\">taza del inodoro<\/a> Es m\u00e1s limpio de usar. Es posible que muchos no analicen la gravedad de los ataques de bacterias; los ataques de bacterias menores pueden detectarle una alergia en la piel, pero un ataque de bacterias grave puede causar m\u00e1s que eso y da\u00f1ar su salud. La presencia de estas espumas ahora puede ayudar a los usuarios a resolver todos los problemas anteriores.<\/p>\n\t\t<\/div>\n\t\t\t\t\t<\/div>\n\n\t\n<\/div>\n<div class=\"row\"  id=\"row-661028183\">\n\n\t<div id=\"col-1388009226\" class=\"col medium-4 small-12 large-4\"  >\n\t\t\t\t<div class=\"col-inner\"  >\n\t\t\t\n\t\t\t\n\t<div class=\"img has-hover x md-x lg-x y md-y lg-y\" id=\"image_1460639961\">\n\t\t<a class=\"open-video\" href=\"https:\/\/www.youtube.com\/watch?v=0knb9chQmwk\" rel=\"nofollow noopener\" target=\"_blank\">\t\t\t\t\t\t<div class=\"img-inner dark\" >\n\t\t\t<img loading=\"lazy\" decoding=\"async\" width=\"400\" height=\"280\" src=\"https:\/\/moposanitaryware.com\/wp-content\/uploads\/2022\/09\/bathroom-automatic-electronic-bidet-smart-toilet-Contoured-seat-is-heated.jpg\" class=\"attachment-original size-original\" alt=\"\" title=\"\">\t\t\t\t\t\t\t<div class=\"overlay\" style=\"background-color: rgba(0,0,0,.2)\"><\/div>\n\t\t\t\t\t\t\t\t\t\t<div class=\"absolute no-click x50 y50 md-x50 md-y50 lg-x50 lg-y50 text-shadow-2\">\n\t\t\t\t\t<div class=\"overlay-icon\">\n\t\t\t\t\t\t<i class=\"icon-play\"><\/i>\n\t\t\t\t\t<\/div>\n\t\t\t\t<\/div>\n\t\t\t\n\t\t\t\t\t<\/div>\n\t\t\t\t\t\t<\/a>\t\t\n<style>\n#image_1460639961 {\n  width: 100%;\n}\n<\/style>\n\t<\/div>\n\t\n<h3 class=\"a-spacing-mini\">Asiento con calefacci\u00f3n<\/h3>\n<p><span class=\"a-list-item\">El asiento contorneado tiene calefacci\u00f3n para brindar la m\u00e1xima comodidad y mantenerlo c\u00e1lido y acogedor. <\/span><span class=\"a-list-item\">Los ajustes de temperatura ajustables permiten a los usuarios crear y mantener el nivel perfecto de calidez.<\/span><\/p>\n\t\t<\/div>\n\t\t\t\t\t<\/div>\n\n\t\n\n\t<div id=\"col-2134163396\" class=\"col medium-4 small-12 large-4\"  >\n\t\t\t\t<div class=\"col-inner\"  >\n\t\t\t\n\t\t\t\n\t<div class=\"img has-hover x md-x lg-x y md-y lg-y\" id=\"image_1769350726\">\n\t\t<a class=\"open-video\" href=\"https:\/\/www.youtube.com\/watch?v=mE6-2ssjgZo\" rel=\"nofollow noopener\" target=\"_blank\">\t\t\t\t\t\t<div class=\"img-inner dark\" >\n\t\t\t<img loading=\"lazy\" decoding=\"async\" width=\"400\" height=\"280\" src=\"https:\/\/moposanitaryware.com\/wp-content\/uploads\/2022\/09\/Smart-Toilets-wireless-remote-controlconvenient-and-sanitary-.jpg\" class=\"attachment-original size-original\" alt=\"\" title=\"\">\t\t\t\t\t\t\t<div class=\"overlay\" style=\"background-color: rgba(0,0,0,.2)\"><\/div>\n\t\t\t\t\t\t\t\t\t\t<div class=\"absolute no-click x50 y50 md-x50 md-y50 lg-x50 lg-y50 text-shadow-2\">\n\t\t\t\t\t<div class=\"overlay-icon\">\n\t\t\t\t\t\t<i class=\"icon-play\"><\/i>\n\t\t\t\t\t<\/div>\n\t\t\t\t<\/div>\n\t\t\t\n\t\t\t\t\t<\/div>\n\t\t\t\t\t\t<\/a>\t\t\n<style>\n#image_1769350726 {\n  width: 100%;\n}\n<\/style>\n\t<\/div>\n\t\n<h3>Control remoto inal\u00e1mbrico<\/h3>\n<p>Un mando a distancia que cabe en la palma de tu mano. Incluye un soporte de montaje remoto para montarlo c\u00f3modamente en la pared a su alcance. Siga la limpieza con solo tocar un bot\u00f3n para un secado con aire c\u00e1lido ajustable mientras disfruta de la comodidad de un asiento suavemente calentado.<\/p>\n\t\t<\/div>\n\t\t\t\t\t<\/div>\n\n\t\n\n\t<div id=\"col-2058664453\" class=\"col medium-4 small-12 large-4\"  >\n\t\t\t\t<div class=\"col-inner\"  >\n\t\t\t\n\t\t\t\n\t<div class=\"img has-hover x md-x lg-x y md-y lg-y\" id=\"image_936051904\">\n\t\t<a class=\"open-video\" href=\"https:\/\/www.youtube.com\/watch?v=OzG-pyRutuI\" rel=\"nofollow noopener\" target=\"_blank\">\t\t\t\t\t\t<div class=\"img-inner dark\" >\n\t\t\t<img loading=\"lazy\" decoding=\"async\" width=\"400\" height=\"280\" src=\"https:\/\/moposanitaryware.com\/wp-content\/uploads\/2022\/09\/sanitary-wares-bathroom-ceramic-one-piece-intelligent-toilet-with-LED-blue-night-light.jpg\" class=\"attachment-original size-original\" alt=\"\" title=\"\">\t\t\t\t\t\t\t<div class=\"overlay\" style=\"background-color: rgba(0,0,0,.2)\"><\/div>\n\t\t\t\t\t\t\t\t\t\t<div class=\"absolute no-click x50 y50 md-x50 md-y50 lg-x50 lg-y50 text-shadow-2\">\n\t\t\t\t\t<div class=\"overlay-icon\">\n\t\t\t\t\t\t<i class=\"icon-play\"><\/i>\n\t\t\t\t\t<\/div>\n\t\t\t\t<\/div>\n\t\t\t\n\t\t\t\t\t<\/div>\n\t\t\t\t\t\t<\/a>\t\t\n<style>\n#image_936051904 {\n  width: 100%;\n}\n<\/style>\n\t<\/div>\n\t\n<h3 class=\"a-spacing-mini\">Luz nocturna brillante<\/h3>\n<p class=\"a-spacing-mini\">La luz nocturna suave e iluminada resaltar\u00e1 su camino hacia el ba\u00f1o. El c\u00e1lido y acogedor resplandor del <a href=\"https:\/\/moposanitaryware.com\/es\/shop\/bidets-toilets\/\">ba\u00f1o<\/a> El asiento le permite descansar tranquilo sin sufrir luces brillantes en medio de la noche. Si prefiere la oscuridad, la luz nocturna se apaga f\u00e1cilmente con solo tocar un bot\u00f3n.<\/p>\n\t\t<\/div>\n\t\t\t\t\t<\/div>\n\n\t\n<\/div>","protected":false},"excerpt":{"rendered":"<p>Nombre de la marca: MOPO<br \/>\nN\u00famero de modelo: MP BM07<br \/>\nMaterial: Cer\u00e1mica<br \/>\nTama\u00f1o: 700x410x565mm<br \/>\nPeso: 48 kg.<br \/>\nColor blanco<br \/>\nCaracter\u00edstica: Operaci\u00f3n autom\u00e1tica<br \/>\n<span style=\"color: #ed1c24;\"><strong><span style=\"font-size: 100%;\">Certificado: Este producto ha obtenido la certificaci\u00f3n CE.<\/span><\/strong><\/span><br \/>\nPatr\u00f3n de drenaje: trampa en S 300\/400 mm.<br \/>\nM\u00e9todo de lavado: lavado con chorro de sif\u00f3n<br \/>\nTipo de instalaci\u00f3n: Montado en el piso<\/p>\n\t<a class=\"paoc-popup-click paoc-popup-cust-337 paoc-popup-button paoc-popup-btn\" href=\"javascript:void(0);\">Solicitar presupuesto<\/a>\r\n\u00a0 \u00a0 \u00a0<a href=\"https:\/\/api.whatsapp.com\/send?phone=8618675762929\"><img loading=\"lazy\" decoding=\"async\" class=\"alignnone wp-image-6698\" src=\"https:\/\/moposanitaryware.com\/wp-content\/uploads\/WhatsApp.png\" alt=\"\" width=\"140\" height=\"33\" srcset=\"https:\/\/moposanitaryware.com\/wp-content\/uploads\/WhatsApp.png 546w, https:\/\/moposanitaryware.com\/wp-content\/uploads\/WhatsApp-18x4.png 18w\" sizes=\"auto, (max-width: 140px) 100vw, 140px\" \/><\/a><\/p>","protected":false},"featured_media":2042,"template":"","meta":{"_acf_changed":false},"product_brand":[],"product_cat":[61,81],"product_tag":[76,75],"class_list":{"0":"post-2052","1":"product","2":"type-product","3":"status-publish","4":"has-post-thumbnail","6":"product_cat-bidet-toilets","7":"product_cat-smart-bidet-toilet","8":"product_tag-intelligent-toilet","9":"product_tag-smart-toilet","11":"first","12":"instock","13":"shipping-taxable","14":"product-type-simple"},"acf":[],"_links":{"self":[{"href":"https:\/\/moposanitaryware.com\/es\/wp-json\/wp\/v2\/product\/2052","targetHints":{"allow":["GET"]}}],"collection":[{"href":"https:\/\/moposanitaryware.com\/es\/wp-json\/wp\/v2\/product"}],"about":[{"href":"https:\/\/moposanitaryware.com\/es\/wp-json\/wp\/v2\/types\/product"}],"wp:featuredmedia":[{"embeddable":true,"href":"https:\/\/moposanitaryware.com\/es\/wp-json\/wp\/v2\/media\/2042"}],"wp:attachment":[{"href":"https:\/\/moposanitaryware.com\/es\/wp-json\/wp\/v2\/media?parent=2052"}],"wp:term":[{"taxonomy":"product_brand","embeddable":true,"href":"https:\/\/moposanitaryware.com\/es\/wp-json\/wp\/v2\/product_brand?post=2052"},{"taxonomy":"product_cat","embeddable":true,"href":"https:\/\/moposanitaryware.com\/es\/wp-json\/wp\/v2\/product_cat?post=2052"},{"taxonomy":"product_tag","embeddable":true,"href":"https:\/\/moposanitaryware.com\/es\/wp-json\/wp\/v2\/product_tag?post=2052"}],"curies":[{"name":"wp","href":"https:\/\/api.w.org\/{rel}","templated":true}]}}