{"id":2011,"date":"2021-06-21T09:43:06","date_gmt":"2021-06-21T09:43:06","guid":{"rendered":"https:\/\/moposanitaryware.com\/?post_type=product&#038;p=2011"},"modified":"2024-08-01T09:49:48","modified_gmt":"2024-08-01T09:49:48","slug":"mounted-ceramic-urinal-for-bathroom-toilet","status":"publish","type":"product","link":"https:\/\/moposanitaryware.com\/es\/mounted-ceramic-urinal-for-bathroom-toilet\/","title":{"rendered":"Orinal de cer\u00e1mica montado en el suelo p\u00fablico para escuela y hotel, para ba\u00f1o, inodoro, inodoro en cuclillas"},"content":{"rendered":"<div class=\"row\"  id=\"row-877389751\">\n\n\t<div id=\"col-2135622335\" class=\"col medium-6 small-12 large-6\"  >\n\t\t\t\t<div class=\"col-inner\"  >\n\t\t\t\n\t\t\t\n\t<div class=\"img has-hover x md-x lg-x y md-y lg-y\" id=\"image_418443433\">\n\t\t<a class=\"\" href=\"https:\/\/moposanitaryware.com\/es\/categoria-producto\/urinal\/\" >\t\t\t\t\t\t<div class=\"img-inner dark\" >\n\t\t\t<img loading=\"lazy\" decoding=\"async\" width=\"600\" height=\"419\" src=\"https:\/\/moposanitaryware.com\/wp-content\/uploads\/2022\/09\/ceramic-washdown-Toilet-urinal-squatting-engineering-commercial-super-quiet-powerful-flushing.jpg\" class=\"attachment-original size-original\" alt=\"\" srcset=\"https:\/\/moposanitaryware.com\/wp-content\/uploads\/2022\/09\/ceramic-washdown-Toilet-urinal-squatting-engineering-commercial-super-quiet-powerful-flushing.jpg 600w, https:\/\/moposanitaryware.com\/wp-content\/uploads\/2022\/09\/ceramic-washdown-Toilet-urinal-squatting-engineering-commercial-super-quiet-powerful-flushing-573x400.jpg 573w\" sizes=\"auto, (max-width: 600px) 100vw, 600px\" title=\"\">\t\t\t\t\t\t\n\t\t\t\t\t<\/div>\n\t\t\t\t\t\t<\/a>\t\t\n<style>\n#image_418443433 {\n  width: 100%;\n}\n<\/style>\n\t<\/div>\n\t\n\t\t<\/div>\n\t\t\t\t\t<\/div>\n\n\t\n\n\t<div id=\"col-1210360605\" class=\"col medium-6 small-12 large-6\"  >\n\t\t\t\t<div class=\"col-inner\"  >\n\t\t\t\n\t\t\t\n<h3 class=\"a-spacing-mini\">Dise\u00f1o f\u00e1cil de limpiar<\/h3>\n<p>Moderno, elegante y sin costuras <a href=\"https:\/\/moposanitaryware.com\/es\/categoria-producto\/urinal\/\">Ba\u00f1os<\/a> Dise\u00f1o: Con l\u00edneas limpias y agradables, este inodoro moderno blanco es una edici\u00f3n perfecta para la remodelaci\u00f3n de su ba\u00f1o peque\u00f1o y se ver\u00e1 incre\u00edble en su ba\u00f1o.<\/p>\n<p>Ahorro de espacio con tama\u00f1o peque\u00f1o: este peque\u00f1o inodoro es m\u00e1s peque\u00f1o y m\u00e1s corto que un inodoro est\u00e1ndar, por lo que se adapta a ba\u00f1os peque\u00f1os.<\/p>\n<p>Conversaci\u00f3n sobre agua con funci\u00f3n de descarga doble: un bot\u00f3n para &quot;descarga ligera&quot; y otro para &quot;descarga intensa&quot; le permite conservar agua de manera proactiva seleccionando 0,8 GPF o m\u00e1s para trabajos m\u00e1s dif\u00edciles.<\/p>\n<p>Los inodoros de una sola pieza integran el tanque y la taza en una superficie esmaltada autolimpiante que crea una apariencia agradable y un dise\u00f1o f\u00e1cil de limpiar.<\/p>\n\t\t<\/div>\n\t\t\t\t\t<\/div>\n\n\t\n<\/div>\n<div class=\"row\"  id=\"row-1090423309\">\n\n\t<div id=\"col-791062288\" class=\"col medium-6 small-12 large-6\"  >\n\t\t\t\t<div class=\"col-inner\"  >\n\t\t\t\n\t\t\t\n<h3>Descarga s\u00faper silenciosa y potente<\/h3>\n<p><span style=\"vertical-align: inherit;\"><span style=\"vertical-align: inherit;\">Descarga completamente acristalada, que brinda una descarga s\u00faper silenciosa y potente: sin obstrucciones ni fugas. Prueba de fugas. Descarga dual altamente eficiente 1.28GPF\/0.8GPF. El agua sale de dos peque\u00f1os orificios, se descarga a lo largo de la pared interior de un inodoro alargado bien dise\u00f1ado y crea un v\u00f3rtice. El v\u00f3rtice limpia bien 360 grados en todos los rincones de la taza del inodoro. Mientras tanto, crea una vida m\u00e1s tranquila.<\/span><\/span><\/p>\n\t\t<\/div>\n\t\t\t\t\t<\/div>\n\n\t\n\n\t<div id=\"col-654721779\" class=\"col medium-6 small-12 large-6\"  >\n\t\t\t\t<div class=\"col-inner\"  >\n\t\t\t\n\t\t\t\n\t<div class=\"img has-hover x md-x lg-x y md-y lg-y\" id=\"image_1955245073\">\n\t\t<a class=\"\" href=\"https:\/\/moposanitaryware.com\/es\/categoria-producto\/urinal\/\" >\t\t\t\t\t\t<div class=\"img-inner dark\" >\n\t\t\t<img loading=\"lazy\" decoding=\"async\" width=\"600\" height=\"420\" src=\"https:\/\/moposanitaryware.com\/wp-content\/uploads\/2022\/09\/factory-wholesaleurinal-squatting-engineering-commercial-squatting-urinal-large-diameter.jpg\" class=\"attachment-original size-original\" alt=\"\" srcset=\"https:\/\/moposanitaryware.com\/wp-content\/uploads\/2022\/09\/factory-wholesaleurinal-squatting-engineering-commercial-squatting-urinal-large-diameter.jpg 600w, https:\/\/moposanitaryware.com\/wp-content\/uploads\/2022\/09\/factory-wholesaleurinal-squatting-engineering-commercial-squatting-urinal-large-diameter-571x400.jpg 571w\" sizes=\"auto, (max-width: 600px) 100vw, 600px\" title=\"\">\t\t\t\t\t\t\n\t\t\t\t\t<\/div>\n\t\t\t\t\t\t<\/a>\t\t\n<style>\n#image_1955245073 {\n  width: 100%;\n}\n<\/style>\n\t<\/div>\n\t\n\t\t<\/div>\n\t\t\t\t\t<\/div>\n\n\t\n<\/div>\n<div class=\"row\"  id=\"row-337493361\">\n\n\t<div id=\"col-30878529\" class=\"col medium-6 small-12 large-6\"  >\n\t\t\t\t<div class=\"col-inner\"  >\n\t\t\t\n\t\t\t\n\t<div class=\"img has-hover x md-x lg-x y md-y lg-y\" id=\"image_1930660032\">\n\t\t<a class=\"\" href=\"https:\/\/moposanitaryware.com\/es\/categoria-producto\/urinal\/\" >\t\t\t\t\t\t<div class=\"img-inner dark\" >\n\t\t\t<img loading=\"lazy\" decoding=\"async\" width=\"600\" height=\"420\" src=\"https:\/\/moposanitaryware.com\/wp-content\/uploads\/2022\/09\/urinal-squatting-engineering-commercial-squatting-urinal-high-quality-water-tank.jpg\" class=\"attachment-original size-original\" alt=\"\" srcset=\"https:\/\/moposanitaryware.com\/wp-content\/uploads\/2022\/09\/urinal-squatting-engineering-commercial-squatting-urinal-high-quality-water-tank.jpg 600w, https:\/\/moposanitaryware.com\/wp-content\/uploads\/2022\/09\/urinal-squatting-engineering-commercial-squatting-urinal-high-quality-water-tank-571x400.jpg 571w\" sizes=\"auto, (max-width: 600px) 100vw, 600px\" title=\"\">\t\t\t\t\t\t\n\t\t\t\t\t<\/div>\n\t\t\t\t\t\t<\/a>\t\t\n<style>\n#image_1930660032 {\n  width: 100%;\n}\n<\/style>\n\t<\/div>\n\t\n\t\t<\/div>\n\t\t\t\t\t<\/div>\n\n\t\n\n\t<div id=\"col-122427005\" class=\"col medium-6 small-12 large-6\"  >\n\t\t\t\t<div class=\"col-inner\"  >\n\t\t\t\n\t\t\t\n<h3>El ahorro de agua<\/h3>\n<p>Drenaje con sif\u00f3n de gran tama\u00f1o y descarga doble que ofrece una opci\u00f3n de actuador de 3L\/6L, lo que hace que el inodoro de dos piezas ahorre agua y sea respetuoso con el medio ambiente. Alta eficiencia. Inodoros de doble descarga 1.28 GPF para descarga completa (ajustable con flotador)\/0.8 GPF para media descarga (ajustable en cisterna con descarga) con un potente sistema de descarga. Tiene dos opciones de descarga y ambas son funciones de ahorro de agua.<\/p>\n\t\t<\/div>\n\t\t\t\t\t<\/div>\n\n\t\n<\/div>\n<div class=\"row\"  id=\"row-715192540\">\n\n\t<div id=\"col-607646682\" class=\"col medium-6 small-12 large-6\"  >\n\t\t\t\t<div class=\"col-inner\"  >\n\t\t\t\n\t\t\t\n<h3>Descarga turbo sif\u00f3n<\/h3>\n<p class=\"a-spacing-mini\">Inodoro de una sola pieza con descarga bastante potente, descarga que brinda una descarga s\u00faper silenciosa y potente: SIN obstrucciones, SIN fugas y SIN problemas <span data-fusion-font=\"true\">Tecnolog\u00eda de chorro de agua liberada <\/span><span data-fusion-font=\"true\">desde agujeros especialmente dise\u00f1ados en 360 grados<br \/>\n<\/span><span data-fusion-font=\"true\">alrededor, manteniendo el recipiente siempre limpio y fresco.<\/span><\/p>\n<h3 class=\"a-spacing-mini\"><span style=\"color: #555555; font-size: 14.4px;\">.<\/span><\/h3>\n\t\t<\/div>\n\t\t\t\t\t<\/div>\n\n\t\n\n\t<div id=\"col-1632429703\" class=\"col medium-6 small-12 large-6\"  >\n\t\t\t\t<div class=\"col-inner\"  >\n\t\t\t\n\t\t\t\n\t<div class=\"img has-hover x md-x lg-x y md-y lg-y\" id=\"image_2134833863\">\n\t\t<a class=\"\" href=\"https:\/\/moposanitaryware.com\/es\/categoria-producto\/urinal\/\" >\t\t\t\t\t\t<div class=\"img-inner dark\" >\n\t\t\t<img loading=\"lazy\" decoding=\"async\" width=\"600\" height=\"420\" src=\"https:\/\/moposanitaryware.com\/wp-content\/uploads\/2022\/09\/Toilet-urinal-squatting-engineering-commercial-squatting-urinal-Turbo-siphon-flush.jpg\" class=\"attachment-original size-original\" alt=\"\" srcset=\"https:\/\/moposanitaryware.com\/wp-content\/uploads\/2022\/09\/Toilet-urinal-squatting-engineering-commercial-squatting-urinal-Turbo-siphon-flush.jpg 600w, https:\/\/moposanitaryware.com\/wp-content\/uploads\/2022\/09\/Toilet-urinal-squatting-engineering-commercial-squatting-urinal-Turbo-siphon-flush-571x400.jpg 571w\" sizes=\"auto, (max-width: 600px) 100vw, 600px\" title=\"\">\t\t\t\t\t\t\n\t\t\t\t\t<\/div>\n\t\t\t\t\t\t<\/a>\t\t\n<style>\n#image_2134833863 {\n  width: 100%;\n}\n<\/style>\n\t<\/div>\n\t\n\t\t<\/div>\n\t\t\t\t\t<\/div>\n\n\t\n<\/div>\n<div class=\"row\"  id=\"row-1161168785\">\n\n\t<div id=\"col-1381581776\" class=\"col medium-4 small-12 large-4\"  >\n\t\t\t\t<div class=\"col-inner\"  >\n\t\t\t\n\t\t\t\n\t<div class=\"img has-hover x md-x lg-x y md-y lg-y\" id=\"image_1864881289\">\n\t\t<a class=\"\" href=\"https:\/\/moposanitaryware.com\/es\/categoria-producto\/urinal\/\" >\t\t\t\t\t\t<div class=\"img-inner dark\" >\n\t\t\t<img loading=\"lazy\" decoding=\"async\" width=\"600\" height=\"420\" src=\"https:\/\/moposanitaryware.com\/wp-content\/uploads\/2022\/09\/ceramic-washdown-Toilet-urinal-squatting-engineering-commercial-squatting-urinal-glazed-inside-and-outside.jpg\" class=\"attachment-original size-original\" alt=\"\" srcset=\"https:\/\/moposanitaryware.com\/wp-content\/uploads\/2022\/09\/ceramic-washdown-Toilet-urinal-squatting-engineering-commercial-squatting-urinal-glazed-inside-and-outside.jpg 600w, https:\/\/moposanitaryware.com\/wp-content\/uploads\/2022\/09\/ceramic-washdown-Toilet-urinal-squatting-engineering-commercial-squatting-urinal-glazed-inside-and-outside-571x400.jpg 571w\" sizes=\"auto, (max-width: 600px) 100vw, 600px\" title=\"\">\t\t\t\t\t\t\n\t\t\t\t\t<\/div>\n\t\t\t\t\t\t<\/a>\t\t\n<style>\n#image_1864881289 {\n  width: 100%;\n}\n<\/style>\n\t<\/div>\n\t\n<h3>Superficie esmaltada por dentro y por fuera<\/h3>\n<p><span class=\"a-list-item\">Para evitar que las part\u00edculas se adhieran a la superficie cer\u00e1mica, se aplica un vidriado de f\u00e1cil limpieza. Utilizando tecnolog\u00eda nanom\u00e9trica se crea una superficie superlisa y extradura. Los sifones de nuestros inodoros tambi\u00e9n est\u00e1n perfectamente acristalados por dentro como por fuera. Esto mantiene el interior del inodoro y las paredes libres de part\u00edculas.<\/span><\/p>\n\t\t<\/div>\n\t\t\t\t\t<\/div>\n\n\t\n\n\t<div id=\"col-2042120833\" class=\"col medium-4 small-12 large-4\"  >\n\t\t\t\t<div class=\"col-inner\"  >\n\t\t\t\n\t\t\t\n\t<div class=\"img has-hover x md-x lg-x y md-y lg-y\" id=\"image_1442726758\">\n\t\t<a class=\"\" href=\"https:\/\/moposanitaryware.com\/es\/categoria-producto\/urinal\/\" >\t\t\t\t\t\t<div class=\"img-inner dark\" >\n\t\t\t<img loading=\"lazy\" decoding=\"async\" width=\"600\" height=\"420\" src=\"https:\/\/moposanitaryware.com\/wp-content\/uploads\/2022\/09\/factory-wholesaleToilet-urinal-squatting-engineering-commercial-squatting-urinal-high-temperature-firing.jpg\" class=\"attachment-original size-original\" alt=\"\" srcset=\"https:\/\/moposanitaryware.com\/wp-content\/uploads\/2022\/09\/factory-wholesaleToilet-urinal-squatting-engineering-commercial-squatting-urinal-high-temperature-firing.jpg 600w, https:\/\/moposanitaryware.com\/wp-content\/uploads\/2022\/09\/factory-wholesaleToilet-urinal-squatting-engineering-commercial-squatting-urinal-high-temperature-firing-571x400.jpg 571w\" sizes=\"auto, (max-width: 600px) 100vw, 600px\" title=\"\">\t\t\t\t\t\t\n\t\t\t\t\t<\/div>\n\t\t\t\t\t\t<\/a>\t\t\n<style>\n#image_1442726758 {\n  width: 100%;\n}\n<\/style>\n\t<\/div>\n\t\n<h3><span class=\"Y2IQFc\" lang=\"en\">Cocci\u00f3n a alta temperatura<\/span><\/h3>\n<p><span class=\"a-list-item\">Cada pieza de productos sanitarios cer\u00e1micos MOPO ha sido cocida en el horno a una temperatura alta superior a 1280 \u00b0C durante 24 horas, de modo que no solo obtendr\u00e1 una superficie sedosa, de alta densidad y s\u00f3lida que proporciona propiedades de resistencia a las grietas y un servicio prolongado. vida, pero tambi\u00e9n la menor absorci\u00f3n de agua (\u22640.2%) que asegura su caracter\u00edstica antiolor.<\/span><\/p>\n\t\t<\/div>\n\t\t\t\t\t<\/div>\n\n\t\n\n\t<div id=\"col-1819307737\" class=\"col medium-4 small-12 large-4\"  >\n\t\t\t\t<div class=\"col-inner\"  >\n\t\t\t\n\t\t\t\n\t<div class=\"img has-hover x md-x lg-x y md-y lg-y\" id=\"image_1791881821\">\n\t\t<a class=\"\" href=\"https:\/\/moposanitaryware.com\/es\/categoria-producto\/urinal\/\" >\t\t\t\t\t\t<div class=\"img-inner dark\" >\n\t\t\t<img loading=\"lazy\" decoding=\"async\" width=\"600\" height=\"420\" src=\"https:\/\/moposanitaryware.com\/wp-content\/uploads\/2022\/09\/China-Smart-Toilets-Suppliers-factory-automatic-production-equipment-Product-production.jpg\" class=\"attachment-original size-original\" alt=\"\" srcset=\"https:\/\/moposanitaryware.com\/wp-content\/uploads\/2022\/09\/China-Smart-Toilets-Suppliers-factory-automatic-production-equipment-Product-production.jpg 600w, https:\/\/moposanitaryware.com\/wp-content\/uploads\/2022\/09\/China-Smart-Toilets-Suppliers-factory-automatic-production-equipment-Product-production-571x400.jpg 571w\" sizes=\"auto, (max-width: 600px) 100vw, 600px\" title=\"\">\t\t\t\t\t\t\n\t\t\t\t\t<\/div>\n\t\t\t\t\t\t<\/a>\t\t\n<style>\n#image_1791881821 {\n  width: 100%;\n}\n<\/style>\n\t<\/div>\n\t\n<h3>Automatizaci\u00f3n <span class=\"Y2IQFc\" lang=\"en\">Vidriado<\/span><\/h3>\n<p><span class=\"Y2IQFc\" lang=\"en\">En la l\u00ednea de montaje automatizada, el ba\u00f1o ingresa a una peque\u00f1a \u00e1rea de trabajo. Cada artesano lo limpia cuidadosamente con polvo y una esponja para asegurarse de que est\u00e9 completamente liso y listo para esmaltar. El robot esmalta el inodoro de manera uniforme. En proyectos demasiado grandes o que hayan sido dise\u00f1ados recientemente para no utilizar una l\u00ednea de producci\u00f3n automatizada, aplicar el esmalte manualmente.<\/span><\/p>\n\t\t<\/div>\n\t\t\t\t\t<\/div>\n\n\t\n<\/div>\n<div class=\"row\"  id=\"row-1413011020\">\n\n\t<div id=\"col-913508915\" class=\"col medium-6 small-12 large-6\"  >\n\t\t\t\t<div class=\"col-inner\"  >\n\t\t\t\n\t\t\t\n<div class=\"container section-title-container\" ><h3 class=\"section-title section-title-normal\"><b><\/b><span class=\"section-title-main\" >envianos un email<\/span><b><\/b><\/h3><\/div>\n<p>Si est\u00e1 interesado en nuestros productos y desea conocer m\u00e1s detalles, deje un mensaje aqu\u00ed, le responderemos lo antes posible.<\/p>\n\n<div class=\"wpcf7 no-js\" id=\"wpcf7-f13-o1\" lang=\"en-US\" dir=\"ltr\" data-wpcf7-id=\"13\">\n<div class=\"screen-reader-response\"><p role=\"status\" aria-live=\"polite\" aria-atomic=\"true\"><\/p> <ul><\/ul><\/div>\n<form action=\"\/es\/wp-json\/wp\/v2\/product\/2011#wpcf7-f13-o1\" method=\"post\" class=\"wpcf7-form init\" aria-label=\"Contact form\" novalidate=\"novalidate\" data-status=\"init\" data-trp-original-action=\"\/es\/wp-json\/wp\/v2\/product\/2011#wpcf7-f13-o1\">\n<fieldset class=\"hidden-fields-container\"><input type=\"hidden\" name=\"_wpcf7\" value=\"13\" \/><input type=\"hidden\" name=\"_wpcf7_version\" value=\"6.1.1\" \/><input type=\"hidden\" name=\"_wpcf7_locale\" value=\"en_US\" \/><input type=\"hidden\" name=\"_wpcf7_unit_tag\" value=\"wpcf7-f13-o1\" \/><input type=\"hidden\" name=\"_wpcf7_container_post\" value=\"0\" \/><input type=\"hidden\" name=\"_wpcf7_posted_data_hash\" value=\"\" \/><input type=\"hidden\" name=\"_wpcf7_recaptcha_response\" value=\"\" \/>\n<\/fieldset>\n<div class=\"form-flat\">\n\t<p><span class=\"wpcf7-form-control-wrap\" data-name=\"your-name\"><input size=\"40\" maxlength=\"400\" class=\"wpcf7-form-control wpcf7-text wpcf7-validates-as-required\" aria-required=\"true\" aria-invalid=\"false\" placeholder=\"Tu nombre (requerido)\" value=\"\" type=\"text\" name=\"your-name\" \/><\/span><br \/>\n<span class=\"wpcf7-form-control-wrap\" data-name=\"your-email\"><input size=\"40\" maxlength=\"400\" class=\"wpcf7-form-control wpcf7-email wpcf7-validates-as-required wpcf7-text wpcf7-validates-as-email\" aria-required=\"true\" aria-invalid=\"false\" placeholder=\"Tu Email (requerido)\" value=\"\" type=\"email\" name=\"your-email\" \/><\/span>\n\t<\/p>\n\t<p><span class=\"wpcf7-form-control-wrap\" data-name=\"your-tels\"><input size=\"40\" maxlength=\"400\" class=\"wpcf7-form-control wpcf7-tel wpcf7-text wpcf7-validates-as-tel\" aria-invalid=\"false\" placeholder=\"Tu Tel (Opcional)\" value=\"\" type=\"tel\" name=\"your-tels\" \/><\/span>\n\t<\/p>\n\t<p><span class=\"wpcf7-form-control-wrap\" data-name=\"your-message\"><textarea cols=\"40\" rows=\"10\" maxlength=\"2000\" class=\"wpcf7-form-control wpcf7-textarea\" aria-invalid=\"false\" placeholder=\"Para obtener el mejor resultado, recomendamos incluir los siguientes detalles:-Autopresentaci\u00f3n-Art\u00edculos o servicios requeridos-Cantidad requerida\" name=\"your-message\"><\/textarea><\/span>\n\t<\/p>\n\t<p>Consulta de trabajo:*<br \/>\n<span class=\"wpcf7-form-control-wrap\" data-name=\"checkbox\"><span class=\"wpcf7-form-control wpcf7-checkbox wpcf7-validates-as-required wpcf7-exclusive-checkbox\"><span class=\"wpcf7-list-item first\"><label><input type=\"checkbox\" name=\"checkbox\" value=\"Quotation\" \/><span class=\"wpcf7-list-item-label\">Cotizaci\u00f3n<\/span><\/label><\/span><span class=\"wpcf7-list-item\"><label><input type=\"checkbox\" name=\"checkbox\" value=\"Catalog\" \/><span class=\"wpcf7-list-item-label\">Catalogar<\/span><\/label><\/span><span class=\"wpcf7-list-item\"><label><input type=\"checkbox\" name=\"checkbox\" value=\"Service Support\" \/><span class=\"wpcf7-list-item-label\">Servicio de ayuda<\/span><\/label><\/span><span class=\"wpcf7-list-item\"><label><input type=\"checkbox\" name=\"checkbox\" value=\"Project\" \/><span class=\"wpcf7-list-item-label\">Proyecto<\/span><\/label><\/span><span class=\"wpcf7-list-item last\"><label><input type=\"checkbox\" name=\"checkbox\" value=\"I am interested in becoming an agent\" \/><span class=\"wpcf7-list-item-label\">Estoy interesado en ser agente.<\/span><\/label><\/span><\/span><\/span><br \/>\n<input class=\"wpcf7-form-control wpcf7-submit has-spinner button\" type=\"submit\" value=\"Entregar\" \/>\n\t<\/p>\n<\/div><div class=\"wpcf7-response-output\" aria-hidden=\"true\"><\/div>\n<input type=\"hidden\" name=\"trp-form-language\" value=\"es\"\/><\/form>\n<\/div>\n\n\t\t<\/div>\n\t\t\t\t\t<\/div>\n\n\t\n\n\t<div id=\"col-2004312336\" class=\"col medium-6 small-12 large-6\"  >\n\t\t\t\t<div class=\"col-inner\"  >\n\t\t\t\n\t\t\t\n<div class=\"container section-title-container\" ><h3 class=\"section-title section-title-normal\"><b><\/b><span class=\"section-title-main\" >CONT\u00c1CTENOS<\/span><b><\/b><\/h3><\/div>\n<p>Si tiene alguna pregunta sobre alguno de nuestros productos, o necesita ponerse en contacto con nosotros por cualquier otro motivo, complete este formulario a continuaci\u00f3n y nos comunicaremos con usted lo antes posible.<\/p>\n<p><strong>Ll\u00e1manos:<\/strong> <a href=\"http:\/\/+86 18675762929\" rel=\"nofollow\">+8618675762929<\/a><br \/>\n<strong>Env\u00edanos un correo electr\u00f3nico<\/strong>:\u00a0\u00a0<a href=\"mailto:info@mopochina.com\">info@mopochina.com<\/a><\/p>\n<p><strong>Skype\u00a0<\/strong>: <a href=\"skype:Sanitwell Shen?chat\">jiawei cheng<\/a><\/p>\n<p><strong>Direcciones<\/strong> : B1, n\u00ba 10<sup>th<\/sup>, Mundo de la Cer\u00e1mica Yingkeyijia, 4<sup>th<\/sup>\u00a0Jihua Road, Chancheng, Foshan, 528 000, Guangdong, China<\/p>\n<p><strong>BASE DE PRODUCCI\u00d3N :<\/strong>\u00a0Pa\u00eds de Chaoan, ciudad de Chaozhou, provincia de Guangdong<\/p>\n<p><strong>Enlace amistoso:<\/strong><br \/>\n<a href=\"https:\/\/moposanitaryware.com\/es\/?attachment_id=4827\">https:\/\/moposanitaryware.com<\/a><br \/>\n<a href=\"https:\/\/www.mopotoilet.com\" rel=\"nofollow noopener\" target=\"_blank\">https:\/\/www.mopotoilet.com<\/a><br \/>\n<a href=\"https:\/\/\/es\/www.mopofaucet.com\/\">https:www.mopofaucet.com<\/a><\/p>\n<div class=\"social-icons follow-icons full-width text-left\" ><span>S\u00edganos<\/span><a href=\"https:\/\/www.facebook.com\/MOPOCHINA\" target=\"_blank\" data-label=\"Facebook\" class=\"icon primary button circle facebook tooltip\" title=\"S\u00edguenos en Facebook\" aria-label=\"S\u00edguenos en Facebook\" rel=\"noopener nofollow\"><i class=\"icon-facebook\" ><\/i><\/a><a href=\"https:\/\/www.instagram.com\/mopotoilet\/\" target=\"_blank\" data-label=\"Instagram\" class=\"icon primary button circle instagram tooltip\" title=\"S\u00edguenos en Instagram\" aria-label=\"S\u00edguenos en Instagram\" rel=\"noopener nofollow\"><i class=\"icon-instagram\" ><\/i><\/a><a href=\"https:\/\/twitter.com\/mopotoilet\" data-label=\"Twitter\" target=\"_blank\" class=\"icon primary button circle twitter tooltip\" title=\"S\u00edguenos en Twitter\" aria-label=\"S\u00edguenos en Twitter\" rel=\"noopener nofollow\"><i class=\"icon-twitter\" ><\/i><\/a><a href=\"mailto:info@mopochina.com\" data-label=\"E-mail\" target=\"_blank\" class=\"icon primary button circle email tooltip\" title=\"Env\u00edanos un correo electr\u00f3nico\" aria-label=\"Env\u00edanos un correo electr\u00f3nico\" rel=\"nofollow noopener\" ><i class=\"icon-envelop\" ><\/i><\/a><a href=\"https:\/\/www.linkedin.com\/company\/mopo-sanitary-ware\/\" data-label=\"LinkedIn\" target=\"_blank\" class=\"icon primary button circle linkedin tooltip\" title=\"S\u00edguenos en LinkedIn\" aria-label=\"S\u00edguenos en LinkedIn\" rel=\"noopener nofollow\"><i class=\"icon-linkedin\" ><\/i><\/a><a href=\"https:\/\/www.youtube.com\/c\/mopochina\/featured\" data-label=\"YouTube\" target=\"_blank\" class=\"icon primary button circle youtube tooltip\" title=\"S\u00edguenos en Youtube\" aria-label=\"S\u00edguenos en Youtube\" rel=\"noopener nofollow\"><i class=\"icon-youtube\" ><\/i><\/a><\/div>\n\t\t<\/div>\n\t\t\t\t\t<\/div>\n\n\t\n<\/div>","protected":false},"excerpt":{"rendered":"<p>Nombre de la marca: MOPO<br \/>\nModel Number\uff1a MP 09<br \/>\nMaterial: Cer\u00e1mica<br \/>\nSize\uff1a 525x435x195mm<br \/>\nPeso: 25 kg<br \/>\nColor blanco<br \/>\nCaracter\u00edstica: Inducci\u00f3n autom\u00e1tica<br \/>\nM\u00e9todo de lavado: lavado con chorro de sif\u00f3n<br \/>\nTipo de instalaci\u00f3n: Montado en el piso<\/p>\n\t<a class=\"paoc-popup-click paoc-popup-cust-337 paoc-popup-button paoc-popup-btn\" href=\"javascript:void(0);\">Solicitar presupuesto<\/a>\r\n\u00a0 \u00a0 \u00a0<a href=\"https:\/\/api.whatsapp.com\/send?phone=8618675762929\"><img loading=\"lazy\" decoding=\"async\" class=\"alignnone wp-image-6698\" src=\"https:\/\/moposanitaryware.com\/wp-content\/uploads\/WhatsApp.png\" alt=\"\" width=\"140\" height=\"33\" srcset=\"https:\/\/moposanitaryware.com\/wp-content\/uploads\/WhatsApp.png 546w, https:\/\/moposanitaryware.com\/wp-content\/uploads\/WhatsApp-18x4.png 18w\" sizes=\"auto, (max-width: 140px) 100vw, 140px\" \/><\/a><\/p>","protected":false},"featured_media":2006,"template":"","meta":{"_acf_changed":false},"product_brand":[],"product_cat":[22,91],"product_tag":[46],"class_list":{"0":"post-2011","1":"product","2":"type-product","3":"status-publish","4":"has-post-thumbnail","6":"product_cat-urinal","7":"product_cat-kid-urinal","8":"product_tag-urinal","10":"first","11":"instock","12":"shipping-taxable","13":"product-type-simple"},"acf":[],"_links":{"self":[{"href":"https:\/\/moposanitaryware.com\/es\/wp-json\/wp\/v2\/product\/2011","targetHints":{"allow":["GET"]}}],"collection":[{"href":"https:\/\/moposanitaryware.com\/es\/wp-json\/wp\/v2\/product"}],"about":[{"href":"https:\/\/moposanitaryware.com\/es\/wp-json\/wp\/v2\/types\/product"}],"wp:featuredmedia":[{"embeddable":true,"href":"https:\/\/moposanitaryware.com\/es\/wp-json\/wp\/v2\/media\/2006"}],"wp:attachment":[{"href":"https:\/\/moposanitaryware.com\/es\/wp-json\/wp\/v2\/media?parent=2011"}],"wp:term":[{"taxonomy":"product_brand","embeddable":true,"href":"https:\/\/moposanitaryware.com\/es\/wp-json\/wp\/v2\/product_brand?post=2011"},{"taxonomy":"product_cat","embeddable":true,"href":"https:\/\/moposanitaryware.com\/es\/wp-json\/wp\/v2\/product_cat?post=2011"},{"taxonomy":"product_tag","embeddable":true,"href":"https:\/\/moposanitaryware.com\/es\/wp-json\/wp\/v2\/product_tag?post=2011"}],"curies":[{"name":"wp","href":"https:\/\/api.w.org\/{rel}","templated":true}]}}