{"id":1899,"date":"2021-06-10T06:57:23","date_gmt":"2021-06-10T06:57:23","guid":{"rendered":"https:\/\/moposanitaryware.com\/?post_type=product&#038;p=1899"},"modified":"2024-08-01T09:51:39","modified_gmt":"2024-08-01T09:51:39","slug":"tempered-glass-panel-one-piece-shower-door","status":"publish","type":"product","link":"https:\/\/moposanitaryware.com\/es\/tempered-glass-panel-one-piece-shower-door\/","title":{"rendered":"Puerta de ducha de una pieza negra con panel de vidrio templado de acero inoxidable 304 para ba\u00f1o"},"content":{"rendered":"<div class=\"banner has-hover\" id=\"banner-182059878\">\n          <div class=\"banner-inner fill\">\n        <div class=\"banner-bg fill\" >\n            <img loading=\"lazy\" decoding=\"async\" width=\"1000\" height=\"469\" src=\"https:\/\/moposanitaryware.com\/wp-content\/uploads\/2022\/09\/Customized-Open-Straight-Shape-Shower-Enclosure-Black-Frame-Glass-Shower-Sliding-Door.jpg\" class=\"bg attachment-original size-original\" alt=\"\" title=\"\">                                    \n\t<div class=\"is-border\"\n\t\tstyle=\"border-width:0px 0px px 0px;margin:0px 0px px 0px;\">\n\t<\/div>\n                    <\/div>\n\t\t\n        <div class=\"banner-layers container\">\n            <a class=\"fill\" href=\"https:\/\/moposanitaryware.com\/es\/categoria-producto\/inodoro-de-una-pieza-sifonico-de-ceramica-dorada\/\" ><div class=\"fill banner-link\"><\/div><\/a>            \n   <div id=\"text-box-2141340448\" class=\"text-box banner-layer x90 md-x25 lg-x50 y80 md-y50 lg-y65 res-text\">\n                                <div class=\"text-box-content text dark\">\n              \n              <div class=\"text-inner text-center\">\n                  \n<h3 style=\"text-align: center;\">Puertas de ducha<\/h3>\n<p style=\"text-align: center;\">ofrece dise\u00f1o \u00fanico y productos de puertas de ducha de calidad, funci\u00f3n impecable y elegancia.<\/p>\n              <\/div>\n           <\/div>\n                            \n<style>\n#text-box-2141340448 {\n  width: 77%;\n}\n#text-box-2141340448 .text-box-content {\n  font-size: 100%;\n}\n@media (min-width:550px) {\n  #text-box-2141340448 {\n    width: 36%;\n  }\n}\n@media (min-width:850px) {\n  #text-box-2141340448 {\n    width: 35%;\n  }\n}\n<\/style>\n    <\/div>\n \n        <\/div>\n      <\/div>\n\n            \n<style>\n#banner-182059878 {\n  padding-top: 50%;\n  background-color: rgb(255,255,255);\n}\n#banner-182059878 .banner-bg img {\n  object-position: 53% 63%;\n}\n@media (min-width:550px) {\n  #banner-182059878 {\n    padding-top: 35%;\n  }\n}\n<\/style>\n  <\/div>\n\n\n<div class=\"row align-center\"  id=\"row-1052009266\">\n\n\t<div id=\"col-609114197\" class=\"col medium-9 small-12 large-9\"  data-animate=\"fadeInUp\">\n\t\t\t\t<div class=\"col-inner text-center\"  >\n\t\t\t\n\t\t\t\n<h1 style=\"text-align: center;\"><a href=\"https:\/\/moposanitaryware.com\/es\/categoria-producto\/inodoro-de-una-pieza-sifonico-de-ceramica-dorada\/\">Puerta de la ducha<\/a><\/h1>\n<p style=\"text-align: center;\">La puerta de vidrio para ducha se compone principalmente de marco de puerta, hoja de puerta, piezas de transmisi\u00f3n, piezas de tambor, varilla de transmisi\u00f3n, dispositivo direccional de puerta de ducha, etc. El tipo se puede instalar en interiores. Cada puerta de ducha de vidrio tiene dos puertas o puertas individuales. El borde en un lado de la hoja lateral de la puerta est\u00e1 conectado con la hoja central mediante bisagras. Shower Door ofrece una amplia variedad de puertas de ducha corredizas. y una puerta de ducha abatible tambi\u00e9n est\u00e1 disponible. Cada estilo tiene sus propias aplicaciones \u00fanicas y se puede configurar con toalleros, manijas, perillas o tiradores para los dedos.<\/p>\n<a href=\"https:\/\/moposanitaryware.com\/es\/categoria-producto\/inodoro-de-una-pieza-sifonico-de-ceramica-dorada\/\" class=\"button secondary is-underline lowercase\"  >\n\t\t<span>Explorar todo<\/span>\n\t<i class=\"icon-menu\" aria-hidden=\"true\" ><\/i><\/a>\n\n\t\t<\/div>\n\t\t\t\t\t<\/div>\n\n\t\n<\/div>\n<div class=\"row\"  id=\"row-1706328568\">\n\n\t<div id=\"col-1560664968\" class=\"col medium-6 small-12 large-6\"  >\n\t\t\t\t<div class=\"col-inner\"  >\n\t\t\t\n\t\t\t\n<h3>Vidrio templado<\/h3>\n<p>Nuestras puertas de ducha se calientan y luego se enfr\u00edan r\u00e1pidamente a temperaturas extremas mientras se las aplica repetidamente con r\u00e1fagas de aire a alta presi\u00f3n. Este proceso de compresi\u00f3n hace que el vidrio sea m\u00e1s resistente. Resiste cambios bruscos de temperatura de 220 grados cent\u00edgrados. Una vez que se rompe, el vidrio se desintegra en peque\u00f1os fragmentos c\u00fabicos, que son relativamente inofensivos para el cuerpo humano. Estos est\u00e1ndares garantizan el control de calidad de nuestros productos, espec\u00edficamente el de los materiales de acristalamiento de seguridad utilizados en los materiales de construcci\u00f3n.<\/p>\n\t\t<\/div>\n\t\t\t\t\t<\/div>\n\n\t\n\n\t<div id=\"col-14348829\" class=\"col medium-6 small-12 large-6\"  >\n\t\t\t\t<div class=\"col-inner\"  >\n\t\t\t\n\t\t\t\n\t<div class=\"img has-hover x md-x lg-x y md-y lg-y\" id=\"image_902142388\">\n\t\t\t\t\t\t\t\t<div class=\"img-inner dark\" >\n\t\t\t<img loading=\"lazy\" decoding=\"async\" width=\"600\" height=\"420\" src=\"https:\/\/moposanitaryware.com\/wp-content\/uploads\/2022\/09\/shower-glass-door-China-supplier-bathroom-shower-room-Tempered-Glass.jpg\" class=\"attachment-original size-original\" alt=\"\" srcset=\"https:\/\/moposanitaryware.com\/wp-content\/uploads\/2022\/09\/shower-glass-door-China-supplier-bathroom-shower-room-Tempered-Glass.jpg 600w, https:\/\/moposanitaryware.com\/wp-content\/uploads\/2022\/09\/shower-glass-door-China-supplier-bathroom-shower-room-Tempered-Glass-571x400.jpg 571w\" sizes=\"auto, (max-width: 600px) 100vw, 600px\" title=\"\">\t\t\t\t\t\t\n\t\t\t\t\t<\/div>\n\t\t\t\t\t\t\t\t\n<style>\n#image_902142388 {\n  width: 100%;\n}\n<\/style>\n\t<\/div>\n\t\n\t\t<\/div>\n\t\t\t\t\t<\/div>\n\n\t\n<\/div>\n<div class=\"row\"  id=\"row-148826785\">\n\n\t<div id=\"col-106351613\" class=\"col medium-6 small-12 large-6\"  >\n\t\t\t\t<div class=\"col-inner\"  >\n\t\t\t\n\t\t\t\n\t<div class=\"img has-hover x md-x lg-x y md-y lg-y\" id=\"image_477848335\">\n\t\t\t\t\t\t\t\t<div class=\"img-inner dark\" >\n\t\t\t<img loading=\"lazy\" decoding=\"async\" width=\"600\" height=\"420\" src=\"https:\/\/moposanitaryware.com\/wp-content\/uploads\/2022\/09\/China-supplier-shower-glass-door-bathroom-shower-room-Effortless-Installation.jpg\" class=\"attachment-original size-original\" alt=\"\" srcset=\"https:\/\/moposanitaryware.com\/wp-content\/uploads\/2022\/09\/China-supplier-shower-glass-door-bathroom-shower-room-Effortless-Installation.jpg 600w, https:\/\/moposanitaryware.com\/wp-content\/uploads\/2022\/09\/China-supplier-shower-glass-door-bathroom-shower-room-Effortless-Installation-571x400.jpg 571w\" sizes=\"auto, (max-width: 600px) 100vw, 600px\" title=\"\">\t\t\t\t\t\t\n\t\t\t\t\t<\/div>\n\t\t\t\t\t\t\t\t\n<style>\n#image_477848335 {\n  width: 100%;\n}\n<\/style>\n\t<\/div>\n\t\n\t\t<\/div>\n\t\t\t\t\t<\/div>\n\n\t\n\n\t<div id=\"col-1195777447\" class=\"col medium-6 small-12 large-6\"  >\n\t\t\t\t<div class=\"col-inner\"  >\n\t\t\t\n\t\t\t\n<h3>Instalaci\u00f3n sin esfuerzo<\/h3>\n<p>Los soportes de paneles fijos tienen una capacidad de ajuste de 10 mm incorporada con orificios para tornillos el\u00edpticos. Dise\u00f1ados en exceso para brindar robustez Nuestros rieles son tubos de acero inoxidable con paredes reforzadas construidas para soportar m\u00e1s del peso requerido. Capacidad de ajuste incorporada que garantiza el mejor ajuste en su espacio. Utilice la llave Allen proporcionada para girar los discos, baj\u00e1ndolos o elev\u00e1ndolos para acomodar las paredes desplomadas.<\/p>\n\t\t<\/div>\n\t\t\t\t\t<\/div>\n\n\t\n\n\t<div id=\"col-1907546396\" class=\"col medium-6 small-12 large-6\"  >\n\t\t\t\t<div class=\"col-inner\"  >\n\t\t\t\n\t\t\t\n<h3>Sello herm\u00e9tico<\/h3>\n<p>El dise\u00f1o de junta m\u00e1s innovador con plegado doble crea una soluci\u00f3n herm\u00e9tica perfecta. Tira por ciclo de agua dise\u00f1ada para un mejor sellado. La plegadora de juntas de pared se puede ajustar en +-15~20 mm. Tecnolog\u00eda de sellado que es el doble de largo que el est\u00e1ndar de la industria, lo que garantiza una vida \u00fatil de rendimiento libre de fugas y problemas.<\/p>\n\t\t<\/div>\n\t\t\t\t\t<\/div>\n\n\t\n\n\t<div id=\"col-1561055454\" class=\"col medium-6 small-12 large-6\"  >\n\t\t\t\t<div class=\"col-inner\"  >\n\t\t\t\n\t\t\t\n\t<div class=\"img has-hover x md-x lg-x y md-y lg-y\" id=\"image_1826273242\">\n\t\t\t\t\t\t\t\t<div class=\"img-inner dark\" >\n\t\t\t<img loading=\"lazy\" decoding=\"async\" width=\"600\" height=\"420\" src=\"https:\/\/moposanitaryware.com\/wp-content\/uploads\/2022\/09\/China-supplier-shower-glass-door-for-bathroom-shower-room-Water-Tight-Seal.jpg\" class=\"attachment-original size-original\" alt=\"\" srcset=\"https:\/\/moposanitaryware.com\/wp-content\/uploads\/2022\/09\/China-supplier-shower-glass-door-for-bathroom-shower-room-Water-Tight-Seal.jpg 600w, https:\/\/moposanitaryware.com\/wp-content\/uploads\/2022\/09\/China-supplier-shower-glass-door-for-bathroom-shower-room-Water-Tight-Seal-571x400.jpg 571w\" sizes=\"auto, (max-width: 600px) 100vw, 600px\" title=\"\">\t\t\t\t\t\t\n\t\t\t\t\t<\/div>\n\t\t\t\t\t\t\t\t\n<style>\n#image_1826273242 {\n  width: 100%;\n}\n<\/style>\n\t<\/div>\n\t\n\t\t<\/div>\n\t\t\t\t\t<\/div>\n\n\t\n<\/div>\n<div class=\"row\"  id=\"row-2007339959\">\n\n\t<div id=\"col-502740041\" class=\"col medium-4 small-12 large-4\"  >\n\t\t\t\t<div class=\"col-inner\"  >\n\t\t\t\n\t\t\t\n\t<div class=\"box has-hover   has-hover box-text-bottom\" >\n\n\t\t<div class=\"box-image\" >\n\t\t\t\t\t\t<div class=\"\" >\n\t\t\t\t<img loading=\"lazy\" decoding=\"async\" width=\"400\" height=\"400\" src=\"https:\/\/moposanitaryware.com\/wp-content\/uploads\/2022\/09\/customize-tempered-glass-bath-bypass-shower-door-5.jpg\" class=\"attachment- size-\" alt=\"\" srcset=\"https:\/\/moposanitaryware.com\/wp-content\/uploads\/2022\/09\/customize-tempered-glass-bath-bypass-shower-door-5.jpg 400w, https:\/\/moposanitaryware.com\/wp-content\/uploads\/2022\/09\/customize-tempered-glass-bath-bypass-shower-door-5-100x100.jpg 100w, https:\/\/moposanitaryware.com\/wp-content\/uploads\/2022\/09\/customize-tempered-glass-bath-bypass-shower-door-5-280x280.jpg 280w\" sizes=\"auto, (max-width: 400px) 100vw, 400px\" title=\"\">\t\t\t\t\t\t\t\t\t\t\t<\/div>\n\t\t\t\t\t<\/div>\n\n\t\t<div class=\"box-text text-center\" >\n\t\t\t<div class=\"box-text-inner\">\n\t\t\t\t\n<h3 class=\"a-spacing-mini\">Dise\u00f1o de pista contempor\u00e1neo<\/h3>\n<p class=\"a-size-small\" style=\"text-align: left;\">El riel contempor\u00e1neo presenta un dise\u00f1o moderno de puerta tipo granero con rodillos expuestos que se deslizan suavemente por el riel. El aluminio anodizado presenta una resistencia incre\u00edble a la corrosi\u00f3n y se puede cortar a medida para una mayor flexibilidad de instalaci\u00f3n. El delgado riel inferior de aluminio est\u00e1 dise\u00f1ado con un sistema de puerta guiada central para un funcionamiento suave y silencioso y topes laterales para sujetar los paneles de vidrio en su lugar.<\/p>\n\t\t\t<\/div>\n\t\t<\/div>\n\t<\/div>\n\t\n\t\t<\/div>\n\t\t\t\t\t<\/div>\n\n\t\n\n\t<div id=\"col-405775860\" class=\"col medium-4 small-12 large-4\"  >\n\t\t\t\t<div class=\"col-inner\"  >\n\t\t\t\n\t\t\t\n\t<div class=\"box has-hover   has-hover box-text-bottom\" >\n\n\t\t<div class=\"box-image\" >\n\t\t\t\t\t\t<div class=\"\" >\n\t\t\t\t<img loading=\"lazy\" decoding=\"async\" width=\"400\" height=\"400\" src=\"https:\/\/moposanitaryware.com\/wp-content\/uploads\/2022\/09\/tempered-glass-bath-bypass-shower-door.jpg\" class=\"attachment- size-\" alt=\"\" srcset=\"https:\/\/moposanitaryware.com\/wp-content\/uploads\/2022\/09\/tempered-glass-bath-bypass-shower-door.jpg 400w, https:\/\/moposanitaryware.com\/wp-content\/uploads\/2022\/09\/tempered-glass-bath-bypass-shower-door-100x100.jpg 100w, https:\/\/moposanitaryware.com\/wp-content\/uploads\/2022\/09\/tempered-glass-bath-bypass-shower-door-280x280.jpg 280w\" sizes=\"auto, (max-width: 400px) 100vw, 400px\" title=\"\">\t\t\t\t\t\t\t\t\t\t\t<\/div>\n\t\t\t\t\t<\/div>\n\n\t\t<div class=\"box-text text-center\" >\n\t\t\t<div class=\"box-text-inner\">\n\t\t\t\t\n<h3 class=\"a-spacing-mini\">Carril gu\u00eda inferior<\/h3>\n<p class=\"a-size-small\" style=\"text-align: left;\">El deflector del riel gu\u00eda inferior evita a\u00fan m\u00e1s que las salpicaduras de agua fluyan por el borde, el dise\u00f1o cient\u00edfico hace que la puerta de la ba\u00f1era no tenga fugas.<\/p>\n<p class=\"a-size-small\" style=\"text-align: left;\">Corredores de zinc de alta calidad, firmes y duraderos. Los rodillos de nailon pueden deslizarse suave y silenciosamente, eliminando eficazmente el ruido causado por el movimiento de la puerta corredera.<\/p>\n<p style=\"text-align: left;\">Succi\u00f3n de puerta magn\u00e9tica sellada, interruptor silencioso, cuidado silencioso, prueba de inmersi\u00f3n en agua, prueba de ca\u00edda de arena, prueba de rodillo<\/p>\n\t\t\t<\/div>\n\t\t<\/div>\n\t<\/div>\n\t\n\t\t<\/div>\n\t\t\t\t\t<\/div>\n\n\t\n\n\t<div id=\"col-606044604\" class=\"col medium-4 small-12 large-4\"  >\n\t\t\t\t<div class=\"col-inner\"  >\n\t\t\t\n\t\t\t\n\t<div class=\"box has-hover   has-hover box-text-bottom\" >\n\n\t\t<div class=\"box-image\" >\n\t\t\t\t\t\t<div class=\"\" >\n\t\t\t\t<img loading=\"lazy\" decoding=\"async\" width=\"400\" height=\"400\" src=\"https:\/\/moposanitaryware.com\/wp-content\/uploads\/2022\/09\/customize-tempered-glass-bath-bypass-shower-door-2.jpg\" class=\"attachment- size-\" alt=\"\" srcset=\"https:\/\/moposanitaryware.com\/wp-content\/uploads\/2022\/09\/customize-tempered-glass-bath-bypass-shower-door-2.jpg 400w, https:\/\/moposanitaryware.com\/wp-content\/uploads\/2022\/09\/customize-tempered-glass-bath-bypass-shower-door-2-100x100.jpg 100w, https:\/\/moposanitaryware.com\/wp-content\/uploads\/2022\/09\/customize-tempered-glass-bath-bypass-shower-door-2-280x280.jpg 280w\" sizes=\"auto, (max-width: 400px) 100vw, 400px\" title=\"\">\t\t\t\t\t\t\t\t\t\t\t<\/div>\n\t\t\t\t\t<\/div>\n\n\t\t<div class=\"box-text text-center\" >\n\t\t\t<div class=\"box-text-inner\">\n\t\t\t\t\n<h3>Manijas para puertas de ducha<\/h3>\n<p style=\"text-align: left;\">Considere los otros accesorios de su ba\u00f1o y cree una apariencia cohesiva, o seleccione un estilo llamativo que combine. Desde elegantes y modernas hasta angulares y ornamentadas, Delta ofrece una variedad de opciones. Dise\u00f1o moderno y contempor\u00e1neo que presenta l\u00edneas limpias y un perfil elegante. , dise\u00f1o tradicional con curvas esculpidas y detalles m\u00e1s ornamentados. con elegantes destellos y curvas inesperadas, brindando la combinaci\u00f3n perfecta de lo contempor\u00e1neo y lo cl\u00e1sico.<\/p>\n\t\t\t<\/div>\n\t\t<\/div>\n\t<\/div>\n\t\n\t\t<\/div>\n\t\t\t\t\t<\/div>\n\n\t\n<\/div>\n<div class=\"row\"  id=\"row-1197213803\">\n\n\t<div id=\"col-1435825740\" class=\"col medium-6 small-12 large-6\"  >\n\t\t\t\t<div class=\"col-inner\"  >\n\t\t\t\n\t\t\t\n<div class=\"container section-title-container\" ><h3 class=\"section-title section-title-normal\"><b><\/b><span class=\"section-title-main\" >envianos un email<\/span><b><\/b><\/h3><\/div>\n<p>Si est\u00e1 interesado en nuestros productos y desea conocer m\u00e1s detalles, deje un mensaje aqu\u00ed, le responderemos lo antes posible.<\/p>\n\n<div class=\"wpcf7 no-js\" id=\"wpcf7-f13-o1\" lang=\"en-US\" dir=\"ltr\" data-wpcf7-id=\"13\">\n<div class=\"screen-reader-response\"><p role=\"status\" aria-live=\"polite\" aria-atomic=\"true\"><\/p> <ul><\/ul><\/div>\n<form action=\"\/es\/wp-json\/wp\/v2\/product\/1899#wpcf7-f13-o1\" method=\"post\" class=\"wpcf7-form init\" aria-label=\"Contact form\" novalidate=\"novalidate\" data-status=\"init\" data-trp-original-action=\"\/es\/wp-json\/wp\/v2\/product\/1899#wpcf7-f13-o1\">\n<fieldset class=\"hidden-fields-container\"><input type=\"hidden\" name=\"_wpcf7\" value=\"13\" \/><input type=\"hidden\" name=\"_wpcf7_version\" value=\"6.1.1\" \/><input type=\"hidden\" name=\"_wpcf7_locale\" value=\"en_US\" \/><input type=\"hidden\" name=\"_wpcf7_unit_tag\" value=\"wpcf7-f13-o1\" \/><input type=\"hidden\" name=\"_wpcf7_container_post\" value=\"0\" \/><input type=\"hidden\" name=\"_wpcf7_posted_data_hash\" value=\"\" \/><input type=\"hidden\" name=\"_wpcf7_recaptcha_response\" value=\"\" \/>\n<\/fieldset>\n<div class=\"form-flat\">\n\t<p><span class=\"wpcf7-form-control-wrap\" data-name=\"your-name\"><input size=\"40\" maxlength=\"400\" class=\"wpcf7-form-control wpcf7-text wpcf7-validates-as-required\" aria-required=\"true\" aria-invalid=\"false\" placeholder=\"Tu nombre (requerido)\" value=\"\" type=\"text\" name=\"your-name\" \/><\/span><br \/>\n<span class=\"wpcf7-form-control-wrap\" data-name=\"your-email\"><input size=\"40\" maxlength=\"400\" class=\"wpcf7-form-control wpcf7-email wpcf7-validates-as-required wpcf7-text wpcf7-validates-as-email\" aria-required=\"true\" aria-invalid=\"false\" placeholder=\"Tu Email (requerido)\" value=\"\" type=\"email\" name=\"your-email\" \/><\/span>\n\t<\/p>\n\t<p><span class=\"wpcf7-form-control-wrap\" data-name=\"your-tels\"><input size=\"40\" maxlength=\"400\" class=\"wpcf7-form-control wpcf7-tel wpcf7-text wpcf7-validates-as-tel\" aria-invalid=\"false\" placeholder=\"Tu Tel (Opcional)\" value=\"\" type=\"tel\" name=\"your-tels\" \/><\/span>\n\t<\/p>\n\t<p><span class=\"wpcf7-form-control-wrap\" data-name=\"your-message\"><textarea cols=\"40\" rows=\"10\" maxlength=\"2000\" class=\"wpcf7-form-control wpcf7-textarea\" aria-invalid=\"false\" placeholder=\"Para obtener el mejor resultado, recomendamos incluir los siguientes detalles:-Autopresentaci\u00f3n-Art\u00edculos o servicios requeridos-Cantidad requerida\" name=\"your-message\"><\/textarea><\/span>\n\t<\/p>\n\t<p>Consulta de trabajo:*<br \/>\n<span class=\"wpcf7-form-control-wrap\" data-name=\"checkbox\"><span class=\"wpcf7-form-control wpcf7-checkbox wpcf7-validates-as-required wpcf7-exclusive-checkbox\"><span class=\"wpcf7-list-item first\"><label><input type=\"checkbox\" name=\"checkbox\" value=\"Quotation\" \/><span class=\"wpcf7-list-item-label\">Cotizaci\u00f3n<\/span><\/label><\/span><span class=\"wpcf7-list-item\"><label><input type=\"checkbox\" name=\"checkbox\" value=\"Catalog\" \/><span class=\"wpcf7-list-item-label\">Catalogar<\/span><\/label><\/span><span class=\"wpcf7-list-item\"><label><input type=\"checkbox\" name=\"checkbox\" value=\"Service Support\" \/><span class=\"wpcf7-list-item-label\">Servicio de ayuda<\/span><\/label><\/span><span class=\"wpcf7-list-item\"><label><input type=\"checkbox\" name=\"checkbox\" value=\"Project\" \/><span class=\"wpcf7-list-item-label\">Proyecto<\/span><\/label><\/span><span class=\"wpcf7-list-item last\"><label><input type=\"checkbox\" name=\"checkbox\" value=\"I am interested in becoming an agent\" \/><span class=\"wpcf7-list-item-label\">Estoy interesado en ser agente.<\/span><\/label><\/span><\/span><\/span><br \/>\n<input class=\"wpcf7-form-control wpcf7-submit has-spinner button\" type=\"submit\" value=\"Entregar\" \/>\n\t<\/p>\n<\/div><div class=\"wpcf7-response-output\" aria-hidden=\"true\"><\/div>\n<input type=\"hidden\" name=\"trp-form-language\" value=\"es\"\/><\/form>\n<\/div>\n\n\t\t<\/div>\n\t\t\t\t\t<\/div>\n\n\t\n\n\t<div id=\"col-257584921\" class=\"col medium-6 small-12 large-6\"  >\n\t\t\t\t<div class=\"col-inner\"  >\n\t\t\t\n\t\t\t\n<div class=\"container section-title-container\" ><h3 class=\"section-title section-title-normal\"><b><\/b><span class=\"section-title-main\" >CONT\u00c1CTENOS<\/span><b><\/b><\/h3><\/div>\n<p>Si tiene alguna pregunta sobre alguno de nuestros productos, o necesita ponerse en contacto con nosotros por cualquier otro motivo, complete este formulario a continuaci\u00f3n y nos comunicaremos con usted lo antes posible.<\/p>\n<p><strong>Ll\u00e1manos:<\/strong> <a href=\"http:\/\/+86 18675762929\" rel=\"nofollow\">+8618675762929<\/a><br \/>\n<strong>Env\u00edanos un correo electr\u00f3nico<\/strong>:\u00a0\u00a0<a href=\"mailto:info@mopochina.com\">info@mopochina.com<\/a><\/p>\n<p><strong>Skype\u00a0<\/strong>: <a href=\"skype:Sanitwell Shen?chat\">jiawei cheng<\/a><\/p>\n<p><strong>Direcciones<\/strong> : B1, n\u00ba 10<sup>th<\/sup>, Mundo de la Cer\u00e1mica Yingkeyijia, 4<sup>th<\/sup>\u00a0Jihua Road, Chancheng, Foshan, 528 000, Guangdong, China<\/p>\n<p><strong>BASE DE PRODUCCI\u00d3N :<\/strong>\u00a0Pa\u00eds de Chaoan, ciudad de Chaozhou, provincia de Guangdong<\/p>\n<p><strong>Enlace amistoso:<\/strong><br \/>\n<a href=\"https:\/\/moposanitaryware.com\/es\/?attachment_id=4739\">https:\/\/moposanitaryware.com<\/a><br \/>\n<a href=\"https:\/\/www.mopotoilet.com\" rel=\"nofollow noopener\" target=\"_blank\">https:\/\/www.mopotoilet.com<\/a><br \/>\n<a href=\"https:\/\/\/es\/www.mopofaucet.com\/\">https:www.mopofaucet.com<\/a><\/p>\n<div class=\"social-icons follow-icons full-width text-left\" ><span>S\u00edganos<\/span><a href=\"https:\/\/www.facebook.com\/MOPOCHINA\" target=\"_blank\" data-label=\"Facebook\" class=\"icon primary button circle facebook tooltip\" title=\"S\u00edguenos en Facebook\" aria-label=\"S\u00edguenos en Facebook\" rel=\"noopener nofollow\"><i class=\"icon-facebook\" ><\/i><\/a><a href=\"https:\/\/www.instagram.com\/mopotoilet\/\" target=\"_blank\" data-label=\"Instagram\" class=\"icon primary button circle instagram tooltip\" title=\"S\u00edguenos en Instagram\" aria-label=\"S\u00edguenos en Instagram\" rel=\"noopener nofollow\"><i class=\"icon-instagram\" ><\/i><\/a><a href=\"https:\/\/twitter.com\/mopotoilet\" data-label=\"Twitter\" target=\"_blank\" class=\"icon primary button circle twitter tooltip\" title=\"S\u00edguenos en Twitter\" aria-label=\"S\u00edguenos en Twitter\" rel=\"noopener nofollow\"><i class=\"icon-twitter\" ><\/i><\/a><a href=\"mailto:info@mopochina.com\" data-label=\"E-mail\" target=\"_blank\" class=\"icon primary button circle email tooltip\" title=\"Env\u00edanos un correo electr\u00f3nico\" aria-label=\"Env\u00edanos un correo electr\u00f3nico\" rel=\"nofollow noopener\" ><i class=\"icon-envelop\" ><\/i><\/a><a href=\"https:\/\/www.linkedin.com\/company\/mopo-sanitary-ware\/\" data-label=\"LinkedIn\" target=\"_blank\" class=\"icon primary button circle linkedin tooltip\" title=\"S\u00edguenos en LinkedIn\" aria-label=\"S\u00edguenos en LinkedIn\" rel=\"noopener nofollow\"><i class=\"icon-linkedin\" ><\/i><\/a><a href=\"https:\/\/www.youtube.com\/c\/mopochina\/featured\" data-label=\"YouTube\" target=\"_blank\" class=\"icon primary button circle youtube tooltip\" title=\"S\u00edguenos en Youtube\" aria-label=\"S\u00edguenos en Youtube\" rel=\"noopener nofollow\"><i class=\"icon-youtube\" ><\/i><\/a><\/div>\n\t\t<\/div>\n\t\t\t\t\t<\/div>\n\n\t\n<\/div>","protected":false},"excerpt":{"rendered":"<p>Nombre de la marca: <a href=\"#brave_open_popup_688\">MOPO\u00ae<\/a><br \/>\nNombre del producto: Puerta de ducha de vidrio templado<br \/>\nN\u00famero de modelo: MPJ22-2<br \/>\nMaterial: vidrio templado, acero inoxidable, aluminio.<br \/>\nEspesor del vidrio: 6 mm, 8 mm, 10 mm,<br \/>\nEstilo de vidrio: vidrio f\u00e1cil de limpiar, esmerilado, gris, arenado<br \/>\nColor del marco: Cromo, Negro mate<br \/>\nLargo alcance: 1200 \u2013 1800 mm<br \/>\nAmplio rango: 800 \u2013 1200 mm<br \/>\nRango de altura: 1850 \u2013 2100 mm<br \/>\nTipo de apertura de puerta: puerta corrediza<\/p>\n\t<a class=\"paoc-popup-click paoc-popup-cust-337 paoc-popup-button paoc-popup-btn\" href=\"javascript:void(0);\">Solicitar presupuesto<\/a>\r\n\u00a0 \u00a0 \u00a0<a href=\"https:\/\/api.whatsapp.com\/send?phone=8618675762929\"><img loading=\"lazy\" decoding=\"async\" class=\"alignnone wp-image-6698\" src=\"https:\/\/moposanitaryware.com\/wp-content\/uploads\/WhatsApp.png\" alt=\"\" width=\"140\" height=\"33\" srcset=\"https:\/\/moposanitaryware.com\/wp-content\/uploads\/WhatsApp.png 546w, https:\/\/moposanitaryware.com\/wp-content\/uploads\/WhatsApp-18x4.png 18w\" sizes=\"auto, (max-width: 140px) 100vw, 140px\" \/><\/a><\/p>","protected":false},"featured_media":1895,"template":"","meta":{"_acf_changed":false},"product_brand":[],"product_cat":[15,59,102],"product_tag":[138,119,137],"class_list":{"0":"post-1899","1":"product","2":"type-product","3":"status-publish","4":"has-post-thumbnail","6":"product_cat-see-all-categories","7":"product_cat-shower-doors","8":"product_cat-sliding-shower-door","9":"product_tag-hinge-shower-door","10":"product_tag-shower-doors","11":"product_tag-shower-room","13":"first","14":"instock","15":"shipping-taxable","16":"product-type-simple"},"acf":[],"_links":{"self":[{"href":"https:\/\/moposanitaryware.com\/es\/wp-json\/wp\/v2\/product\/1899","targetHints":{"allow":["GET"]}}],"collection":[{"href":"https:\/\/moposanitaryware.com\/es\/wp-json\/wp\/v2\/product"}],"about":[{"href":"https:\/\/moposanitaryware.com\/es\/wp-json\/wp\/v2\/types\/product"}],"wp:featuredmedia":[{"embeddable":true,"href":"https:\/\/moposanitaryware.com\/es\/wp-json\/wp\/v2\/media\/1895"}],"wp:attachment":[{"href":"https:\/\/moposanitaryware.com\/es\/wp-json\/wp\/v2\/media?parent=1899"}],"wp:term":[{"taxonomy":"product_brand","embeddable":true,"href":"https:\/\/moposanitaryware.com\/es\/wp-json\/wp\/v2\/product_brand?post=1899"},{"taxonomy":"product_cat","embeddable":true,"href":"https:\/\/moposanitaryware.com\/es\/wp-json\/wp\/v2\/product_cat?post=1899"},{"taxonomy":"product_tag","embeddable":true,"href":"https:\/\/moposanitaryware.com\/es\/wp-json\/wp\/v2\/product_tag?post=1899"}],"curies":[{"name":"wp","href":"https:\/\/api.w.org\/{rel}","templated":true}]}}