{"id":1704,"date":"2021-06-05T07:49:18","date_gmt":"2021-06-05T07:49:18","guid":{"rendered":"https:\/\/moposanitaryware.com\/?post_type=product&#038;p=1704"},"modified":"2024-08-01T10:02:56","modified_gmt":"2024-08-01T10:02:56","slug":"wall-mount-touch-sensor-led-smart-mirror","status":"publish","type":"product","link":"https:\/\/moposanitaryware.com\/es\/wall-mount-touch-sensor-led-smart-mirror\/","title":{"rendered":"Espejo iluminado para ba\u00f1o inteligente LED con sensor t\u00e1ctil y montaje en pared ultrafino sin montura moderno"},"content":{"rendered":"<div class=\"banner has-hover\" id=\"banner-53885191\">\n          <div class=\"banner-inner fill\">\n        <div class=\"banner-bg fill\" >\n            <img loading=\"lazy\" decoding=\"async\" width=\"1280\" height=\"600\" src=\"https:\/\/moposanitaryware.com\/wp-content\/uploads\/2021\/05\/Customized-anti-fog-wall-mounted-magnifying-makeup-mirror-led-light-smart-mirror-with-speaker.jpg\" class=\"bg attachment-original size-original\" alt=\"Espejo de maquillaje con aumento antivaho personalizado para montaje en pared\" title=\"\">                                    \n\t<div class=\"is-border\"\n\t\tstyle=\"border-width:0px 0px px 0px;margin:0px 0px px 0px;\">\n\t<\/div>\n                    <\/div>\n\t\t\n        <div class=\"banner-layers container\">\n            <a class=\"fill\" href=\"https:\/\/moposanitaryware.com\/es\/categoria-producto\/mirror\/\" ><div class=\"fill banner-link\"><\/div><\/a>            \n   <div id=\"text-box-1774501876\" class=\"text-box banner-layer x50 md-x10 lg-x10 y5 md-y25 lg-y25 res-text\">\n                                <div class=\"text-box-content text dark\">\n              \n              <div class=\"text-inner text-center\">\n                  \n<h2 style=\"text-align: center;\"><a href=\"https:\/\/moposanitaryware.com\/es\/categoria-producto\/mirror\/\"><span style=\"font-size: 75%;\">espejos<\/span><\/a><\/h2>\n<p style=\"text-align: center;\">Compre nuestra hermosa gama de espejos de pared, <a href=\"https:\/\/moposanitaryware.com\/es\/categoria-producto\/mirror\/\">espejos de ba\u00f1o<\/a> y tocador <a href=\"https:\/\/moposanitaryware.com\/es\/categoria-producto\/mirror\/\">espejos<\/a><\/p>\n<a data-animate=\"bounceIn\" href=\"#brave_open_popup_688\" class=\"button white is-outline lowercase\"  style=\"border-radius:31px;\">\n\t\t<span>Leer m\u00e1s<\/span>\n\t<\/a>\n\n              <\/div>\n           <\/div>\n                            \n<style>\n#text-box-1774501876 {\n  width: 74%;\n}\n#text-box-1774501876 .text-box-content {\n  font-size: 100%;\n}\n@media (min-width:550px) {\n  #text-box-1774501876 {\n    width: 33%;\n  }\n}\n<\/style>\n    <\/div>\n \n        <\/div>\n      <\/div>\n\n            \n<style>\n#banner-53885191 {\n  padding-top: 35%;\n  background-color: rgb(255,255,255);\n}\n#banner-53885191 .banner-bg img {\n  object-position: 52% 49%;\n}\n<\/style>\n  <\/div>\n\n\n<div class=\"row align-center\"  id=\"row-1360788068\">\n\n\t<div id=\"col-24522802\" class=\"col medium-9 small-12 large-9\"  data-animate=\"fadeInUp\">\n\t\t\t\t<div class=\"col-inner text-center\"  >\n\t\t\t\n\t\t\t\n<h1 style=\"text-align: center;\"><a href=\"https:\/\/moposanitaryware.com\/es\/categoria-producto\/mirror\/\">Espejo inteligente<\/a><\/h1>\n<p style=\"text-align: center;\">Smart Mirror montado en la pared est\u00e1 dise\u00f1ado para hacer que su habitaci\u00f3n sea moderna y elegante, agrega un toque de estilo contempor\u00e1neo y una luz suave e iluminadora a cualquier habitaci\u00f3n. Puede aprovechar al m\u00e1ximo los recursos del espacio de la pared, simplemente m\u00f3ntelo en la pared del ba\u00f1o o dormitorio. El sencillo interruptor de encendido\/apagado libera perfectamente tus manos, facilita la iluminaci\u00f3n de tu rostro y mantiene el espejo libre de condensaci\u00f3n.<\/p>\n<a href=\"https:\/\/moposanitaryware.com\/es\/categoria-producto\/mirror\/\" class=\"button secondary is-underline lowercase\"  >\n\t\t<span>Explorar todo<\/span>\n\t<i class=\"icon-menu\" aria-hidden=\"true\" ><\/i><\/a>\n\n\t\t<\/div>\n\t\t\t\t\t<\/div>\n\n\t\n<\/div>\n<div class=\"row\"  id=\"row-317869477\">\n\n\t<div id=\"col-1371644004\" class=\"col small-12 large-12\"  >\n\t\t\t\t<div class=\"col-inner\"  >\n\t\t\t\n\t\t\t\n<table style=\"height: 492px;\" border=\"1\" width=\"667\">\n<tbody>\n<tr>\n<td>Lugar de origen:<\/td>\n<td>Fosh\u00e1n, China<\/td>\n<\/tr>\n<tr>\n<td>Escribe un nombre:<\/td>\n<td data-spm-anchor-id=\"a2700.details.pronpeci14.i1.47c970d3Zz0E3h\">MOPO\u00ae Personalizar <a href=\"https:\/\/moposanitaryware.com\/es\/categoria-producto\/mirror\/\">Espejo inteligente para ba\u00f1o<\/a><\/td>\n<\/tr>\n<tr>\n<td><strong><span data-spm-anchor-id=\"a2700.wholesale.0.i33.2c534154qJukFc\">Caracter\u00edstica<\/span><\/strong><\/td>\n<td>Estilo contempor\u00e1neo y elegante.<br \/>\nPrueba oxidada y calidad confiable<br \/>\nVisualizaci\u00f3n de la hora<br \/>\nFunci\u00f3n de desempa\u00f1ado<br \/>\nCambio de temperatura de color<br \/>\nVerdadero reflejo<br \/>\nTira de LED de bajo consumo<br \/>\nimpermeable y a prueba de humedad<br \/>\nF\u00e1cil de instalar<\/td>\n<\/tr>\n<tr>\n<td>Solicitud:<\/td>\n<td>Hotel, hogar, villa, apartamento,<\/td>\n<\/tr>\n<tr>\n<td>Certificado:<\/td>\n<td>CE, ISO 9001, SASO, marca de agua, UPC<\/td>\n<\/tr>\n<tr>\n<td>Servicio postventa<\/td>\n<td>Soporte t\u00e9cnico en l\u00ednea, repuestos gratuitos<\/td>\n<\/tr>\n<tr>\n<td>OEM y ODM:<\/td>\n<td>OEM<\/td>\n<\/tr>\n<tr>\n<td>Cantidad m\u00ednima de pedido:<\/td>\n<td>1 juego<\/td>\n<\/tr>\n<tr>\n<td>Muestra gratis:<\/td>\n<td>muestra de pago<\/td>\n<\/tr>\n<tr>\n<td>Capacidad de suministro:<\/td>\n<td>500 juegos\/juegos por d\u00eda<\/td>\n<\/tr>\n<tr>\n<td style=\"text-align: left;\">Embalaje:<\/td>\n<td style=\"text-align: left;\">Cajas de cart\u00f3n de exportaci\u00f3n est\u00e1ndar con espuma de PE y poliespuma, la caja de madera es opcional para el env\u00edo LCL<\/td>\n<\/tr>\n<\/tbody>\n<\/table>\n<div class=\"elementor-element elementor-element-4983a81 elementor-widget elementor-widget-heading\" data-id=\"4983a81\" data-element_type=\"widget\" data-widget_type=\"heading.default\">\n<div class=\"elementor-widget-container\">\n<div class=\"elementor-element elementor-element-6107deb elementor-widget elementor-widget-heading\" data-id=\"6107deb\" data-element_type=\"widget\" data-widget_type=\"heading.default\">\n<div class=\"elementor-widget-container\">\n<section class=\"elementor-section elementor-inner-section elementor-element elementor-element-0751ebd elementor-section-boxed elementor-section-height-default elementor-section-height-default\" data-id=\"0751ebd\" data-element_type=\"section\">\n<div class=\"elementor-container elementor-column-gap-default\">\n<div class=\"elementor-row\">\n<div class=\"elementor-column elementor-col-50 elementor-inner-column elementor-element elementor-element-64d1e6f\" data-id=\"64d1e6f\" data-element_type=\"column\">\n<div class=\"elementor-column-wrap elementor-element-populated\">\n<div class=\"elementor-widget-wrap\">\n<div class=\"elementor-element elementor-element-e0cf4e8 elementor-position-left elementor-view-default elementor-vertical-align-top elementor-widget elementor-widget-icon-box\" data-id=\"e0cf4e8\" data-element_type=\"widget\" data-widget_type=\"icon-box.default\">\n<div><\/div>\n<\/div>\n<\/div>\n<\/div>\n<\/div>\n<\/div>\n<\/div>\n<\/section>\n<\/div>\n<\/div>\n<\/div>\n<\/div>\n\t\t<\/div>\n\t\t\t\t\t<\/div>\n\n\t\n<\/div>\n<div class=\"row\"  id=\"row-1380327976\">\n\n\t<div id=\"col-1858235688\" class=\"col medium-6 small-12 large-6\"  >\n\t\t\t\t<div class=\"col-inner\"  >\n\t\t\t\n\t\t\t\n\t<div class=\"img has-hover x md-x lg-x y md-y lg-y\" id=\"image_1741682935\">\n\t\t<a class=\"\" href=\"https:\/\/moposanitaryware.com\/es\/categoria-producto\/mirror\/\" >\t\t\t\t\t\t<div class=\"img-inner dark\" >\n\t\t\t<img loading=\"lazy\" decoding=\"async\" width=\"600\" height=\"375\" src=\"https:\/\/moposanitaryware.com\/wp-content\/uploads\/2021\/06\/China-Bathroom-Smart-Wall-LED-Light-Magic-Mirror-Display-with-Touchscreen-for-Hotel_Home-China-Touch-Screen-Mirror-and-LCD-Ad-Player-price-9.jpg\" class=\"attachment-large size-large\" alt=\"Espejo inteligente para ba\u00f1o con pantalla t\u00e1ctil de China, espejo m\u00e1gico con luz LED y reproductor de anuncios LCD\" title=\"\">\t\t\t\t\t\t\n\t\t\t\t\t<\/div>\n\t\t\t\t\t\t<\/a>\t\t\n<style>\n#image_1741682935 {\n  width: 100%;\n}\n<\/style>\n\t<\/div>\n\t\n\t\t<\/div>\n\t\t\t\t\t<\/div>\n\n\t\n\n\t<div id=\"col-2088136534\" class=\"col medium-6 small-12 large-6\"  >\n\t\t\t\t<div class=\"col-inner\"  >\n\t\t\t\n\t\t\t\n<h3 class=\"pp_secSubTit\">Especificaciones clave\/caracter\u00edsticas especiales:<\/h3>\n<div class=\"txt_edit_area\"><a href=\"https:\/\/moposanitaryware.com\/es\/categoria-producto\/mirror\/\">espejo inteligente<\/a> Viene con una plataforma interactiva inteligente. Con pantalla t\u00e1ctil o control por voz, tu <a href=\"https:\/\/moposanitaryware.com\/es\/categoria-producto\/mirror\/\">espejo<\/a> est\u00e1 conectado a todos los electrodom\u00e9sticos inteligentes de su hogar, puede controlar f\u00e1cilmente la iluminaci\u00f3n del hogar, la m\u00fasica, el purificador de aire, el calentador de agua, etc. El espejo con todo el potencial para explorar est\u00e1 a sus \u00f3rdenes.<b>Cuando <a href=\"https:\/\/moposanitaryware.com\/es\/categoria-producto\/mirror\/\">espejo inteligente<\/a> esta apagado,<\/b>Ella es solo una habitual <a href=\"https:\/\/moposanitaryware.com\/es\/categoria-producto\/mirror\/\">espejo<\/a> En tu ba\u00f1o, revisa tu maquillaje diario frente a ella.<b>Cuando <a href=\"https:\/\/moposanitaryware.com\/es\/categoria-producto\/mirror\/\">espejo inteligente<\/a> se levanta,<\/b>Ella se convierte en un centro de control interactivo inteligente y en su asistente de vida.<\/div>\n\t\t<\/div>\n\t\t\t\t\t<\/div>\n\n\t\n<\/div>\n<div class=\"row\"  id=\"row-1133456872\">\n\n\t<div id=\"col-1638929024\" class=\"col medium-4 small-12 large-4\"  >\n\t\t\t\t<div class=\"col-inner\"  >\n\t\t\t\n\t\t\t\n\t<div class=\"box has-hover   has-hover box-text-bottom\" >\n\n\t\t<div class=\"box-image\" >\n\t\t\t<a href=\"https:\/\/moposanitaryware.com\/es\/categoria-producto\/mirror\/\" >\t\t\t<div class=\"\" >\n\t\t\t\t<img loading=\"lazy\" decoding=\"async\" width=\"600\" height=\"375\" src=\"https:\/\/moposanitaryware.com\/wp-content\/uploads\/2021\/06\/China-Bathroom-Smart-Wall-LED-Light-Magic-Mirror-Display-with-Touchscreen-for-Hotel_Home-China-Touch-Screen-Mirror-and-LCD-Ad-Player-price-1.jpg\" class=\"attachment- size-\" alt=\"Espejo inteligente para ba\u00f1o, espejo m\u00e1gico con luz LED y pantalla t\u00e1ctil de China, funci\u00f3n meteorol\u00f3gica inteligente\" title=\"\">\t\t\t\t\t\t\t\t\t\t\t<\/div>\n\t\t\t<\/a>\t\t<\/div>\n\n\t\t<div class=\"box-text text-center\" >\n\t\t\t<div class=\"box-text-inner\">\n\t\t\t\t\n<p>Control de voz integrado, <a href=\"https:\/\/moposanitaryware.com\/es\/categoria-producto\/mirror\/\">Espejo inteligente<\/a>\u00a0le brinda acceso completo para controlar contenidos de m\u00fasica\/video y electrodom\u00e9sticos por voz. Tambi\u00e9n mediante el tacto o la voz, puede controlar todos los electrodom\u00e9sticos inteligentes en el Smart Miror, la iluminaci\u00f3n del hogar, la m\u00fasica, el purificador de aire y el calentador, todo con un solo toque\/comando de voz. Noticias, clima, tr\u00e1fico y calendario, todo a la vista en el <a href=\"https:\/\/moposanitaryware.com\/es\/categoria-producto\/mirror\/\">Espejo inteligente<\/a>\u00a0para ti, tambi\u00e9n env\u00eda recordatorios diarios de tus actividades al aire libre.<\/p>\n\t\t\t<\/div>\n\t\t<\/div>\n\t<\/div>\n\t\n\t\t<\/div>\n\t\t\t\t\t<\/div>\n\n\t\n\n\t<div id=\"col-2058118580\" class=\"col medium-4 small-12 large-4\"  >\n\t\t\t\t<div class=\"col-inner\"  >\n\t\t\t\n\t\t\t\n\t<div class=\"box has-hover   has-hover box-text-bottom\" >\n\n\t\t<div class=\"box-image\" >\n\t\t\t<a href=\"https:\/\/moposanitaryware.com\/es\/categoria-producto\/mirror\/\" >\t\t\t<div class=\"\" >\n\t\t\t\t<img loading=\"lazy\" decoding=\"async\" width=\"600\" height=\"375\" src=\"https:\/\/moposanitaryware.com\/wp-content\/uploads\/2021\/06\/China-Bathroom-Smart-Wall-LED-Light-Magic-Mirror-Display-with-Touchscreen-for-Hotel_Home-China-Touch-Screen-Mirror-and-LCD-Ad-Player-price-2.jpg\" class=\"attachment- size-\" alt=\"Espejo inteligente para ba\u00f1o, espejo m\u00e1gico con pantalla t\u00e1ctil y luz LED, sistema de usuario inteligente\" title=\"\">\t\t\t\t\t\t\t\t\t\t\t<\/div>\n\t\t\t<\/a>\t\t<\/div>\n\n\t\t<div class=\"box-text text-center\" >\n\t\t\t<div class=\"box-text-inner\">\n\t\t\t\t\n<p>El espejo de maquillaje iluminado montado en la pared antivaho y sin fugas de luz tiene un bot\u00f3n antivaho \u00fanico, que ser\u00e1 efectivo dentro de los 3 segundos posteriores a la apertura. La funci\u00f3n antivaho incorporada significa que no es necesario tratar frecuentemente el espejo con un spray antivaho ni enjuagar varias veces por ducha. Al mismo tiempo, se agrega una cinta a prueba de fugas alrededor del espejo de tocador LED para evitar fugas de luz.<\/p>\n\t\t\t<\/div>\n\t\t<\/div>\n\t<\/div>\n\t\n\t\t<\/div>\n\t\t\t\t\t<\/div>\n\n\t\n\n\t<div id=\"col-572450806\" class=\"col medium-4 small-12 large-4\"  >\n\t\t\t\t<div class=\"col-inner\"  >\n\t\t\t\n\t\t\t\n\t<div class=\"box has-hover   has-hover box-text-bottom\" >\n\n\t\t<div class=\"box-image\" >\n\t\t\t<a href=\"https:\/\/moposanitaryware.com\/es\/categoria-producto\/mirror\/\" >\t\t\t<div class=\"\" >\n\t\t\t\t<img loading=\"lazy\" decoding=\"async\" width=\"600\" height=\"375\" src=\"https:\/\/moposanitaryware.com\/wp-content\/uploads\/2021\/06\/China-Bathroom-Smart-Wall-LED-Light-Magic-Mirror-Display-with-Touchscreen-for-Hotel_Home-China-Touch-Screen-Mirror-and-LCD-Ad-Player-price-3.jpg\" class=\"attachment- size-\" alt=\"Espejo inteligente para ba\u00f1o, espejo m\u00e1gico con luz LED y pantalla t\u00e1ctil de China, materiales polim\u00e9ricos inteligentes\" title=\"\">\t\t\t\t\t\t\t\t\t\t\t<\/div>\n\t\t\t<\/a>\t\t<\/div>\n\n\t\t<div class=\"box-text text-center\" >\n\t\t\t<div class=\"box-text-inner\">\n\t\t\t\t\n<p>Materiales y dise\u00f1o excelentes: hecho de espejo plateado sin cobre, respetuoso con el medio ambiente, HD de 5 mm, sin parpadeo, sin rayos UV. El dise\u00f1o exterior cl\u00e1sico moderno hace que su ba\u00f1o luzca m\u00e1s fresco y lujoso. M\u00e1s de 50.000 horas de vida \u00fatil, perfecto para ba\u00f1o, dormitorio como maquillaje o decoraci\u00f3n de iluminaci\u00f3n.<\/p>\n\t\t\t<\/div>\n\t\t<\/div>\n\t<\/div>\n\t\n\t\t<\/div>\n\t\t\t\t\t<\/div>\n\n\t\n<\/div>\n<div class=\"row\"  id=\"row-945982004\">\n\n\t<div id=\"col-796435022\" class=\"col medium-6 small-12 large-6\"  >\n\t\t\t\t<div class=\"col-inner\"  >\n\t\t\t\n\t\t\t\n<div class=\"container section-title-container\" ><h3 class=\"section-title section-title-normal\"><b><\/b><span class=\"section-title-main\" >envianos un email<\/span><b><\/b><\/h3><\/div>\n<p>Si est\u00e1 interesado en nuestros productos y desea conocer m\u00e1s detalles, deje un mensaje aqu\u00ed, le responderemos lo antes posible.<\/p>\n\n<div class=\"wpcf7 no-js\" id=\"wpcf7-f13-o1\" lang=\"en-US\" dir=\"ltr\" data-wpcf7-id=\"13\">\n<div class=\"screen-reader-response\"><p role=\"status\" aria-live=\"polite\" aria-atomic=\"true\"><\/p> <ul><\/ul><\/div>\n<form action=\"\/es\/wp-json\/wp\/v2\/product\/1704#wpcf7-f13-o1\" method=\"post\" class=\"wpcf7-form init\" aria-label=\"Contact form\" novalidate=\"novalidate\" data-status=\"init\" data-trp-original-action=\"\/es\/wp-json\/wp\/v2\/product\/1704#wpcf7-f13-o1\">\n<fieldset class=\"hidden-fields-container\"><input type=\"hidden\" name=\"_wpcf7\" value=\"13\" \/><input type=\"hidden\" name=\"_wpcf7_version\" value=\"6.1.1\" \/><input type=\"hidden\" name=\"_wpcf7_locale\" value=\"en_US\" \/><input type=\"hidden\" name=\"_wpcf7_unit_tag\" value=\"wpcf7-f13-o1\" \/><input type=\"hidden\" name=\"_wpcf7_container_post\" value=\"0\" \/><input type=\"hidden\" name=\"_wpcf7_posted_data_hash\" value=\"\" \/><input type=\"hidden\" name=\"_wpcf7_recaptcha_response\" value=\"\" \/>\n<\/fieldset>\n<div class=\"form-flat\">\n\t<p><span class=\"wpcf7-form-control-wrap\" data-name=\"your-name\"><input size=\"40\" maxlength=\"400\" class=\"wpcf7-form-control wpcf7-text wpcf7-validates-as-required\" aria-required=\"true\" aria-invalid=\"false\" placeholder=\"Tu nombre (requerido)\" value=\"\" type=\"text\" name=\"your-name\" \/><\/span><br \/>\n<span class=\"wpcf7-form-control-wrap\" data-name=\"your-email\"><input size=\"40\" maxlength=\"400\" class=\"wpcf7-form-control wpcf7-email wpcf7-validates-as-required wpcf7-text wpcf7-validates-as-email\" aria-required=\"true\" aria-invalid=\"false\" placeholder=\"Tu Email (requerido)\" value=\"\" type=\"email\" name=\"your-email\" \/><\/span>\n\t<\/p>\n\t<p><span class=\"wpcf7-form-control-wrap\" data-name=\"your-tels\"><input size=\"40\" maxlength=\"400\" class=\"wpcf7-form-control wpcf7-tel wpcf7-text wpcf7-validates-as-tel\" aria-invalid=\"false\" placeholder=\"Tu Tel (Opcional)\" value=\"\" type=\"tel\" name=\"your-tels\" \/><\/span>\n\t<\/p>\n\t<p><span class=\"wpcf7-form-control-wrap\" data-name=\"your-message\"><textarea cols=\"40\" rows=\"10\" maxlength=\"2000\" class=\"wpcf7-form-control wpcf7-textarea\" aria-invalid=\"false\" placeholder=\"Para obtener el mejor resultado, recomendamos incluir los siguientes detalles:-Autopresentaci\u00f3n-Art\u00edculos o servicios requeridos-Cantidad requerida\" name=\"your-message\"><\/textarea><\/span>\n\t<\/p>\n\t<p>Consulta de trabajo:*<br \/>\n<span class=\"wpcf7-form-control-wrap\" data-name=\"checkbox\"><span class=\"wpcf7-form-control wpcf7-checkbox wpcf7-validates-as-required wpcf7-exclusive-checkbox\"><span class=\"wpcf7-list-item first\"><label><input type=\"checkbox\" name=\"checkbox\" value=\"Quotation\" \/><span class=\"wpcf7-list-item-label\">Cotizaci\u00f3n<\/span><\/label><\/span><span class=\"wpcf7-list-item\"><label><input type=\"checkbox\" name=\"checkbox\" value=\"Catalog\" \/><span class=\"wpcf7-list-item-label\">Catalogar<\/span><\/label><\/span><span class=\"wpcf7-list-item\"><label><input type=\"checkbox\" name=\"checkbox\" value=\"Service Support\" \/><span class=\"wpcf7-list-item-label\">Servicio de ayuda<\/span><\/label><\/span><span class=\"wpcf7-list-item\"><label><input type=\"checkbox\" name=\"checkbox\" value=\"Project\" \/><span class=\"wpcf7-list-item-label\">Proyecto<\/span><\/label><\/span><span class=\"wpcf7-list-item last\"><label><input type=\"checkbox\" name=\"checkbox\" value=\"I am interested in becoming an agent\" \/><span class=\"wpcf7-list-item-label\">Estoy interesado en ser agente.<\/span><\/label><\/span><\/span><\/span><br \/>\n<input class=\"wpcf7-form-control wpcf7-submit has-spinner button\" type=\"submit\" value=\"Entregar\" \/>\n\t<\/p>\n<\/div><div class=\"wpcf7-response-output\" aria-hidden=\"true\"><\/div>\n<input type=\"hidden\" name=\"trp-form-language\" value=\"es\"\/><\/form>\n<\/div>\n\n\t\t<\/div>\n\t\t\t\t\t<\/div>\n\n\t\n\n\t<div id=\"col-170578623\" class=\"col medium-6 small-12 large-6\"  >\n\t\t\t\t<div class=\"col-inner\"  >\n\t\t\t\n\t\t\t\n<div class=\"container section-title-container\" ><h3 class=\"section-title section-title-normal\"><b><\/b><span class=\"section-title-main\" >CONT\u00c1CTENOS<\/span><b><\/b><\/h3><\/div>\n<p>Si tiene alguna pregunta sobre alguno de nuestros productos, o necesita ponerse en contacto con nosotros por cualquier otro motivo, complete este formulario a continuaci\u00f3n y nos comunicaremos con usted lo antes posible.<\/p>\n<p><strong>Ll\u00e1manos:<\/strong> <a href=\"http:\/\/+86 18675762929\" rel=\"nofollow\">+8618675762929<\/a><br \/>\n<strong>Env\u00edanos un correo electr\u00f3nico<\/strong>:\u00a0\u00a0<a href=\"mailto:info@mopochina.com\">info@mopochina.com<\/a><\/p>\n<p><strong>Skype\u00a0<\/strong>: <a href=\"skype:Sanitwell Shen?chat\">jiawei cheng<\/a><\/p>\n<p><strong>Direcciones<\/strong> : B1, n\u00ba 10<sup>th<\/sup>, Mundo de la Cer\u00e1mica Yingkeyijia, 4<sup>th<\/sup>\u00a0Jihua Road, Chancheng, Foshan, 528 000, Guangdong, China<\/p>\n<p><strong>BASE DE PRODUCCI\u00d3N :<\/strong>\u00a0Pa\u00eds de Chaoan, ciudad de Chaozhou, provincia de Guangdong<\/p>\n<p><strong>Enlace amistoso:<\/strong><br \/>\n<a href=\"https:\/\/moposanitaryware.com\/es\/?attachment_id=1683\">https:\/\/moposanitaryware.com<\/a><br \/>\n<a href=\"https:\/\/www.mopotoilet.com\" rel=\"nofollow noopener\" target=\"_blank\">https:\/\/www.mopotoilet.com<\/a><br \/>\n<a href=\"https:\/\/\/es\/www.mopofaucet.com\/\">https:www.mopofaucet.com<\/a><\/p>\n<div class=\"social-icons follow-icons full-width text-left\" ><span>S\u00edganos<\/span><a href=\"https:\/\/www.facebook.com\/MOPOCHINA\" target=\"_blank\" data-label=\"Facebook\" class=\"icon primary button circle facebook tooltip\" title=\"S\u00edguenos en Facebook\" aria-label=\"S\u00edguenos en Facebook\" rel=\"noopener nofollow\"><i class=\"icon-facebook\" ><\/i><\/a><a href=\"https:\/\/www.instagram.com\/mopotoilet\/\" target=\"_blank\" data-label=\"Instagram\" class=\"icon primary button circle instagram tooltip\" title=\"S\u00edguenos en Instagram\" aria-label=\"S\u00edguenos en Instagram\" rel=\"noopener nofollow\"><i class=\"icon-instagram\" ><\/i><\/a><a href=\"https:\/\/twitter.com\/mopotoilet\" data-label=\"Twitter\" target=\"_blank\" class=\"icon primary button circle twitter tooltip\" title=\"S\u00edguenos en Twitter\" aria-label=\"S\u00edguenos en Twitter\" rel=\"noopener nofollow\"><i class=\"icon-twitter\" ><\/i><\/a><a href=\"mailto:info@mopochina.com\" data-label=\"E-mail\" target=\"_blank\" class=\"icon primary button circle email tooltip\" title=\"Env\u00edanos un correo electr\u00f3nico\" aria-label=\"Env\u00edanos un correo electr\u00f3nico\" rel=\"nofollow noopener\" ><i class=\"icon-envelop\" ><\/i><\/a><a href=\"https:\/\/www.linkedin.com\/company\/mopo-sanitary-ware\/\" data-label=\"LinkedIn\" target=\"_blank\" class=\"icon primary button circle linkedin tooltip\" title=\"S\u00edguenos en LinkedIn\" aria-label=\"S\u00edguenos en LinkedIn\" rel=\"noopener nofollow\"><i class=\"icon-linkedin\" ><\/i><\/a><a href=\"https:\/\/www.youtube.com\/c\/mopochina\/featured\" data-label=\"YouTube\" target=\"_blank\" class=\"icon primary button circle youtube tooltip\" title=\"S\u00edguenos en Youtube\" aria-label=\"S\u00edguenos en Youtube\" rel=\"noopener nofollow\"><i class=\"icon-youtube\" ><\/i><\/a><\/div>\n\t\t<\/div>\n\t\t\t\t\t<\/div>\n\n\t\n<\/div>","protected":false},"excerpt":{"rendered":"<p>Nombre de la marca: <a href=\"#brave_open_popup_688\">MOPO\u00ae<\/a><br \/>\nNombre del producto: Ba\u00f1o <a href=\"https:\/\/moposanitaryware.com\/es\/shop\/mirrors\/\">Espejo inteligente<\/a><br \/>\nN\u00famero de modelo: Serie MP-SM100<br \/>\nMaterial: vidrio templado\/aleaci\u00f3n de metal<br \/>\nTama\u00f1o: 24\/28\/36\/48 pulgadas (opcional)<br \/>\nColores: Cromo\/Negro\/Oro\/Oro rosa<br \/>\nTipo de instalaci\u00f3n: Montado en la pared<br \/>\nUso: Maquillaje Decoraci\u00f3n del Cuarto de Ba\u00f1o<\/p>\n\t<a class=\"paoc-popup-click paoc-popup-cust-337 paoc-popup-button paoc-popup-btn\" href=\"javascript:void(0);\">Solicitar presupuesto<\/a>\r\n\u00a0 \u00a0 \u00a0<a href=\"https:\/\/api.whatsapp.com\/send?phone=8618675762929\"><img loading=\"lazy\" decoding=\"async\" class=\"alignnone wp-image-6698\" src=\"https:\/\/moposanitaryware.com\/wp-content\/uploads\/WhatsApp.png\" alt=\"\" width=\"140\" height=\"33\" srcset=\"https:\/\/moposanitaryware.com\/wp-content\/uploads\/WhatsApp.png 546w, https:\/\/moposanitaryware.com\/wp-content\/uploads\/WhatsApp-18x4.png 18w\" sizes=\"auto, (max-width: 140px) 100vw, 140px\" \/><\/a><\/p>","protected":false},"featured_media":1667,"template":"","meta":{"_acf_changed":false},"product_brand":[],"product_cat":[15,36,109],"product_tag":[134,133],"class_list":{"0":"post-1704","1":"product","2":"type-product","3":"status-publish","4":"has-post-thumbnail","6":"product_cat-see-all-categories","7":"product_cat-mirror","8":"product_cat-smart-mirror","9":"product_tag-bathroom-mirror","10":"product_tag-smart-mirror","12":"first","13":"instock","14":"shipping-taxable","15":"product-type-simple"},"acf":[],"_links":{"self":[{"href":"https:\/\/moposanitaryware.com\/es\/wp-json\/wp\/v2\/product\/1704","targetHints":{"allow":["GET"]}}],"collection":[{"href":"https:\/\/moposanitaryware.com\/es\/wp-json\/wp\/v2\/product"}],"about":[{"href":"https:\/\/moposanitaryware.com\/es\/wp-json\/wp\/v2\/types\/product"}],"wp:featuredmedia":[{"embeddable":true,"href":"https:\/\/moposanitaryware.com\/es\/wp-json\/wp\/v2\/media\/1667"}],"wp:attachment":[{"href":"https:\/\/moposanitaryware.com\/es\/wp-json\/wp\/v2\/media?parent=1704"}],"wp:term":[{"taxonomy":"product_brand","embeddable":true,"href":"https:\/\/moposanitaryware.com\/es\/wp-json\/wp\/v2\/product_brand?post=1704"},{"taxonomy":"product_cat","embeddable":true,"href":"https:\/\/moposanitaryware.com\/es\/wp-json\/wp\/v2\/product_cat?post=1704"},{"taxonomy":"product_tag","embeddable":true,"href":"https:\/\/moposanitaryware.com\/es\/wp-json\/wp\/v2\/product_tag?post=1704"}],"curies":[{"name":"wp","href":"https:\/\/api.w.org\/{rel}","templated":true}]}}