{"id":11983,"date":"2025-08-22T09:07:02","date_gmt":"2025-08-22T09:07:02","guid":{"rendered":"https:\/\/moposanitaryware.com\/brush-golden-finished-solid-brass-three-holes-deck-mounted-hot-and-cold-bathroom-basin-faucets\/"},"modified":"2025-08-22T09:07:20","modified_gmt":"2025-08-22T09:07:20","slug":"brush-golden-finished-solid-brass-three-holes-deck-mounted-hot-and-cold-bathroom-basin-faucets","status":"publish","type":"product","link":"https:\/\/moposanitaryware.com\/es\/brush-golden-finished-solid-brass-three-holes-deck-mounted-hot-and-cold-bathroom-basin-faucets\/","title":{"rendered":"Grifos de lavabo de ba\u00f1o de lat\u00f3n macizo con acabado dorado cepillado, con tres orificios, para montaje en cubierta, con agua caliente y fr\u00eda."},"content":{"rendered":"","protected":false},"excerpt":{"rendered":"<table style=\"font-size: 14.4px; height: 329px;\" width=\"567\">\n<tbody>\n<tr>\n<td width=\"163\">Nombre de la marca:<\/td>\n<td width=\"334\"><a href=\"https:\/\/mopochina.com\/\">MOPO<\/a><\/td>\n<\/tr>\n<tr>\n<td width=\"163\">Nombre del producto:<\/td>\n<td width=\"334\"><a href=\"https:\/\/mopochina.com\/product-category\/faucets\/basin-faucet\/\">Grifos para lavabo de ba\u00f1o<\/a><\/td>\n<\/tr>\n<tr>\n<td width=\"163\">C\u00f3digo:<\/td>\n<td width=\"334\">MP-BF-0632<\/td>\n<\/tr>\n<tr>\n<td width=\"163\">Tipo de grifo:<\/td>\n<td width=\"334\"><a href=\"https:\/\/mopochina.com\/product-category\/faucets\/\">Grifos de un solo orificio\/lavabo<\/a><\/td>\n<\/tr>\n<tr>\n<td width=\"163\">Material primario:<\/td>\n<td width=\"334\">59 Nivel A Lat\u00f3n\/Acero inoxidable\/ABS<\/td>\n<\/tr>\n<tr>\n<td width=\"163\">Acabado superficial:<\/td>\n<td width=\"334\">Galvanoplastia 7-12 um N\u00edquel + 2-5 um Cromo<\/td>\n<\/tr>\n<tr>\n<td width=\"163\">Material del n\u00facleo de la v\u00e1lvula:<\/td>\n<td width=\"334\">Cer\u00e1mica\/Lat\u00f3n<\/td>\n<\/tr>\n<tr>\n<td width=\"163\">Durabilidad:<\/td>\n<td width=\"334\">Resistente al \u00f3xido\/ Resistente a los ara\u00f1azos\/ Resistente a las manchas<\/td>\n<\/tr>\n<tr>\n<td width=\"163\">Color:<\/td>\n<td width=\"334\">Cepillado\/Dorado\/Negro\/Plateado\/Cromo<\/td>\n<\/tr>\n<tr>\n<td width=\"163\">Tama\u00f1o:<\/td>\n<td width=\"334\">36\u00d723,9x8 cm (El producto prevalecer\u00e1)<\/td>\n<\/tr>\n<tr>\n<td width=\"163\">Peso:<\/td>\n<td width=\"334\">2,9 kg (el producto prevalecer\u00e1)<\/td>\n<\/tr>\n<tr>\n<td width=\"163\">Tipo de instalaci\u00f3n<\/td>\n<td width=\"334\">Agujero \u00fanico\/Agujero m\u00faltiple<\/td>\n<\/tr>\n<tr>\n<td width=\"163\">Ubicaci\u00f3n de montaje:<\/td>\n<td width=\"334\">Montaje en escritorio<\/td>\n<\/tr>\n<\/tbody>\n<\/table>\n\t<a class=\"paoc-popup-click paoc-popup-cust-337 paoc-popup-button paoc-popup-btn\" href=\"javascript:void(0);\">Solicitar presupuesto<\/a>\r\n<a href=\"https:\/\/api.whatsapp.com\/send?phone=8618675762929\"><img loading=\"lazy\" decoding=\"async\" class=\"alignnone wp-image-6698\" src=\"https:\/\/mopochina.com\/wp-content\/uploads\/WhatsApp.png\" alt=\"\" width=\"140\" height=\"33\" srcset=\"https:\/\/moposanitaryware.com\/wp-content\/uploads\/WhatsApp.png 546w, https:\/\/moposanitaryware.com\/wp-content\/uploads\/WhatsApp-18x4.png 18w\" sizes=\"auto, (max-width: 140px) 100vw, 140px\" \/><\/a><\/p>","protected":false},"featured_media":11982,"template":"","meta":{"_acf_changed":false},"product_brand":[],"product_cat":[15,23,94],"product_tag":[],"class_list":{"0":"post-11983","1":"product","2":"type-product","3":"status-publish","4":"has-post-thumbnail","6":"product_cat-see-all-categories","7":"product_cat-faucets","8":"product_cat-basin-faucet","10":"first","11":"instock","12":"shipping-taxable","13":"product-type-simple"},"acf":[],"_links":{"self":[{"href":"https:\/\/moposanitaryware.com\/es\/wp-json\/wp\/v2\/product\/11983","targetHints":{"allow":["GET"]}}],"collection":[{"href":"https:\/\/moposanitaryware.com\/es\/wp-json\/wp\/v2\/product"}],"about":[{"href":"https:\/\/moposanitaryware.com\/es\/wp-json\/wp\/v2\/types\/product"}],"wp:featuredmedia":[{"embeddable":true,"href":"https:\/\/moposanitaryware.com\/es\/wp-json\/wp\/v2\/media\/11982"}],"wp:attachment":[{"href":"https:\/\/moposanitaryware.com\/es\/wp-json\/wp\/v2\/media?parent=11983"}],"wp:term":[{"taxonomy":"product_brand","embeddable":true,"href":"https:\/\/moposanitaryware.com\/es\/wp-json\/wp\/v2\/product_brand?post=11983"},{"taxonomy":"product_cat","embeddable":true,"href":"https:\/\/moposanitaryware.com\/es\/wp-json\/wp\/v2\/product_cat?post=11983"},{"taxonomy":"product_tag","embeddable":true,"href":"https:\/\/moposanitaryware.com\/es\/wp-json\/wp\/v2\/product_tag?post=11983"}],"curies":[{"name":"wp","href":"https:\/\/api.w.org\/{rel}","templated":true}]}}