{"id":8494,"date":"2025-03-07T02:56:33","date_gmt":"2025-03-07T02:56:33","guid":{"rendered":"https:\/\/moposanitaryware.com\/luxury-high-end-bathroom-chrome-brass-rain-shower-set-shower-set-6088\/"},"modified":"2025-03-07T02:56:40","modified_gmt":"2025-03-07T02:56:40","slug":"luxury-high-end-bathroom-chrome-brass-rain-shower-set-shower-set-6088","status":"publish","type":"product","link":"https:\/\/moposanitaryware.com\/de\/luxury-high-end-bathroom-chrome-brass-rain-shower-set-shower-set-6088\/","title":{"rendered":"Luxury high-end bathroom chrome brass rain shower set shower set 6088"},"content":{"rendered":"","protected":false},"excerpt":{"rendered":"<table style=\"font-size: 14.4px;\" width=\"567\">\n<tbody>\n<tr>\n<td width=\"163\">Markenname:<\/td>\n<td width=\"334\">MOPO<\/td>\n<\/tr>\n<tr>\n<td width=\"163\">Produktname:<\/td>\n<td width=\"334\"><a href=\"https:\/\/moposanitaryware.com\/de\/produkt-kategorie\/showers\/\">Duscharmaturen<\/a><\/td>\n<\/tr>\n<tr>\n<td width=\"163\">Artikelnummer:<\/td>\n<td width=\"334\">MP-C-S0109<\/td>\n<\/tr>\n<tr>\n<td width=\"163\">Prim\u00e4rmaterial:<\/td>\n<td width=\"334\">59 A-Level Messing\/Stahl\/ABS<\/td>\n<\/tr>\n<tr>\n<td width=\"163\">Oberfl\u00e4che fertig:<\/td>\n<td width=\"334\">Galvanisieren 7-12 um Nickel + 2-5 um Chrom<\/td>\n<\/tr>\n<tr>\n<td width=\"163\">Haltbarkeit:<\/td>\n<td width=\"334\">Rostbest\u00e4ndig; Anlaufbest\u00e4ndig; Fleckenbest\u00e4ndig<\/td>\n<\/tr>\n<tr>\n<td width=\"163\">Farbe:<\/td>\n<td width=\"334\">Schwarz\/Chrom\/Gunmetal-Grau<\/td>\n<\/tr>\n<tr>\n<td width=\"163\">Gr\u00f6\u00dfe:<\/td>\n<td width=\"334\">25.5\u00d7129.6x18cm<\/td>\n<\/tr>\n<tr>\n<td width=\"163\">Gewicht:<\/td>\n<td width=\"334\">4.6KG<\/td>\n<\/tr>\n<tr>\n<td width=\"163\">Steuerungstyp:<\/td>\n<td width=\"334\">Single Handle Double Controls<\/td>\n<\/tr>\n<tr>\n<td width=\"163\">Montageort:<\/td>\n<td width=\"334\">Wandmontage<\/td>\n<\/tr>\n<\/tbody>\n<\/table>\n\t<a class=\"paoc-popup-click paoc-popup-cust-337 paoc-popup-button paoc-popup-btn\" href=\"javascript:void(0);\">Angebot anfordern<\/a>\r\n\u00a0 \u00a0 \u00a0<a href=\"https:\/\/api.whatsapp.com\/send?phone=8618675762929\"><img loading=\"lazy\" decoding=\"async\" class=\"alignnone wp-image-6698\" src=\"https:\/\/moposanitaryware.com\/wp-content\/uploads\/WhatsApp.png\" alt=\"\" width=\"140\" height=\"41\" \/><\/a><\/p>","protected":false},"featured_media":8493,"template":"","meta":{"_acf_changed":false},"product_brand":[],"product_cat":[15,56],"product_tag":[],"class_list":{"0":"post-8494","1":"product","2":"type-product","3":"status-publish","4":"has-post-thumbnail","6":"product_cat-see-all-categories","7":"product_cat-showers","9":"first","10":"instock","11":"shipping-taxable","12":"product-type-simple"},"acf":[],"_links":{"self":[{"href":"https:\/\/moposanitaryware.com\/de\/wp-json\/wp\/v2\/product\/8494","targetHints":{"allow":["GET"]}}],"collection":[{"href":"https:\/\/moposanitaryware.com\/de\/wp-json\/wp\/v2\/product"}],"about":[{"href":"https:\/\/moposanitaryware.com\/de\/wp-json\/wp\/v2\/types\/product"}],"wp:featuredmedia":[{"embeddable":true,"href":"https:\/\/moposanitaryware.com\/de\/wp-json\/wp\/v2\/media\/8493"}],"wp:attachment":[{"href":"https:\/\/moposanitaryware.com\/de\/wp-json\/wp\/v2\/media?parent=8494"}],"wp:term":[{"taxonomy":"product_brand","embeddable":true,"href":"https:\/\/moposanitaryware.com\/de\/wp-json\/wp\/v2\/product_brand?post=8494"},{"taxonomy":"product_cat","embeddable":true,"href":"https:\/\/moposanitaryware.com\/de\/wp-json\/wp\/v2\/product_cat?post=8494"},{"taxonomy":"product_tag","embeddable":true,"href":"https:\/\/moposanitaryware.com\/de\/wp-json\/wp\/v2\/product_tag?post=8494"}],"curies":[{"name":"wp","href":"https:\/\/api.w.org\/{rel}","templated":true}]}}