{"id":8359,"date":"2025-03-06T07:12:28","date_gmt":"2025-03-06T07:12:28","guid":{"rendered":"https:\/\/moposanitaryware.com\/brass-brushed-gold-basin-faucet-concealed-wall-mounted-hot-cold-water-mixer-brushed-gold-basin-taps\/"},"modified":"2025-03-06T07:12:33","modified_gmt":"2025-03-06T07:12:33","slug":"brass-brushed-gold-basin-faucet-concealed-wall-mounted-hot-cold-water-mixer-brushed-gold-basin-taps","status":"publish","type":"product","link":"https:\/\/moposanitaryware.com\/de\/brass-brushed-gold-basin-faucet-concealed-wall-mounted-hot-cold-water-mixer-brushed-gold-basin-taps\/","title":{"rendered":"Brass Brushed Gold Basin Faucet Concealed Wall Mounted Hot Cold Water Mixer Brushed Gold Basin Taps"},"content":{"rendered":"","protected":false},"excerpt":{"rendered":"<table style=\"font-size: 14.4px; height: 329px;\" width=\"567\">\n<tbody>\n<tr>\n<td width=\"163\">Markenname:<\/td>\n<td width=\"334\"><a href=\"https:\/\/moposanitaryware.com\/de\/\">MOPO<\/a>\u00ae<\/td>\n<\/tr>\n<tr>\n<td width=\"163\">Produktname:<\/td>\n<td width=\"334\"><a href=\"https:\/\/moposanitaryware.com\/de\/produkt-kategorie\/faucets\/\">Badezimmerarmaturen<\/a><\/td>\n<\/tr>\n<tr>\n<td width=\"163\">Artikelnummer:<\/td>\n<td width=\"334\">MP-F290-043<\/td>\n<\/tr>\n<tr>\n<td width=\"163\">Prim\u00e4rmaterial:<\/td>\n<td width=\"334\">59 A-Level Messing\/Stahl\/ABS<\/td>\n<\/tr>\n<tr>\n<td width=\"163\">Oberfl\u00e4che fertig:<\/td>\n<td width=\"334\">Galvanisieren 7-12 um Nickel + 2-5 um Chrom<\/td>\n<\/tr>\n<tr>\n<td width=\"163\">Haltbarkeit:<\/td>\n<td width=\"334\">Rostbest\u00e4ndig; Anlaufbest\u00e4ndig; Fleckenbest\u00e4ndig<\/td>\n<\/tr>\n<tr>\n<td width=\"163\">Farbe:<\/td>\n<td width=\"334\">Schwarz\/Chrom\/Gold\/Gunmetal-Grau<\/td>\n<\/tr>\n<tr>\n<td width=\"163\">Gr\u00f6\u00dfe:<\/td>\n<td width=\"334\">36x25x8cm<\/td>\n<\/tr>\n<tr>\n<td width=\"163\">Gewicht:<\/td>\n<td width=\"334\">2,6 kg<\/td>\n<\/tr>\n<tr>\n<td width=\"163\">Installationstyp<\/td>\n<td width=\"334\"><a href=\"https:\/\/moposanitaryware.com\/de\/produkt\/bathroom-faucet\/\">\u00a0Waschbecken Wasserhahn<\/a><\/td>\n<\/tr>\n<tr>\n<td width=\"163\">Montageort:<\/td>\n<td width=\"334\">Tischhalterung<\/td>\n<\/tr>\n<\/tbody>\n<\/table>\n\t<a class=\"paoc-popup-click paoc-popup-cust-337 paoc-popup-button paoc-popup-btn\" href=\"javascript:void(0);\">Angebot anfordern<\/a>\r\n\u00a0 \u00a0 \u00a0<a href=\"https:\/\/api.whatsapp.com\/send?phone=8618675762929\"><img loading=\"lazy\" decoding=\"async\" class=\"alignnone wp-image-6698\" src=\"https:\/\/moposanitaryware.com\/wp-content\/uploads\/WhatsApp.png\" alt=\"\" width=\"140\" height=\"85\" \/><\/a><\/p>","protected":false},"featured_media":8358,"template":"","meta":{"_acf_changed":false},"product_brand":[],"product_cat":[15,23],"product_tag":[],"class_list":{"0":"post-8359","1":"product","2":"type-product","3":"status-publish","4":"has-post-thumbnail","6":"product_cat-see-all-categories","7":"product_cat-faucets","9":"first","10":"instock","11":"shipping-taxable","12":"product-type-simple"},"acf":[],"_links":{"self":[{"href":"https:\/\/moposanitaryware.com\/de\/wp-json\/wp\/v2\/product\/8359","targetHints":{"allow":["GET"]}}],"collection":[{"href":"https:\/\/moposanitaryware.com\/de\/wp-json\/wp\/v2\/product"}],"about":[{"href":"https:\/\/moposanitaryware.com\/de\/wp-json\/wp\/v2\/types\/product"}],"wp:featuredmedia":[{"embeddable":true,"href":"https:\/\/moposanitaryware.com\/de\/wp-json\/wp\/v2\/media\/8358"}],"wp:attachment":[{"href":"https:\/\/moposanitaryware.com\/de\/wp-json\/wp\/v2\/media?parent=8359"}],"wp:term":[{"taxonomy":"product_brand","embeddable":true,"href":"https:\/\/moposanitaryware.com\/de\/wp-json\/wp\/v2\/product_brand?post=8359"},{"taxonomy":"product_cat","embeddable":true,"href":"https:\/\/moposanitaryware.com\/de\/wp-json\/wp\/v2\/product_cat?post=8359"},{"taxonomy":"product_tag","embeddable":true,"href":"https:\/\/moposanitaryware.com\/de\/wp-json\/wp\/v2\/product_tag?post=8359"}],"curies":[{"name":"wp","href":"https:\/\/api.w.org\/{rel}","templated":true}]}}