{"id":8153,"date":"2025-02-28T04:07:25","date_gmt":"2025-02-28T04:07:25","guid":{"rendered":"https:\/\/moposanitaryware.com\/spa-tubs-sauna-rooms-portable-steam-sauna-portable-indoor-sauna-electric-heater\/"},"modified":"2025-02-28T04:07:37","modified_gmt":"2025-02-28T04:07:37","slug":"spa-tubs-sauna-rooms-portable-steam-sauna-portable-indoor-sauna-electric-heater","status":"publish","type":"product","link":"https:\/\/moposanitaryware.com\/de\/spa-tubs-sauna-rooms-portable-steam-sauna-portable-indoor-sauna-electric-heater\/","title":{"rendered":"Spa Tubs Sauna Rooms Portable Steam Sauna Portable Indoor Sauna Electric Heater"},"content":{"rendered":"<div class=\"row align-center\"  id=\"row-1102401302\">\n\n\t<div id=\"col-6812658\" class=\"col medium-11 small-12 large-11\"  data-animate=\"fadeInUp\">\n\t\t\t\t<div class=\"col-inner text-center\"  >\n\t\t\t\n\t\t\t\n<h1 style=\"text-align: center;\"><a href=\"https:\/\/moposanitaryware.com\/de\/shop\/massage-bathtubs\/\">Massagebadewannen<\/a> und <a href=\"https:\/\/moposanitaryware.com\/de\/produkt-kategorie\/steam-room\/\">Dampfraum<\/a> und <a href=\"https:\/\/moposanitaryware.com\/de\/produkt-kategorie\/sauna\/\">Sauna<\/a><\/h1>\n<p><a href=\"https:\/\/moposanitaryware.com\/de\/produkt-kategorie\/massage-bathtubs\/\">Massagewannen. Mit unseren Luftb\u00e4dern, Whirlpoolwannen<\/a>, <a href=\"https:\/\/moposanitaryware.com\/de\/produkt-kategorie\/steam-room\/\">und Kombinationsmassagewannen<\/a>, jemand, der gerne ein bisschen Zeit f\u00fcr sich selbst hat und jemand, der \u00f6fter duscht als badet. Meistens ist die Badewanne das Herzst\u00fcck Ihres Badezimmers. Deshalb legen wir gro\u00dfen Wert darauf, B\u00e4der zu schaffen, die umwerfend aussehen. So k\u00f6nnen Sie zu Hause ein Spa-\u00e4hnliches Erlebnis schaffen. <a href=\"https:\/\/moposanitaryware.com\/de\/produkt-kategorie\/bathtubs\/\">Durchsuchen Sie unsere Kollektion an Massagebadewannen<\/a>.<\/p>\n<a href=\"https:\/\/moposanitaryware.com\/de\/produkt-kategorie\/faucets\/\" class=\"button secondary is-underline lowercase\"  >\n\t\t<span>Alles erkunden<\/span>\n\t<i class=\"icon-menu\" aria-hidden=\"true\" ><\/i><\/a>\n\n\t\t<\/div>\n\t\t\t\t\t<\/div>\n\n\t\n<\/div>\n<h2 style=\"text-align: center;\"><a href=\"https:\/\/moposanitaryware.com\/de\/produkt-kategorie\/steam-room\/\">Luxur SPA Sauna Room Manufacturer<\/a><\/h2>\n<p>15 years experience in making saunas. Wood material uses imported high-quality wood, wood types are red cedar, hemlock, white poplar, white pine and so on can for customer to choose, familiar hand-made experience, each process has strict quality control, every detail of the product is handled perfectly.<br \/>sauna room style is luxurious and concise, with different shapes and sizes, providing customized services, can create customized products for customers. There are infrared heating, sauna stove heating, the use of sauna room can let you detoxify, make you health beauty, make your body more and more energetic, more and more healthy.<\/p>\n<p>Dampfb\u00e4der und Saunen haben besondere gesundheitliche Vorteile. Dazu geh\u00f6ren: Beseitigung von Verstopfungen, Verbesserung der Hautgesundheit, Senkung des Blutdrucks, Verbesserung der Durchblutung, Erholung nach dem Training, Entspannung, Verringerung der Gelenksteifheit.<\/p>\n<p>Vorsicht: Trinken Sie keinen Alkohol. Die hohe Hitze im Dampfbad kann Ihr Dehydrierungsrisiko erh\u00f6hen. Vermeiden Sie unbedingt Alkohol und trinken Sie viel Wasser. Gehen Sie nicht ins Dampfbad, wenn Sie krank sind. Die W\u00e4rme und Feuchtigkeit in Dampfb\u00e4dern kann das Bakterienwachstum f\u00f6rdern. Wenn Sie eine bakterielle Hautinfektion haben, benutzen Sie kein \u00f6ffentliches Dampfbad, bis die Infektion abgeklungen ist.<\/p>\n<div class=\"row\"  id=\"row-124325232\">\n\n\t<div id=\"col-700079589\" class=\"col medium-4 small-12 large-4\"  >\n\t\t\t\t<div class=\"col-inner\"  >\n\t\t\t\n\t\t\t\n<h3>Natural wood<\/h3>\n<p>MOPO, the wood used in sauna all imported overseas. All the wood we selected is top A grade, the wood quality can show out by its color difference, knots, lines, etc. High quality wood can produced high quality and nice sauna room.\u00a0<\/p>\n\t\t<\/div>\n\t\t\t\t\t<\/div>\n\n\t\n\n\t<div id=\"col-352068300\" class=\"col medium-4 small-12 large-4\"  >\n\t\t\t\t<div class=\"col-inner\"  >\n\t\t\t\n\t\t\t\n<h3>Colorful LED Light<\/h3>\n<p>Sauna room LED light color is available. Color can be changed by red, green, blue and gradient. Colorful light also have the phototherapy to bring the health to the body visual enjoyment.<\/p>\n\t\t<\/div>\n\t\t\t\t\t<\/div>\n\n\t\n\n\t<div id=\"col-1036004550\" class=\"col medium-4 small-12 large-4\"  >\n\t\t\t\t<div class=\"col-inner\"  >\n\t\t\t\n\t\t\t\n<h3>Culture stone<\/h3>\n<p>The luxury sauna room is equipped with culture stone, including crystal stone, salt stone, white stone, and so on. Customers can choose their configurations according to their favorite then they can design a special sauna room for themselves.<\/p>\n\t\t<\/div>\n\t\t\t\t\t<\/div>\n\n\t\n<\/div>\n<div class=\"row\"  id=\"row-1857368456\">\n\n\t<div id=\"col-289933991\" class=\"col medium-4 small-12 large-4\"  >\n\t\t\t\t<div class=\"col-inner\"  >\n\t\t\t\n\t\t\t\n<h3>Sauna system<\/h3>\n<p>offers different Multi-function control system for customers to choose. Most systems with bluetooth, USB, FM, etc. entertainment features. In addition, the systems can also adjust temperature setting, led lamp color and timing. Different systems bring different experiences to each customer.<\/p>\n\t\t<\/div>\n\t\t\t\t\t<\/div>\n\n\t\n\n\t<div id=\"col-1902160950\" class=\"col medium-4 small-12 large-4\"  >\n\t\t\t\t<div class=\"col-inner\"  >\n\t\t\t\n\t\t\t\n<h3>Sauna stove<\/h3>\n<p>sauna room besides uses Chinese brand stable high quality sauna stove, also providing overseas famous sauna stove, like Harvia, SAWO and so on.<\/p>\n\t\t<\/div>\n\t\t\t\t\t<\/div>\n\n\t\n\n\t<div id=\"col-1651596219\" class=\"col medium-4 small-12 large-4\"  >\n\t\t\t\t<div class=\"col-inner\"  >\n\t\t\t\n\t\t\t\n<h3>Sauna room accessories\u00a0<\/h3>\n<p>sauna room equipped with sauna set, such as thermohygrometer, sandglass,sauna stone, cask spoon, lamp can for customer using.<\/p>\n\t\t<\/div>\n\t\t\t\t\t<\/div>\n\n\t\n<\/div>","protected":false},"excerpt":{"rendered":"<table>\n<tbody>\n<tr>\n<td width=\"112\">Marke:<\/td>\n<td width=\"455\">MOPO<\/td>\n<\/tr>\n<tr>\n<td width=\"112\">Name:<\/td>\n<td width=\"455\">Dampfbad, Massagebadewanne<\/td>\n<\/tr>\n<tr>\n<td width=\"112\">Modell:<\/td>\n<td width=\"455\">MP-SR-E06<\/td>\n<\/tr>\n<tr>\n<td width=\"112\">Material:<\/td>\n<td width=\"455\">Hemlock-Holz<\/td>\n<\/tr>\n<tr>\n<td width=\"112\">Musikfunktion:<\/td>\n<td width=\"455\">Bluetooth\/FM\/MP3\/WLAN\/USB<\/td>\n<\/tr>\n<tr>\n<td width=\"112\">Gewicht:<\/td>\n<td width=\"455\">70~115 kg<\/td>\n<\/tr>\n<tr>\n<td width=\"112\">Gr\u00f6\u00dfe:<\/td>\n<td width=\"455\">1800 x 1800 x 2100 mm<\/td>\n<\/tr>\n<tr>\n<td width=\"112\">Glasfarbe:<\/td>\n<td width=\"455\">Transparent<\/td>\n<\/tr>\n<tr>\n<td width=\"112\">Glasdicke:<\/td>\n<td width=\"455\">6 mm<\/td>\n<\/tr>\n<tr>\n<td width=\"112\">Farbe:<\/td>\n<td width=\"455\">Aluminiumlegierung<\/td>\n<\/tr>\n<tr>\n<td width=\"112\">Rockstil:<\/td>\n<td width=\"455\">Wei\u00df oder Sonderfarbe<\/td>\n<\/tr>\n<tr>\n<td width=\"112\">T\u00fcrstil:<\/td>\n<td width=\"455\">Zu \u00f6ffnende T\u00fcr<\/td>\n<\/tr>\n<\/tbody>\n<\/table>\n\t<a class=\"paoc-popup-click paoc-popup-cust-337 paoc-popup-button paoc-popup-btn\" href=\"javascript:void(0);\">Angebot anfordern<\/a>\r\n \u00a0\u00a0<a href=\"https:\/\/api.whatsapp.com\/send?phone=8618675762929\"><img loading=\"lazy\" decoding=\"async\" class=\"alignnone wp-image-6698\" src=\"https:\/\/moposanitaryware.com\/wp-content\/uploads\/WhatsApp.png\" alt=\"\" width=\"140\" height=\"33\" srcset=\"https:\/\/moposanitaryware.com\/wp-content\/uploads\/WhatsApp.png 546w, https:\/\/moposanitaryware.com\/wp-content\/uploads\/WhatsApp-18x4.png 18w\" sizes=\"auto, (max-width: 140px) 100vw, 140px\" \/><\/a><\/p>","protected":false},"featured_media":8038,"template":"","meta":{"_acf_changed":false},"product_brand":[],"product_cat":[15,229,57,33,125,228],"product_tag":[],"class_list":{"0":"post-8153","1":"product","2":"type-product","3":"status-publish","4":"has-post-thumbnail","6":"product_cat-see-all-categories","7":"product_cat-steam-room","8":"product_cat-bathtubs","9":"product_cat-massage-bathtubs","10":"product_cat-spa-bathtub","11":"product_cat-sauna","13":"first","14":"instock","15":"shipping-taxable","16":"product-type-simple"},"acf":[],"_links":{"self":[{"href":"https:\/\/moposanitaryware.com\/de\/wp-json\/wp\/v2\/product\/8153","targetHints":{"allow":["GET"]}}],"collection":[{"href":"https:\/\/moposanitaryware.com\/de\/wp-json\/wp\/v2\/product"}],"about":[{"href":"https:\/\/moposanitaryware.com\/de\/wp-json\/wp\/v2\/types\/product"}],"wp:featuredmedia":[{"embeddable":true,"href":"https:\/\/moposanitaryware.com\/de\/wp-json\/wp\/v2\/media\/8038"}],"wp:attachment":[{"href":"https:\/\/moposanitaryware.com\/de\/wp-json\/wp\/v2\/media?parent=8153"}],"wp:term":[{"taxonomy":"product_brand","embeddable":true,"href":"https:\/\/moposanitaryware.com\/de\/wp-json\/wp\/v2\/product_brand?post=8153"},{"taxonomy":"product_cat","embeddable":true,"href":"https:\/\/moposanitaryware.com\/de\/wp-json\/wp\/v2\/product_cat?post=8153"},{"taxonomy":"product_tag","embeddable":true,"href":"https:\/\/moposanitaryware.com\/de\/wp-json\/wp\/v2\/product_tag?post=8153"}],"curies":[{"name":"wp","href":"https:\/\/api.w.org\/{rel}","templated":true}]}}