{"id":7590,"date":"2025-01-18T08:27:29","date_gmt":"2025-01-18T08:27:29","guid":{"rendered":"https:\/\/moposanitaryware.com\/1-person-dual-side-skirt-bathtub-acrylic-panel-bath-tub-whirlpool-hydro-massage-bathtubs\/"},"modified":"2025-01-18T08:27:34","modified_gmt":"2025-01-18T08:27:34","slug":"1-person-dual-side-skirt-bathtub-acrylic-panel-bath-tub-whirlpool-hydro-massage-bathtubs","status":"publish","type":"product","link":"https:\/\/moposanitaryware.com\/de\/1-person-dual-side-skirt-bathtub-acrylic-panel-bath-tub-whirlpool-hydro-massage-bathtubs\/","title":{"rendered":"1 Person Dual-Side Rock Badewanne Acryl Panel Badewanne Whirlpool Hydro Massage Badewannen"},"content":{"rendered":"<p>Luxuri\u00f6se Massagebadewannen k\u00f6nnen Ihnen eine neue Lebensqualit\u00e4t bieten. Wir haben eine Vielzahl von Massagebadewannenstilen, quadratisch, rechteckig, rund, rautenf\u00f6rmig und verschiedene unregelm\u00e4\u00dfige Formen, die sich an unterschiedliche Umgebungen und verschiedene Einrichtungsstile anpassen. Alle Whirlpoolwannen sind als ganzes Set erh\u00e4ltlich. Nach Erhalt der Ware m\u00fcssen Sie sich keine Sorgen mehr um die Installation machen. Massagebadewannen mit Massagefunktion und leistungsstarker und einstellbarer Massaged\u00fcse k\u00f6nnen Sie nach einem anstrengenden Arbeitstag entspannen und die gute Laune genie\u00dfen, die das Bad mit sich bringt. Dar\u00fcber hinaus gibt es sehr einfache imperiale Konkubinenbadewannen mit einem stilvollen und pr\u00e4gnanten Erscheinungsbild, die f\u00fcr eine Vielzahl von Badezimmerumgebungen geeignet sind.<\/p>","protected":false},"excerpt":{"rendered":"<table style=\"font-size: 14.4px;\" width=\"497\">\n<tbody>\n<tr>\n<td width=\"163\">Markenname??<\/td>\n<td width=\"334\">MOPO<\/td>\n<\/tr>\n<tr>\n<td width=\"163\">Produktname??<\/td>\n<td width=\"334\"><a href=\"https:\/\/mopotoilet.com\/category\/Massage Bathtub\/\">Massagebadewanne<\/a><\/td>\n<\/tr>\n<tr>\n<td width=\"163\">Artikelnummer??<\/td>\n<td width=\"334\">MP-WS-E0021<\/td>\n<\/tr>\n<tr>\n<td width=\"163\">Farbe??<\/td>\n<td width=\"334\">Wei\u00df\/Schwarz\/Blau\/Grau\/(Mehrfarbig)<\/td>\n<\/tr>\n<tr>\n<td width=\"163\">Prim\u00e4rmaterial??<\/td>\n<td width=\"334\">USA Acryl<\/td>\n<\/tr>\n<tr>\n<td width=\"163\">Kapazit\u00e4t??<\/td>\n<td width=\"334\">2-8 Personen<\/td>\n<\/tr>\n<tr>\n<td width=\"163\">Kontrollsystem??<\/td>\n<td width=\"334\">Gecko\/Balboa\/Joyonway<\/td>\n<\/tr>\n<tr>\n<td width=\"163\">Produkt?Gr\u00f6\u00dfe??<\/td>\n<td width=\"334\">??Individuell gestaltet??<\/td>\n<\/tr>\n<tr>\n<td width=\"163\">Installationstyp??<\/td>\n<td width=\"334\">Bodenstehend<\/td>\n<\/tr>\n<tr>\n<td width=\"163\">Nettogewicht??<\/td>\n<td width=\"334\">160-320 kg<\/td>\n<\/tr>\n<tr>\n<td width=\"163\">Anwendung??<\/td>\n<td width=\"334\">Hotel\/Zuhause\/\u00d6ffentlich\/Pool<\/td>\n<\/tr>\n<\/tbody>\n<\/table>\n\t<a class=\"paoc-popup-click paoc-popup-cust-337 paoc-popup-button paoc-popup-btn\" href=\"javascript:void(0);\">Angebot anfordern<\/a>\r\n? ? ?<a href=\"https:\/\/api.whatsapp.com\/send?phone=8618675762929\"><img loading=\"lazy\" decoding=\"async\" class=\"alignnone wp-image-6698\" src=\"https:\/\/moposanitaryware.com\/wp-content\/uploads\/WhatsApp.png\" alt=\"\" width=\"140\" height=\"33\" srcset=\"https:\/\/moposanitaryware.com\/wp-content\/uploads\/WhatsApp.png 546w, https:\/\/moposanitaryware.com\/wp-content\/uploads\/WhatsApp-18x4.png 18w\" sizes=\"auto, (max-width: 140px) 100vw, 140px\" \/><\/a><\/p>","protected":false},"featured_media":7553,"template":"","meta":{"_acf_changed":false},"product_brand":[],"product_cat":[15,33,125],"product_tag":[],"class_list":{"0":"post-7590","1":"product","2":"type-product","3":"status-publish","4":"has-post-thumbnail","6":"product_cat-see-all-categories","7":"product_cat-massage-bathtubs","8":"product_cat-spa-bathtub","10":"first","11":"instock","12":"shipping-taxable","13":"product-type-simple"},"acf":[],"_links":{"self":[{"href":"https:\/\/moposanitaryware.com\/de\/wp-json\/wp\/v2\/product\/7590","targetHints":{"allow":["GET"]}}],"collection":[{"href":"https:\/\/moposanitaryware.com\/de\/wp-json\/wp\/v2\/product"}],"about":[{"href":"https:\/\/moposanitaryware.com\/de\/wp-json\/wp\/v2\/types\/product"}],"wp:featuredmedia":[{"embeddable":true,"href":"https:\/\/moposanitaryware.com\/de\/wp-json\/wp\/v2\/media\/7553"}],"wp:attachment":[{"href":"https:\/\/moposanitaryware.com\/de\/wp-json\/wp\/v2\/media?parent=7590"}],"wp:term":[{"taxonomy":"product_brand","embeddable":true,"href":"https:\/\/moposanitaryware.com\/de\/wp-json\/wp\/v2\/product_brand?post=7590"},{"taxonomy":"product_cat","embeddable":true,"href":"https:\/\/moposanitaryware.com\/de\/wp-json\/wp\/v2\/product_cat?post=7590"},{"taxonomy":"product_tag","embeddable":true,"href":"https:\/\/moposanitaryware.com\/de\/wp-json\/wp\/v2\/product_tag?post=7590"}],"curies":[{"name":"wp","href":"https:\/\/api.w.org\/{rel}","templated":true}]}}