{"id":7093,"date":"2024-12-24T03:02:32","date_gmt":"2024-12-24T03:02:32","guid":{"rendered":"https:\/\/moposanitaryware.com\/wholesale-cheap-wall-mounted-brass-sensor-faucet-hand-free-tap-public-automatic-faucet\/"},"modified":"2024-12-24T03:14:43","modified_gmt":"2024-12-24T03:14:43","slug":"wholesale-cheap-wall-mounted-brass-sensor-faucet-hand-free-tap-public-automatic-faucet","status":"publish","type":"product","link":"https:\/\/moposanitaryware.com\/de\/wholesale-cheap-wall-mounted-brass-sensor-faucet-hand-free-tap-public-automatic-faucet\/","title":{"rendered":"wholesale cheap wall mounted brass sensor faucet hand free tap public automatic faucet"},"content":{"rendered":"","protected":false},"excerpt":{"rendered":"<table style=\"font-size: 14.4px; height: 329px;\" width=\"567\">\n<tbody>\n<tr>\n<td width=\"163\">Markenname:<\/td>\n<td width=\"334\"><a href=\"https:\/\/moposanitaryware.com\/de\/\">MOPO<\/a><\/td>\n<\/tr>\n<tr>\n<td width=\"163\">Produktname:<\/td>\n<td width=\"334\"><a href=\"https:\/\/moposanitaryware.com\/de\/produkt-kategorie\/faucets\/touchless-faucet\/\">Touchless Bathroom Faucets<\/a><\/td>\n<\/tr>\n<tr>\n<td width=\"163\">Artikelnummer:<\/td>\n<td width=\"334\">MP-AT-1600-17<\/td>\n<\/tr>\n<tr>\n<td width=\"163\">Prim\u00e4rmaterial:<\/td>\n<td width=\"334\">59 A-Level Messing\/Stahl\/ABS<\/td>\n<\/tr>\n<tr>\n<td width=\"163\">Oberfl\u00e4che fertig:<\/td>\n<td width=\"334\">Galvanisieren 7-12 um Nickel + 2-5 um Chrom<\/td>\n<\/tr>\n<tr>\n<td width=\"163\">Haltbarkeit:<\/td>\n<td width=\"334\">Rostbest\u00e4ndig; Anlaufbest\u00e4ndig; Fleckenbest\u00e4ndig<\/td>\n<\/tr>\n<tr>\n<td width=\"163\">Farbe:<\/td>\n<td width=\"334\">Schwarz\/Chrom\/Gold\/Gunmetal-Grau<\/td>\n<\/tr>\n<tr>\n<td width=\"163\">Gr\u00f6\u00dfe:<\/td>\n<td width=\"334\">36x25x8cm<\/td>\n<\/tr>\n<tr>\n<td width=\"163\">Gewicht:<\/td>\n<td width=\"334\">2,6 kg<\/td>\n<\/tr>\n<tr>\n<td width=\"163\">Installationstyp<\/td>\n<td width=\"334\"><a href=\"https:\/\/moposanitaryware.com\/de\/produkt-kategorie\/faucets\/touchless-faucet\/\">touchless Faucet<\/a><\/td>\n<\/tr>\n<tr>\n<td width=\"163\">Montageort:<\/td>\n<td width=\"334\">Tischhalterung<\/td>\n<\/tr>\n<\/tbody>\n<\/table>\n\t<a class=\"paoc-popup-click paoc-popup-cust-337 paoc-popup-button paoc-popup-btn\" href=\"javascript:void(0);\">Angebot anfordern<\/a>\r\n\u00a0 \u00a0 \u00a0<a href=\"https:\/\/api.whatsapp.com\/send?phone=8618675762929\"><img loading=\"lazy\" decoding=\"async\" class=\"alignnone wp-image-6698\" src=\"https:\/\/moposanitaryware.com\/wp-content\/uploads\/WhatsApp.png\" alt=\"\" width=\"140\" height=\"33\" srcset=\"https:\/\/moposanitaryware.com\/wp-content\/uploads\/WhatsApp.png 546w, https:\/\/moposanitaryware.com\/wp-content\/uploads\/WhatsApp-18x4.png 18w\" sizes=\"auto, (max-width: 140px) 100vw, 140px\" \/><\/a><\/p>","protected":false},"featured_media":7050,"template":"","meta":{"_acf_changed":false},"product_brand":[],"product_cat":[15,23,97],"product_tag":[],"class_list":{"0":"post-7093","1":"product","2":"type-product","3":"status-publish","4":"has-post-thumbnail","6":"product_cat-see-all-categories","7":"product_cat-faucets","8":"product_cat-touchless-faucet","10":"first","11":"instock","12":"shipping-taxable","13":"product-type-simple"},"acf":[],"_links":{"self":[{"href":"https:\/\/moposanitaryware.com\/de\/wp-json\/wp\/v2\/product\/7093","targetHints":{"allow":["GET"]}}],"collection":[{"href":"https:\/\/moposanitaryware.com\/de\/wp-json\/wp\/v2\/product"}],"about":[{"href":"https:\/\/moposanitaryware.com\/de\/wp-json\/wp\/v2\/types\/product"}],"wp:featuredmedia":[{"embeddable":true,"href":"https:\/\/moposanitaryware.com\/de\/wp-json\/wp\/v2\/media\/7050"}],"wp:attachment":[{"href":"https:\/\/moposanitaryware.com\/de\/wp-json\/wp\/v2\/media?parent=7093"}],"wp:term":[{"taxonomy":"product_brand","embeddable":true,"href":"https:\/\/moposanitaryware.com\/de\/wp-json\/wp\/v2\/product_brand?post=7093"},{"taxonomy":"product_cat","embeddable":true,"href":"https:\/\/moposanitaryware.com\/de\/wp-json\/wp\/v2\/product_cat?post=7093"},{"taxonomy":"product_tag","embeddable":true,"href":"https:\/\/moposanitaryware.com\/de\/wp-json\/wp\/v2\/product_tag?post=7093"}],"curies":[{"name":"wp","href":"https:\/\/api.w.org\/{rel}","templated":true}]}}