{"id":6797,"date":"2024-08-29T08:16:21","date_gmt":"2024-08-29T08:16:21","guid":{"rendered":"https:\/\/moposanitaryware.com\/?post_type=product&#038;p=6797"},"modified":"2024-08-29T08:17:53","modified_gmt":"2024-08-29T08:17:53","slug":"luxury-bathroom-shower-faucet","status":"publish","type":"product","link":"https:\/\/moposanitaryware.com\/de\/luxury-bathroom-shower-faucet\/","title":{"rendered":"Verdeckte Dusche Luxus Badezimmer Dusche Wasserhahn Caddy Dusche Mischbatterie Kopf Regen System"},"content":{"rendered":"<div class=\"row align-center\"  id=\"row-880979114\">\n\n\t<div id=\"col-39313286\" class=\"col medium-9 small-12 large-9\"  data-animate=\"fadeInUp\">\n\t\t\t\t<div class=\"col-inner\"  >\n\t\t\t\n\t\t\t\n<h2 style=\"text-align: center;\"><a href=\"https:\/\/moposanitaryware.com\/de\/produkt-kategorie\/showers\/\">Duschsystem<\/a><\/h2>\n<p style=\"text-align: center;\">Wenn Sie planen, Ihr Badezimmer umzubauen und ihm eine luxuri\u00f6sere und gem\u00fctlichere Atmosph\u00e4re zu verleihen, sollten Sie die Installation der besten Regendusche in Betracht ziehen. <a href=\"https:\/\/moposanitaryware.com\/de\/produkt-kategorie\/showers\/\">Duschsystem<\/a> im Badezimmer. <a href=\"#brave_open_popup_688\">MOPO\u00ae<\/a> <a href=\"https:\/\/moposanitaryware.com\/de\/produkt-kategorie\/showers\/\">Duschsystem<\/a> ist ein weiteres gro\u00dfartiges Produkt f\u00fcr diejenigen, die ein ausgezeichnetes Regenduschsystem zu einem erschwinglichen Preis w\u00fcnschen. Es hat auch eine solide und langlebige Edelstahlkonstruktion. Alle seine Teile, einschlie\u00dflich der Handbrause <a href=\"https:\/\/moposanitaryware.com\/de\/produkt-kategorie\/showers\/\">Duschkopf<\/a>, <a href=\"https:\/\/moposanitaryware.com\/de\/produkt-kategorie\/showers\/\">Brauseschlauch<\/a>, Halter, Mischventil, Schlauch und Wannenauslauf sind aus hochwertigen und langlebigen Materialien gefertigt. Es ist in 9 Farbvarianten erh\u00e4ltlich, passend zu Ihrer Badezimmereinrichtung. Das <a href=\"#brave_open_popup_688\">MOPO\u00ae<\/a> F\u00fcr ein besonders komfortables und luxuri\u00f6ses Badeerlebnis wird ein Duschsystem w\u00e4rmstens empfohlen.<\/p>\n<div class=\"row\"  id=\"row-272204144\">\n\n\t<div id=\"col-2124553117\" class=\"col small-12 large-12\"  >\n\t\t\t\t<div class=\"col-inner text-center\"  >\n\t\t\t\n\t\t\t\n<a href=\"https:\/\/moposanitaryware.com\/de\/produkt-kategorie\/showers\/\" class=\"button secondary is-underline lowercase\"  >\n\t\t<span>Alles erkunden<\/span>\n\t<i class=\"icon-menu\" aria-hidden=\"true\" ><\/i><\/a>\n\n\t\t<\/div>\n\t\t\t\t\t<\/div>\n\n\t\n<\/div>\n\t\t<\/div>\n\t\t\t\t\t<\/div>\n\n\t\n<\/div>\n<div class=\"row\"  id=\"row-456965131\">\n\n\t<div id=\"col-946324662\" class=\"col small-12 large-12\"  >\n\t\t\t\t<div class=\"col-inner\"  >\n\t\t\t\n\t\t\t\n<table style=\"height: 492px;\" border=\"1\" width=\"667\">\n<tbody>\n<tr>\n<td>Herkunftsort:<\/td>\n<td>Foshan, China<\/td>\n<\/tr>\n<tr>\n<td>Modellname:<\/td>\n<td data-spm-anchor-id=\"a2700.details.pronpeci14.i1.47c970d3Zz0E3h\"><a href=\"#brave_open_popup_688\">MOPO\u00ae<\/a> Badezimmer Luxus Regenarmatur <a href=\"https:\/\/moposanitaryware.com\/de\/produkt-kategorie\/showers\/\">Dusch-Kombi-Set<\/a><\/td>\n<\/tr>\n<tr>\n<td><strong><span data-spm-anchor-id=\"a2700.wholesale.0.i33.2c534154qJukFc\">Besonderheit<\/span><\/strong><strong>\u00a0<\/strong><\/td>\n<td>Robustes Design aus Kupfer\/Edelstahl 304<br \/>\nKontrollieren Sie die Temperatur vollst\u00e4ndig<br \/>\nDruckhand <a href=\"https:\/\/moposanitaryware.com\/de\/produkt-kategorie\/showers\/\">Dusche<\/a> und 304 Edelstahlschlauch<br \/>\nUnterputz-Mischventil-Kombination aus Messing<br \/>\nKorrosions- und reibungsfreier, verstellbarer Zeiger <a href=\"https:\/\/moposanitaryware.com\/de\/produkt-kategorie\/showers\/\">Dusche<\/a> Halterung<br \/>\nRutschfester Griff Duschventil mit eingebautem Umsteller f\u00fcr Warm- und Kaltwasserversorgung<br \/>\nEinstellbares Wasserdruckger\u00e4t mit einer Durchflussrate von 2 Gallonen pro Minute<\/td>\n<\/tr>\n<tr>\n<td>Anwendung:<\/td>\n<td>Hotel, Haus, Villa, Wohnung,<\/td>\n<\/tr>\n<tr>\n<td>Zertifikat:<\/td>\n<td>CE, ISO 9001, SASO, Wasserzeichen, UPC<\/td>\n<\/tr>\n<tr>\n<td>Service nach dem Verkauf<\/td>\n<td>Technischer Online-Support, kostenlose Ersatzteile<\/td>\n<\/tr>\n<tr>\n<td>OEM und ODM:<\/td>\n<td>OEM<\/td>\n<\/tr>\n<tr>\n<td>Mindestbestellmenge:<\/td>\n<td>1 Satz<\/td>\n<\/tr>\n<tr>\n<td>Kostenlose Probe:<\/td>\n<td>Lohnprobe<\/td>\n<\/tr>\n<tr>\n<td>Lieferf\u00e4higkeit:<\/td>\n<td>500 S\u00e4tze pro Tag<\/td>\n<\/tr>\n<tr>\n<td style=\"text-align: left;\">Verpackung:<\/td>\n<td style=\"text-align: left;\">Karton: Neutrale Verpackung; Verpackung: Styroporbeutel oder Stoffbeutel; Wir bieten ma\u00dfgeschneiderte Verpackungsdesign-Dienstleistungen.<\/td>\n<\/tr>\n<\/tbody>\n<\/table>\n<div class=\"elementor-element elementor-element-4983a81 elementor-widget elementor-widget-heading\" data-id=\"4983a81\" data-element_type=\"widget\" data-widget_type=\"heading.default\">\n<div class=\"elementor-widget-container\">\n<div class=\"elementor-element elementor-element-6107deb elementor-widget elementor-widget-heading\" data-id=\"6107deb\" data-element_type=\"widget\" data-widget_type=\"heading.default\">\n<div class=\"elementor-widget-container\">\n<section class=\"elementor-section elementor-inner-section elementor-element elementor-element-0751ebd elementor-section-boxed elementor-section-height-default elementor-section-height-default\" data-id=\"0751ebd\" data-element_type=\"section\">\n<div class=\"elementor-container elementor-column-gap-default\">\n<div class=\"elementor-row\">\n<div class=\"elementor-column elementor-col-50 elementor-inner-column elementor-element elementor-element-64d1e6f\" data-id=\"64d1e6f\" data-element_type=\"column\">\n<div class=\"elementor-column-wrap elementor-element-populated\">\n<div class=\"elementor-widget-wrap\">\n<div class=\"elementor-element elementor-element-e0cf4e8 elementor-position-left elementor-view-default elementor-vertical-align-top elementor-widget elementor-widget-icon-box\" data-id=\"e0cf4e8\" data-element_type=\"widget\" data-widget_type=\"icon-box.default\">\n<div><\/div>\n<\/div>\n<\/div>\n<\/div>\n<\/div>\n<\/div>\n<\/div>\n<\/section>\n<\/div>\n<\/div>\n<\/div>\n<\/div>\n\t\t<\/div>\n\t\t\t\t\t<\/div>\n\n\t\n<\/div>\n<div class=\"row\"  id=\"row-1998865906\">\n\n\t<div id=\"col-1811136579\" class=\"col medium-6 small-12 large-6\"  >\n\t\t\t\t<div class=\"col-inner\"  >\n\t\t\t\n\t\t\t\n<h2>Bleifreies Messing der G\u00fcteklasse 59-A<\/h2>\n<p>K\u00f6rper aus raffiniertem Kupfer: Der Wasserhahnk\u00f6rper besteht aus einem hochwertigen Barren aus raffiniertem Kupfer unter Einsatz der weltweit fortschrittlichsten Schwerkraftgusstechnologie und wird durch Pr\u00e4zisionsbearbeitung hergestellt. Er ist v\u00f6llig nat\u00fcrlich, robust und langlebig. Massive Messingkonstruktion widersteht Rost, Korrosion und anlaufenden Oberfl\u00e4chen.<br \/>\n1. Vernickeln einer 10-12 Mikrometer dicken Schicht<br \/>\n2. Verchromung 3-5 Mikrometer Schicht<br \/>\n3.Farbbeschichtung3-5 Mikrometer Schicht48 Stunden Salzspr\u00fchtest bestanden ZertifizierungMakelloses Finish<br \/>\nPassen Sie den Look an jedes Badezimmerdesign an, mit einer Auswahl makelloser, korrosionsbest\u00e4ndiger Oberfl\u00e4chen<\/p>\n\t\t<\/div>\n\t\t\t\t\t<\/div>\n\n\t\n\n\t<div id=\"col-532433419\" class=\"col medium-6 small-12 large-6\"  >\n\t\t\t\t<div class=\"col-inner\"  >\n\t\t\t\n\t\t\t\n\t<div class=\"img has-hover x md-x lg-x y md-y lg-y\" id=\"image_1947443803\">\n\t\t<a class=\"\" href=\"https:\/\/moposanitaryware.com\/de\/produkt-kategorie\/showers\/\" >\t\t\t\t\t\t<div class=\"img-inner dark\" >\n\t\t\t<img loading=\"lazy\" decoding=\"async\" width=\"600\" height=\"420\" src=\"https:\/\/moposanitaryware.com\/wp-content\/uploads\/2022\/09\/shower-head-water-saving-big-shower-system-wall-mounted-shower-set-59-A-grade-brass-lead-free-material.jpg\" class=\"attachment-original size-original\" alt=\"\" srcset=\"https:\/\/moposanitaryware.com\/wp-content\/uploads\/2022\/09\/shower-head-water-saving-big-shower-system-wall-mounted-shower-set-59-A-grade-brass-lead-free-material.jpg 600w, https:\/\/moposanitaryware.com\/wp-content\/uploads\/2022\/09\/shower-head-water-saving-big-shower-system-wall-mounted-shower-set-59-A-grade-brass-lead-free-material-571x400.jpg 571w\" sizes=\"auto, (max-width: 600px) 100vw, 600px\" title=\"\">\t\t\t\t\t\t\n\t\t\t\t\t<\/div>\n\t\t\t\t\t\t<\/a>\t\t\n<style>\n#image_1947443803 {\n  width: 100%;\n}\n<\/style>\n\t<\/div>\n\t\n\t\t<\/div>\n\t\t\t\t\t<\/div>\n\n\t\n\n\t<div id=\"col-952948168\" class=\"col medium-6 small-12 large-6\"  >\n\t\t\t\t<div class=\"col-inner\"  >\n\t\t\t\n\t\t\t\n\t<div class=\"img has-hover x md-x lg-x y md-y lg-y\" id=\"image_1149265936\">\n\t\t<a class=\"\" href=\"https:\/\/moposanitaryware.com\/de\/produkt-kategorie\/showers\/\" >\t\t\t\t\t\t<div class=\"img-inner dark\" >\n\t\t\t<img loading=\"lazy\" decoding=\"async\" width=\"600\" height=\"420\" src=\"https:\/\/moposanitaryware.com\/wp-content\/uploads\/2022\/09\/Professional-manufacture-shower-head-water-saving-big-shower-system-wall-mounted-10-inch-high-pressure-shower-set-high-quality-imported-valve-core.jpg\" class=\"attachment-original size-original\" alt=\"\" srcset=\"https:\/\/moposanitaryware.com\/wp-content\/uploads\/2022\/09\/Professional-manufacture-shower-head-water-saving-big-shower-system-wall-mounted-10-inch-high-pressure-shower-set-high-quality-imported-valve-core.jpg 600w, https:\/\/moposanitaryware.com\/wp-content\/uploads\/2022\/09\/Professional-manufacture-shower-head-water-saving-big-shower-system-wall-mounted-10-inch-high-pressure-shower-set-high-quality-imported-valve-core-571x400.jpg 571w\" sizes=\"auto, (max-width: 600px) 100vw, 600px\" title=\"\">\t\t\t\t\t\t\n\t\t\t\t\t<\/div>\n\t\t\t\t\t\t<\/a>\t\t\n<style>\n#image_1149265936 {\n  width: 100%;\n}\n<\/style>\n\t<\/div>\n\t\n\t\t<\/div>\n\t\t\t\t\t<\/div>\n\n\t\n\n\t<div id=\"col-2072287180\" class=\"col medium-6 small-12 large-6\"  >\n\t\t\t\t<div class=\"col-inner\"  >\n\t\t\t\n\t\t\t\n<h1><span class=\"Y2IQFc\" lang=\"en\">Hochwertiger importierter Ventileinsatz<\/span><\/h1>\n<p>Hochwertiges importiertes Ventilelement mit schallabsorbierendem Netz (das den Wasserhahn sehr leise machen kann), mit diamant\u00e4hnlicher H\u00e4rte, hochwertigem Keramikventilelement, komfortablem und leichtem Gef\u00fchl, das auch bei mehr als einer Million Ein-\/Aus-Schaltungen reibungslos und m\u00fchelos bedient werden kann, langlebig und ohne Wasserlecks. Die Mischung zwischen Luft und Wasser erfolgt \u00fcber einen Keramikventilkern, der streng gepr\u00fcft wurde. Kann Verunreinigungen effektiv filtern. Gitterzyklustest, Schalterdrehung. Es liefert einen empfindlichen und leisen Test mit einem dicht gestalteten Design, das gut zur Naht passt. Wasserfluss. Keine Alterungstropfen,<\/p>\n\t\t<\/div>\n\t\t\t\t\t<\/div>\n\n\t\n<\/div>\n<div class=\"row\"  id=\"row-687630037\">\n\n\t<div id=\"col-609605043\" class=\"col medium-6 small-12 large-6\"  >\n\t\t\t\t<div class=\"col-inner\"  >\n\t\t\t\n\t\t\t\n<h2>Galvanisierungsprozess<\/h2>\n<p>Galvanisierung: Behandelt mit einem fortschrittlichen Galvanisierungsverfahren, mit mehreren Beschichtungsschichten aus saurem Kupfer, Nickel und Chrom, einer guten Kombination von Beschichtungsschichten, feiner und dicht gewebter Haftung, gleichm\u00e4\u00dfiger Farbe und extrem ausgezeichneter Korrosionsbest\u00e4ndigkeit, um sicherzustellen, dass die Oberfl\u00e4che des Produkts gl\u00e4nzend und langlebig ist. Die Sch\u00f6nheit des Aussehens ist modisch und elegant, verschlei\u00dffest, kratzfest, langlebige Behandlung, eloxierte Oberfl\u00e4che, glatt und zart, rostet nie, verblasst nie, wirklich nuanciert und solide. Ber\u00fchren Sie die Oberfl\u00e4che des Wasserhahns und sp\u00fcren Sie leise die zarte, seidige Textur des Wasserhahns. Es gibt keine sichtbaren Fingerabdr\u00fccke, wenn Sie gehen.<\/p>\n\t\t<\/div>\n\t\t\t\t\t<\/div>\n\n\t\n\n\t<div id=\"col-112421624\" class=\"col medium-6 small-12 large-6\"  >\n\t\t\t\t<div class=\"col-inner\"  >\n\t\t\t\n\t\t\t\n\t<div class=\"img has-hover x md-x lg-x y md-y lg-y\" id=\"image_217869157\">\n\t\t<a class=\"\" href=\"https:\/\/moposanitaryware.com\/de\/produkt-kategorie\/showers\/\" >\t\t\t\t\t\t<div class=\"img-inner dark\" >\n\t\t\t<img loading=\"lazy\" decoding=\"async\" width=\"600\" height=\"420\" src=\"https:\/\/moposanitaryware.com\/wp-content\/uploads\/2022\/09\/Professional-manufacture-rainfall-and-waterfall-shower-head-water-saving-big-shower-system-wall-mounted-12-inch-high-pressure-shower-set-electroplating-process.jpg\" class=\"attachment-original size-original\" alt=\"\" srcset=\"https:\/\/moposanitaryware.com\/wp-content\/uploads\/2022\/09\/Professional-manufacture-rainfall-and-waterfall-shower-head-water-saving-big-shower-system-wall-mounted-12-inch-high-pressure-shower-set-electroplating-process.jpg 600w, https:\/\/moposanitaryware.com\/wp-content\/uploads\/2022\/09\/Professional-manufacture-rainfall-and-waterfall-shower-head-water-saving-big-shower-system-wall-mounted-12-inch-high-pressure-shower-set-electroplating-process-571x400.jpg 571w\" sizes=\"auto, (max-width: 600px) 100vw, 600px\" title=\"\">\t\t\t\t\t\t\n\t\t\t\t\t<\/div>\n\t\t\t\t\t\t<\/a>\t\t\n<style>\n#image_217869157 {\n  width: 100%;\n}\n<\/style>\n\t<\/div>\n\t\n\t\t<\/div>\n\t\t\t\t\t<\/div>\n\n\t\n\n\t<div id=\"col-1961373139\" class=\"col medium-6 small-12 large-6\"  >\n\t\t\t\t<div class=\"col-inner\"  >\n\t\t\t\n\t\t\t\n\t<div class=\"img has-hover x md-x lg-x y md-y lg-y\" id=\"image_595053523\">\n\t\t<a class=\"\" href=\"https:\/\/moposanitaryware.com\/de\/produkt-kategorie\/showers\/\" >\t\t\t\t\t\t<div class=\"img-inner dark\" >\n\t\t\t<img loading=\"lazy\" decoding=\"async\" width=\"600\" height=\"420\" src=\"https:\/\/moposanitaryware.com\/wp-content\/uploads\/2022\/09\/shower-head-water-saving-big-shower-system-wall-mounted-12-inch-high-pressure-shower-set-304-Stainless-steel-hose.jpg\" class=\"attachment-original size-original\" alt=\"\" srcset=\"https:\/\/moposanitaryware.com\/wp-content\/uploads\/2022\/09\/shower-head-water-saving-big-shower-system-wall-mounted-12-inch-high-pressure-shower-set-304-Stainless-steel-hose.jpg 600w, https:\/\/moposanitaryware.com\/wp-content\/uploads\/2022\/09\/shower-head-water-saving-big-shower-system-wall-mounted-12-inch-high-pressure-shower-set-304-Stainless-steel-hose-571x400.jpg 571w\" sizes=\"auto, (max-width: 600px) 100vw, 600px\" title=\"\">\t\t\t\t\t\t\n\t\t\t\t\t<\/div>\n\t\t\t\t\t\t<\/a>\t\t\n<style>\n#image_595053523 {\n  width: 100%;\n}\n<\/style>\n\t<\/div>\n\t\n\t\t<\/div>\n\t\t\t\t\t<\/div>\n\n\t\n\n\t<div id=\"col-187113667\" class=\"col medium-6 small-12 large-6\"  >\n\t\t\t\t<div class=\"col-inner\"  >\n\t\t\t\n\t\t\t\n<h2>3\/8\u2033 304 Edelstahlschlauch<\/h2>\n<div class=\"p\">Unsere Schl\u00e4uche bestehen aus Edelstahl SUS 304, der vor chemischer Korrosion und Rost sch\u00fctzt. Sie m\u00fcssen sich keine Sorgen um die Wasserqualit\u00e4t machen, wenn Sie im Badezimmer Ihre Z\u00e4hne putzen und Ihr Gesicht waschen. Und Sie k\u00f6nnen unsere Schl\u00e4uche problemlos mit Ihren Absperrventilen verbinden. Hochwertiger Edelstahlschlauch mit mehrfachem Sicherheitsschutz. Die Ummantelung besteht aus hochwertigem Edelstahl, und das Material ist robust und l\u00e4sst sich nicht leicht abl\u00f6sen. Es wird Ihnen ein angenehmes Erlebnis im t\u00e4glichen Leben bieten.<\/div>\n\t\t<\/div>\n\t\t\t\t\t<\/div>\n\n\t\n<\/div>\n<div class=\"row\"  id=\"row-1626281061\">\n\n\t<div id=\"col-260007380\" class=\"col medium-6 small-12 large-6\"  >\n\t\t\t\t<div class=\"col-inner\"  >\n\t\t\t\n\t\t\t\n<div class=\"container section-title-container\" ><h3 class=\"section-title section-title-normal\"><b><\/b><span class=\"section-title-main\" >senden Sie uns eine Email<\/span><b><\/b><\/h3><\/div>\n<p>Wenn Sie an unseren Produkten interessiert sind und weitere Einzelheiten erfahren m\u00f6chten, hinterlassen Sie hier bitte eine Nachricht. Wir werden Ihnen so schnell wie m\u00f6glich antworten.<\/p>\n\n<div class=\"wpcf7 no-js\" id=\"wpcf7-f13-o1\" lang=\"en-US\" dir=\"ltr\" data-wpcf7-id=\"13\">\n<div class=\"screen-reader-response\"><p role=\"status\" aria-live=\"polite\" aria-atomic=\"true\"><\/p> <ul><\/ul><\/div>\n<form action=\"\/de\/wp-json\/wp\/v2\/product\/6797#wpcf7-f13-o1\" method=\"post\" class=\"wpcf7-form init\" aria-label=\"Contact form\" novalidate=\"novalidate\" data-status=\"init\" data-trp-original-action=\"\/de\/wp-json\/wp\/v2\/product\/6797#wpcf7-f13-o1\">\n<fieldset class=\"hidden-fields-container\"><input type=\"hidden\" name=\"_wpcf7\" value=\"13\" \/><input type=\"hidden\" name=\"_wpcf7_version\" value=\"6.1.1\" \/><input type=\"hidden\" name=\"_wpcf7_locale\" value=\"en_US\" \/><input type=\"hidden\" name=\"_wpcf7_unit_tag\" value=\"wpcf7-f13-o1\" \/><input type=\"hidden\" name=\"_wpcf7_container_post\" value=\"0\" \/><input type=\"hidden\" name=\"_wpcf7_posted_data_hash\" value=\"\" \/><input type=\"hidden\" name=\"_wpcf7_recaptcha_response\" value=\"\" \/>\n<\/fieldset>\n<div class=\"form-flat\">\n\t<p><span class=\"wpcf7-form-control-wrap\" data-name=\"your-name\"><input size=\"40\" maxlength=\"400\" class=\"wpcf7-form-control wpcf7-text wpcf7-validates-as-required\" aria-required=\"true\" aria-invalid=\"false\" placeholder=\"Dein Name (erforderlich)\" value=\"\" type=\"text\" name=\"your-name\" \/><\/span><br \/>\n<span class=\"wpcf7-form-control-wrap\" data-name=\"your-email\"><input size=\"40\" maxlength=\"400\" class=\"wpcf7-form-control wpcf7-email wpcf7-validates-as-required wpcf7-text wpcf7-validates-as-email\" aria-required=\"true\" aria-invalid=\"false\" placeholder=\"Ihre E-Mailadresse (erforderlich)\" value=\"\" type=\"email\" name=\"your-email\" \/><\/span>\n\t<\/p>\n\t<p><span class=\"wpcf7-form-control-wrap\" data-name=\"your-tels\"><input size=\"40\" maxlength=\"400\" class=\"wpcf7-form-control wpcf7-tel wpcf7-text wpcf7-validates-as-tel\" aria-invalid=\"false\" placeholder=\"Ihr Tel (optional)\" value=\"\" type=\"tel\" name=\"your-tels\" \/><\/span>\n\t<\/p>\n\t<p><span class=\"wpcf7-form-control-wrap\" data-name=\"your-message\"><textarea cols=\"40\" rows=\"10\" maxlength=\"2000\" class=\"wpcf7-form-control wpcf7-textarea\" aria-invalid=\"false\" placeholder=\"F\u00fcr das beste Ergebnis empfehlen wir, die folgenden Details anzugeben: - Selbstvorstellung - Ben\u00f6tigte Artikel oder Dienstleistungen - Ben\u00f6tigte Menge\" name=\"your-message\"><\/textarea><\/span>\n\t<\/p>\n\t<p>Unternehmensberatung:*<br \/>\n<span class=\"wpcf7-form-control-wrap\" data-name=\"checkbox\"><span class=\"wpcf7-form-control wpcf7-checkbox wpcf7-validates-as-required wpcf7-exclusive-checkbox\"><span class=\"wpcf7-list-item first\"><label><input type=\"checkbox\" name=\"checkbox\" value=\"Quotation\" \/><span class=\"wpcf7-list-item-label\">Zitat<\/span><\/label><\/span><span class=\"wpcf7-list-item\"><label><input type=\"checkbox\" name=\"checkbox\" value=\"Catalog\" \/><span class=\"wpcf7-list-item-label\">Katalog<\/span><\/label><\/span><span class=\"wpcf7-list-item\"><label><input type=\"checkbox\" name=\"checkbox\" value=\"Service Support\" \/><span class=\"wpcf7-list-item-label\">Service-Unterst\u00fctzung<\/span><\/label><\/span><span class=\"wpcf7-list-item\"><label><input type=\"checkbox\" name=\"checkbox\" value=\"Project\" \/><span class=\"wpcf7-list-item-label\">Projekt<\/span><\/label><\/span><span class=\"wpcf7-list-item last\"><label><input type=\"checkbox\" name=\"checkbox\" value=\"I am interested in becoming an agent\" \/><span class=\"wpcf7-list-item-label\">Ich bin daran interessiert, Agent zu werden<\/span><\/label><\/span><\/span><\/span><br \/>\n<input class=\"wpcf7-form-control wpcf7-submit has-spinner button\" type=\"submit\" value=\"Einreichen\" \/>\n\t<\/p>\n<\/div><div class=\"wpcf7-response-output\" aria-hidden=\"true\"><\/div>\n<input type=\"hidden\" name=\"trp-form-language\" value=\"de\"\/><\/form>\n<\/div>\n\n\t\t<\/div>\n\t\t\t\t\t<\/div>\n\n\t\n\n\t<div id=\"col-1853484595\" class=\"col medium-6 small-12 large-6\"  >\n\t\t\t\t<div class=\"col-inner\"  >\n\t\t\t\n\t\t\t\n<div class=\"container section-title-container\" ><h3 class=\"section-title section-title-normal\"><b><\/b><span class=\"section-title-main\" >KONTAKTIERE UNS<\/span><b><\/b><\/h3><\/div>\n<p>Wenn Sie eine Frage zu einem unserer Produkte haben oder aus einem anderen Grund Kontakt mit uns aufnehmen m\u00f6chten, f\u00fcllen Sie bitte das folgende Formular aus. Wir werden uns schnellstm\u00f6glich bei Ihnen melden.<\/p>\n<p><strong>Rufen Sie uns an:<\/strong> <a href=\"http:\/\/+86 18675762929\" rel=\"nofollow\">+8618675762929<\/a><br \/>\n<strong>Schreiben Sie uns eine E-Mail<\/strong>:\u00a0\u00a0<a href=\"mailto:info@mopochina.com\">info@mopochina.com<\/a><\/p>\n<p><strong>Skype\u00a0<\/strong>: <a href=\"skype:Sanitwell Shen?chat\">cheng jiawei<\/a><\/p>\n<p><strong>Adresse<\/strong> : B1, Nr. 10<sup>th<\/sup>, Yingkeyijia Keramikwelt, 4<sup>th<\/sup>\u00a0Jihua Road, Chancheng, Foshan, 528 000, Guangdong, China<\/p>\n<p><strong>PRODUKTIONSST\u00c4TTE :<\/strong>\u00a0Landkreis Chaoan, Stadt Chaozhou, Provinz Guangdong<\/p>\n<p><strong>Freundlicher Link:<\/strong><br \/>\n<a href=\"https:\/\/moposanitaryware.com\/de\/?attachment_id=4752\">https:\/\/moposanitaryware.com<\/a><br \/>\n<a href=\"https:\/\/www.mopotoilet.com\" rel=\"nofollow noopener\" target=\"_blank\">https:\/\/www.mopotoilet.com<\/a><br \/>\n<a href=\"https:\/\/\/de\/www.mopofaucet.com\/\">https:www.mopofaucet.com<\/a><\/p>\n<div class=\"social-icons follow-icons full-width text-left\" ><span>Folgen Sie uns<\/span><a href=\"https:\/\/www.facebook.com\/MOPOCHINA\" target=\"_blank\" data-label=\"Facebook\" class=\"icon primary button circle facebook tooltip\" title=\"Auf Facebook folgen\" aria-label=\"Auf Facebook folgen\" rel=\"noopener nofollow\"><i class=\"icon-facebook\" ><\/i><\/a><a href=\"https:\/\/www.instagram.com\/mopotoilet\/\" target=\"_blank\" data-label=\"Instagram\" class=\"icon primary button circle instagram tooltip\" title=\"Auf Instagram folgen\" aria-label=\"Auf Instagram folgen\" rel=\"noopener nofollow\"><i class=\"icon-instagram\" ><\/i><\/a><a href=\"https:\/\/twitter.com\/mopotoilet\" data-label=\"Twitter\" target=\"_blank\" class=\"icon primary button circle twitter tooltip\" title=\"Auf Twitter folgen\" aria-label=\"Auf Twitter folgen\" rel=\"noopener nofollow\"><i class=\"icon-twitter\" ><\/i><\/a><a href=\"mailto:info@mopochina.com\" data-label=\"E-mail\" target=\"_blank\" class=\"icon primary button circle email tooltip\" title=\"Sende uns eine E-Mail\" aria-label=\"Sende uns eine E-Mail\" rel=\"nofollow noopener\" ><i class=\"icon-envelop\" ><\/i><\/a><a href=\"https:\/\/www.linkedin.com\/company\/mopo-sanitary-ware\/\" data-label=\"LinkedIn\" target=\"_blank\" class=\"icon primary button circle linkedin tooltip\" title=\"Auf Linkedin folgen\" aria-label=\"Auf Linkedin folgen\" rel=\"noopener nofollow\"><i class=\"icon-linkedin\" ><\/i><\/a><a href=\"https:\/\/www.youtube.com\/c\/mopochina\/featured\" data-label=\"YouTube\" target=\"_blank\" class=\"icon primary button circle youtube tooltip\" title=\"Auf YouTube folgen\" aria-label=\"Auf YouTube folgen\" rel=\"noopener nofollow\"><i class=\"icon-youtube\" ><\/i><\/a><\/div>\n\t\t<\/div>\n\t\t\t\t\t<\/div>\n\n\t\n<\/div>","protected":false},"excerpt":{"rendered":"<table width=\"567\">\n<tbody>\n<tr>\n<td width=\"163\">Markenname:<\/td>\n<td width=\"334\">MOPO<\/td>\n<\/tr>\n<tr>\n<td width=\"163\">Produktname:<\/td>\n<td width=\"334\"><a href=\"https:\/\/moposanitaryware.com\/de\/produkt-kategorie\/showers\/\">Duscharmaturen<\/a><\/td>\n<\/tr>\n<tr>\n<td width=\"163\">Artikelnummer:<\/td>\n<td width=\"334\">MP-F500106<\/td>\n<\/tr>\n<tr>\n<td width=\"163\">Prim\u00e4rmaterial:<\/td>\n<td width=\"334\">59 A-Level Messing\/Stahl\/ABS<\/td>\n<\/tr>\n<tr>\n<td width=\"163\">Oberfl\u00e4che fertig:<\/td>\n<td width=\"334\">Galvanisieren 7-12 um Nickel + 2-5 um Chrom<\/td>\n<\/tr>\n<tr>\n<td width=\"163\">Haltbarkeit:<\/td>\n<td width=\"334\">Rostbest\u00e4ndig; Anlaufbest\u00e4ndig; Fleckenbest\u00e4ndig<\/td>\n<\/tr>\n<tr>\n<td width=\"163\">Farbe:<\/td>\n<td width=\"334\">Schwarz\/Chrom\/Gunmetal-Grau<\/td>\n<\/tr>\n<tr>\n<td width=\"163\">Gr\u00f6\u00dfe:<\/td>\n<td width=\"334\">25,5\u00d7129,5x19cm<\/td>\n<\/tr>\n<tr>\n<td width=\"163\">Gewicht:<\/td>\n<td width=\"334\">3,8 \u2013 4,6 kg<\/td>\n<\/tr>\n<tr>\n<td width=\"163\">Steuerungstyp:<\/td>\n<td width=\"334\">Mehrfachsteuerung<\/td>\n<\/tr>\n<tr>\n<td width=\"163\">Montageort:<\/td>\n<td width=\"334\">Wandmontage<\/td>\n<\/tr>\n<\/tbody>\n<\/table>\n\t<a class=\"paoc-popup-click paoc-popup-cust-337 paoc-popup-button paoc-popup-btn\" href=\"javascript:void(0);\">Angebot anfordern<\/a>\r\n\u00a0 \u00a0 \u00a0<a href=\"https:\/\/api.whatsapp.com\/send?phone=8618675762929\"><img loading=\"lazy\" decoding=\"async\" class=\"alignnone wp-image-6698\" src=\"https:\/\/moposanitaryware.com\/wp-content\/uploads\/WhatsApp.png\" alt=\"\" width=\"140\" height=\"33\" srcset=\"https:\/\/moposanitaryware.com\/wp-content\/uploads\/WhatsApp.png 546w, https:\/\/moposanitaryware.com\/wp-content\/uploads\/WhatsApp-18x4.png 18w\" sizes=\"auto, (max-width: 140px) 100vw, 140px\" \/><\/a><\/p>","protected":false},"featured_media":6782,"template":"","meta":{"_acf_changed":false},"product_brand":[],"product_cat":[15,56,99],"product_tag":[258,164,165],"class_list":{"0":"post-6797","1":"product","2":"type-product","3":"status-publish","4":"has-post-thumbnail","6":"product_cat-see-all-categories","7":"product_cat-showers","8":"product_cat-wall-mount-shower","9":"product_tag-shower-faucets","10":"product_tag-shower-set","11":"product_tag-shower-system","13":"first","14":"instock","15":"shipping-taxable","16":"product-type-simple"},"acf":[],"_links":{"self":[{"href":"https:\/\/moposanitaryware.com\/de\/wp-json\/wp\/v2\/product\/6797","targetHints":{"allow":["GET"]}}],"collection":[{"href":"https:\/\/moposanitaryware.com\/de\/wp-json\/wp\/v2\/product"}],"about":[{"href":"https:\/\/moposanitaryware.com\/de\/wp-json\/wp\/v2\/types\/product"}],"wp:featuredmedia":[{"embeddable":true,"href":"https:\/\/moposanitaryware.com\/de\/wp-json\/wp\/v2\/media\/6782"}],"wp:attachment":[{"href":"https:\/\/moposanitaryware.com\/de\/wp-json\/wp\/v2\/media?parent=6797"}],"wp:term":[{"taxonomy":"product_brand","embeddable":true,"href":"https:\/\/moposanitaryware.com\/de\/wp-json\/wp\/v2\/product_brand?post=6797"},{"taxonomy":"product_cat","embeddable":true,"href":"https:\/\/moposanitaryware.com\/de\/wp-json\/wp\/v2\/product_cat?post=6797"},{"taxonomy":"product_tag","embeddable":true,"href":"https:\/\/moposanitaryware.com\/de\/wp-json\/wp\/v2\/product_tag?post=6797"}],"curies":[{"name":"wp","href":"https:\/\/api.w.org\/{rel}","templated":true}]}}