{"id":6646,"date":"2024-06-29T08:37:16","date_gmt":"2024-06-29T08:37:16","guid":{"rendered":"https:\/\/moposanitaryware.com\/?post_type=product&#038;p=6646"},"modified":"2024-07-25T09:02:28","modified_gmt":"2024-07-25T09:02:28","slug":"ceramic-washdown-2-piece-toilet","status":"publish","type":"product","link":"https:\/\/moposanitaryware.com\/de\/ceramic-washdown-2-piece-toilet\/","title":{"rendered":"Gro\u00dfhandel Keramiktoiletten Badezimmer Sanit\u00e4rkeramik Keramik Washdown 2 St\u00fcck Toilette"},"content":{"rendered":"<div class=\"row\"  id=\"row-1078722864\">\n\n\t<div id=\"col-1939776986\" class=\"col small-12 large-12\"  >\n\t\t\t\t<div class=\"col-inner\"  >\n\t\t\t\n\t\t\t\n<p>A <a href=\"https:\/\/moposanitaryware.com\/de\/produkt-kategorie\/toiletten-2\/two-piece-toilet\/\">zweiteilige Toilette<\/a> ist eine g\u00e4ngige Toilettenart, bei der der Sp\u00fclkasten und die Sch\u00fcssel separate Komponenten sind, die bei der Installation miteinander verschraubt werden. Hier sind einige wichtige Merkmale und \u00dcberlegungen zu <a href=\"https:\/\/moposanitaryware.com\/de\/produkt-kategorie\/toiletten-2\/two-piece-toilet\/\">zweiteilige Toiletten<\/a>:<\/p>\n<h3 id=\"features\" data-source-line=\"3\">Merkmale:<\/h3>\n<ul data-source-line=\"4\">\n<li><strong>Separater Tank und Sch\u00fcssel<\/strong>: Das auff\u00e4lligste Merkmal einer zweiteiligen Toilette ist, dass Sp\u00fclkasten und Sch\u00fcssel getrennte Teile sind. Dadurch sind sie bei der Installation oder bei erforderlichen Reparaturen leichter zu handhaben und zu bewegen.<\/li>\n<li><strong>Einfacher Austausch<\/strong>: Da Tank und Sch\u00fcssel getrennt sind, k\u00f6nnen Sie bei Bedarf das eine austauschen, ohne das andere ersetzen zu m\u00fcssen. Dies kann kosteng\u00fcnstig sein, wenn nur ein Teil besch\u00e4digt oder abgenutzt ist.<\/li>\n<li><strong>Stilvielfalt<\/strong>: <a href=\"https:\/\/moposanitaryware.com\/de\/produkt-kategorie\/toiletten-2\/two-piece-toilet\/\">Zweiteilige Toiletten<\/a> sind in vielen verschiedenen Stilen, H\u00f6hen und Beckenformen erh\u00e4ltlich, sodass Sie leichter ein Modell finden, das zu Ihrem Badezimmerdesign und Ihren Komfortvorlieben passt.<\/li>\n<li><strong>Standardh\u00f6he und Komforth\u00f6he<\/strong>: Sie sind in verschiedenen H\u00f6hen erh\u00e4ltlich, darunter die \u00e4ltere Standardh\u00f6he und die modernere Komforth\u00f6he, die etwas h\u00f6her ist und f\u00fcr manche Menschen einfacher zu verwenden ist.<\/li>\n<li><strong>Kosteng\u00fcnstig<\/strong>: <a href=\"https:\/\/moposanitaryware.com\/de\/produkt-kategorie\/toiletten-2\/two-piece-toilet\/\">Zweiteilige Toiletten<\/a> sind im Allgemeinen g\u00fcnstiger als einteilige Toiletten und daher in vielen Haushalten eine beliebte Wahl.<\/li>\n<\/ul>\n<table style=\"height: 608px;\" border=\"1\" width=\"781\">\n<tbody>\n<tr>\n<td>Herkunftsort:<\/td>\n<td>Foshan, China<\/td>\n<\/tr>\n<tr>\n<td>Modellname:<\/td>\n<td data-spm-anchor-id=\"a2700.details.pronpeci14.i1.47c970d3Zz0E3h\"><a href=\"https:\/\/moposanitaryware.com\/de\/produkt-kategorie\/toiletten-2\/two-piece-toilet\/\">Zweiteilige Toilette<\/a><\/td>\n<\/tr>\n<tr>\n<td>Merkmale<\/td>\n<td>\n<ul>\n<li><a href=\"https:\/\/moposanitaryware.com\/de\/produkt-kategorie\/toiletten-2\/two-piece-toilet\/\">Zweiteilige Toiletten<\/a> sind im Allgemeinen leichter zu transportieren als einteilige Toiletten<\/li>\n<li>Einfache Wartung<\/li>\n<li>Universalh\u00f6he \/ Standardh\u00f6he.<\/li>\n<li>Tornado Sp\u00fclsystem<\/li>\n<li>Bei der Doppelsp\u00fclung haben Sie die Wahl zwischen 0,8 oder 1,28 gpf (3,0 l oder 4,8 l).<\/li>\n<li>Durch die verl\u00e4ngerte Sitzfl\u00e4che l\u00e4sst sich der Sitz ger\u00e4uschlos schlie\u00dfen.<\/li>\n<li>Verdeckter Abflusskanal<\/li>\n<li>2-Zoll-Siphon \/ 3-Zoll-Sp\u00fclventil<\/li>\n<li>Platzsparend, Wassersparend<\/li>\n<\/ul>\n<\/td>\n<\/tr>\n<tr>\n<td>Anwendung:<\/td>\n<td>Haus, Hotel, Villa, Wohnung, B\u00fcrogeb\u00e4ude, Krankenhaus, Einkaufszentrum,<\/td>\n<\/tr>\n<tr>\n<td>Zertifikat:<\/td>\n<td>IAPMO (CUPC), Wassersinn, ADA<\/td>\n<\/tr>\n<tr>\n<td>Service nach dem Verkauf<\/td>\n<td>Technischer Online-Support, 3 Jahre eingeschr\u00e4nkte Teilegarantie, kostenlose Ersatzteile<\/td>\n<\/tr>\n<tr>\n<td>OEM und ODM:<\/td>\n<td>OEM<\/td>\n<\/tr>\n<tr>\n<td>Mindestbestellmenge:<\/td>\n<td>1 Satz<\/td>\n<\/tr>\n<tr>\n<td>Kostenlose Probe:<\/td>\n<td>Lohnprobe<\/td>\n<\/tr>\n<tr>\n<td>Zahlung:<\/td>\n<td>T\/T<\/td>\n<\/tr>\n<tr>\n<td>Lieferf\u00e4higkeit:<\/td>\n<td>500 S\u00e4tze pro Tag<\/td>\n<\/tr>\n<tr>\n<td style=\"text-align: left;\">Verpackung:<\/td>\n<td style=\"text-align: left;\">Exportverpackung (1 St\u00fcck pro Karton, 5-lagige Kartons f\u00fcr Kartonschachteln)<\/td>\n<\/tr>\n<\/tbody>\n<\/table>\n\t\t<\/div>\n\t\t\t\t\t<\/div>\n\n\t\n<\/div>\n<div class=\"row\"  id=\"row-1163442729\">\n\n\t<div id=\"col-395753931\" class=\"col medium-6 small-12 large-6\"  >\n\t\t\t\t<div class=\"col-inner\"  >\n\t\t\t\n\t\t\t\n\t<div class=\"img has-hover x md-x lg-x y md-y lg-y\" id=\"image_1645266348\">\n\t\t\t\t\t\t\t\t<div class=\"img-inner dark\" >\n\t\t\t<img loading=\"lazy\" decoding=\"async\" width=\"853\" height=\"597\" src=\"https:\/\/moposanitaryware.com\/wp-content\/uploads\/2021\/04\/Factory-Directly-bathroom-Tornado-Siphonic-Two-Piece-Toilet-high-quality-Toilet-Manufacturer.jpg\" class=\"attachment-large size-large\" alt=\"Fabrik direkt Badezimmer Tornado Siphonic Zweiteilige Toilette\" srcset=\"https:\/\/moposanitaryware.com\/wp-content\/uploads\/2021\/04\/Factory-Directly-bathroom-Tornado-Siphonic-Two-Piece-Toilet-high-quality-Toilet-Manufacturer.jpg 853w, https:\/\/moposanitaryware.com\/wp-content\/uploads\/2021\/04\/Factory-Directly-bathroom-Tornado-Siphonic-Two-Piece-Toilet-high-quality-Toilet-Manufacturer-600x420.jpg 600w, https:\/\/moposanitaryware.com\/wp-content\/uploads\/2021\/04\/Factory-Directly-bathroom-Tornado-Siphonic-Two-Piece-Toilet-high-quality-Toilet-Manufacturer-572x400.jpg 572w, https:\/\/moposanitaryware.com\/wp-content\/uploads\/2021\/04\/Factory-Directly-bathroom-Tornado-Siphonic-Two-Piece-Toilet-high-quality-Toilet-Manufacturer-768x538.jpg 768w\" sizes=\"auto, (max-width: 853px) 100vw, 853px\" title=\"\">\t\t\t\t\t\t\n\t\t\t\t\t<\/div>\n\t\t\t\t\t\t\t\t\n<style>\n#image_1645266348 {\n  width: 100%;\n}\n<\/style>\n\t<\/div>\n\t\n\t\t<\/div>\n\t\t\t\t\t<\/div>\n\n\t\n\n\t<div id=\"col-1134929755\" class=\"col medium-6 small-12 large-6\"  >\n\t\t\t\t<div class=\"col-inner\"  >\n\t\t\t\n\t\t\t\n<h1 class=\"a-spacing-mini\">Entwickelt, um sch\u00f6n zu sein<\/h1>\n<p>Die zweiteilige Toilette ist sch\u00f6n, langlebig und zuverl\u00e4ssig und h\u00e4lt dem t\u00e4glichen Gebrauch m\u00fchelos stand. Die robuste Konstruktion aus Sanit\u00e4rporzellan, die Siphon-Sch\u00fcssel mit direkter D\u00fcsenzufuhr und das 2-Zoll-Sp\u00fclventil werden viele Jahre lang gute Dienste leisten. Au\u00dferdem passt die Toilette gut zu vielen Stilen und erg\u00e4nzt jedes Dekor. Mit ihren sch\u00f6nen, klaren Linien ist diese wei\u00dfe, moderne Toilette eine perfekte Erg\u00e4nzung f\u00fcr die Renovierung Ihres kleinen Badezimmers und wird in Ihrem Badezimmer gro\u00dfartig aussehen.<\/p>\n\t\t<\/div>\n\t\t\t\t\t<\/div>\n\n\t\n<\/div>\n<div class=\"row\"  id=\"row-1256029862\">\n\n\t<div id=\"col-617271244\" class=\"col medium-6 small-12 large-6\"  >\n\t\t\t\t<div class=\"col-inner\"  >\n\t\t\t\n\t\t\t\n<h2>Superleise und kraftvolle Sp\u00fclung<\/h2>\n<p><span style=\"vertical-align: inherit;\"><span style=\"vertical-align: inherit;\">Vollst\u00e4ndig glasierte Sp\u00fclung, die eine superleise und kraftvolle Sp\u00fclung erm\u00f6glicht \u2013 keine Verstopfungen, keine Lecks. Auslaufsicher. Hocheffiziente Doppelsp\u00fclung 1,28 GPF\/0,8 GPF. Das Wasser spritzt aus zwei kleinen L\u00f6chern, sp\u00fclt entlang der Innenwand einer gut gestalteten, l\u00e4nglichen Toilette und erzeugt einen Wirbel. Der Wirbel reinigt alle Ecken der Toilettensch\u00fcssel rundum und sorgt gleichzeitig f\u00fcr ein ruhigeres Leben.<\/span><\/span><\/p>\n\t\t<\/div>\n\t\t\t\t\t<\/div>\n\n\t\n\n\t<div id=\"col-85787175\" class=\"col medium-6 small-12 large-6\"  >\n\t\t\t\t<div class=\"col-inner\"  >\n\t\t\t\n\t\t\t\n\t<div class=\"img has-hover x md-x lg-x y md-y lg-y\" id=\"image_294566121\">\n\t\t\t\t\t\t\t\t<div class=\"img-inner dark\" >\n\t\t\t<img loading=\"lazy\" decoding=\"async\" width=\"598\" height=\"419\" src=\"https:\/\/moposanitaryware.com\/wp-content\/uploads\/2021\/04\/Wholesale-cheap-ceramic-lavatory-supplies-sanitary-ware-modern-toilet-bowl-ceramic-one-piece-toilet.jpg\" class=\"attachment-large size-large\" alt=\"China Smart-Toilettenzubeh\u00f6r Gro\u00dfhandel billige Sanit\u00e4rkeramik moderne einteilige Toilette Leistungsstarke Sp\u00fclf\u00e4higkeit Jet-Sp\u00fcltechnologie\" srcset=\"https:\/\/moposanitaryware.com\/wp-content\/uploads\/2021\/04\/Wholesale-cheap-ceramic-lavatory-supplies-sanitary-ware-modern-toilet-bowl-ceramic-one-piece-toilet.jpg 598w, https:\/\/moposanitaryware.com\/wp-content\/uploads\/2021\/04\/Wholesale-cheap-ceramic-lavatory-supplies-sanitary-ware-modern-toilet-bowl-ceramic-one-piece-toilet-571x400.jpg 571w\" sizes=\"auto, (max-width: 598px) 100vw, 598px\" title=\"\">\t\t\t\t\t\t\n\t\t\t\t\t<\/div>\n\t\t\t\t\t\t\t\t\n<style>\n#image_294566121 {\n  width: 100%;\n}\n<\/style>\n\t<\/div>\n\t\n\t\t<\/div>\n\t\t\t\t\t<\/div>\n\n\t\n<\/div>\n<div class=\"row\"  id=\"row-537941157\">\n\n\t<div id=\"col-1807361520\" class=\"col medium-6 small-12 large-6\"  >\n\t\t\t\t<div class=\"col-inner\"  >\n\t\t\t\n\t\t\t\n\t<div class=\"img has-hover x md-x lg-x y md-y lg-y\" id=\"image_1482977211\">\n\t\t\t\t\t\t\t\t<div class=\"img-inner dark\" >\n\t\t\t<img loading=\"lazy\" decoding=\"async\" width=\"600\" height=\"420\" src=\"https:\/\/moposanitaryware.com\/wp-content\/uploads\/2021\/04\/Hot-water-closet-wc-ceramic-one-piece-siphonic-dual-flush-toilets-bathroom-toilet-bowl-Toilet-water-fittings.jpg\" class=\"attachment-large size-large\" alt=\"Badezimmer Toilettensch\u00fcssel Toilettenwasserarmaturen\" srcset=\"https:\/\/moposanitaryware.com\/wp-content\/uploads\/2021\/04\/Hot-water-closet-wc-ceramic-one-piece-siphonic-dual-flush-toilets-bathroom-toilet-bowl-Toilet-water-fittings.jpg 600w, https:\/\/moposanitaryware.com\/wp-content\/uploads\/2021\/04\/Hot-water-closet-wc-ceramic-one-piece-siphonic-dual-flush-toilets-bathroom-toilet-bowl-Toilet-water-fittings-571x400.jpg 571w\" sizes=\"auto, (max-width: 600px) 100vw, 600px\" title=\"\">\t\t\t\t\t\t\n\t\t\t\t\t<\/div>\n\t\t\t\t\t\t\t\t\n<style>\n#image_1482977211 {\n  width: 100%;\n}\n<\/style>\n\t<\/div>\n\t\n\t\t<\/div>\n\t\t\t\t\t<\/div>\n\n\t\n\n\t<div id=\"col-760902810\" class=\"col medium-6 small-12 large-6\"  >\n\t\t\t\t<div class=\"col-inner\"  >\n\t\t\t\n\t\t\t\n<h1>Wasser sparen<\/h1>\n<p>Gro\u00dfer Siphon und Doppelsp\u00fclung mit Auswahlm\u00f6glichkeit zwischen 3 l\/6 l Bet\u00e4tigung, wodurch die zweiteilige Toilette sehr wassersparend und umweltfreundlich ist. Hohe Effizienz. Doppelsp\u00fcltoiletten 1,28 GPF f\u00fcr Vollsp\u00fclung (einstellbar mit Schwimmer)\/0,8 GPF f\u00fcr Halbsp\u00fclung (einstellbar am Sp\u00fclkasten) mit einem leistungsstarken Sp\u00fclsystem. Es gibt zwei Sp\u00fcloptionen und beide sind wassersparende Funktionen.<\/p>\n\t\t<\/div>\n\t\t\t\t\t<\/div>\n\n\t\n<\/div>\n<div class=\"row\"  id=\"row-1632441804\">\n\n\t<div id=\"col-1863447039\" class=\"col medium-6 small-12 large-6\"  >\n\t\t\t\t<div class=\"col-inner\"  >\n\t\t\t\n\t\t\t\n<h2>Per Knopfdruck abnehmbarer Sitz<\/h2>\n<p><span class=\"a-list-item\">Unser leicht zu l\u00f6sender Sitz wurde f\u00fcr diese kleine Toilette entwickelt und l\u00e4sst sich in drei Schritten bedienen \u2013 einklicken, entfernen und installieren. Unsere Sitze lassen sich au\u00dferdem ganz einfach \u00fcber einen Riegel entfernen. Dies erm\u00f6glicht eine m\u00fchelose Reinigung des am schwersten zu erreichenden und am st\u00e4rksten verschmutzten Teils der Toilette, der sich zwischen Sitz und Sch\u00fcssel befindet. Au\u00dferdem ist es ein Kinderspiel, den Toilettensitz in Zukunft auszutauschen, wenn er besch\u00e4digt wird. Die Schlie\u00dffunktion wurde 50.000 Mal getestet.<\/span><\/p>\n\t\t<\/div>\n\t\t\t\t\t<\/div>\n\n\t\n\n\t<div id=\"col-795291420\" class=\"col medium-6 small-12 large-6\"  >\n\t\t\t\t<div class=\"col-inner\"  >\n\t\t\t\n\t\t\t\n\t<div class=\"img has-hover x md-x lg-x y md-y lg-y\" id=\"image_1913426288\">\n\t\t\t\t\t\t\t\t<div class=\"img-inner dark\" >\n\t\t\t<img loading=\"lazy\" decoding=\"async\" width=\"600\" height=\"420\" src=\"https:\/\/moposanitaryware.com\/wp-content\/uploads\/2021\/04\/Wholesale-Bathroom-Dual-Flush-Sanitary-Ware-Chinese-One-Piece-Ceramic-Wc-Toilets-Disassemble-Toilet-Cover-plate.jpg\" class=\"attachment-large size-large\" alt=\"Gro\u00dfhandel Badezimmer Dual Flush Sanit\u00e4rkeramik Einteilige Keramik WC Toiletten Schlie\u00dfen Sie den Toilettensitz leise, einfach zu installieren und zu deinstallieren\" srcset=\"https:\/\/moposanitaryware.com\/wp-content\/uploads\/2021\/04\/Wholesale-Bathroom-Dual-Flush-Sanitary-Ware-Chinese-One-Piece-Ceramic-Wc-Toilets-Disassemble-Toilet-Cover-plate.jpg 600w, https:\/\/moposanitaryware.com\/wp-content\/uploads\/2021\/04\/Wholesale-Bathroom-Dual-Flush-Sanitary-Ware-Chinese-One-Piece-Ceramic-Wc-Toilets-Disassemble-Toilet-Cover-plate-571x400.jpg 571w\" sizes=\"auto, (max-width: 600px) 100vw, 600px\" title=\"\">\t\t\t\t\t\t\n\t\t\t\t\t<\/div>\n\t\t\t\t\t\t\t\t\n<style>\n#image_1913426288 {\n  width: 100%;\n}\n<\/style>\n\t<\/div>\n\t\n\t\t<\/div>\n\t\t\t\t\t<\/div>\n\n\t\n<\/div>\n<div class=\"row\"  id=\"row-272365017\">\n\n\t<div id=\"col-195724816\" class=\"col medium-4 small-12 large-4\"  >\n\t\t\t\t<div class=\"col-inner\"  >\n\t\t\t\n\t\t\t\n\t<div class=\"img has-hover x md-x lg-x y md-y lg-y\" id=\"image_514915702\">\n\t\t\t\t\t\t\t\t<div class=\"img-inner dark\" >\n\t\t\t<img loading=\"lazy\" decoding=\"async\" width=\"600\" height=\"420\" src=\"https:\/\/moposanitaryware.com\/wp-content\/uploads\/2021\/04\/High-quality-modern-design-cheap-bathroom-sanitary-wares-closestool-ceramic-two-piece-toilet-Internal-and-external-glass-surface.jpg\" class=\"attachment-large size-large\" alt=\"Hochwertiges, modernes Design, g\u00fcnstiges Badezimmer-WC\" srcset=\"https:\/\/moposanitaryware.com\/wp-content\/uploads\/2021\/04\/High-quality-modern-design-cheap-bathroom-sanitary-wares-closestool-ceramic-two-piece-toilet-Internal-and-external-glass-surface.jpg 600w, https:\/\/moposanitaryware.com\/wp-content\/uploads\/2021\/04\/High-quality-modern-design-cheap-bathroom-sanitary-wares-closestool-ceramic-two-piece-toilet-Internal-and-external-glass-surface-571x400.jpg 571w\" sizes=\"auto, (max-width: 600px) 100vw, 600px\" title=\"\">\t\t\t\t\t\t\n\t\t\t\t\t<\/div>\n\t\t\t\t\t\t\t\t\n<style>\n#image_514915702 {\n  width: 100%;\n}\n<\/style>\n\t<\/div>\n\t\n<h3>GLASIERTE OBERFL\u00c4CHE INNEN UND AUSSEN<\/h3>\n<p><span class=\"a-list-item\">Um zu verhindern, dass sich Partikel an der Keramikoberfl\u00e4che festsetzen, kommt eine Easy-Clean-Glasur zum Einsatz. Mittels Nanometertechnologie entsteht eine superglatte und extraharte Oberfl\u00e4che. Auch die Siphons unserer WCs sind innen wie au\u00dfen perfekt glasiert. So bleiben das WC-Innenleben und die W\u00e4nde partikelfrei.<\/span><\/p>\n\t\t<\/div>\n\t\t\t\t\t<\/div>\n\n\t\n\n\t<div id=\"col-968030833\" class=\"col medium-4 small-12 large-4\"  >\n\t\t\t\t<div class=\"col-inner\"  >\n\t\t\t\n\t\t\t\n\t<div class=\"img has-hover x md-x lg-x y md-y lg-y\" id=\"image_841941739\">\n\t\t\t\t\t\t\t\t<div class=\"img-inner dark\" >\n\t\t\t<img loading=\"lazy\" decoding=\"async\" width=\"600\" height=\"420\" src=\"https:\/\/moposanitaryware.com\/wp-content\/uploads\/2021\/04\/Wholesale-home-one-piece-sanitary-ware-toilet-bowl-ceramic-bathroom-commode-wc-toilet-High-quality-water-tank-fittings.jpg\" class=\"attachment-large size-large\" alt=\"China Sanit\u00e4rkeramik intelligente Toilette Lieferant Keramik Badezimmer einteilige Toiletten Fabrik Hochwertige Wassertank Armaturen\" srcset=\"https:\/\/moposanitaryware.com\/wp-content\/uploads\/2021\/04\/Wholesale-home-one-piece-sanitary-ware-toilet-bowl-ceramic-bathroom-commode-wc-toilet-High-quality-water-tank-fittings.jpg 600w, https:\/\/moposanitaryware.com\/wp-content\/uploads\/2021\/04\/Wholesale-home-one-piece-sanitary-ware-toilet-bowl-ceramic-bathroom-commode-wc-toilet-High-quality-water-tank-fittings-571x400.jpg 571w\" sizes=\"auto, (max-width: 600px) 100vw, 600px\" title=\"\">\t\t\t\t\t\t\n\t\t\t\t\t<\/div>\n\t\t\t\t\t\t\t\t\n<style>\n#image_841941739 {\n  width: 100%;\n}\n<\/style>\n\t<\/div>\n\t\n<h3>Superleise und kraftvolle Sp\u00fclung<\/h3>\n<p>Vollst\u00e4ndig glasierte Sp\u00fclung f\u00fcr eine superleise und kraftvolle Sp\u00fclung \u2013 keine Verstopfungen, keine Lecks. Auslaufsicher. Hocheffiziente Doppelsp\u00fclung 1,28 GPF\/0,8 GPF<\/p>\n\t\t<\/div>\n\t\t\t\t\t<\/div>\n\n\t\n\n\t<div id=\"col-1136809519\" class=\"col medium-4 small-12 large-4\"  >\n\t\t\t\t<div class=\"col-inner\"  >\n\t\t\t\n\t\t\t\n\t<div class=\"img has-hover x md-x lg-x y md-y lg-y\" id=\"image_1201040524\">\n\t\t\t\t\t\t\t\t<div class=\"img-inner dark\" >\n\t\t\t<img loading=\"lazy\" decoding=\"async\" width=\"766\" height=\"537\" src=\"https:\/\/moposanitaryware.com\/wp-content\/uploads\/2021\/04\/Modern-Western-Elongate-wc-Toilet-Hot-sale-luxury-sanitary-wares-two-piece-cheap-Chinese-bathroom-toilet.jpg\" class=\"attachment-large size-large\" alt=\"Moderne, l\u00e4ngliche Western-WC-Toilette\" srcset=\"https:\/\/moposanitaryware.com\/wp-content\/uploads\/2021\/04\/Modern-Western-Elongate-wc-Toilet-Hot-sale-luxury-sanitary-wares-two-piece-cheap-Chinese-bathroom-toilet.jpg 766w, https:\/\/moposanitaryware.com\/wp-content\/uploads\/2021\/04\/Modern-Western-Elongate-wc-Toilet-Hot-sale-luxury-sanitary-wares-two-piece-cheap-Chinese-bathroom-toilet-600x421.jpg 600w, https:\/\/moposanitaryware.com\/wp-content\/uploads\/2021\/04\/Modern-Western-Elongate-wc-Toilet-Hot-sale-luxury-sanitary-wares-two-piece-cheap-Chinese-bathroom-toilet-571x400.jpg 571w\" sizes=\"auto, (max-width: 766px) 100vw, 766px\" title=\"\">\t\t\t\t\t\t\n\t\t\t\t\t<\/div>\n\t\t\t\t\t\t\t\t\n<style>\n#image_1201040524 {\n  width: 100%;\n}\n<\/style>\n\t<\/div>\n\t\n<h3>Turbo-Siphonsp\u00fclung<\/h3>\n<p class=\"a-spacing-mini\">Ruhige und kraftvolle Sp\u00fclung aus einem St\u00fcck, die Sp\u00fclung ist super leise und kraftvoll - KEINE Verstopfungen, KEINE Lecks und KEIN Problem <span data-fusion-font=\"true\">Jet-Sp\u00fcltechnik mit Wasserabgabe <\/span><span data-fusion-font=\"true\">aus speziell entwickelten L\u00f6chern in 360 Grad<br \/>\n<\/span><span data-fusion-font=\"true\">herum, sodass die Sch\u00fcssel immer sauber und frisch bleibt.<\/span><\/p>\n<h3 class=\"a-spacing-mini\"><span style=\"color: #555555; font-size: 14.4px;\">.<\/span><\/h3>\n\t\t<\/div>\n\t\t\t\t\t<\/div>\n\n\t\n<\/div>\n<div class=\"row\"  id=\"row-9055760\">\n\n\t<div id=\"col-1927182100\" class=\"col medium-4 small-12 large-4\"  >\n\t\t\t\t<div class=\"col-inner\"  >\n\t\t\t\n\t\t\t\n\t<div class=\"img has-hover x md-x lg-x y md-y lg-y\" id=\"image_777281054\">\n\t\t\t\t\t\t\t\t<div class=\"img-inner dark\" >\n\t\t\t<img loading=\"lazy\" decoding=\"async\" width=\"600\" height=\"420\" src=\"https:\/\/moposanitaryware.com\/wp-content\/uploads\/2021\/04\/Sanitary-Ware-bathroom-sanitaryware-new-design-modern-two-piece-toilet.jpg\" class=\"attachment-large size-large\" alt=\"Badezimmer: Tornado Siphonic Zweiteilige Toilette\" srcset=\"https:\/\/moposanitaryware.com\/wp-content\/uploads\/2021\/04\/Sanitary-Ware-bathroom-sanitaryware-new-design-modern-two-piece-toilet.jpg 600w, https:\/\/moposanitaryware.com\/wp-content\/uploads\/2021\/04\/Sanitary-Ware-bathroom-sanitaryware-new-design-modern-two-piece-toilet-571x400.jpg 571w\" sizes=\"auto, (max-width: 600px) 100vw, 600px\" title=\"\">\t\t\t\t\t\t\n\t\t\t\t\t<\/div>\n\t\t\t\t\t\t\t\t\n<style>\n#image_777281054 {\n  width: 100%;\n}\n<\/style>\n\t<\/div>\n\t\n<h3>Sitz mit sanftem Schlie\u00dfmechanismus<\/h3>\n<p>Hergestellt aus wei\u00dfem, antibakteriellem Harnstoff-Formaldehyd-Material. Die antibakterielle Beschichtung des Toilettensitzes verringert die Ansammlung von Bakterien auf dem Sitzbezug. Hochwertiger Toilettensitz mit Soft-Close-Funktion und langlebigem Edelstahlscharnier. Er schlie\u00dft leise und langsam. Das Soft-Close-System ist mitten in der Nacht angenehm, ohne dass das ganze Haus durch versehentliches Klappern geweckt wird.<\/p>\n\t\t<\/div>\n\t\t\t\t\t<\/div>\n\n\t\n\n\t<div id=\"col-718512131\" class=\"col medium-4 small-12 large-4\"  >\n\t\t\t\t<div class=\"col-inner\"  >\n\t\t\t\n\t\t\t\n\t<div class=\"img has-hover x md-x lg-x y md-y lg-y\" id=\"image_1116482970\">\n\t\t\t\t\t\t\t\t<div class=\"img-inner dark\" >\n\t\t\t<img loading=\"lazy\" decoding=\"async\" width=\"600\" height=\"420\" src=\"https:\/\/moposanitaryware.com\/wp-content\/uploads\/2021\/04\/China-Chaozhou-Factory-Direct-Price-washdown-Siphonic-Wc-Ceramic-One-Piece-two-pieces-Toilet-For-Sale.jpg\" class=\"attachment-large size-large\" alt=\"Einteiliges, zweiteiliges WC aus Keramik zu verkaufen\" srcset=\"https:\/\/moposanitaryware.com\/wp-content\/uploads\/2021\/04\/China-Chaozhou-Factory-Direct-Price-washdown-Siphonic-Wc-Ceramic-One-Piece-two-pieces-Toilet-For-Sale.jpg 600w, https:\/\/moposanitaryware.com\/wp-content\/uploads\/2021\/04\/China-Chaozhou-Factory-Direct-Price-washdown-Siphonic-Wc-Ceramic-One-Piece-two-pieces-Toilet-For-Sale-571x400.jpg 571w\" sizes=\"auto, (max-width: 600px) 100vw, 600px\" title=\"\">\t\t\t\t\t\t\n\t\t\t\t\t<\/div>\n\t\t\t\t\t\t\t\t\n<style>\n#image_1116482970 {\n  width: 100%;\n}\n<\/style>\n\t<\/div>\n\t\n<h2><span class=\"Y2IQFc\" lang=\"en\">Brennen bei hohen Temperaturen<\/span><\/h2>\n<p><span class=\"a-list-item\">Jedes St\u00fcck der Keramik-Toilettenprodukte von MOPO wird 24 Stunden lang im Ofen bei hohen Temperaturen \u00fcber 1280 \u00b0C gebrannt, sodass es nicht nur eine seidige, hochdichte und feste Oberfl\u00e4che erh\u00e4lt, die f\u00fcr Rissbest\u00e4ndigkeit und lange Lebensdauer sorgt, sondern auch eine geringere Wasseraufnahme (\u2264 0,21 TP3T), die seine geruchshemmende Eigenschaft sicherstellt.<\/span><\/p>\n\t\t<\/div>\n\t\t\t\t\t<\/div>\n\n\t\n\n\t<div id=\"col-1633986178\" class=\"col medium-4 small-12 large-4\"  >\n\t\t\t\t<div class=\"col-inner\"  >\n\t\t\t\n\t\t\t\n\t<div class=\"img has-hover x md-x lg-x y md-y lg-y\" id=\"image_2067407199\">\n\t\t\t\t\t\t\t\t<div class=\"img-inner dark\" >\n\t\t\t<img loading=\"lazy\" decoding=\"async\" width=\"600\" height=\"420\" src=\"https:\/\/moposanitaryware.com\/wp-content\/uploads\/2021\/04\/China-Smart-Toilets-Suppliers-factory-automatic-production-equipment-Product-production.jpg\" class=\"attachment-large size-large\" alt=\"China Smart-Toiletten Lieferanten Fabrik automatische Produktionsanlagen Produktproduktion\" srcset=\"https:\/\/moposanitaryware.com\/wp-content\/uploads\/2021\/04\/China-Smart-Toilets-Suppliers-factory-automatic-production-equipment-Product-production.jpg 600w, https:\/\/moposanitaryware.com\/wp-content\/uploads\/2021\/04\/China-Smart-Toilets-Suppliers-factory-automatic-production-equipment-Product-production-571x400.jpg 571w\" sizes=\"auto, (max-width: 600px) 100vw, 600px\" title=\"\">\t\t\t\t\t\t\n\t\t\t\t\t<\/div>\n\t\t\t\t\t\t\t\t\n<style>\n#image_2067407199 {\n  width: 100%;\n}\n<\/style>\n\t<\/div>\n\t\n<h3>Automatisierung <span class=\"Y2IQFc\" lang=\"en\">Glasiert<\/span><\/h3>\n<p><span class=\"Y2IQFc\" lang=\"en\">Auf der automatisierten Fertigungsstra\u00dfe gelangt die Toilette in einen kleinen Arbeitsbereich. Jeder Handwerker wischt sie sorgf\u00e4ltig mit Staub und Schwamm ab, um sicherzustellen, dass sie v\u00f6llig glatt und bereit zum Glasieren ist. Der Roboter glasiert die Toilette gleichm\u00e4\u00dfig. Bei Projekten, die zu gro\u00df sind oder k\u00fcrzlich so konzipiert wurden, dass keine automatisierte Produktionsstra\u00dfe verwendet werden kann, wird die Glasur manuell aufgetragen.<\/span><\/p>\n\t\t<\/div>\n\t\t\t\t\t<\/div>\n\n\t\n<\/div>","protected":false},"excerpt":{"rendered":"<table width=\"497\">\n<tbody>\n<tr>\n<td width=\"163\">Markenname:<\/td>\n<td width=\"334\">MOPO\u00ae<\/td>\n<\/tr>\n<tr>\n<td width=\"163\">Produktname:<\/td>\n<td width=\"334\"><a href=\"https:\/\/moposanitaryware.com\/de\/produkt-kategorie\/toiletten-2\/two-piece-toilet\/\">Zweiteilige Toilette<\/a><\/td>\n<\/tr>\n<tr>\n<td width=\"163\">Artikelnummer:<\/td>\n<td width=\"334\">\u00a0MP-A-8220A<\/td>\n<\/tr>\n<tr>\n<td width=\"163\">Prim\u00e4rmaterial:<\/td>\n<td width=\"334\">Keramik<\/td>\n<\/tr>\n<tr>\n<td width=\"163\">Pufferfunktion<\/td>\n<td width=\"334\">Sanfter Verschluss<\/td>\n<\/tr>\n<tr>\n<td width=\"163\">Schruppen<\/td>\n<td width=\"334\">S-Siphon 250mm P-Siphon\/180mm<\/td>\n<\/tr>\n<tr>\n<td width=\"163\">Produktgr\u00f6\u00dfe<\/td>\n<td width=\"334\">720 x 400 x 750 mm<\/td>\n<\/tr>\n<tr>\n<td width=\"163\">Sp\u00fclmethode<\/td>\n<td width=\"334\">Siphon-Jet-Sp\u00fclung<\/td>\n<\/tr>\n<tr>\n<td width=\"163\">Nettogewicht<\/td>\n<td width=\"334\">42-50 kg<\/td>\n<\/tr>\n<tr>\n<td width=\"163\">Installationstyp<\/td>\n<td width=\"334\">Bodenmontage<\/td>\n<\/tr>\n<\/tbody>\n<\/table>\n\t<a class=\"paoc-popup-click paoc-popup-cust-337 paoc-popup-button paoc-popup-btn\" href=\"javascript:void(0);\">Angebot anfordern<\/a>\r\n\u00a0 \u00a0 \u00a0<a href=\"https:\/\/api.whatsapp.com\/send?phone=8618675762929\"><img loading=\"lazy\" decoding=\"async\" class=\"alignnone wp-image-6698\" src=\"https:\/\/moposanitaryware.com\/wp-content\/uploads\/WhatsApp.png\" alt=\"\" width=\"140\" height=\"33\" srcset=\"https:\/\/moposanitaryware.com\/wp-content\/uploads\/WhatsApp.png 546w, https:\/\/moposanitaryware.com\/wp-content\/uploads\/WhatsApp-18x4.png 18w\" sizes=\"auto, (max-width: 140px) 100vw, 140px\" \/><\/a><\/p>","protected":false},"featured_media":6647,"template":"","meta":{"_acf_changed":false},"product_brand":[],"product_cat":[15,35,78],"product_tag":[112],"class_list":{"0":"post-6646","1":"product","2":"type-product","3":"status-publish","4":"has-post-thumbnail","6":"product_cat-see-all-categories","7":"product_cat-toilets","8":"product_cat-two-piece-toilet","9":"product_tag-two-piece-toilet","11":"first","12":"instock","13":"shipping-taxable","14":"product-type-simple"},"acf":[],"_links":{"self":[{"href":"https:\/\/moposanitaryware.com\/de\/wp-json\/wp\/v2\/product\/6646","targetHints":{"allow":["GET"]}}],"collection":[{"href":"https:\/\/moposanitaryware.com\/de\/wp-json\/wp\/v2\/product"}],"about":[{"href":"https:\/\/moposanitaryware.com\/de\/wp-json\/wp\/v2\/types\/product"}],"wp:featuredmedia":[{"embeddable":true,"href":"https:\/\/moposanitaryware.com\/de\/wp-json\/wp\/v2\/media\/6647"}],"wp:attachment":[{"href":"https:\/\/moposanitaryware.com\/de\/wp-json\/wp\/v2\/media?parent=6646"}],"wp:term":[{"taxonomy":"product_brand","embeddable":true,"href":"https:\/\/moposanitaryware.com\/de\/wp-json\/wp\/v2\/product_brand?post=6646"},{"taxonomy":"product_cat","embeddable":true,"href":"https:\/\/moposanitaryware.com\/de\/wp-json\/wp\/v2\/product_cat?post=6646"},{"taxonomy":"product_tag","embeddable":true,"href":"https:\/\/moposanitaryware.com\/de\/wp-json\/wp\/v2\/product_tag?post=6646"}],"curies":[{"name":"wp","href":"https:\/\/api.w.org\/{rel}","templated":true}]}}