{"id":6058,"date":"2024-01-03T07:01:09","date_gmt":"2024-01-03T07:01:09","guid":{"rendered":"https:\/\/moposanitaryware.com\/?post_type=product&#038;p=6058"},"modified":"2024-07-26T08:44:54","modified_gmt":"2024-07-26T08:44:54","slug":"3-hole-2-handle-brass-bathroom-faucet","status":"publish","type":"product","link":"https:\/\/moposanitaryware.com\/de\/3-hole-2-handle-brass-bathroom-faucet\/","title":{"rendered":"Projekt Hot Sale Mattschwarzes Finish Deckmontierter 3-Loch-2-Griff-8-Zoll-Badezimmerhahn aus weit verbreitetem Messing"},"content":{"rendered":"<div class=\"row align-center\"  id=\"row-846684637\">\n\n\t<div id=\"col-1574841250\" class=\"col medium-11 small-12 large-11\"  data-animate=\"fadeInUp\">\n\t\t\t\t<div class=\"col-inner text-center\"  >\n\t\t\t\n\t\t\t\n<h1 style=\"text-align: center;\"><a href=\"https:\/\/moposanitaryware.com\/de\/produkt-kategorie\/faucets\/\">Wasserh\u00e4hne<\/a><\/h1>\n<p style=\"text-align: center;\">Durchsuchen Sie K\u00fcchenarmaturen, <a href=\"https:\/\/moposanitaryware.com\/de\/produkt-kategorie\/faucets\/\">Badezimmerarmaturen<\/a>, <a href=\"https:\/\/moposanitaryware.com\/de\/produkt-kategorie\/faucets\/\">waschbecken wasserh\u00e4hne<\/a>, <a href=\"https:\/\/moposanitaryware.com\/de\/produkt-kategorie\/faucets\/\">Waschtischmischer<\/a> Wasserh\u00e4hne sind in vielen verschiedenen Stilen und Ausf\u00fchrungen erh\u00e4ltlich. <a href=\"https:\/\/moposanitaryware.com\/de\/produkt-kategorie\/faucets\/\">Badezimmerarmaturen<\/a> vereinen Top-Design mit h\u00f6chster Qualit\u00e4t und innovativen Funktionen. Entdecken Sie faszinierende L\u00f6sungen f\u00fcr Ihr Bad.<\/p>\n<a href=\"https:\/\/moposanitaryware.com\/de\/produkt-kategorie\/faucets\/\" class=\"button secondary is-underline lowercase\"  >\n\t\t<span>Alles erkunden<\/span>\n\t<i class=\"icon-menu\" aria-hidden=\"true\" ><\/i><\/a>\n\n\t\t<\/div>\n\t\t\t\t\t<\/div>\n\n\t\n<\/div>\n<table style=\"height: 492px;\" border=\"1\" width=\"667\">\n<tbody>\n<tr>\n<td>Herkunftsort:<\/td>\n<td>Foshan, China<\/td>\n<\/tr>\n<tr>\n<td>Modellname:<\/td>\n<td data-spm-anchor-id=\"a2700.details.pronpeci14.i1.47c970d3Zz0E3h\">MOPO\u00ae Messing <a href=\"https:\/\/moposanitaryware.com\/de\/produkt-kategorie\/faucets\/\">Badezimmer-Waschtischarmaturen<\/a><\/td>\n<\/tr>\n<tr>\n<td><strong><span data-spm-anchor-id=\"a2700.wholesale.0.i33.2c534154qJukFc\">Besonderheit<\/span><\/strong><strong>\u00a0<\/strong><\/td>\n<td>Einhandbedienung, hochwertiges Material<br \/>\nHaltbarkeitZuverl\u00e4ssigkeitOberfl\u00e4chen widerstehen Korrosion<br \/>\nHochwertiges, massives Messingmaterial<br \/>\nKeramikscheibenkartusche sorgt f\u00fcr lange Lebensdauer<br \/>\nTropffreie Einhebelbedienung<br \/>\nHochtemperatur-Begrenzungsschalter verhindern Verbr\u00fchungen<br \/>\nHei\u00dfes kaltes Wasser gemischter Sinn <a style=\"font-family: inherit; font-size: inherit;\" href=\"https:\/\/moposanitaryware.com\/de\/produkt-kategorie\/faucets\/\">Wasserh\u00e4hne<\/a><\/td>\n<\/tr>\n<tr>\n<td>Anwendung:<\/td>\n<td>Hotel, Haus, Villa, Wohnung, B\u00fcrogeb\u00e4ude, Krankenhaus, Einkaufszentrum,<\/td>\n<\/tr>\n<tr>\n<td>Zertifikat:<\/td>\n<td>CE, ISO 9001, SASO, Wasserzeichen, UPC<\/td>\n<\/tr>\n<tr>\n<td>Service nach dem Verkauf<\/td>\n<td>Technischer Online-Support, kostenlose Ersatzteile<\/td>\n<\/tr>\n<tr>\n<td>OEM und ODM:<\/td>\n<td>OEM<\/td>\n<\/tr>\n<tr>\n<td>Mindestbestellmenge:<\/td>\n<td>1 Satz<\/td>\n<\/tr>\n<tr>\n<td>Kostenlose Probe:<\/td>\n<td>Lohnprobe<\/td>\n<\/tr>\n<tr>\n<td>Lieferf\u00e4higkeit:<\/td>\n<td>500 S\u00e4tze pro Tag<\/td>\n<\/tr>\n<tr>\n<td style=\"text-align: left;\">Verpackung:<\/td>\n<td style=\"text-align: left;\">Karton: Neutrale Verpackung; Verpackung: Styroporbeutel oder Stoffbeutel; Wir bieten ma\u00dfgeschneiderte Verpackungsdesign-Dienstleistungen.<\/td>\n<\/tr>\n<\/tbody>\n<\/table>\n<div class=\"row\"  id=\"row-2145322170\">\n\n\t<div id=\"col-777482194\" class=\"col medium-6 small-12 large-6\"  >\n\t\t\t\t<div class=\"col-inner\"  >\n\t\t\t\n\t\t\t\n<h2><span style=\"font-size: 80%;\">Bleifreies Messing der G\u00fcteklasse 59-A<\/span><\/h2>\n<p>K\u00f6rper aus veredeltem Kupfer: Der <a href=\"https:\/\/moposanitaryware.com\/de\/produkt-kategorie\/faucets\/\">Wasserhahn<\/a> Der K\u00f6rper besteht aus einem hochwertigen, raffinierten Kupferbarren unter Einsatz der fortschrittlichsten Schwerkraftgusstechnologie der Welt und wird durch Pr\u00e4zisionsbearbeitung hergestellt, ist v\u00f6llig nat\u00fcrlich, robust und langlebig. Massive Messingkonstruktion widersteht Rost, Korrosion und Anlaufen. Oberfl\u00e4chenbeschaffenheit: 1. Vernickelung mit 10\u201312 Mikrometern 2. Verchromung mit 3\u20135 Mikrometern 3. Farbbeschichtung mit 3\u20135 Mikrometern 48-Stunden-Salzspr\u00fchtest mit bestandener Zertifizierung. Makelloses Finish: Passen Sie das Aussehen an jedes Badezimmerdesign an, mit einer Auswahl an makellosen, korrosionsbest\u00e4ndigen Oberfl\u00e4chen.<\/p>\n\t\t<\/div>\n\t\t\t\t\t<\/div>\n\n\t\n\n\t<div id=\"col-989986813\" class=\"col medium-6 small-12 large-6\"  >\n\t\t\t\t<div class=\"col-inner\"  >\n\t\t\t\n\t\t\t\n\t<div class=\"img has-hover x md-x lg-x y md-y lg-y\" id=\"image_1708375721\">\n\t\t<a class=\"\" href=\"https:\/\/moposanitaryware.com\/de\/produkt-kategorie\/faucets\/\" >\t\t\t\t\t\t<div class=\"img-inner dark\" >\n\t\t\t<img loading=\"lazy\" decoding=\"async\" width=\"750\" height=\"500\" src=\"https:\/\/moposanitaryware.com\/wp-content\/uploads\/2022\/09\/Wholesale-Copper-Basin-Faucet-59-A-Grade-Brass-Lead-Free-Material.jpg\" class=\"attachment-original size-original\" alt=\"\" srcset=\"https:\/\/moposanitaryware.com\/wp-content\/uploads\/2022\/09\/Wholesale-Copper-Basin-Faucet-59-A-Grade-Brass-Lead-Free-Material.jpg 750w, https:\/\/moposanitaryware.com\/wp-content\/uploads\/2022\/09\/Wholesale-Copper-Basin-Faucet-59-A-Grade-Brass-Lead-Free-Material-600x400.jpg 600w\" sizes=\"auto, (max-width: 750px) 100vw, 750px\" title=\"\">\t\t\t\t\t\t\n\t\t\t\t\t<\/div>\n\t\t\t\t\t\t<\/a>\t\t\n<style>\n#image_1708375721 {\n  width: 100%;\n}\n<\/style>\n\t<\/div>\n\t\n\t\t<\/div>\n\t\t\t\t\t<\/div>\n\n\t\n\n\t<div id=\"col-1283137748\" class=\"col medium-6 small-12 large-6\"  >\n\t\t\t\t<div class=\"col-inner\"  >\n\t\t\t\n\t\t\t\n\t<div class=\"img has-hover x md-x lg-x y md-y lg-y\" id=\"image_1418542759\">\n\t\t<a class=\"\" href=\"https:\/\/moposanitaryware.com\/de\/produkt-kategorie\/faucets\/\" >\t\t\t\t\t\t<div class=\"img-inner dark\" >\n\t\t\t<img loading=\"lazy\" decoding=\"async\" width=\"800\" height=\"800\" src=\"https:\/\/moposanitaryware.com\/wp-content\/uploads\/2022\/09\/China-Faucet-Factory-Wholesale-Brass-Basin-Faucet-High-end-high-quality-imported-Valve-Core-1.jpg\" class=\"attachment-original size-original\" alt=\"\" srcset=\"https:\/\/moposanitaryware.com\/wp-content\/uploads\/2022\/09\/China-Faucet-Factory-Wholesale-Brass-Basin-Faucet-High-end-high-quality-imported-Valve-Core-1.jpg 800w, https:\/\/moposanitaryware.com\/wp-content\/uploads\/2022\/09\/China-Faucet-Factory-Wholesale-Brass-Basin-Faucet-High-end-high-quality-imported-Valve-Core-1-600x600.jpg 600w, https:\/\/moposanitaryware.com\/wp-content\/uploads\/2022\/09\/China-Faucet-Factory-Wholesale-Brass-Basin-Faucet-High-end-high-quality-imported-Valve-Core-1-100x100.jpg 100w, https:\/\/moposanitaryware.com\/wp-content\/uploads\/2022\/09\/China-Faucet-Factory-Wholesale-Brass-Basin-Faucet-High-end-high-quality-imported-Valve-Core-1-400x400.jpg 400w, https:\/\/moposanitaryware.com\/wp-content\/uploads\/2022\/09\/China-Faucet-Factory-Wholesale-Brass-Basin-Faucet-High-end-high-quality-imported-Valve-Core-1-280x280.jpg 280w, https:\/\/moposanitaryware.com\/wp-content\/uploads\/2022\/09\/China-Faucet-Factory-Wholesale-Brass-Basin-Faucet-High-end-high-quality-imported-Valve-Core-1-768x768.jpg 768w\" sizes=\"auto, (max-width: 800px) 100vw, 800px\" title=\"\">\t\t\t\t\t\t\n\t\t\t\t\t<\/div>\n\t\t\t\t\t\t<\/a>\t\t\n<style>\n#image_1418542759 {\n  width: 100%;\n}\n<\/style>\n\t<\/div>\n\t\n\t\t<\/div>\n\t\t\t\t\t<\/div>\n\n\t\n\n\t<div id=\"col-2006088975\" class=\"col medium-6 small-12 large-6\"  >\n\t\t\t\t<div class=\"col-inner\"  >\n\t\t\t\n\t\t\t\n<h3><span class=\"Y2IQFc\" lang=\"en\">Hochwertiger importierter Ventileinsatz<\/span><\/h3>\n<p>Hochwertiges importiertes Ventilelement mit schallabsorbierendem Netz (das die <a href=\"https:\/\/moposanitaryware.com\/de\/produkt-kategorie\/faucets\/\">Wasserhahn<\/a> sehr leise werden), mit diamant\u00e4hnlicher H\u00e4rte, hochwertigem Keramikventilelement, komfortablem und leichtem Gef\u00fchl, das auch bei mehr als einer Million Ein-\/Aus-Schaltungen reibungslos und m\u00fchelos bedient werden kann, langlebig und wasserleckagefrei. Die Mischung zwischen Luft und Wasser verwendet einen Keramikventilkern, der streng gepr\u00fcft wurde. Kann Verunreinigungen effektiv filtern. Gitterzyklustest, Schalterdrehung. Es liefert einen empfindlichen und leisen Test mit einem eng gestalteten Design, das gut zur Naht passt. Wasserfluss. Keine Alterungstropfen,<\/p>\n\t\t<\/div>\n\t\t\t\t\t<\/div>\n\n\t\n<\/div>\n<div class=\"row\"  id=\"row-1088183476\">\n\n\t<div id=\"col-507735730\" class=\"col medium-6 small-12 large-6\"  >\n\t\t\t\t<div class=\"col-inner\"  >\n\t\t\t\n\t\t\t\n<h3>Galvanisierungsprozess<\/h3>\n<p>Galvanisierung: Behandelt mit einem fortschrittlichen Galvanisierungsverfahren, mit mehreren Beschichtungsschichten aus saurem Kupfer, Nickel und Chrom, einer guten Kombination der Beschichtungsschichten, einer feinen und dicht gewebten Haftung, einer gleichm\u00e4\u00dfigen Farbe und einer \u00e4u\u00dferst hervorragenden Korrosionsbest\u00e4ndigkeit, um sicherzustellen, dass die Oberfl\u00e4che des Produkts gl\u00e4nzend und langlebig ist. Die Sch\u00f6nheit des Aussehens ist modisch und elegant, verschlei\u00dffest, kratzfest, langlebige Behandlung, eloxierte Oberfl\u00e4che, glatt und zart, rostet nie, verblasst nie, wirklich nuanciert, solide. Greifen Sie zu und ber\u00fchren Sie die Oberfl\u00e4che des <a href=\"https:\/\/moposanitaryware.com\/de\/produkt-kategorie\/faucets\/\">Wasserhahn<\/a>und sp\u00fcren Sie die zarte, seidige Textur der <a href=\"https:\/\/moposanitaryware.com\/de\/produkt-kategorie\/faucets\/\">Wasserhahn<\/a> leise. Es bleiben keine sichtbaren Fingerabdr\u00fccke zur\u00fcck, wenn Sie gehen.<\/p>\n\t\t<\/div>\n\t\t\t\t\t<\/div>\n\n\t\n\n\t<div id=\"col-206590982\" class=\"col medium-6 small-12 large-6\"  >\n\t\t\t\t<div class=\"col-inner\"  >\n\t\t\t\n\t\t\t\n\t<div class=\"img has-hover x md-x lg-x y md-y lg-y\" id=\"image_1221601075\">\n\t\t<a class=\"\" href=\"https:\/\/moposanitaryware.com\/de\/produkt-kategorie\/faucets\/\" >\t\t\t\t\t\t<div class=\"img-inner dark\" >\n\t\t\t<img loading=\"lazy\" decoding=\"async\" width=\"750\" height=\"500\" src=\"https:\/\/moposanitaryware.com\/wp-content\/uploads\/2022\/09\/Bathroom-Washbasin-Sink-Brass-Basin-Faucet-MOPO-Faucet-Electroplating-Process.jpg\" class=\"attachment-original size-original\" alt=\"\" srcset=\"https:\/\/moposanitaryware.com\/wp-content\/uploads\/2022\/09\/Bathroom-Washbasin-Sink-Brass-Basin-Faucet-MOPO-Faucet-Electroplating-Process.jpg 750w, https:\/\/moposanitaryware.com\/wp-content\/uploads\/2022\/09\/Bathroom-Washbasin-Sink-Brass-Basin-Faucet-MOPO-Faucet-Electroplating-Process-600x400.jpg 600w\" sizes=\"auto, (max-width: 750px) 100vw, 750px\" title=\"\">\t\t\t\t\t\t\n\t\t\t\t\t<\/div>\n\t\t\t\t\t\t<\/a>\t\t\n<style>\n#image_1221601075 {\n  width: 100%;\n}\n<\/style>\n\t<\/div>\n\t\n\t\t<\/div>\n\t\t\t\t\t<\/div>\n\n\t\n<\/div>\n<div class=\"row\"  id=\"row-2137653514\">\n\n\t<div id=\"col-2119303589\" class=\"col medium-6 small-12 large-6\"  >\n\t\t\t\t<div class=\"col-inner\"  >\n\t\t\t\n\t\t\t\n\t<div class=\"img has-hover x md-x lg-x y md-y lg-y\" id=\"image_416116984\">\n\t\t<a class=\"\" href=\"https:\/\/moposanitaryware.com\/de\/produkt-kategorie\/faucets\/\" >\t\t\t\t\t\t<div class=\"img-inner dark\" >\n\t\t\t<img loading=\"lazy\" decoding=\"async\" width=\"750\" height=\"500\" src=\"https:\/\/moposanitaryware.com\/wp-content\/uploads\/2022\/09\/Wholesale-Bathroom-Washbasin-Sink-Brass-Copper-Basin-Faucet-304-Stainless-steel-hose.jpg\" class=\"attachment-original size-original\" alt=\"\" srcset=\"https:\/\/moposanitaryware.com\/wp-content\/uploads\/2022\/09\/Wholesale-Bathroom-Washbasin-Sink-Brass-Copper-Basin-Faucet-304-Stainless-steel-hose.jpg 750w, https:\/\/moposanitaryware.com\/wp-content\/uploads\/2022\/09\/Wholesale-Bathroom-Washbasin-Sink-Brass-Copper-Basin-Faucet-304-Stainless-steel-hose-600x400.jpg 600w\" sizes=\"auto, (max-width: 750px) 100vw, 750px\" title=\"\">\t\t\t\t\t\t\n\t\t\t\t\t<\/div>\n\t\t\t\t\t\t<\/a>\t\t\n<style>\n#image_416116984 {\n  width: 100%;\n}\n<\/style>\n\t<\/div>\n\t\n\t\t<\/div>\n\t\t\t\t\t<\/div>\n\n\t\n\n\t<div id=\"col-308049849\" class=\"col medium-6 small-12 large-6\"  >\n\t\t\t\t<div class=\"col-inner\"  >\n\t\t\t\n\t\t\t\n<h3>3\/8\u2033 304 Edelstahlschlauch<\/h3>\n<div class=\"p\">Unser <a href=\"https:\/\/moposanitaryware.com\/de\/produkt-kategorie\/faucets\/\">Badezimmer Wasserhahn<\/a> ist mit zwei Schl\u00e4uchen ausgestattet. Unsere Schl\u00e4uche bestehen aus Edelstahl SUS 304, der vor chemischer Korrosion und Rost sch\u00fctzt. Sie m\u00fcssen sich keine Sorgen um die Wasserqualit\u00e4t machen, wenn Sie im Badezimmer Ihre Z\u00e4hne putzen und Ihr Gesicht waschen. Und Sie k\u00f6nnen unsere Schl\u00e4uche problemlos mit Ihren Absperrventilen verbinden. Hochwertiger Edelstahlschlauch. Mehrfacher Sicherheitsschutz. Die Ummantelung besteht aus hochwertigem Edelstahl und das Material ist robust und l\u00e4sst sich nicht leicht abl\u00f6sen. Es wird Ihnen ein angenehmes Erlebnis im t\u00e4glichen Leben bieten.<\/div>\n\t\t<\/div>\n\t\t\t\t\t<\/div>\n\n\t\n\n\t<div id=\"col-454127461\" class=\"col medium-6 small-12 large-6\"  >\n\t\t\t\t<div class=\"col-inner\"  >\n\t\t\t\n\t\t\t\n<h3>Verarbeitung der Komponenten in jeder Hinsicht<\/h3>\n<div class=\"p\">Dauerhaft <a href=\"https:\/\/moposanitaryware.com\/de\/produkt-kategorie\/faucets\/\">waschbecken wasserhahn<\/a> Verwenden Sie eine hochpr\u00e4zise Keramikkartusche, die einen Ein-\/Aus-Test von 500.000 Mal besteht. Jedes Teil ist 100%-kompatibel, verhindert Leckagen und gew\u00e4hrleistet eine lange Nutzungsdauer. Erstklassige Verarbeitung. Jedes Teil von <a href=\"https:\/\/moposanitaryware.com\/de\/produkt-kategorie\/faucets\/\">Wasserhahn<\/a> wurde mit erstklassiger Verarbeitung und strenger Kontrolle behandelt, gew\u00e4hrleistet seine hohe Leistung und bietet Ihnen ein besseres Nutzungserlebnis.<\/div>\n\t\t<\/div>\n\t\t\t\t\t<\/div>\n\n\t\n\n\t<div id=\"col-2101464152\" class=\"col medium-6 small-12 large-6\"  >\n\t\t\t\t<div class=\"col-inner\"  >\n\t\t\t\n\t\t\t\n\t<div class=\"img has-hover x md-x lg-x y md-y lg-y\" id=\"image_222974164\">\n\t\t\t\t\t\t\t\t<div class=\"img-inner dark\" >\n\t\t\t<img loading=\"lazy\" decoding=\"async\" width=\"750\" height=\"500\" src=\"https:\/\/moposanitaryware.com\/wp-content\/uploads\/2022\/09\/Wholesale-Copper-Basin-Faucet-Component-Workmanship-Every-Way.jpg\" class=\"attachment-original size-original\" alt=\"\" srcset=\"https:\/\/moposanitaryware.com\/wp-content\/uploads\/2022\/09\/Wholesale-Copper-Basin-Faucet-Component-Workmanship-Every-Way.jpg 750w, https:\/\/moposanitaryware.com\/wp-content\/uploads\/2022\/09\/Wholesale-Copper-Basin-Faucet-Component-Workmanship-Every-Way-600x400.jpg 600w\" sizes=\"auto, (max-width: 750px) 100vw, 750px\" title=\"\">\t\t\t\t\t\t\n\t\t\t\t\t<\/div>\n\t\t\t\t\t\t\t\t\n<style>\n#image_222974164 {\n  width: 100%;\n}\n<\/style>\n\t<\/div>\n\t\n\t\t<\/div>\n\t\t\t\t\t<\/div>\n\n\t\n<\/div>\n<div class=\"row\"  id=\"row-507486355\">\n\n\t<div id=\"col-768940141\" class=\"col medium-6 small-12 large-6\"  >\n\t\t\t\t<div class=\"col-inner\"  >\n\t\t\t\n\t\t\t\n<div class=\"container section-title-container\" ><h3 class=\"section-title section-title-normal\"><b><\/b><span class=\"section-title-main\" >senden Sie uns eine Email<\/span><b><\/b><\/h3><\/div>\n<p>Wenn Sie an unseren Produkten interessiert sind und weitere Einzelheiten erfahren m\u00f6chten, hinterlassen Sie hier bitte eine Nachricht. Wir werden Ihnen so schnell wie m\u00f6glich antworten.<\/p>\n\n<div class=\"wpcf7 no-js\" id=\"wpcf7-f13-o1\" lang=\"en-US\" dir=\"ltr\" data-wpcf7-id=\"13\">\n<div class=\"screen-reader-response\"><p role=\"status\" aria-live=\"polite\" aria-atomic=\"true\"><\/p> <ul><\/ul><\/div>\n<form action=\"\/de\/wp-json\/wp\/v2\/product\/6058#wpcf7-f13-o1\" method=\"post\" class=\"wpcf7-form init\" aria-label=\"Contact form\" novalidate=\"novalidate\" data-status=\"init\" data-trp-original-action=\"\/de\/wp-json\/wp\/v2\/product\/6058#wpcf7-f13-o1\">\n<fieldset class=\"hidden-fields-container\"><input type=\"hidden\" name=\"_wpcf7\" value=\"13\" \/><input type=\"hidden\" name=\"_wpcf7_version\" value=\"6.1.1\" \/><input type=\"hidden\" name=\"_wpcf7_locale\" value=\"en_US\" \/><input type=\"hidden\" name=\"_wpcf7_unit_tag\" value=\"wpcf7-f13-o1\" \/><input type=\"hidden\" name=\"_wpcf7_container_post\" value=\"0\" \/><input type=\"hidden\" name=\"_wpcf7_posted_data_hash\" value=\"\" \/><input type=\"hidden\" name=\"_wpcf7_recaptcha_response\" value=\"\" \/>\n<\/fieldset>\n<div class=\"form-flat\">\n\t<p><span class=\"wpcf7-form-control-wrap\" data-name=\"your-name\"><input size=\"40\" maxlength=\"400\" class=\"wpcf7-form-control wpcf7-text wpcf7-validates-as-required\" aria-required=\"true\" aria-invalid=\"false\" placeholder=\"Dein Name (erforderlich)\" value=\"\" type=\"text\" name=\"your-name\" \/><\/span><br \/>\n<span class=\"wpcf7-form-control-wrap\" data-name=\"your-email\"><input size=\"40\" maxlength=\"400\" class=\"wpcf7-form-control wpcf7-email wpcf7-validates-as-required wpcf7-text wpcf7-validates-as-email\" aria-required=\"true\" aria-invalid=\"false\" placeholder=\"Ihre E-Mailadresse (erforderlich)\" value=\"\" type=\"email\" name=\"your-email\" \/><\/span>\n\t<\/p>\n\t<p><span class=\"wpcf7-form-control-wrap\" data-name=\"your-tels\"><input size=\"40\" maxlength=\"400\" class=\"wpcf7-form-control wpcf7-tel wpcf7-text wpcf7-validates-as-tel\" aria-invalid=\"false\" placeholder=\"Ihr Tel (optional)\" value=\"\" type=\"tel\" name=\"your-tels\" \/><\/span>\n\t<\/p>\n\t<p><span class=\"wpcf7-form-control-wrap\" data-name=\"your-message\"><textarea cols=\"40\" rows=\"10\" maxlength=\"2000\" class=\"wpcf7-form-control wpcf7-textarea\" aria-invalid=\"false\" placeholder=\"F\u00fcr das beste Ergebnis empfehlen wir, die folgenden Details anzugeben: - Selbstvorstellung - Ben\u00f6tigte Artikel oder Dienstleistungen - Ben\u00f6tigte Menge\" name=\"your-message\"><\/textarea><\/span>\n\t<\/p>\n\t<p>Unternehmensberatung:*<br \/>\n<span class=\"wpcf7-form-control-wrap\" data-name=\"checkbox\"><span class=\"wpcf7-form-control wpcf7-checkbox wpcf7-validates-as-required wpcf7-exclusive-checkbox\"><span class=\"wpcf7-list-item first\"><label><input type=\"checkbox\" name=\"checkbox\" value=\"Quotation\" \/><span class=\"wpcf7-list-item-label\">Zitat<\/span><\/label><\/span><span class=\"wpcf7-list-item\"><label><input type=\"checkbox\" name=\"checkbox\" value=\"Catalog\" \/><span class=\"wpcf7-list-item-label\">Katalog<\/span><\/label><\/span><span class=\"wpcf7-list-item\"><label><input type=\"checkbox\" name=\"checkbox\" value=\"Service Support\" \/><span class=\"wpcf7-list-item-label\">Service-Unterst\u00fctzung<\/span><\/label><\/span><span class=\"wpcf7-list-item\"><label><input type=\"checkbox\" name=\"checkbox\" value=\"Project\" \/><span class=\"wpcf7-list-item-label\">Projekt<\/span><\/label><\/span><span class=\"wpcf7-list-item last\"><label><input type=\"checkbox\" name=\"checkbox\" value=\"I am interested in becoming an agent\" \/><span class=\"wpcf7-list-item-label\">Ich bin daran interessiert, Agent zu werden<\/span><\/label><\/span><\/span><\/span><br \/>\n<input class=\"wpcf7-form-control wpcf7-submit has-spinner button\" type=\"submit\" value=\"Einreichen\" \/>\n\t<\/p>\n<\/div><div class=\"wpcf7-response-output\" aria-hidden=\"true\"><\/div>\n<input type=\"hidden\" name=\"trp-form-language\" value=\"de\"\/><\/form>\n<\/div>\n\n\t\t<\/div>\n\t\t\t\t\t<\/div>\n\n\t\n\n\t<div id=\"col-742783874\" class=\"col medium-6 small-12 large-6\"  >\n\t\t\t\t<div class=\"col-inner\"  >\n\t\t\t\n\t\t\t\n<div class=\"container section-title-container\" ><h3 class=\"section-title section-title-normal\"><b><\/b><span class=\"section-title-main\" >KONTAKTIERE UNS<\/span><b><\/b><\/h3><\/div>\n<p>Wenn Sie eine Frage zu einem unserer Produkte haben oder aus einem anderen Grund Kontakt mit uns aufnehmen m\u00f6chten, f\u00fcllen Sie bitte das folgende Formular aus. Wir werden uns schnellstm\u00f6glich bei Ihnen melden.<\/p>\n<p><strong>Rufen Sie uns an:<\/strong> <a href=\"http:\/\/+86 18675762929\" rel=\"nofollow\">+8618675762929<\/a><br \/>\n<strong>Schreiben Sie uns eine E-Mail<\/strong>:\u00a0\u00a0<a href=\"mailto:info@mopochina.com\">info@mopochina.com<\/a><\/p>\n<p><strong>Skype\u00a0<\/strong>: <a href=\"skype:Sanitwell Shen?chat\">cheng jiawei<\/a><\/p>\n<p><strong>Adresse<\/strong> : B1, Nr. 10<sup>th<\/sup>, Yingkeyijia Keramikwelt, 4<sup>th<\/sup>\u00a0Jihua Road, Chancheng, Foshan, 528 000, Guangdong, China<\/p>\n<p><strong>PRODUKTIONSST\u00c4TTE :<\/strong>\u00a0Landkreis Chaoan, Stadt Chaozhou, Provinz Guangdong<\/p>\n<p><strong>Freundlicher Link:<\/strong><br \/>\n<a href=\"https:\/\/moposanitaryware.com\/de\/?attachment_id=4762\">https:\/\/moposanitaryware.com<\/a><br \/>\n<a href=\"https:\/\/www.mopotoilet.com\" rel=\"nofollow noopener\" target=\"_blank\">https:\/\/www.mopotoilet.com<\/a><br \/>\n<a href=\"https:\/\/www.mopofaucet.com\" rel=\"nofollow noopener\" target=\"_blank\">https:<\/a><a href=\"https:\/\/www.mopotoilet.com\" rel=\"nofollow noopener\" target=\"_blank\">\/\/<\/a><a href=\"https:\/\/www.mopofaucet.com\" rel=\"nofollow noopener\" target=\"_blank\">www.mopofaucet.com<\/a><\/p>\n<div class=\"social-icons follow-icons full-width text-left\" ><span>Folgen Sie uns<\/span><a href=\"https:\/\/www.facebook.com\/MOPOCHINA\" target=\"_blank\" data-label=\"Facebook\" class=\"icon primary button circle facebook tooltip\" title=\"Auf Facebook folgen\" aria-label=\"Auf Facebook folgen\" rel=\"noopener nofollow\"><i class=\"icon-facebook\" ><\/i><\/a><a href=\"https:\/\/www.instagram.com\/mopotoilet\/\" target=\"_blank\" data-label=\"Instagram\" class=\"icon primary button circle instagram tooltip\" title=\"Auf Instagram folgen\" aria-label=\"Auf Instagram folgen\" rel=\"noopener nofollow\"><i class=\"icon-instagram\" ><\/i><\/a><a href=\"https:\/\/twitter.com\/mopotoilet\" data-label=\"Twitter\" target=\"_blank\" class=\"icon primary button circle twitter tooltip\" title=\"Auf Twitter folgen\" aria-label=\"Auf Twitter folgen\" rel=\"noopener nofollow\"><i class=\"icon-twitter\" ><\/i><\/a><a href=\"mailto:info@mopochina.com\" data-label=\"E-mail\" target=\"_blank\" class=\"icon primary button circle email tooltip\" title=\"Sende uns eine E-Mail\" aria-label=\"Sende uns eine E-Mail\" rel=\"nofollow noopener\" ><i class=\"icon-envelop\" ><\/i><\/a><a href=\"https:\/\/www.linkedin.com\/company\/mopo-sanitary-ware\/\" data-label=\"LinkedIn\" target=\"_blank\" class=\"icon primary button circle linkedin tooltip\" title=\"Auf Linkedin folgen\" aria-label=\"Auf Linkedin folgen\" rel=\"noopener nofollow\"><i class=\"icon-linkedin\" ><\/i><\/a><a href=\"https:\/\/www.youtube.com\/c\/mopochina\/featured\" data-label=\"YouTube\" target=\"_blank\" class=\"icon primary button circle youtube tooltip\" title=\"Auf YouTube folgen\" aria-label=\"Auf YouTube folgen\" rel=\"noopener nofollow\"><i class=\"icon-youtube\" ><\/i><\/a><\/div>\n\t\t<\/div>\n\t\t\t\t\t<\/div>\n\n\t\n<\/div>","protected":false},"excerpt":{"rendered":"<table style=\"font-size: 14.4px; height: 329px;\" width=\"567\">\n<tbody>\n<tr>\n<td width=\"163\">Markenname:<\/td>\n<td width=\"334\"><a href=\"https:\/\/moposanitaryware.com\/de\/?attachment_id=4762\">MOPO<\/a>\u00ae<\/td>\n<\/tr>\n<tr>\n<td width=\"163\">Produktname:<\/td>\n<td width=\"334\"><a href=\"https:\/\/moposanitaryware.com\/de\/produkt-kategorie\/faucets\/\">Badezimmerarmaturen<\/a><\/td>\n<\/tr>\n<tr>\n<td width=\"163\">Artikelnummer:<\/td>\n<td width=\"334\">MP-2293B<\/td>\n<\/tr>\n<tr>\n<td width=\"163\">Prim\u00e4rmaterial:<\/td>\n<td width=\"334\">59 A-Level Messing\/Stahl\/ABS<\/td>\n<\/tr>\n<tr>\n<td width=\"163\">Oberfl\u00e4che fertig:<\/td>\n<td width=\"334\">Galvanisieren 7-12 um Nickel + 2-5 um Chrom<\/td>\n<\/tr>\n<tr>\n<td width=\"163\">Haltbarkeit:<\/td>\n<td width=\"334\">Rostbest\u00e4ndig; Anlaufbest\u00e4ndig; Fleckenbest\u00e4ndig<\/td>\n<\/tr>\n<tr>\n<td width=\"163\">Farbe:<\/td>\n<td width=\"334\">Schwarz\/Chrom\/Gold\/Gunmetal-Grau<\/td>\n<\/tr>\n<tr>\n<td width=\"163\">Gr\u00f6\u00dfe:<\/td>\n<td width=\"334\">36\u00d723,9x8cm<\/td>\n<\/tr>\n<tr>\n<td width=\"163\">Gewicht:<\/td>\n<td width=\"334\">2,9 kg<\/td>\n<\/tr>\n<tr>\n<td width=\"163\">Installationstyp<\/td>\n<td width=\"334\">Badezimmerarmatur mit 2 Griffen und 3 L\u00f6chern<\/td>\n<\/tr>\n<tr>\n<td width=\"163\">Montageort:<\/td>\n<td width=\"334\">Tischhalterung<\/td>\n<\/tr>\n<\/tbody>\n<\/table>\n\t<a class=\"paoc-popup-click paoc-popup-cust-337 paoc-popup-button paoc-popup-btn\" href=\"javascript:void(0);\">Angebot anfordern<\/a>\r\n\u00a0 \u00a0 \u00a0<a href=\"https:\/\/api.whatsapp.com\/send?phone=8618675762929\"><img loading=\"lazy\" decoding=\"async\" class=\"alignnone wp-image-6698\" src=\"https:\/\/moposanitaryware.com\/wp-content\/uploads\/WhatsApp.png\" alt=\"\" width=\"140\" height=\"33\" srcset=\"https:\/\/moposanitaryware.com\/wp-content\/uploads\/WhatsApp.png 546w, https:\/\/moposanitaryware.com\/wp-content\/uploads\/WhatsApp-18x4.png 18w\" sizes=\"auto, (max-width: 140px) 100vw, 140px\" \/><\/a><\/p>","protected":false},"featured_media":6059,"template":"","meta":{"_acf_changed":false},"product_brand":[],"product_cat":[15,23,94],"product_tag":[243,131,130,132],"class_list":{"0":"post-6058","1":"product","2":"type-product","3":"status-publish","4":"has-post-thumbnail","6":"product_cat-see-all-categories","7":"product_cat-faucets","8":"product_cat-basin-faucet","9":"product_tag-2-handle-3-hole-faucet","10":"product_tag-bathroom-basin-faucet","11":"product_tag-faucet","12":"product_tag-water-mixer-tap","14":"first","15":"instock","16":"shipping-taxable","17":"product-type-simple"},"acf":[],"_links":{"self":[{"href":"https:\/\/moposanitaryware.com\/de\/wp-json\/wp\/v2\/product\/6058","targetHints":{"allow":["GET"]}}],"collection":[{"href":"https:\/\/moposanitaryware.com\/de\/wp-json\/wp\/v2\/product"}],"about":[{"href":"https:\/\/moposanitaryware.com\/de\/wp-json\/wp\/v2\/types\/product"}],"wp:featuredmedia":[{"embeddable":true,"href":"https:\/\/moposanitaryware.com\/de\/wp-json\/wp\/v2\/media\/6059"}],"wp:attachment":[{"href":"https:\/\/moposanitaryware.com\/de\/wp-json\/wp\/v2\/media?parent=6058"}],"wp:term":[{"taxonomy":"product_brand","embeddable":true,"href":"https:\/\/moposanitaryware.com\/de\/wp-json\/wp\/v2\/product_brand?post=6058"},{"taxonomy":"product_cat","embeddable":true,"href":"https:\/\/moposanitaryware.com\/de\/wp-json\/wp\/v2\/product_cat?post=6058"},{"taxonomy":"product_tag","embeddable":true,"href":"https:\/\/moposanitaryware.com\/de\/wp-json\/wp\/v2\/product_tag?post=6058"}],"curies":[{"name":"wp","href":"https:\/\/api.w.org\/{rel}","templated":true}]}}