{"id":5433,"date":"2023-03-23T04:15:37","date_gmt":"2023-03-23T04:15:37","guid":{"rendered":"https:\/\/moposanitaryware.com\/?post_type=product&#038;p=5433"},"modified":"2024-07-29T09:06:14","modified_gmt":"2024-07-29T09:06:14","slug":"1500mm-long-massage-acrylic-bathtub-whirlpool-bathtub","status":"publish","type":"product","link":"https:\/\/moposanitaryware.com\/de\/1500mm-long-massage-acrylic-bathtub-whirlpool-bathtub\/","title":{"rendered":"Luxuri\u00f6se freistehende Badewanne aus Acryl im modernen Stil f\u00fcr den Innenbereich, Massagebadewanne"},"content":{"rendered":"<div class=\"row align-center\"  id=\"row-614981813\">\n\n\t<div id=\"col-513163447\" class=\"col medium-11 small-12 large-11\"  data-animate=\"fadeInUp\">\n\t\t\t\t<div class=\"col-inner text-center\"  >\n\t\t\t\n\t\t\t\n<h1 style=\"text-align: center;\"><a href=\"https:\/\/moposanitaryware.com\/de\/shop\/massage-bathtubs\/\">Massagebadewannen<\/a> und <a href=\"https:\/\/moposanitaryware.com\/de\/produkt-kategorie\/steam-room\/\">Dampfraum<\/a> und <a href=\"https:\/\/moposanitaryware.com\/de\/produkt-kategorie\/sauna\/\">Sauna<\/a><\/h1>\n<p><a href=\"https:\/\/moposanitaryware.com\/de\/produkt-kategorie\/massage-bathtubs\/\">Massagewannen. Mit unseren Luftb\u00e4dern, Whirlpoolwannen<\/a>, <a href=\"https:\/\/moposanitaryware.com\/de\/produkt-kategorie\/steam-room\/\">und Kombinationsmassagewannen<\/a>, jemand, der gerne ein bisschen Zeit f\u00fcr sich selbst hat und jemand, der \u00f6fter duscht als badet. Meistens ist die Badewanne das Herzst\u00fcck Ihres Badezimmers. Deshalb legen wir gro\u00dfen Wert darauf, B\u00e4der zu schaffen, die umwerfend aussehen. So k\u00f6nnen Sie zu Hause ein Spa-\u00e4hnliches Erlebnis schaffen. <a href=\"https:\/\/moposanitaryware.com\/de\/produkt-kategorie\/bathtubs\/\">Durchsuchen Sie unsere Kollektion an Massagebadewannen<\/a>.<\/p>\n<a href=\"https:\/\/moposanitaryware.com\/de\/produkt-kategorie\/faucets\/\" class=\"button secondary is-underline lowercase\"  >\n\t\t<span>Alles erkunden<\/span>\n\t<i class=\"icon-menu\" aria-hidden=\"true\" ><\/i><\/a>\n\n\t\t<\/div>\n\t\t\t\t\t<\/div>\n\n\t\n<\/div>\n<table>\n<tbody>\n<tr>\n<td width=\"189\">Marke<\/td>\n<td width=\"399\">MOPO<\/td>\n<\/tr>\n<tr>\n<td width=\"189\">Herkunftsort:<\/td>\n<td width=\"399\">Foshan, China<\/td>\n<\/tr>\n<tr>\n<td width=\"189\">Modellname<\/td>\n<td width=\"399\"><a href=\"https:\/\/moposanitaryware.com\/de\/shop\/massage-bathtubs\/\">Massagebadewanne<\/a><\/td>\n<\/tr>\n<tr>\n<td width=\"189\">Massageart<\/td>\n<td width=\"399\">Kombi-Massage (Luft &amp; Whirlpool), Kombi-Massage (Luft &amp; Whirlpool)<\/td>\n<\/tr>\n<tr>\n<td width=\"189\">Besonderheit<\/td>\n<td width=\"399\">Weich und geschmeidig, porenfrei, wasserdicht, nahtlos<\/td>\n<\/tr>\n<tr>\n<td width=\"189\">Design-Stil<\/td>\n<td width=\"399\">Modern<\/td>\n<\/tr>\n<tr>\n<td width=\"189\">Form<\/td>\n<td width=\"399\">Oval, Quadrat, Rund, Rechteck, Kundenspezifisch Ist Verf\u00fcgbar<\/td>\n<\/tr>\n<tr>\n<td width=\"189\">Funktion<\/td>\n<td width=\"399\">Massage<\/td>\n<\/tr>\n<tr>\n<td width=\"189\">Installationstyp<\/td>\n<td width=\"399\">Freistehend<\/td>\n<\/tr>\n<tr>\n<td width=\"189\">Anwendung<\/td>\n<td width=\"399\">Hotels, Villen, H\u00e4user, Badezimmer, Apartments oder Freizeitclubs<\/td>\n<\/tr>\n<\/tbody>\n<\/table>\n<div class=\"row\"  id=\"row-705238535\">\n\n\t<div id=\"col-1791570793\" class=\"col medium-6 small-12 large-6\"  >\n\t\t\t\t<div class=\"col-inner\"  >\n\t\t\t\n\t\t\t\n\t<div class=\"img has-hover x md-x lg-x y md-y lg-y\" id=\"image_1649233167\">\n\t\t\t\t\t\t\t\t<div class=\"img-inner dark\" >\n\t\t\t<img loading=\"lazy\" decoding=\"async\" width=\"600\" height=\"400\" src=\"https:\/\/moposanitaryware.com\/wp-content\/uploads\/Acrylic-\u2013-a-material-with-attractive-properties.jpg\" class=\"attachment-original size-original\" alt=\"Die elastische Struktur des Materials macht es sto\u00df- und verformungsbest\u00e4ndig. Kratzer lassen sich ganz einfach auspolieren. Acrylprodukte haben immer eine leuchtende Farbe, da sich die Pigmente homogen verteilen und ihre Eleganz ein Leben lang behalten. W\u00e4rme, Haltbarkeit, hohe Qualit\u00e4t, einfache Wartung, einfache Instandhaltung, gute Mechanik, Haltbarkeit, jede Farbe, Premium-Textur\" title=\"\">\t\t\t\t\t\t\n\t\t\t\t\t<\/div>\n\t\t\t\t\t\t\t\t\n<style>\n#image_1649233167 {\n  width: 100%;\n}\n<\/style>\n\t<\/div>\n\t\n\t\t<\/div>\n\t\t\t\t\t<\/div>\n\n\t\n\n\t<div id=\"col-1707768438\" class=\"col medium-6 small-12 large-6\"  >\n\t\t\t\t<div class=\"col-inner\"  >\n\t\t\t\n\t\t\t\n<h2>Acryl \u2013 ein Material mit attraktiven Eigenschaften<\/h2>\n<p>Acryl ist ein Nebenprodukt des US-amerikanischen Raumfahrtprogramms. Es gilt als eines der vielseitigsten und erfolgreichsten Materialien der Geschichte. Dieses beliebte Material ist hygienisch, leicht zu reinigen und \u00e4u\u00dferst verschlei\u00dffest.<br \/>\nDer Vorteil von Acryl ist seine warme, porenfreie und glatte Oberfl\u00e4che. Sie f\u00fchlt sich angenehm an und der Benutzer f\u00fchlt sich sofort wohl. Mit seinem wei\u00df schimmernden Glanz harmoniert das Material mit allen anderen Keramikobjekten im Bad und sorgt f\u00fcr Kontinuit\u00e4t im Design. Die Badewannen lassen sich elegant mit M\u00f6belpaneelen kombinieren und bilden so eine Verbindung zu den Badm\u00f6beln. Der Benutzer kann sich darauf verlassen, dass das Acryl <a href=\"https:\/\/moposanitaryware.com\/de\/shop\/massage-bathtubs\/\">Badewanne<\/a> beh\u00e4lt seine Farbe ein Leben lang. Das Material ist durchgef\u00e4rbt, UV-stabil und farbecht. Die elastische Struktur des Materials macht es sto\u00df- und verformungsbest\u00e4ndig. Eventuelle Kratzer lassen sich ganz einfach auspolieren. Acrylprodukte sind immer farbstark, da sich die Pigmente homogen verteilen und ihre Eleganz ein Leben lang bewahren.<\/p>\n\t\t<\/div>\n\t\t\t\t\t<\/div>\n\n\t\n<\/div>\n<div class=\"row\"  id=\"row-1321321469\">\n\n\t<div id=\"col-401425220\" class=\"col medium-6 small-12 large-6\"  >\n\t\t\t\t<div class=\"col-inner\"  >\n\t\t\t\n\t\t\t\n<h3><span style=\"font-size: 120%;\">Surfd\u00fcse<\/span><\/h3>\n<p>Und die langsam aus dem Wasser str\u00f6mende Luft und die Sprudeld\u00fcse arbeiten zusammen, um sicherzustellen, dass die Massage von der Oberfl\u00e4che in das tiefe Hautgewebe eindringt, die Hautzellen aktiviert, das Ziel der Ganzk\u00f6rpermassage und Entspannung erreicht und den K\u00f6rper nicht berauscht, sondern die Haut vollst\u00e4ndig in die Liebe des Wassers einsaugt. Das wechselnde Licht im Wasser berauscht mit der Ruhe des Geistes und dem Kontakt mit der Natur, der mehr Komfort bietet, aber die Menschen selbst sind betrunken. Es ist der perfekte Ort, um nach einem langen Tag zu entspannen und Ihnen wohlverdiente \u201eZeit f\u00fcr sich selbst\u201c zu geben.<\/p>\n\t\t<\/div>\n\t\t\t\t\t<\/div>\n\n\t\n\n\t<div id=\"col-1997702339\" class=\"col medium-6 small-12 large-6\"  >\n\t\t\t\t<div class=\"col-inner\"  >\n\t\t\t\n\t\t\t\n\t<div class=\"img has-hover x md-x lg-x y md-y lg-y\" id=\"image_1070446740\">\n\t\t\t\t\t\t\t\t<div class=\"img-inner dark\" >\n\t\t\t<img loading=\"lazy\" decoding=\"async\" width=\"600\" height=\"400\" src=\"https:\/\/moposanitaryware.com\/wp-content\/uploads\/china-mopo-foshan-massage-bathtub-Surf-Nozzle.jpg\" class=\"attachment-original size-original\" alt=\"Zweckm\u00e4\u00dfigkeit und ger\u00e4umiger Innenraum, ideal zum Entspannen und f\u00fcr ein Ganzk\u00f6rperbad\" title=\"\">\t\t\t\t\t\t\n\t\t\t\t\t<\/div>\n\t\t\t\t\t\t\t\t\n<style>\n#image_1070446740 {\n  width: 100%;\n}\n<\/style>\n\t<\/div>\n\t\n\t\t<\/div>\n\t\t\t\t\t<\/div>\n\n\t\n<\/div>\n<div class=\"row\"  id=\"row-1326015989\">\n\n\t<div id=\"col-522315487\" class=\"col medium-6 small-12 large-6\"  >\n\t\t\t\t<div class=\"col-inner\"  >\n\t\t\t\n\t\t\t\n\t<div class=\"img has-hover x md-x lg-x y md-y lg-y\" id=\"image_534781606\">\n\t\t\t\t\t\t\t\t<div class=\"img-inner dark\" >\n\t\t\t<img loading=\"lazy\" decoding=\"async\" width=\"600\" height=\"400\" src=\"https:\/\/moposanitaryware.com\/wp-content\/uploads\/china-mopo-foshan-Sanitary-wareBathtubs-are-the-queens-of-bathroom-equipment.jpg\" class=\"attachment-original size-original\" alt=\"Stilarten zur Auswahl - Professionelle Badewannenproduktion - Direktverkauf ab Werk - Billige Massagebadewannen\" title=\"\">\t\t\t\t\t\t\n\t\t\t\t\t<\/div>\n\t\t\t\t\t\t\t\t\n<style>\n#image_534781606 {\n  width: 100%;\n}\n<\/style>\n\t<\/div>\n\t\n\t\t<\/div>\n\t\t\t\t\t<\/div>\n\n\t\n\n\t<div id=\"col-1337524243\" class=\"col medium-6 small-12 large-6\"  >\n\t\t\t\t<div class=\"col-inner\"  >\n\t\t\t\n\t\t\t\n<h3><span style=\"font-size: 115%;\"><a href=\"https:\/\/moposanitaryware.com\/de\/shop\/massage-bathtubs\/\">Badewannen<\/a> sind die K\u00f6niginnen von <a href=\"https:\/\/moposanitaryware.com\/de\/shop\/massage-bathtubs\/\">Badezimmerausstattung<\/a><\/span><\/h3>\n<p><a href=\"https:\/\/moposanitaryware.com\/de\/shop\/massage-bathtubs\/\">Badewannen<\/a> sind grundlegende Badezimmerarmaturen \u2013 Beh\u00e4lter, die Wasser f\u00fcr ein Tauchbad enthalten. Sie bieten auch einen entspannenden Ort zum Entspannen, aber es gibt verschiedene Arten, die alle einzigartigen Zwecken dienen. Die h\u00e4ufigsten <a href=\"https:\/\/moposanitaryware.com\/de\/shop\/massage-bathtubs\/\">Badewannen<\/a> in Wohnh\u00e4usern gesehen <a href=\"https:\/\/moposanitaryware.com\/de\/shop\/massage-bathtubs\/\">Dazu geh\u00f6ren Einbauwannen, freistehende Wannen, Nischenwannen, Whirlpools, Standardbadewannen und Eckwannen.<\/a>.<br \/>\nWelchen Stil man auch w\u00e4hlt, <a href=\"https:\/\/moposanitaryware.com\/de\/shop\/massage-bathtubs\/\">freistehende Badewannen<\/a> evozieren Ruhe und Entspannung und schaffen eine Atmosph\u00e4re des Komforts im Badezimmer. Bei der Wahl der <a href=\"https:\/\/moposanitaryware.com\/de\/shop\/massage-bathtubs\/\">ideale Badewanne<\/a>, m\u00fcssen sowohl das Design als auch die Qualit\u00e4t der Materialien und ihre Widerstandsf\u00e4higkeit ber\u00fccksichtigt werden, um eine maximale Haltbarkeit der Badezimmerausstattung zu gew\u00e4hrleisten und gleichzeitig die Wartungsarbeiten zu erleichtern.<br \/>\nDie Sammlung von <a href=\"https:\/\/moposanitaryware.com\/de\/shop\/massage-bathtubs\/\">freistehende Badewannen<\/a> von <a href=\"https:\/\/moposanitaryware.com\/de\/shop\/massage-bathtubs\/\">MOPO<\/a> Passen Sie sich dem Raum und der Pers\u00f6nlichkeit jedes Kunden an, mit einer gro\u00dfen Auswahl, die mit einem einzigen Ziel entwickelt wurde: die Lebensqualit\u00e4t zu verbessern und Komfort zu bieten. Finden Sie das Richtige f\u00fcr Sie und Ihr Badezimmer unter der gro\u00dfen Auswahl an<a href=\"https:\/\/moposanitaryware.com\/de\/shop\/massage-bathtubs\/\"> MOPO Badewannen<\/a>.<\/p>\n\t\t<\/div>\n\t\t\t\t\t<\/div>\n\n\t\n<\/div>","protected":false},"excerpt":{"rendered":"<p>Marke: MOPO<br \/>\nProduct Name:Bathtub<br \/>\nProduct Model: MP-ba-8870<br \/>\nGewicht: 50 ~ 80 kg<br \/>\nSize:1500\u00d7800\u00d7620mm<br \/>\nMaterial: Acryl<br \/>\nRockstil. Linker Rock\/Rechter Rock<br \/>\nInstallation: Freistehend<\/p>\n\t<a class=\"paoc-popup-click paoc-popup-cust-337 paoc-popup-button paoc-popup-btn\" href=\"javascript:void(0);\">Angebot anfordern<\/a>\r\n\u00a0 \u00a0 \u00a0<a href=\"https:\/\/api.whatsapp.com\/send?phone=8618675762929\"><img loading=\"lazy\" decoding=\"async\" class=\"alignnone wp-image-6698\" src=\"https:\/\/moposanitaryware.com\/wp-content\/uploads\/WhatsApp.png\" alt=\"\" width=\"140\" height=\"33\" srcset=\"https:\/\/moposanitaryware.com\/wp-content\/uploads\/WhatsApp.png 546w, https:\/\/moposanitaryware.com\/wp-content\/uploads\/WhatsApp-18x4.png 18w\" sizes=\"auto, (max-width: 140px) 100vw, 140px\" \/><\/a><\/p>","protected":false},"featured_media":5382,"template":"","meta":{"_acf_changed":false},"product_brand":[],"product_cat":[15,57,104,107,33,124,125],"product_tag":[129,232,233],"class_list":{"0":"post-5433","1":"product","2":"type-product","3":"status-publish","4":"has-post-thumbnail","6":"product_cat-see-all-categories","7":"product_cat-bathtubs","8":"product_cat-free-standing-bathtub","9":"product_cat-under-mount-bathtub","10":"product_cat-massage-bathtubs","11":"product_cat-soaking-bathtub","12":"product_cat-spa-bathtub","13":"product_tag-bathtub","14":"product_tag-massage-bathtub","15":"product_tag-soaking-tub","17":"first","18":"instock","19":"shipping-taxable","20":"product-type-simple"},"acf":[],"_links":{"self":[{"href":"https:\/\/moposanitaryware.com\/de\/wp-json\/wp\/v2\/product\/5433","targetHints":{"allow":["GET"]}}],"collection":[{"href":"https:\/\/moposanitaryware.com\/de\/wp-json\/wp\/v2\/product"}],"about":[{"href":"https:\/\/moposanitaryware.com\/de\/wp-json\/wp\/v2\/types\/product"}],"wp:featuredmedia":[{"embeddable":true,"href":"https:\/\/moposanitaryware.com\/de\/wp-json\/wp\/v2\/media\/5382"}],"wp:attachment":[{"href":"https:\/\/moposanitaryware.com\/de\/wp-json\/wp\/v2\/media?parent=5433"}],"wp:term":[{"taxonomy":"product_brand","embeddable":true,"href":"https:\/\/moposanitaryware.com\/de\/wp-json\/wp\/v2\/product_brand?post=5433"},{"taxonomy":"product_cat","embeddable":true,"href":"https:\/\/moposanitaryware.com\/de\/wp-json\/wp\/v2\/product_cat?post=5433"},{"taxonomy":"product_tag","embeddable":true,"href":"https:\/\/moposanitaryware.com\/de\/wp-json\/wp\/v2\/product_tag?post=5433"}],"curies":[{"name":"wp","href":"https:\/\/api.w.org\/{rel}","templated":true}]}}