{"id":5328,"date":"2023-03-17T08:41:03","date_gmt":"2023-03-17T08:41:03","guid":{"rendered":"https:\/\/moposanitaryware.com\/?post_type=product&#038;p=5328"},"modified":"2024-07-29T09:24:38","modified_gmt":"2024-07-29T09:24:38","slug":"new-fashion-sauna-rooms-steam-sauna-shower-room-sauna-and-steam-combined-room","status":"publish","type":"product","link":"https:\/\/moposanitaryware.com\/de\/new-fashion-sauna-rooms-steam-sauna-shower-room-sauna-and-steam-combined-room\/","title":{"rendered":"Kabinenbad Sauna und Dampfbad Zwei-Personen-Dusche Holzsauna Spa"},"content":{"rendered":"<div class=\"row align-center\"  id=\"row-1714990495\">\n\n\t<div id=\"col-458782966\" class=\"col medium-11 small-12 large-11\"  data-animate=\"fadeInUp\">\n\t\t\t\t<div class=\"col-inner text-center\"  >\n\t\t\t\n\t\t\t\n<h1 style=\"text-align: center;\"><a href=\"https:\/\/moposanitaryware.com\/de\/shop\/massage-bathtubs\/\">Massagebadewannen<\/a> und <a href=\"https:\/\/moposanitaryware.com\/de\/produkt-kategorie\/steam-room\/\">Dampfraum<\/a> und <a href=\"https:\/\/moposanitaryware.com\/de\/produkt-kategorie\/sauna\/\">Sauna<\/a><\/h1>\n<p><a href=\"https:\/\/moposanitaryware.com\/de\/produkt-kategorie\/massage-bathtubs\/\">Massagewannen. Mit unseren Luftb\u00e4dern, Whirlpoolwannen<\/a>, <a href=\"https:\/\/moposanitaryware.com\/de\/produkt-kategorie\/steam-room\/\">und Kombinationsmassagewannen<\/a>, jemand, der gerne ein bisschen Zeit f\u00fcr sich selbst hat und jemand, der \u00f6fter duscht als badet. Meistens ist die Badewanne das Herzst\u00fcck Ihres Badezimmers. Deshalb legen wir gro\u00dfen Wert darauf, B\u00e4der zu schaffen, die umwerfend aussehen. So k\u00f6nnen Sie zu Hause ein Spa-\u00e4hnliches Erlebnis schaffen. <a href=\"https:\/\/moposanitaryware.com\/de\/produkt-kategorie\/bathtubs\/\">Durchsuchen Sie unsere Kollektion an Massagebadewannen<\/a>.<\/p>\n<a href=\"https:\/\/moposanitaryware.com\/de\/produkt-kategorie\/faucets\/\" class=\"button secondary is-underline lowercase\"  >\n\t\t<span>Alles erkunden<\/span>\n\t<i class=\"icon-menu\" aria-hidden=\"true\" ><\/i><\/a>\n\n\t\t<\/div>\n\t\t\t\t\t<\/div>\n\n\t\n<\/div>\n<table>\n<tbody>\n<tr>\n<td width=\"191\">Marke<\/td>\n<td width=\"283\">MOPO<\/td>\n<\/tr>\n<tr>\n<td width=\"191\">Herkunftsort<\/td>\n<td width=\"283\">Foshan, China<\/td>\n<\/tr>\n<tr>\n<td width=\"191\">Modellname<\/td>\n<td width=\"283\">Dampfbad, Massagebadewanne<\/td>\n<\/tr>\n<tr>\n<td width=\"191\">Form<\/td>\n<td width=\"283\">Rund, Quadrat<\/td>\n<\/tr>\n<tr>\n<td width=\"191\">Glasfarbe<\/td>\n<td width=\"283\">Transparent<\/td>\n<\/tr>\n<tr>\n<td width=\"191\">Glasdicke<\/td>\n<td width=\"283\">6 mm<\/td>\n<\/tr>\n<tr>\n<td width=\"191\">Material<\/td>\n<td width=\"283\">Aluminiumlegierung, geh\u00e4rtetes Glas, Acryl<\/td>\n<\/tr>\n<tr>\n<td width=\"191\">Farbe der Bodenschale<\/td>\n<td width=\"283\">Wei\u00df<\/td>\n<\/tr>\n<tr>\n<td width=\"191\">Rockstil<\/td>\n<td width=\"283\">Wei\u00df oder Sonderfarbe<\/td>\n<\/tr>\n<tr>\n<td width=\"191\">T\u00fcrstil<\/td>\n<td width=\"283\">Zu \u00f6ffnende T\u00fcr<\/td>\n<\/tr>\n<tr>\n<td width=\"191\">Gewicht<\/td>\n<td width=\"283\">70~85 kg<\/td>\n<\/tr>\n<tr>\n<td width=\"191\">Hauptger\u00e4te<\/td>\n<td width=\"283\">Light wave spectrum dry distillation: 3kw,Wet steam bath: 3 kW LCD Radio,External AUX input interface Hands-free telephone,<br \/>\nTemperature indication\/adjustment Time indication\/adjustment,Exhuast fan,Illuminating lamp,<br \/>\nBack acupuncture massage,Foot Massage Top shower,<br \/>\nMovable shower,Functional changeover,<br \/>\nColdHot Water ,Control Switch Mirror,<br \/>\nTelecontroller,Disinfect automatically after shut down<\/td>\n<\/tr>\n<tr>\n<td width=\"191\">Anwendung<\/td>\n<td width=\"283\">Hotels, Apartments, Einkaufszentren, Freizeitclubs usw.<\/td>\n<\/tr>\n<tr>\n<td width=\"191\">Paket<\/td>\n<td width=\"283\">Au\u00dfen befindet sich ein einzelner Karton mit einer nach Bedarf wiederaufladbaren Palette.<\/td>\n<\/tr>\n<tr>\n<td width=\"191\">Logistik und Transport<\/td>\n<td width=\"283\">Seetransport, Lufttransport<\/td>\n<\/tr>\n<\/tbody>\n<\/table>\n<p>Dampfb\u00e4der und Saunen haben besondere gesundheitliche Vorteile. Dazu geh\u00f6ren: Beseitigung von Verstopfungen, Verbesserung der Hautgesundheit, Senkung des Blutdrucks, Verbesserung der Durchblutung, Erholung nach dem Training, Entspannung, Verringerung der Gelenksteifheit.<\/p>\n<p>Vorsicht: Trinken Sie keinen Alkohol. Die hohe Hitze im Dampfbad kann Ihr Dehydrierungsrisiko erh\u00f6hen. Vermeiden Sie unbedingt Alkohol und trinken Sie viel Wasser. Gehen Sie nicht ins Dampfbad, wenn Sie krank sind. Die W\u00e4rme und Feuchtigkeit in Dampfb\u00e4dern kann das Bakterienwachstum f\u00f6rdern. Wenn Sie eine bakterielle Hautinfektion haben, benutzen Sie kein \u00f6ffentliches Dampfbad, bis die Infektion abgeklungen ist.<\/p>\n<div class=\"row\"  id=\"row-421344123\">\n\n\t<div id=\"col-1405547347\" class=\"col medium-4 small-12 large-4\"  >\n\t\t\t\t<div class=\"col-inner\"  >\n\t\t\t\n\t\t\t\n\t<div class=\"img has-hover x md-x lg-x y md-y lg-y\" id=\"image_267132884\">\n\t\t\t\t\t\t\t\t<div class=\"img-inner dark\" >\n\t\t\t<img loading=\"lazy\" decoding=\"async\" width=\"400\" height=\"100\" src=\"https:\/\/moposanitaryware.com\/wp-content\/uploads\/china-mopo-Efficient-Far-Infrared-Technology.jpg\" class=\"attachment-original size-original\" alt=\"Die Infrarotsauna-Technologie ist aus einem wichtigen Grund weitaus effizienter als die herk\u00f6mmliche Sauna: der Art und Weise, wie die Luft erw\u00e4rmt wird.\" title=\"\">\t\t\t\t\t\t\n\t\t\t\t\t<\/div>\n\t\t\t\t\t\t\t\t\n<style>\n#image_267132884 {\n  width: 100%;\n}\n<\/style>\n\t<\/div>\n\t\n<h4>Effiziente Ferninfrarot-Technologie<\/h4>\n<p>Beim Ferninfrarotverfahren wird elektromagnetische Strahlung als W\u00e4rmequelle verwendet, die effektiv in den K\u00f6rper eindringt, jedoch nicht in die ihn umgebende Luft.<\/p>\n\t\t<\/div>\n\t\t\t\t\t<\/div>\n\n\t\n\n\t<div id=\"col-1915017598\" class=\"col medium-4 small-12 large-4\"  >\n\t\t\t\t<div class=\"col-inner\"  >\n\t\t\t\n\t\t\t\n\t<div class=\"img has-hover x md-x lg-x y md-y lg-y\" id=\"image_1447184934\">\n\t\t\t\t\t\t\t\t<div class=\"img-inner dark\" >\n\t\t\t<img loading=\"lazy\" decoding=\"async\" width=\"400\" height=\"100\" src=\"https:\/\/moposanitaryware.com\/wp-content\/uploads\/Built-in-Bluetooth-Connectivity.jpg\" class=\"attachment-original size-original\" alt=\"Mithilfe der Infrarot-W\u00e4rmetechnologie wird der K\u00f6rper wesentlich effizienter erw\u00e4rmt, wodurch Giftstoffe weitaus effektiver ausgeschieden werden und Ihr K\u00f6rper entgiftet und regeneriert werden kann.\" title=\"\">\t\t\t\t\t\t\n\t\t\t\t\t<\/div>\n\t\t\t\t\t\t\t\t\n<style>\n#image_1447184934 {\n  width: 100%;\n}\n<\/style>\n\t<\/div>\n\t\n<h4>Integrierte Bluetooth-Konnektivit\u00e4t<\/h4>\n<p>Spielen Sie die Musik von Ihrem Smartphone ganz einfach ab, indem Sie das Audioger\u00e4t per Bluetooth verbinden.<\/p>\n\t\t<\/div>\n\t\t\t\t\t<\/div>\n\n\t\n\n\t<div id=\"col-67338442\" class=\"col medium-4 small-12 large-4\"  >\n\t\t\t\t<div class=\"col-inner\"  >\n\t\t\t\n\t\t\t\n\t<div class=\"img has-hover x md-x lg-x y md-y lg-y\" id=\"image_2037055920\">\n\t\t\t\t\t\t\t\t<div class=\"img-inner dark\" >\n\t\t\t<img loading=\"lazy\" decoding=\"async\" width=\"400\" height=\"100\" src=\"https:\/\/moposanitaryware.com\/wp-content\/uploads\/With-Multi-System-Function.jpg\" class=\"attachment-original size-original\" alt=\"Das neue Infrarotverfahren nutzt elektromagnetische Strahlung als W\u00e4rmequelle und konzentriert sich effektiv auf die K\u00f6rpermasse und nicht auf die ihn umgebende Luft.\" title=\"\">\t\t\t\t\t\t\n\t\t\t\t\t<\/div>\n\t\t\t\t\t\t\t\t\n<style>\n#image_2037055920 {\n  width: 100%;\n}\n<\/style>\n\t<\/div>\n\t\n<h4>Mit Multisystemfunktion<\/h4>\n<p>Duschen, Massieren und Dampfbad in einem \u2013 drei Funktionen f\u00fcr den t\u00e4glichen Gebrauch.<\/p>\n\t\t<\/div>\n\t\t\t\t\t<\/div>\n\n\t\n<\/div>\n<div class=\"row\"  id=\"row-1453591463\">\n\n\t<div id=\"col-2095350146\" class=\"col medium-6 small-12 large-6\"  >\n\t\t\t\t<div class=\"col-inner\"  >\n\t\t\t\n\t\t\t\n\t<div class=\"img has-hover x md-x lg-x y md-y lg-y\" id=\"image_1823158082\">\n\t\t\t\t\t\t\t\t<div class=\"img-inner dark\" >\n\t\t\t<img loading=\"lazy\" decoding=\"async\" width=\"600\" height=\"400\" src=\"https:\/\/moposanitaryware.com\/wp-content\/uploads\/When-cant-you-enjoy-the-Sauna.jpg\" class=\"attachment-original size-original\" alt=\"Bitte gehen Sie nicht in die Sauna, wenn Sie zu viel gegessen haben oder unter starkem Husten leiden. Patienten mit schweren Herzerkrankungen und hohem Blutdruck sollten besonders vorsichtig sein.\" title=\"\">\t\t\t\t\t\t\n\t\t\t\t\t<\/div>\n\t\t\t\t\t\t\t\t\n<style>\n#image_1823158082 {\n  width: 100%;\n}\n<\/style>\n\t<\/div>\n\t\n\t\t<\/div>\n\t\t\t\t\t<\/div>\n\n\t\n\n\t<div id=\"col-1576299813\" class=\"col medium-6 small-12 large-6\"  >\n\t\t\t\t<div class=\"col-inner\"  >\n\t\t\t\n\t\t\t\n\t<div class=\"img has-hover x md-x lg-x y md-y lg-y\" id=\"image_1414761260\">\n\t\t\t\t\t\t\t\t<div class=\"img-inner dark\" >\n\t\t\t<img loading=\"lazy\" decoding=\"async\" width=\"600\" height=\"400\" src=\"https:\/\/moposanitaryware.com\/wp-content\/uploads\/How-often-to-enjoy-the-most-suitable-sauna.jpg\" class=\"attachment-original size-original\" alt=\"Je nach Bedarf k\u00f6nnen Sie es t\u00e4glich tun, wenn Sie es f\u00fcr n\u00f6tig halten. Es wird empfohlen, nicht mehr als 30 Minuten pro Mal zu verwenden und regelm\u00e4\u00dfig 1-2 Abende pro Woche daf\u00fcr zu verwenden.\" title=\"\">\t\t\t\t\t\t\n\t\t\t\t\t<\/div>\n\t\t\t\t\t\t\t\t\n<style>\n#image_1414761260 {\n  width: 100%;\n}\n<\/style>\n\t<\/div>\n\t\n\t\t<\/div>\n\t\t\t\t\t<\/div>\n\n\t\n<\/div>","protected":false},"excerpt":{"rendered":"<p>Markenname: MOPO<br \/>\nProduct Name: Shower System, Wet&amp;Dry Steam Room Combination<br \/>\nModel Number\uff1a MP-B7111<br \/>\nGewicht: 70 ~ 85 kg<br \/>\nSize\uff1a1500\u00d71200\u00d72200mm<br \/>\nGlasfarbe: Transparent<br \/>\nGlasdicke: 6mm<br \/>\nFarbe: Aluminiumlegierung<br \/>\nFarbe der unteren Ablage: Wei\u00df<br \/>\nRockstil: Wei\u00df oder benutzerdefinierte Farbe<br \/>\nT\u00fcrstil: zu \u00f6ffnende T\u00fcr<\/p>\n\t<a class=\"paoc-popup-click paoc-popup-cust-337 paoc-popup-button paoc-popup-btn\" href=\"javascript:void(0);\">Angebot anfordern<\/a>\r\n\u00a0 <img loading=\"lazy\" decoding=\"async\" class=\"alignnone wp-image-346\" style=\"color: #333333; font-size: 14.4px;\" src=\"https:\/\/moposanitaryware.com\/wp-content\/uploads\/2021\/03\/Catalog-Download-PDF-MOPO-toilet.jpg\" alt=\"\" width=\"30\" height=\"29\" srcset=\"https:\/\/moposanitaryware.com\/wp-content\/uploads\/2021\/03\/Catalog-Download-PDF-MOPO-toilet.jpg 200w, https:\/\/moposanitaryware.com\/wp-content\/uploads\/2021\/03\/Catalog-Download-PDF-MOPO-toilet-100x100.jpg 100w\" sizes=\"auto, (max-width: 30px) 100vw, 30px\" \/><span style=\"color: #00aae7;\"><a style=\"font-size: 14.4px; color: #00aae7;\" href=\"https:\/\/moposanitaryware.com\/wp-content\/uploads\/2021\/05\/MOPO%C2%AE-Faucets-Catalog-Download-Sanitary-Wares-Manufacturer.pdf\">Katalog herunterladen<\/a><\/span><\/p>\n<p>&nbsp;<\/p>","protected":false},"featured_media":5324,"template":"","meta":{"_acf_changed":false},"product_brand":[],"product_cat":[15,229,57,33,125,228],"product_tag":[129,232,231,230],"class_list":{"0":"post-5328","1":"product","2":"type-product","3":"status-publish","4":"has-post-thumbnail","6":"product_cat-see-all-categories","7":"product_cat-steam-room","8":"product_cat-bathtubs","9":"product_cat-massage-bathtubs","10":"product_cat-spa-bathtub","11":"product_cat-sauna","12":"product_tag-bathtub","13":"product_tag-massage-bathtub","14":"product_tag-sauna","15":"product_tag-steam-room","17":"first","18":"instock","19":"shipping-taxable","20":"product-type-simple"},"acf":[],"_links":{"self":[{"href":"https:\/\/moposanitaryware.com\/de\/wp-json\/wp\/v2\/product\/5328","targetHints":{"allow":["GET"]}}],"collection":[{"href":"https:\/\/moposanitaryware.com\/de\/wp-json\/wp\/v2\/product"}],"about":[{"href":"https:\/\/moposanitaryware.com\/de\/wp-json\/wp\/v2\/types\/product"}],"wp:featuredmedia":[{"embeddable":true,"href":"https:\/\/moposanitaryware.com\/de\/wp-json\/wp\/v2\/media\/5324"}],"wp:attachment":[{"href":"https:\/\/moposanitaryware.com\/de\/wp-json\/wp\/v2\/media?parent=5328"}],"wp:term":[{"taxonomy":"product_brand","embeddable":true,"href":"https:\/\/moposanitaryware.com\/de\/wp-json\/wp\/v2\/product_brand?post=5328"},{"taxonomy":"product_cat","embeddable":true,"href":"https:\/\/moposanitaryware.com\/de\/wp-json\/wp\/v2\/product_cat?post=5328"},{"taxonomy":"product_tag","embeddable":true,"href":"https:\/\/moposanitaryware.com\/de\/wp-json\/wp\/v2\/product_tag?post=5328"}],"curies":[{"name":"wp","href":"https:\/\/api.w.org\/{rel}","templated":true}]}}