{"id":5040,"date":"2023-01-13T07:24:46","date_gmt":"2023-01-13T07:24:46","guid":{"rendered":"https:\/\/moposanitaryware.com\/?post_type=product&#038;p=5040"},"modified":"2024-07-31T02:54:42","modified_gmt":"2024-07-31T02:54:42","slug":"brass-bathroom-sink-faucet-with-pull-out-sprayer","status":"publish","type":"product","link":"https:\/\/moposanitaryware.com\/de\/brass-bathroom-sink-faucet-with-pull-out-sprayer\/","title":{"rendered":"China Wasserhahn Fabrik Gro\u00dfhandel USA Verkaufen Gut Messing Bad Waschbecken Wasserhahn Mit Pull Out Sprayer"},"content":{"rendered":"<div class=\"row align-center\"  id=\"row-1384947346\">\n\n\t<div id=\"col-163106752\" class=\"col medium-11 small-12 large-11\"  data-animate=\"fadeInUp\">\n\t\t\t\t<div class=\"col-inner text-center\"  >\n\t\t\t\n\t\t\t\n<h1 style=\"text-align: center;\"><a href=\"https:\/\/moposanitaryware.com\/de\/produkt-kategorie\/faucets\/\">Wasserh\u00e4hne<\/a><\/h1>\n<p style=\"text-align: center;\">Durchsuchen Sie K\u00fcchenarmaturen, <a href=\"https:\/\/moposanitaryware.com\/de\/produkt-kategorie\/faucets\/\">Badezimmerarmaturen<\/a>, <a href=\"https:\/\/moposanitaryware.com\/de\/produkt-kategorie\/faucets\/\">waschbecken wasserh\u00e4hne<\/a>, <a href=\"https:\/\/moposanitaryware.com\/de\/produkt-kategorie\/faucets\/\">Waschtischmischer<\/a> Wasserh\u00e4hne sind in vielen verschiedenen Stilen und Ausf\u00fchrungen erh\u00e4ltlich. <a href=\"https:\/\/moposanitaryware.com\/de\/produkt-kategorie\/faucets\/\">Badezimmerarmaturen<\/a> vereinen Top-Design mit h\u00f6chster Qualit\u00e4t und innovativen Funktionen. Entdecken Sie faszinierende L\u00f6sungen f\u00fcr Ihr Bad.<\/p>\n<a href=\"https:\/\/moposanitaryware.com\/de\/produkt-kategorie\/faucets\/\" class=\"button secondary is-underline lowercase\"  >\n\t\t<span>Alles erkunden<\/span>\n\t<i class=\"icon-menu\" aria-hidden=\"true\" ><\/i><\/a>\n\n\t\t<\/div>\n\t\t\t\t\t<\/div>\n\n\t\n<\/div>\n<table style=\"height: 492px;\" border=\"1\" width=\"667\">\n<tbody>\n<tr>\n<td>Herkunftsort:<\/td>\n<td>Foshan, China<\/td>\n<\/tr>\n<tr>\n<td>Modellname:<\/td>\n<td data-spm-anchor-id=\"a2700.details.pronpeci14.i1.47c970d3Zz0E3h\">MOPO\u00ae Modern Brass <a href=\"https:\/\/moposanitaryware.com\/de\/produkt-kategorie\/faucets\/\">Badezimmer-Waschtischarmaturen<\/a><\/td>\n<\/tr>\n<tr>\n<td><strong><span data-spm-anchor-id=\"a2700.wholesale.0.i33.2c534154qJukFc\">Besonderheit<\/span><\/strong><strong>\u00a0<\/strong><\/td>\n<td>Einhandbedienung, hochwertiges Material<br \/>\nHaltbarkeitZuverl\u00e4ssigkeitOberfl\u00e4chen widerstehen Korrosion<br \/>\nHochwertiges, massives Messingmaterial<br \/>\nKeramikscheibenkartusche sorgt f\u00fcr lange Lebensdauer<br \/>\nTropffreie Einhebelbedienung<br \/>\nHochtemperatur-Begrenzungsschalter verhindern Verbr\u00fchungen<br \/>\nHei\u00dfes kaltes Wasser gemischter Sinn <a href=\"https:\/\/moposanitaryware.com\/de\/produkt-kategorie\/faucets\/\">Wasserh\u00e4hne<\/a><\/td>\n<\/tr>\n<tr>\n<td>Anwendung:<\/td>\n<td>Hotel, Haus, Villa, Wohnung, B\u00fcrogeb\u00e4ude, Krankenhaus, Einkaufszentrum,<\/td>\n<\/tr>\n<tr>\n<td>Zertifikat:<\/td>\n<td>CE, ISO 9001, SASO, Wasserzeichen, UPC<\/td>\n<\/tr>\n<tr>\n<td>Service nach dem Verkauf<\/td>\n<td>Technischer Online-Support, kostenlose Ersatzteile<\/td>\n<\/tr>\n<tr>\n<td>OEM und ODM:<\/td>\n<td>OEM<\/td>\n<\/tr>\n<tr>\n<td>Mindestbestellmenge:<\/td>\n<td>1 Satz<\/td>\n<\/tr>\n<tr>\n<td>Kostenlose Probe:<\/td>\n<td>Lohnprobe<\/td>\n<\/tr>\n<tr>\n<td>Lieferf\u00e4higkeit:<\/td>\n<td>500 S\u00e4tze pro Tag<\/td>\n<\/tr>\n<tr>\n<td style=\"text-align: left;\">Verpackung:<\/td>\n<td style=\"text-align: left;\">Karton: Neutrale Verpackung; Verpackung: Styroporbeutel oder Stoffbeutel; Wir bieten ma\u00dfgeschneiderte Verpackungsdesign-Dienstleistungen.<\/td>\n<\/tr>\n<\/tbody>\n<\/table>\n<div class=\"row\"  id=\"row-418913086\">\n\n\t<div id=\"col-1178540356\" class=\"col small-12 large-12\"  >\n\t\t\t\t<div class=\"col-inner\"  >\n\t\t\t\n\t\t\t\n\t<div class=\"img has-hover x md-x lg-x y md-y lg-y\" id=\"image_2020517613\">\n\t\t\t\t\t\t\t\t<div class=\"img-inner dark\" >\n\t\t\t<img loading=\"lazy\" decoding=\"async\" width=\"1222\" height=\"650\" src=\"https:\/\/moposanitaryware.com\/wp-content\/uploads\/Bathroom-Faucet-with-Pull-Out-Spray-12-inch-Water-Supply-Lines.jpg\" class=\"attachment-original size-original\" alt=\"3 Modes Bathroom Pull Out Faucet with Rotating Spout\" srcset=\"https:\/\/moposanitaryware.com\/wp-content\/uploads\/Bathroom-Faucet-with-Pull-Out-Spray-12-inch-Water-Supply-Lines.jpg 1222w, https:\/\/moposanitaryware.com\/wp-content\/uploads\/Bathroom-Faucet-with-Pull-Out-Spray-12-inch-Water-Supply-Lines-600x319.jpg 600w, https:\/\/moposanitaryware.com\/wp-content\/uploads\/Bathroom-Faucet-with-Pull-Out-Spray-12-inch-Water-Supply-Lines-752x400.jpg 752w, https:\/\/moposanitaryware.com\/wp-content\/uploads\/Bathroom-Faucet-with-Pull-Out-Spray-12-inch-Water-Supply-Lines-768x409.jpg 768w\" sizes=\"auto, (max-width: 1222px) 100vw, 1222px\" title=\"\">\t\t\t\t\t\t\n\t\t\t\t\t<\/div>\n\t\t\t\t\t\t\t\t\n<style>\n#image_2020517613 {\n  width: 100%;\n}\n<\/style>\n\t<\/div>\n\t\n<p>The single-hole <a href=\"https:\/\/moposanitaryware.com\/de\/shop\/faucets\/\">pull-out bathroom faucet<\/a> presents people&#8217;s wisdom. This design is a truly innovative faucet. There is no doubt that a gunmetal grey\/gold\/mate black\/chrom finish incorporates perfectly into all decorations in your bathroom. 3 functional <a href=\"https:\/\/moposanitaryware.com\/de\/shop\/faucets\/\">bathroom sink faucets and pull-out designs<\/a> with long hoses that reach beyond the sink bring great convenience to your washing. Just press the button, and you will enjoy 3 kinds of water experiences, fountain, stream, or spray. Constructed from solid brass materials, the <a href=\"https:\/\/moposanitaryware.com\/de\/shop\/faucets\/\">Badezimmer Wasserhahn<\/a> is durable and drip-free. Choosing high-quality material will help you and your family safe from Chemicals.<\/p>\n<p><a href=\"https:\/\/moposanitaryware.com\/de\/shop\/faucets\/\">MOPO<\/a> could provide you with much more bathroom experience<br \/>\nModern style, comfortable experience.<br \/>\nSolid brass construction ensures quality and reliability.<br \/>\nBy brushing and washing, people start their day in the bathroom every morning.<br \/>\nWe believe that a set of tidy, elegant bath accessories can put people in a good mood that lasts the whole day.<\/p>\n\t\t<\/div>\n\t\t\t\t\t<\/div>\n\n\t\n<\/div>\n<div class=\"row\"  id=\"row-1739450904\">\n\n\t<div id=\"col-2050514496\" class=\"col medium-3 small-12 large-3\"  >\n\t\t\t\t<div class=\"col-inner\"  >\n\t\t\t\n\t\t\t\n\t<div class=\"img has-hover x md-x lg-x y md-y lg-y\" id=\"image_1373162786\">\n\t\t\t\t\t\t\t\t<div class=\"img-inner dark\" >\n\t\t\t<img loading=\"lazy\" decoding=\"async\" width=\"300\" height=\"300\" src=\"https:\/\/moposanitaryware.com\/wp-content\/uploads\/with-Draw-Out-Nozzle-Three-Water-Flow-Patterns.jpg\" class=\"attachment-original size-original\" alt=\"Automatic retractable bathroom single-hole bathroom pull-down faucet with spray head\" srcset=\"https:\/\/moposanitaryware.com\/wp-content\/uploads\/with-Draw-Out-Nozzle-Three-Water-Flow-Patterns.jpg 300w, https:\/\/moposanitaryware.com\/wp-content\/uploads\/with-Draw-Out-Nozzle-Three-Water-Flow-Patterns-100x100.jpg 100w, https:\/\/moposanitaryware.com\/wp-content\/uploads\/with-Draw-Out-Nozzle-Three-Water-Flow-Patterns-280x280.jpg 280w\" sizes=\"auto, (max-width: 300px) 100vw, 300px\" title=\"\">\t\t\t\t\t\t\n\t\t\t\t\t<\/div>\n\t\t\t\t\t\t\t\t\n<style>\n#image_1373162786 {\n  width: 100%;\n}\n<\/style>\n\t<\/div>\n\t\n<p>Gravity pull design, automatic retraction and homing<\/p>\n\t\t<\/div>\n\t\t\t\t\t<\/div>\n\n\t\n\n\t<div id=\"col-1248621963\" class=\"col medium-3 small-12 large-3\"  >\n\t\t\t\t<div class=\"col-inner\"  >\n\t\t\t\n\t\t\t\n\t<div class=\"img has-hover x md-x lg-x y md-y lg-y\" id=\"image_1703147737\">\n\t\t\t\t\t\t\t\t<div class=\"img-inner dark\" >\n\t\t\t<img loading=\"lazy\" decoding=\"async\" width=\"300\" height=\"300\" src=\"https:\/\/moposanitaryware.com\/wp-content\/uploads\/Brass-Bathroom-Sink-Faucet-Modern-Bathroom-Faucet.jpg\" class=\"attachment-original size-original\" alt=\"High-quality manufacturers supply cheap single-hole pull-out faucet\" srcset=\"https:\/\/moposanitaryware.com\/wp-content\/uploads\/Brass-Bathroom-Sink-Faucet-Modern-Bathroom-Faucet.jpg 300w, https:\/\/moposanitaryware.com\/wp-content\/uploads\/Brass-Bathroom-Sink-Faucet-Modern-Bathroom-Faucet-100x100.jpg 100w, https:\/\/moposanitaryware.com\/wp-content\/uploads\/Brass-Bathroom-Sink-Faucet-Modern-Bathroom-Faucet-280x280.jpg 280w\" sizes=\"auto, (max-width: 300px) 100vw, 300px\" title=\"\">\t\t\t\t\t\t\n\t\t\t\t\t<\/div>\n\t\t\t\t\t\t\t\t\n<style>\n#image_1703147737 {\n  width: 100%;\n}\n<\/style>\n\t<\/div>\n\t\n<p>Upwelling soft water is necessary for washing face and brushing teeth<\/p>\n\t\t<\/div>\n\t\t\t\t\t<\/div>\n\n\t\n\n\t<div id=\"col-707918833\" class=\"col medium-3 small-12 large-3\"  >\n\t\t\t\t<div class=\"col-inner\"  >\n\t\t\t\n\t\t\t\n\t<div class=\"img has-hover x md-x lg-x y md-y lg-y\" id=\"image_458371371\">\n\t\t\t\t\t\t\t\t<div class=\"img-inner dark\" >\n\t\t\t<img loading=\"lazy\" decoding=\"async\" width=\"300\" height=\"300\" src=\"https:\/\/moposanitaryware.com\/wp-content\/uploads\/Single-Hole-Pull-Out-Faucet-for-Bathroom-Sink.jpg\" class=\"attachment-original size-original\" alt=\"Washing convenience rotatable bathroom basin faucet\" srcset=\"https:\/\/moposanitaryware.com\/wp-content\/uploads\/Single-Hole-Pull-Out-Faucet-for-Bathroom-Sink.jpg 300w, https:\/\/moposanitaryware.com\/wp-content\/uploads\/Single-Hole-Pull-Out-Faucet-for-Bathroom-Sink-100x100.jpg 100w, https:\/\/moposanitaryware.com\/wp-content\/uploads\/Single-Hole-Pull-Out-Faucet-for-Bathroom-Sink-280x280.jpg 280w\" sizes=\"auto, (max-width: 300px) 100vw, 300px\" title=\"\">\t\t\t\t\t\t\n\t\t\t\t\t<\/div>\n\t\t\t\t\t\t\t\t\n<style>\n#image_458371371 {\n  width: 100%;\n}\n<\/style>\n\t<\/div>\n\t\n<p>Shower type water outlet, suitable for flushing<\/p>\n\t\t<\/div>\n\t\t\t\t\t<\/div>\n\n\t\n\n\t<div id=\"col-2110171246\" class=\"col medium-3 small-12 large-3\"  >\n\t\t\t\t<div class=\"col-inner\"  >\n\t\t\t\n\t\t\t\n\t<div class=\"img has-hover x md-x lg-x y md-y lg-y\" id=\"image_1139312343\">\n\t\t\t\t\t\t\t\t<div class=\"img-inner dark\" >\n\t\t\t<img loading=\"lazy\" decoding=\"async\" width=\"300\" height=\"300\" src=\"https:\/\/moposanitaryware.com\/wp-content\/uploads\/Black-Sink-Faucet-Bathroom-One-Handle-Modern-Bathroom-Faucet-with-Pull-Down-Sprayer.jpg\" class=\"attachment-original size-original\" alt=\"Quality factory wholesale pull-out faucet single hole cheap with CUPC watermark certification\" srcset=\"https:\/\/moposanitaryware.com\/wp-content\/uploads\/Black-Sink-Faucet-Bathroom-One-Handle-Modern-Bathroom-Faucet-with-Pull-Down-Sprayer.jpg 300w, https:\/\/moposanitaryware.com\/wp-content\/uploads\/Black-Sink-Faucet-Bathroom-One-Handle-Modern-Bathroom-Faucet-with-Pull-Down-Sprayer-100x100.jpg 100w, https:\/\/moposanitaryware.com\/wp-content\/uploads\/Black-Sink-Faucet-Bathroom-One-Handle-Modern-Bathroom-Faucet-with-Pull-Down-Sprayer-280x280.jpg 280w\" sizes=\"auto, (max-width: 300px) 100vw, 300px\" title=\"\">\t\t\t\t\t\t\n\t\t\t\t\t<\/div>\n\t\t\t\t\t\t\t\t\n<style>\n#image_1139312343 {\n  width: 100%;\n}\n<\/style>\n\t<\/div>\n\t\n<p>Honeycomb bubbler, soft water outlet<\/p>\n\t\t<\/div>\n\t\t\t\t\t<\/div>\n\n\t\n<\/div>\n<div class=\"row\"  id=\"row-797770848\">\n\n\t<div id=\"col-1723585245\" class=\"col medium-6 small-12 large-6\"  >\n\t\t\t\t<div class=\"col-inner\"  >\n\t\t\t\n\t\t\t\n\t<div class=\"img has-hover x md-x lg-x y md-y lg-y\" id=\"image_2002731253\">\n\t\t\t\t\t\t\t\t<div class=\"img-inner dark\" >\n\t\t\t<img loading=\"lazy\" decoding=\"async\" width=\"600\" height=\"400\" src=\"https:\/\/moposanitaryware.com\/wp-content\/uploads\/the-faucet-of-the-pull-type-bathroom-sink-is-made-of-high-quality-brass-and-has-a-matte-coating-on-the-surface-with-exquisite-workmanship.jpg\" class=\"attachment-original size-original\" alt=\"The surface is treated without discoloration and scratch, with good corrosion resistance and easy cleaning.\" title=\"\">\t\t\t\t\t\t\n\t\t\t\t\t<\/div>\n\t\t\t\t\t\t\t\t\n<style>\n#image_2002731253 {\n  width: 100%;\n}\n<\/style>\n\t<\/div>\n\t\n\t\t<\/div>\n\t\t\t\t\t<\/div>\n\n\t\n\n\t<div id=\"col-2060321113\" class=\"col medium-6 small-12 large-6\"  >\n\t\t\t\t<div class=\"col-inner\"  >\n\t\t\t\n\t\t\t\n<p><a href=\"https:\/\/moposanitaryware.com\/de\/shop\/faucets\/\">Three Mode Spray Setting<\/a>: The innovative fountain mode of the <a href=\"https:\/\/moposanitaryware.com\/de\/shop\/faucets\/\">Einhebel-Badezimmerarmatur<\/a> realizes automatic mouthwashing and facewashing, freeing your hands with ease. The splash-free powerful spray mode makes daily rinsing easier and quickly rinses the perimeter of the sink. The gentle aerated water flow mode comes with a massage effect, allowing you to enjoy the comfort of washing.<br \/>\n<a href=\"https:\/\/moposanitaryware.com\/de\/shop\/faucets\/\">360\u00b0Rotating Pull Out Sprayer<\/a>: The pull-out hose of <a href=\"https:\/\/moposanitaryware.com\/de\/shop\/faucets\/\">Badezimmerarmaturen<\/a> for sink 1 hole is polyester braided up to 23.6 inches long. The range of use can be extended beyond the sink without restriction for greater flexibility and convenience. The unique design of 360-degree rotation is very suitable for various scenarios: washing hair in a basin, filling water in a bucket, bathing pets, etc. The flexible <a href=\"https:\/\/moposanitaryware.com\/de\/shop\/faucets\/\">pull-out bathroom faucet<\/a> also makes it easy to clean all parts of the sink.<br \/>\nSingle Handle Design: The single handle of <a href=\"https:\/\/moposanitaryware.com\/de\/shop\/faucets\/\">one hole bathroom faucet<\/a> can easily achieve dual control of hot and cold, and adjust the water temperature at will. In addition, it is also convenient to adjust the water flow, the soft water does not splash, and it can save water. Built-in ceramic spool with high sealing performance resists extreme temperatures and reduces leakage.<\/p>\n\t\t<\/div>\n\t\t\t\t\t<\/div>\n\n\t\n<\/div>\n<div class=\"row\"  id=\"row-689227923\">\n\n\t<div id=\"col-2099878107\" class=\"col medium-6 small-12 large-6\"  >\n\t\t\t\t<div class=\"col-inner\"  >\n\t\t\t\n\t\t\t\n<div class=\"container section-title-container\" ><h3 class=\"section-title section-title-normal\"><b><\/b><span class=\"section-title-main\" >senden Sie uns eine Email<\/span><b><\/b><\/h3><\/div>\n<p>Wenn Sie an unseren Produkten interessiert sind und weitere Einzelheiten erfahren m\u00f6chten, hinterlassen Sie hier bitte eine Nachricht. Wir werden Ihnen so schnell wie m\u00f6glich antworten.<\/p>\n\n<div class=\"wpcf7 no-js\" id=\"wpcf7-f13-o1\" lang=\"en-US\" dir=\"ltr\" data-wpcf7-id=\"13\">\n<div class=\"screen-reader-response\"><p role=\"status\" aria-live=\"polite\" aria-atomic=\"true\"><\/p> <ul><\/ul><\/div>\n<form action=\"\/de\/wp-json\/wp\/v2\/product\/5040#wpcf7-f13-o1\" method=\"post\" class=\"wpcf7-form init\" aria-label=\"Contact form\" novalidate=\"novalidate\" data-status=\"init\" data-trp-original-action=\"\/de\/wp-json\/wp\/v2\/product\/5040#wpcf7-f13-o1\">\n<fieldset class=\"hidden-fields-container\"><input type=\"hidden\" name=\"_wpcf7\" value=\"13\" \/><input type=\"hidden\" name=\"_wpcf7_version\" value=\"6.1.1\" \/><input type=\"hidden\" name=\"_wpcf7_locale\" value=\"en_US\" \/><input type=\"hidden\" name=\"_wpcf7_unit_tag\" value=\"wpcf7-f13-o1\" \/><input type=\"hidden\" name=\"_wpcf7_container_post\" value=\"0\" \/><input type=\"hidden\" name=\"_wpcf7_posted_data_hash\" value=\"\" \/><input type=\"hidden\" name=\"_wpcf7_recaptcha_response\" value=\"\" \/>\n<\/fieldset>\n<div class=\"form-flat\">\n\t<p><span class=\"wpcf7-form-control-wrap\" data-name=\"your-name\"><input size=\"40\" maxlength=\"400\" class=\"wpcf7-form-control wpcf7-text wpcf7-validates-as-required\" aria-required=\"true\" aria-invalid=\"false\" placeholder=\"Dein Name (erforderlich)\" value=\"\" type=\"text\" name=\"your-name\" \/><\/span><br \/>\n<span class=\"wpcf7-form-control-wrap\" data-name=\"your-email\"><input size=\"40\" maxlength=\"400\" class=\"wpcf7-form-control wpcf7-email wpcf7-validates-as-required wpcf7-text wpcf7-validates-as-email\" aria-required=\"true\" aria-invalid=\"false\" placeholder=\"Ihre E-Mailadresse (erforderlich)\" value=\"\" type=\"email\" name=\"your-email\" \/><\/span>\n\t<\/p>\n\t<p><span class=\"wpcf7-form-control-wrap\" data-name=\"your-tels\"><input size=\"40\" maxlength=\"400\" class=\"wpcf7-form-control wpcf7-tel wpcf7-text wpcf7-validates-as-tel\" aria-invalid=\"false\" placeholder=\"Ihr Tel (optional)\" value=\"\" type=\"tel\" name=\"your-tels\" \/><\/span>\n\t<\/p>\n\t<p><span class=\"wpcf7-form-control-wrap\" data-name=\"your-message\"><textarea cols=\"40\" rows=\"10\" maxlength=\"2000\" class=\"wpcf7-form-control wpcf7-textarea\" aria-invalid=\"false\" placeholder=\"F\u00fcr das beste Ergebnis empfehlen wir, die folgenden Details anzugeben: - Selbstvorstellung - Ben\u00f6tigte Artikel oder Dienstleistungen - Ben\u00f6tigte Menge\" name=\"your-message\"><\/textarea><\/span>\n\t<\/p>\n\t<p>Unternehmensberatung:*<br \/>\n<span class=\"wpcf7-form-control-wrap\" data-name=\"checkbox\"><span class=\"wpcf7-form-control wpcf7-checkbox wpcf7-validates-as-required wpcf7-exclusive-checkbox\"><span class=\"wpcf7-list-item first\"><label><input type=\"checkbox\" name=\"checkbox\" value=\"Quotation\" \/><span class=\"wpcf7-list-item-label\">Zitat<\/span><\/label><\/span><span class=\"wpcf7-list-item\"><label><input type=\"checkbox\" name=\"checkbox\" value=\"Catalog\" \/><span class=\"wpcf7-list-item-label\">Katalog<\/span><\/label><\/span><span class=\"wpcf7-list-item\"><label><input type=\"checkbox\" name=\"checkbox\" value=\"Service Support\" \/><span class=\"wpcf7-list-item-label\">Service-Unterst\u00fctzung<\/span><\/label><\/span><span class=\"wpcf7-list-item\"><label><input type=\"checkbox\" name=\"checkbox\" value=\"Project\" \/><span class=\"wpcf7-list-item-label\">Projekt<\/span><\/label><\/span><span class=\"wpcf7-list-item last\"><label><input type=\"checkbox\" name=\"checkbox\" value=\"I am interested in becoming an agent\" \/><span class=\"wpcf7-list-item-label\">Ich bin daran interessiert, Agent zu werden<\/span><\/label><\/span><\/span><\/span><br \/>\n<input class=\"wpcf7-form-control wpcf7-submit has-spinner button\" type=\"submit\" value=\"Einreichen\" \/>\n\t<\/p>\n<\/div><div class=\"wpcf7-response-output\" aria-hidden=\"true\"><\/div>\n<input type=\"hidden\" name=\"trp-form-language\" value=\"de\"\/><\/form>\n<\/div>\n\n\t\t<\/div>\n\t\t\t\t\t<\/div>\n\n\t\n\n\t<div id=\"col-1958798782\" class=\"col medium-6 small-12 large-6\"  >\n\t\t\t\t<div class=\"col-inner\"  >\n\t\t\t\n\t\t\t\n<div class=\"container section-title-container\" ><h3 class=\"section-title section-title-normal\"><b><\/b><span class=\"section-title-main\" >KONTAKTIERE UNS<\/span><b><\/b><\/h3><\/div>\n<p>Wenn Sie eine Frage zu einem unserer Produkte haben oder aus einem anderen Grund Kontakt mit uns aufnehmen m\u00f6chten, f\u00fcllen Sie bitte das folgende Formular aus. Wir werden uns schnellstm\u00f6glich bei Ihnen melden.<\/p>\n<p><strong>Rufen Sie uns an:<\/strong> <a href=\"http:\/\/+86 18675762929\" rel=\"nofollow\">+8618675762929<\/a><br \/>\n<strong>Schreiben Sie uns eine E-Mail<\/strong>:\u00a0\u00a0<a href=\"mailto:info@mopochina.com\">info@mopochina.com<\/a><\/p>\n<p><strong>Skype\u00a0<\/strong>: <a href=\"skype:Sanitwell Shen?chat\">cheng jiawei<\/a><\/p>\n<p><strong>Adresse<\/strong> : B1, Nr. 10<sup>th<\/sup>, Yingkeyijia Keramikwelt, 4<sup>th<\/sup>\u00a0Jihua Road, Chancheng, Foshan, 528 000, Guangdong, China<\/p>\n<p><strong>PRODUKTIONSST\u00c4TTE :<\/strong>\u00a0Landkreis Chaoan, Stadt Chaozhou, Provinz Guangdong<\/p>\n<p><strong>Freundlicher Link:<\/strong><br \/>\n<a href=\"https:\/\/moposanitaryware.com\/de\/?attachment_id=5004\">https:\/\/moposanitaryware.com<\/a><br \/>\n<a href=\"https:\/\/www.mopotoilet.com\" rel=\"nofollow noopener\" target=\"_blank\">https:\/\/www.mopotoilet.com<\/a><br \/>\n<a href=\"https:\/\/\/de\/www.mopofaucet.com\/\">https:www.mopofaucet.com<\/a><\/p>\n<div class=\"social-icons follow-icons full-width text-left\" ><span>Folgen Sie uns<\/span><a href=\"https:\/\/www.facebook.com\/MOPOCHINA\" target=\"_blank\" data-label=\"Facebook\" class=\"icon primary button circle facebook tooltip\" title=\"Auf Facebook folgen\" aria-label=\"Auf Facebook folgen\" rel=\"noopener nofollow\"><i class=\"icon-facebook\" ><\/i><\/a><a href=\"https:\/\/www.instagram.com\/mopotoilet\/\" target=\"_blank\" data-label=\"Instagram\" class=\"icon primary button circle instagram tooltip\" title=\"Auf Instagram folgen\" aria-label=\"Auf Instagram folgen\" rel=\"noopener nofollow\"><i class=\"icon-instagram\" ><\/i><\/a><a href=\"https:\/\/twitter.com\/mopotoilet\" data-label=\"Twitter\" target=\"_blank\" class=\"icon primary button circle twitter tooltip\" title=\"Auf Twitter folgen\" aria-label=\"Auf Twitter folgen\" rel=\"noopener nofollow\"><i class=\"icon-twitter\" ><\/i><\/a><a href=\"mailto:info@mopochina.com\" data-label=\"E-mail\" target=\"_blank\" class=\"icon primary button circle email tooltip\" title=\"Sende uns eine E-Mail\" aria-label=\"Sende uns eine E-Mail\" rel=\"nofollow noopener\" ><i class=\"icon-envelop\" ><\/i><\/a><a href=\"https:\/\/www.linkedin.com\/company\/mopo-sanitary-ware\/\" data-label=\"LinkedIn\" target=\"_blank\" class=\"icon primary button circle linkedin tooltip\" title=\"Auf Linkedin folgen\" aria-label=\"Auf Linkedin folgen\" rel=\"noopener nofollow\"><i class=\"icon-linkedin\" ><\/i><\/a><a href=\"https:\/\/www.youtube.com\/c\/mopochina\/featured\" data-label=\"YouTube\" target=\"_blank\" class=\"icon primary button circle youtube tooltip\" title=\"Auf YouTube folgen\" aria-label=\"Auf YouTube folgen\" rel=\"noopener nofollow\"><i class=\"icon-youtube\" ><\/i><\/a><\/div>\n\t\t<\/div>\n\t\t\t\t\t<\/div>\n\n\t\n<\/div>","protected":false},"excerpt":{"rendered":"<p>Markenname: MOPO<br \/>\nProduktname: Wasserhahn f\u00fcr Badezimmerwaschbecken<br \/>\nModel Number\uff1a MP-T2003-B<br \/>\nMaterial: 59 A-Level Messing\/Stahl<br \/>\nSize\uff1a43.5x23x7mm<br \/>\nGewicht: 1,8 kg<br \/>\nColor\uff1a Black\/Chrome\/Golden\/Gunmetal Grey<br \/>\nFeature\uff1a Pull Out Bathroom Faucets<br \/>\nAnzahl der Griffe:: Einzelgriff<br \/>\nInstallationstyp: Deckmontage<\/p>\n\t<a class=\"paoc-popup-click paoc-popup-cust-337 paoc-popup-button paoc-popup-btn\" href=\"javascript:void(0);\">Angebot anfordern<\/a>\r\n\u00a0 \u00a0 \u00a0<a href=\"https:\/\/api.whatsapp.com\/send?phone=8618675762929\"><img loading=\"lazy\" decoding=\"async\" class=\"alignnone wp-image-6698\" src=\"https:\/\/moposanitaryware.com\/wp-content\/uploads\/WhatsApp.png\" alt=\"\" width=\"140\" height=\"33\" srcset=\"https:\/\/moposanitaryware.com\/wp-content\/uploads\/WhatsApp.png 546w, https:\/\/moposanitaryware.com\/wp-content\/uploads\/WhatsApp-18x4.png 18w\" sizes=\"auto, (max-width: 140px) 100vw, 140px\" \/><\/a><\/p>","protected":false},"featured_media":5580,"template":"","meta":{"_acf_changed":false},"product_brand":[],"product_cat":[15,23,94],"product_tag":[131,130,132],"class_list":{"0":"post-5040","1":"product","2":"type-product","3":"status-publish","4":"has-post-thumbnail","6":"product_cat-see-all-categories","7":"product_cat-faucets","8":"product_cat-basin-faucet","9":"product_tag-bathroom-basin-faucet","10":"product_tag-faucet","11":"product_tag-water-mixer-tap","13":"first","14":"instock","15":"shipping-taxable","16":"product-type-simple"},"acf":[],"_links":{"self":[{"href":"https:\/\/moposanitaryware.com\/de\/wp-json\/wp\/v2\/product\/5040","targetHints":{"allow":["GET"]}}],"collection":[{"href":"https:\/\/moposanitaryware.com\/de\/wp-json\/wp\/v2\/product"}],"about":[{"href":"https:\/\/moposanitaryware.com\/de\/wp-json\/wp\/v2\/types\/product"}],"wp:featuredmedia":[{"embeddable":true,"href":"https:\/\/moposanitaryware.com\/de\/wp-json\/wp\/v2\/media\/5580"}],"wp:attachment":[{"href":"https:\/\/moposanitaryware.com\/de\/wp-json\/wp\/v2\/media?parent=5040"}],"wp:term":[{"taxonomy":"product_brand","embeddable":true,"href":"https:\/\/moposanitaryware.com\/de\/wp-json\/wp\/v2\/product_brand?post=5040"},{"taxonomy":"product_cat","embeddable":true,"href":"https:\/\/moposanitaryware.com\/de\/wp-json\/wp\/v2\/product_cat?post=5040"},{"taxonomy":"product_tag","embeddable":true,"href":"https:\/\/moposanitaryware.com\/de\/wp-json\/wp\/v2\/product_tag?post=5040"}],"curies":[{"name":"wp","href":"https:\/\/api.w.org\/{rel}","templated":true}]}}