{"id":2992,"date":"2021-07-29T02:13:26","date_gmt":"2021-07-29T02:13:26","guid":{"rendered":"https:\/\/moposanitaryware.com\/?post_type=product&#038;p=2992"},"modified":"2024-08-01T09:23:12","modified_gmt":"2024-08-01T09:23:12","slug":"high-quality-pull-down-kitchen-faucets","status":"publish","type":"product","link":"https:\/\/moposanitaryware.com\/de\/high-quality-pull-down-kitchen-faucets\/","title":{"rendered":"Hochwertiger Neupreis aus Messing mit ausziehbarem Federauslauf f\u00fcr K\u00fcchensp\u00fclenarmaturen mit Einzelgriff"},"content":{"rendered":"<div class=\"row align-center\"  id=\"row-1941422369\">\n\n\t<div id=\"col-1546401377\" class=\"col medium-9 small-12 large-9\"  data-animate=\"fadeInUp\">\n\t\t\t\t<div class=\"col-inner\"  >\n\t\t\t\n\t\t\t\n<h1 style=\"text-align: center;\"><a href=\"https:\/\/moposanitaryware.com\/de\/produkt-kategorie\/kitchen\/kitchen-faucets\/\">K\u00fcchenarmaturen<\/a><\/h1>\n<p style=\"text-align: center;\">Die Werbung <a href=\"https:\/\/moposanitaryware.com\/de\/produkt-kategorie\/kitchen\/kitchen-faucets\/\">waschbecken wasserhahn<\/a> Die Feder wird einer speziellen W\u00e4rmebehandlung unterzogen, wodurch Verformungen vermieden werden und sie immer in perfektem Zustand bleibt. Hochwertige K\u00fcchenarmaturen f\u00fcr Wohnmobile, die auf lang anhaltende Leistung, gute Funktion und Glanz ausgelegt sind, sodass Sie sich nicht mehr darum k\u00fcmmern m\u00fcssen, sie innerhalb kurzer Zeit durch eine neue zu ersetzen.<\/p>\n<div class=\"row\"  id=\"row-484885550\">\n\n\t<div id=\"col-522836838\" class=\"col small-12 large-12\"  >\n\t\t\t\t<div class=\"col-inner text-center\"  >\n\t\t\t\n\t\t\t\n<a href=\"https:\/\/moposanitaryware.com\/de\/produkt-kategorie\/faucets\/\" class=\"button secondary is-underline lowercase\"  >\n\t\t<span>Alles erkunden<\/span>\n\t<i class=\"icon-menu\" aria-hidden=\"true\" ><\/i><\/a>\n\n\t\t<\/div>\n\t\t\t\t\t<\/div>\n\n\t\n<\/div>\n\t\t<\/div>\n\t\t\t\t\t<\/div>\n\n\t\n<\/div>\n<table style=\"height: 492px;\" border=\"1\" width=\"667\">\n<tbody>\n<tr>\n<td>Herkunftsort:<\/td>\n<td>Foshan, China<\/td>\n<\/tr>\n<tr>\n<td>Modellname:<\/td>\n<td data-spm-anchor-id=\"a2700.details.pronpeci14.i1.47c970d3Zz0E3h\">MOPO\u00ae Modern <a href=\"https:\/\/moposanitaryware.com\/de\/produkt-kategorie\/kitchen\/kitchen-faucets\/\">K\u00fcchensp\u00fclenarmaturen<\/a><\/td>\n<\/tr>\n<tr>\n<td><strong><span data-spm-anchor-id=\"a2700.wholesale.0.i33.2c534154qJukFc\">Besonderheit<\/span><\/strong><strong>\u00a0<\/strong><\/td>\n<td>360 Grad schwenkbarer Auslauf<br \/>\nWasser- und Temperaturregelung mit nur einem Hebel<br \/>\nDeckplatte ist f\u00fcr 1-, 2-, 3- oder 4-Loch-Montage erh\u00e4ltlich<br \/>\nAusziehbarer Schlauch aus geflochtenem Nylon, bis zu 25 Zoll ausziehbar<br \/>\nDer selbstaufrollende Ausziehschlauch h\u00e4lt den Spr\u00fchkopf angedockt und sicher, wenn er nicht verwendet wird.<br \/>\nWasserdruckgepr\u00fcft nach Industriestandard<br \/>\nDer Einhebelmischer l\u00e4sst sich um 90 Grad nach vorne bewegen, um Platz in engen R\u00e4umen zu sparen.<br \/>\nHochwertiges Finish widersteht Rost, Korrosion und Anlaufen<br \/>\nDer K\u00fcchenhahn mit Doppelfunktionsbrause bietet einen luftigen Strahl oder einen kr\u00e4ftigen Spr\u00fchstrahl.<br \/>\nMassive Messingkonstruktion mit matt geb\u00fcrstetem Gold-Finish<br \/>\nS\u00e4mtliches Montagezubeh\u00f6r sowie Warm-\/Kaltwasserleitungen im Lieferumfang enthalten<br \/>\nWasserhahnmessungen<br \/>\nAusgussreichweite: 9 \u00bc\u201d<br \/>\nWasserhahnh\u00f6he: 18\u2033<br \/>\nStandard-US-Rohrleitungsanschl\u00fcsse (\u215c Zoll)<\/td>\n<\/tr>\n<tr>\n<td>Anwendung:<\/td>\n<td>Hotel, Haus, Villa, Wohnung, B\u00fcrogeb\u00e4ude, Krankenhaus, Einkaufszentrum,<\/td>\n<\/tr>\n<tr>\n<td>Zertifikat:<\/td>\n<td>CE, ISO 9001, SASO, Wasserzeichen, UPC<\/td>\n<\/tr>\n<tr>\n<td>Service nach dem Verkauf<\/td>\n<td>Technischer Online-Support, kostenlose Ersatzteile<\/td>\n<\/tr>\n<tr>\n<td>OEM und ODM:<\/td>\n<td>OEM<\/td>\n<\/tr>\n<tr>\n<td>Mindestbestellmenge:<\/td>\n<td>1 Satz<\/td>\n<\/tr>\n<tr>\n<td>Kostenlose Probe:<\/td>\n<td>Lohnprobe<\/td>\n<\/tr>\n<tr>\n<td>Lieferf\u00e4higkeit:<\/td>\n<td>500 S\u00e4tze pro Tag<\/td>\n<\/tr>\n<tr>\n<td style=\"text-align: left;\">Verpackung:<\/td>\n<td style=\"text-align: left;\">Karton: Neutrale Verpackung; Verpackung: Styroporbeutel oder Stoffbeutel; Wir bieten ma\u00dfgeschneiderte Verpackungsdesign-Dienstleistungen.<\/td>\n<\/tr>\n<\/tbody>\n<\/table>\n<div class=\"row\"  id=\"row-1331502947\">\n\n\t<div id=\"col-981676945\" class=\"col medium-6 small-12 large-6\"  >\n\t\t\t\t<div class=\"col-inner\"  >\n\t\t\t\n\t\t\t\n<h3>Bleifreies Messing der G\u00fcteklasse 59-A<\/h3>\n<p>K\u00f6rper aus veredeltem Kupfer: Der <a href=\"https:\/\/moposanitaryware.com\/de\/produkt-kategorie\/kitchen\/kitchen-faucets\/\">Wasserhahn<\/a> Der K\u00f6rper besteht aus einem hochwertigen, raffinierten Kupferbarren unter Einsatz der fortschrittlichsten Schwerkraftgusstechnologie der Welt und wird durch Pr\u00e4zisionsbearbeitung hergestellt, ist v\u00f6llig nat\u00fcrlich, robust und langlebig. Massive Messingkonstruktion widersteht Rost, Korrosion und Anlaufen. Oberfl\u00e4chenbeschaffenheit: 1. Vernickelung mit 10\u201312 Mikrometern 2. Verchromung mit 3\u20135 Mikrometern 3. Farbbeschichtung mit 3\u20135 Mikrometern 48-Stunden-Salzspr\u00fchtest mit bestandener Zertifizierung. Makelloses Finish: Passen Sie das Aussehen an jedes Badezimmerdesign an, mit einer Auswahl an makellosen, korrosionsbest\u00e4ndigen Oberfl\u00e4chen.<\/p>\n\t\t<\/div>\n\t\t\t\t\t<\/div>\n\n\t\n\n\t<div id=\"col-2066737927\" class=\"col medium-6 small-12 large-6\"  >\n\t\t\t\t<div class=\"col-inner\"  >\n\t\t\t\n\t\t\t\n\t<div class=\"img has-hover x md-x lg-x y md-y lg-y\" id=\"image_257283885\">\n\t\t<a class=\"\" href=\"https:\/\/moposanitaryware.com\/de\/produkt-kategorie\/kitchen\/kitchen-faucets\/\" >\t\t\t\t\t\t<div class=\"img-inner dark\" >\n\t\t\t<img loading=\"lazy\" decoding=\"async\" width=\"600\" height=\"420\" src=\"https:\/\/moposanitaryware.com\/wp-content\/uploads\/2022\/09\/Faucet-Factory-Wholesale-Commercial-Solid-Brass-Single-Handle-Single-Lever-Pull-Down-Sprayer-Kitchen-Sink-Faucet-59-A-grade-brass-lead-free-material.jpg\" class=\"attachment-original size-original\" alt=\"\" srcset=\"https:\/\/moposanitaryware.com\/wp-content\/uploads\/2022\/09\/Faucet-Factory-Wholesale-Commercial-Solid-Brass-Single-Handle-Single-Lever-Pull-Down-Sprayer-Kitchen-Sink-Faucet-59-A-grade-brass-lead-free-material.jpg 600w, https:\/\/moposanitaryware.com\/wp-content\/uploads\/2022\/09\/Faucet-Factory-Wholesale-Commercial-Solid-Brass-Single-Handle-Single-Lever-Pull-Down-Sprayer-Kitchen-Sink-Faucet-59-A-grade-brass-lead-free-material-571x400.jpg 571w\" sizes=\"auto, (max-width: 600px) 100vw, 600px\" title=\"\">\t\t\t\t\t\t\n\t\t\t\t\t<\/div>\n\t\t\t\t\t\t<\/a>\t\t\n<style>\n#image_257283885 {\n  width: 100%;\n}\n<\/style>\n\t<\/div>\n\t\n\t\t<\/div>\n\t\t\t\t\t<\/div>\n\n\t\n<\/div>\n<div class=\"row\"  id=\"row-1837944666\">\n\n\t<div id=\"col-1388523492\" class=\"col medium-6 small-12 large-6\"  >\n\t\t\t\t<div class=\"col-inner\"  >\n\t\t\t\n\t\t\t\n\t<div class=\"img has-hover x md-x lg-x y md-y lg-y\" id=\"image_1117330561\">\n\t\t<a class=\"\" href=\"https:\/\/moposanitaryware.com\/de\/produkt-kategorie\/kitchen\/kitchen-faucets\/\" >\t\t\t\t\t\t<div class=\"img-inner dark\" >\n\t\t\t<img loading=\"lazy\" decoding=\"async\" width=\"600\" height=\"400\" src=\"https:\/\/moposanitaryware.com\/wp-content\/uploads\/2022\/09\/China-Faucet-Factory-Single-Handle-Single-Lever-Pull-Down-Sprayer-Kitchen-Sink-Faucet-High-end-high-quality-imported-Valve-Core.jpg\" class=\"attachment-original size-original\" alt=\"\" title=\"\">\t\t\t\t\t\t\n\t\t\t\t\t<\/div>\n\t\t\t\t\t\t<\/a>\t\t\n<style>\n#image_1117330561 {\n  width: 100%;\n}\n<\/style>\n\t<\/div>\n\t\n\t\t<\/div>\n\t\t\t\t\t<\/div>\n\n\t\n\n\t<div id=\"col-897227126\" class=\"col medium-6 small-12 large-6\"  >\n\t\t\t\t<div class=\"col-inner\"  >\n\t\t\t\n\t\t\t\n<h3><span class=\"Y2IQFc\" lang=\"en\">Hochwertiger importierter Ventileinsatz<\/span><\/h3>\n<p>Hochwertiges importiertes Ventilelement mit schallabsorbierendem Netz (das die <a href=\"https:\/\/moposanitaryware.com\/de\/produkt-kategorie\/kitchen\/kitchen-faucets\/\">Wasserhahn<\/a> sehr leise werden), mit diamant\u00e4hnlicher H\u00e4rte, hochwertigem Keramikventilelement, komfortablem und leichtem Gef\u00fchl, das auch bei mehr als einer Million Ein-\/Aus-Schaltungen reibungslos und m\u00fchelos bedient werden kann, langlebig und wasserleckagefrei. Die Mischung zwischen Luft und Wasser verwendet einen Keramikventilkern, der streng gepr\u00fcft wurde. Kann Verunreinigungen effektiv filtern. Gitterzyklustest, Schalterdrehung. Es liefert einen empfindlichen und leisen Test mit einem eng gestalteten Design, das gut zur Naht passt. Wasserfluss. Keine Alterungstropfen,<\/p>\n\t\t<\/div>\n\t\t\t\t\t<\/div>\n\n\t\n<\/div>\n<div class=\"row\"  id=\"row-855603426\">\n\n\t<div id=\"col-774247566\" class=\"col medium-6 small-12 large-6\"  >\n\t\t\t\t<div class=\"col-inner\"  >\n\t\t\t\n\t\t\t\n<h3>Galvanisierungsprozess<\/h3>\n<p>Galvanisierung: Behandelt mit einem fortschrittlichen Galvanisierungsverfahren, mit mehreren Beschichtungsschichten aus saurem Kupfer, Nickel und Chrom, einer guten Kombination der Beschichtungsschichten, einer feinen und dicht gewebten Haftung, einer gleichm\u00e4\u00dfigen Farbe und einer \u00e4u\u00dferst hervorragenden Korrosionsbest\u00e4ndigkeit, um sicherzustellen, dass die Oberfl\u00e4che des Produkts gl\u00e4nzend und langlebig ist. Die Sch\u00f6nheit des Aussehens ist modisch und elegant, verschlei\u00dffest, kratzfest, langlebige Behandlung, eloxierte Oberfl\u00e4che, glatt und zart, rostet nie, verblasst nie, wirklich nuanciert, solide. Greifen Sie zu und ber\u00fchren Sie die Oberfl\u00e4che des <a href=\"https:\/\/moposanitaryware.com\/de\/produkt-kategorie\/kitchen\/kitchen-faucets\/\">Wasserhahn<\/a>und sp\u00fcren Sie die zarte, seidige Textur der <a href=\"https:\/\/moposanitaryware.com\/de\/produkt-kategorie\/kitchen\/kitchen-faucets\/\">Wasserhahn<\/a> leise. Es bleiben keine sichtbaren Fingerabdr\u00fccke zur\u00fcck, wenn Sie gehen.<\/p>\n\t\t<\/div>\n\t\t\t\t\t<\/div>\n\n\t\n\n\t<div id=\"col-1354158085\" class=\"col medium-6 small-12 large-6\"  >\n\t\t\t\t<div class=\"col-inner\"  >\n\t\t\t\n\t\t\t\n\t<div class=\"img has-hover x md-x lg-x y md-y lg-y\" id=\"image_1113957648\">\n\t\t<a class=\"\" href=\"https:\/\/moposanitaryware.com\/de\/produkt-kategorie\/kitchen\/kitchen-faucets\/\" >\t\t\t\t\t\t<div class=\"img-inner dark\" >\n\t\t\t<img loading=\"lazy\" decoding=\"async\" width=\"600\" height=\"400\" src=\"https:\/\/moposanitaryware.com\/wp-content\/uploads\/2022\/09\/Faucet-Factory-Brass-Single-Handle-Pull-Down-Sprayer-Kitchen-Sink-Faucet-Electroplating-Process.jpg\" class=\"attachment-original size-original\" alt=\"\" title=\"\">\t\t\t\t\t\t\n\t\t\t\t\t<\/div>\n\t\t\t\t\t\t<\/a>\t\t\n<style>\n#image_1113957648 {\n  width: 100%;\n}\n<\/style>\n\t<\/div>\n\t\n\t\t<\/div>\n\t\t\t\t\t<\/div>\n\n\t\n<\/div>\n<div class=\"row\"  id=\"row-1253298108\">\n\n\t<div id=\"col-1390466690\" class=\"col medium-6 small-12 large-6\"  >\n\t\t\t\t<div class=\"col-inner\"  >\n\t\t\t\n\t\t\t\n\t<div class=\"img has-hover x md-x lg-x y md-y lg-y\" id=\"image_280328281\">\n\t\t<a class=\"\" href=\"https:\/\/moposanitaryware.com\/de\/produkt-kategorie\/kitchen\/kitchen-faucets\/\" >\t\t\t\t\t\t<div class=\"img-inner dark\" >\n\t\t\t<img loading=\"lazy\" decoding=\"async\" width=\"600\" height=\"400\" src=\"https:\/\/moposanitaryware.com\/wp-content\/uploads\/2022\/09\/Wholesale-Bathroom-Washbasin-Sink-Brass-Copper-Basin-Faucet-304-Stainless-steel-hose-1.jpg\" class=\"attachment-original size-original\" alt=\"\" title=\"\">\t\t\t\t\t\t\n\t\t\t\t\t<\/div>\n\t\t\t\t\t\t<\/a>\t\t\n<style>\n#image_280328281 {\n  width: 100%;\n}\n<\/style>\n\t<\/div>\n\t\n\t\t<\/div>\n\t\t\t\t\t<\/div>\n\n\t\n\n\t<div id=\"col-294364100\" class=\"col medium-6 small-12 large-6\"  >\n\t\t\t\t<div class=\"col-inner\"  >\n\t\t\t\n\t\t\t\n<h3>3\/8\u2033 304 Edelstahlschlauch<\/h3>\n<div class=\"p\">Unser <a href=\"https:\/\/moposanitaryware.com\/de\/produkt-kategorie\/kitchen\/kitchen-faucets\/\">Wasserhahn<\/a> ist mit zwei Schl\u00e4uchen ausgestattet. Unsere Schl\u00e4uche bestehen aus Edelstahl SUS 304, der vor chemischer Korrosion und Rost sch\u00fctzt. Sie m\u00fcssen sich keine Sorgen um die Wasserqualit\u00e4t machen, wenn Sie im Badezimmer Ihre Z\u00e4hne putzen und Ihr Gesicht waschen. Und Sie k\u00f6nnen unsere Schl\u00e4uche problemlos mit Ihren Absperrventilen verbinden. Hochwertiger Edelstahlschlauch. Mehrfacher Sicherheitsschutz. Die Ummantelung besteht aus hochwertigem Edelstahl und das Material ist robust und l\u00e4sst sich nicht leicht abl\u00f6sen. Es wird Ihnen ein angenehmes Erlebnis im t\u00e4glichen Leben bieten.<\/div>\n\t\t<\/div>\n\t\t\t\t\t<\/div>\n\n\t\n<\/div>\n<div class=\"row\"  id=\"row-585665445\">\n\n\t<div id=\"col-438951308\" class=\"col medium-6 small-12 large-6\"  >\n\t\t\t\t<div class=\"col-inner\"  >\n\t\t\t\n\t\t\t\n<h3>Wassertemperatureinstellung<\/h3>\n<div class=\"p\">Die leichtg\u00e4ngige Handhabung des Einhebelhebels erleichtert die Einstellung von Gr\u00f6\u00dfe und Temperatur des Wasserflusses f\u00fcr eine pr\u00e4zise und einfache Steuerung, geeignet f\u00fcr Waschtische, Waschbecken, Waschr\u00e4ume und Toiletten. Er kann an alle Standard-Warm- und Kaltwasserdrucksysteme angeschlossen werden. Mit den dezenten Rundungen und Kanten f\u00fcgt sich das Design nahtlos in viele Umgebungen und mit runden oder eckigen Waschbecken ein.<\/div>\n\t\t<\/div>\n\t\t\t\t\t<\/div>\n\n\t\n\n\t<div id=\"col-476090242\" class=\"col medium-6 small-12 large-6\"  >\n\t\t\t\t<div class=\"col-inner\"  >\n\t\t\t\n\t\t\t\n\t<div class=\"img has-hover x md-x lg-x y md-y lg-y\" id=\"image_885768433\">\n\t\t<a class=\"\" href=\"https:\/\/moposanitaryware.com\/de\/produkt-kategorie\/kitchen\/kitchen-faucets\/\" >\t\t\t\t\t\t<div class=\"img-inner dark\" >\n\t\t\t<img loading=\"lazy\" decoding=\"async\" width=\"600\" height=\"400\" src=\"https:\/\/moposanitaryware.com\/wp-content\/uploads\/2022\/09\/Wholesale-Commercial-Solid-Brass-Single-Handle-Pull-Down-Sprayer-Kitchen-Sink-Faucet-Water-temperature-adjustment.jpg\" class=\"attachment-original size-original\" alt=\"\" title=\"\">\t\t\t\t\t\t\n\t\t\t\t\t<\/div>\n\t\t\t\t\t\t<\/a>\t\t\n<style>\n#image_885768433 {\n  width: 100%;\n}\n<\/style>\n\t<\/div>\n\t\n\t\t<\/div>\n\t\t\t\t\t<\/div>\n\n\t\n<\/div>\n<div class=\"row\"  id=\"row-1313724360\">\n\n\t<div id=\"col-859147501\" class=\"col medium-6 small-12 large-6\"  >\n\t\t\t\t<div class=\"col-inner\"  >\n\t\t\t\n\t\t\t\n\t<div class=\"img has-hover x md-x lg-x y md-y lg-y\" id=\"image_1961594781\">\n\t\t<a class=\"\" href=\"https:\/\/moposanitaryware.com\/de\/produkt-kategorie\/kitchen\/kitchen-faucets\/\" >\t\t\t\t\t\t<div class=\"img-inner dark\" >\n\t\t\t<img loading=\"lazy\" decoding=\"async\" width=\"600\" height=\"400\" src=\"https:\/\/moposanitaryware.com\/wp-content\/uploads\/2022\/09\/Wholesale-Commercial-Solid-Brass-Single-Handle-Single-Lever-Pull-Down-Sprayer-Kitchen-Sink-Faucet-Easy-installation.jpg\" class=\"attachment-large size-large\" alt=\"\" title=\"\">\t\t\t\t\t\t\n\t\t\t\t\t<\/div>\n\t\t\t\t\t\t<\/a>\t\t\n<style>\n#image_1961594781 {\n  width: 100%;\n}\n<\/style>\n\t<\/div>\n\t\n\t\t<\/div>\n\t\t\t\t\t<\/div>\n\n\t\n\n\t<div id=\"col-676279490\" class=\"col medium-6 small-12 large-6\"  >\n\t\t\t\t<div class=\"col-inner\"  >\n\t\t\t\n\t\t\t\n<h3><span class=\"Y2IQFc\" lang=\"en\">Einfache Installation<\/span><\/h3>\n<div class=\"p\">Ein- oder Dreilochmontage mit 10-Zoll-Deckplatte aus Edelstahl, s\u00e4mtliches Montagezubeh\u00f6r inklusive. Das hochgew\u00f6lbte Auslaufdesign mit 360-Grad-Drehung bietet mehr Platz f\u00fcr eine Vielzahl von Sp\u00fclaktivit\u00e4ten. Sparen Sie Geld und Zeit, denn die DIY-Montage dauert weniger als 30 Minuten.<\/div>\n\t\t<\/div>\n\t\t\t\t\t<\/div>\n\n\t\n<\/div>\n<div class=\"row\"  id=\"row-1216273100\">\n\n\t<div id=\"col-1004806029\" class=\"col medium-6 small-12 large-6\"  >\n\t\t\t\t<div class=\"col-inner\"  >\n\t\t\t\n\t\t\t\n<div class=\"container section-title-container\" ><h3 class=\"section-title section-title-normal\"><b><\/b><span class=\"section-title-main\" >senden Sie uns eine Email<\/span><b><\/b><\/h3><\/div>\n<p>Wenn Sie an unseren Produkten interessiert sind und weitere Einzelheiten erfahren m\u00f6chten, hinterlassen Sie hier bitte eine Nachricht. Wir werden Ihnen so schnell wie m\u00f6glich antworten.<\/p>\n\n<div class=\"wpcf7 no-js\" id=\"wpcf7-f13-o1\" lang=\"en-US\" dir=\"ltr\" data-wpcf7-id=\"13\">\n<div class=\"screen-reader-response\"><p role=\"status\" aria-live=\"polite\" aria-atomic=\"true\"><\/p> <ul><\/ul><\/div>\n<form action=\"\/de\/wp-json\/wp\/v2\/product\/2992#wpcf7-f13-o1\" method=\"post\" class=\"wpcf7-form init\" aria-label=\"Contact form\" novalidate=\"novalidate\" data-status=\"init\" data-trp-original-action=\"\/de\/wp-json\/wp\/v2\/product\/2992#wpcf7-f13-o1\">\n<fieldset class=\"hidden-fields-container\"><input type=\"hidden\" name=\"_wpcf7\" value=\"13\" \/><input type=\"hidden\" name=\"_wpcf7_version\" value=\"6.1.1\" \/><input type=\"hidden\" name=\"_wpcf7_locale\" value=\"en_US\" \/><input type=\"hidden\" name=\"_wpcf7_unit_tag\" value=\"wpcf7-f13-o1\" \/><input type=\"hidden\" name=\"_wpcf7_container_post\" value=\"0\" \/><input type=\"hidden\" name=\"_wpcf7_posted_data_hash\" value=\"\" \/><input type=\"hidden\" name=\"_wpcf7_recaptcha_response\" value=\"\" \/>\n<\/fieldset>\n<div class=\"form-flat\">\n\t<p><span class=\"wpcf7-form-control-wrap\" data-name=\"your-name\"><input size=\"40\" maxlength=\"400\" class=\"wpcf7-form-control wpcf7-text wpcf7-validates-as-required\" aria-required=\"true\" aria-invalid=\"false\" placeholder=\"Dein Name (erforderlich)\" value=\"\" type=\"text\" name=\"your-name\" \/><\/span><br \/>\n<span class=\"wpcf7-form-control-wrap\" data-name=\"your-email\"><input size=\"40\" maxlength=\"400\" class=\"wpcf7-form-control wpcf7-email wpcf7-validates-as-required wpcf7-text wpcf7-validates-as-email\" aria-required=\"true\" aria-invalid=\"false\" placeholder=\"Ihre E-Mailadresse (erforderlich)\" value=\"\" type=\"email\" name=\"your-email\" \/><\/span>\n\t<\/p>\n\t<p><span class=\"wpcf7-form-control-wrap\" data-name=\"your-tels\"><input size=\"40\" maxlength=\"400\" class=\"wpcf7-form-control wpcf7-tel wpcf7-text wpcf7-validates-as-tel\" aria-invalid=\"false\" placeholder=\"Ihr Tel (optional)\" value=\"\" type=\"tel\" name=\"your-tels\" \/><\/span>\n\t<\/p>\n\t<p><span class=\"wpcf7-form-control-wrap\" data-name=\"your-message\"><textarea cols=\"40\" rows=\"10\" maxlength=\"2000\" class=\"wpcf7-form-control wpcf7-textarea\" aria-invalid=\"false\" placeholder=\"F\u00fcr das beste Ergebnis empfehlen wir, die folgenden Details anzugeben: - Selbstvorstellung - Ben\u00f6tigte Artikel oder Dienstleistungen - Ben\u00f6tigte Menge\" name=\"your-message\"><\/textarea><\/span>\n\t<\/p>\n\t<p>Unternehmensberatung:*<br \/>\n<span class=\"wpcf7-form-control-wrap\" data-name=\"checkbox\"><span class=\"wpcf7-form-control wpcf7-checkbox wpcf7-validates-as-required wpcf7-exclusive-checkbox\"><span class=\"wpcf7-list-item first\"><label><input type=\"checkbox\" name=\"checkbox\" value=\"Quotation\" \/><span class=\"wpcf7-list-item-label\">Zitat<\/span><\/label><\/span><span class=\"wpcf7-list-item\"><label><input type=\"checkbox\" name=\"checkbox\" value=\"Catalog\" \/><span class=\"wpcf7-list-item-label\">Katalog<\/span><\/label><\/span><span class=\"wpcf7-list-item\"><label><input type=\"checkbox\" name=\"checkbox\" value=\"Service Support\" \/><span class=\"wpcf7-list-item-label\">Service-Unterst\u00fctzung<\/span><\/label><\/span><span class=\"wpcf7-list-item\"><label><input type=\"checkbox\" name=\"checkbox\" value=\"Project\" \/><span class=\"wpcf7-list-item-label\">Projekt<\/span><\/label><\/span><span class=\"wpcf7-list-item last\"><label><input type=\"checkbox\" name=\"checkbox\" value=\"I am interested in becoming an agent\" \/><span class=\"wpcf7-list-item-label\">Ich bin daran interessiert, Agent zu werden<\/span><\/label><\/span><\/span><\/span><br \/>\n<input class=\"wpcf7-form-control wpcf7-submit has-spinner button\" type=\"submit\" value=\"Einreichen\" \/>\n\t<\/p>\n<\/div><div class=\"wpcf7-response-output\" aria-hidden=\"true\"><\/div>\n<input type=\"hidden\" name=\"trp-form-language\" value=\"de\"\/><\/form>\n<\/div>\n\n\t\t<\/div>\n\t\t\t\t\t<\/div>\n\n\t\n\n\t<div id=\"col-876416824\" class=\"col medium-6 small-12 large-6\"  >\n\t\t\t\t<div class=\"col-inner\"  >\n\t\t\t\n\t\t\t\n<div class=\"container section-title-container\" ><h3 class=\"section-title section-title-normal\"><b><\/b><span class=\"section-title-main\" >KONTAKTIERE UNS<\/span><b><\/b><\/h3><\/div>\n<p>Wenn Sie eine Frage zu einem unserer Produkte haben oder aus einem anderen Grund Kontakt mit uns aufnehmen m\u00f6chten, f\u00fcllen Sie bitte das folgende Formular aus. Wir werden uns schnellstm\u00f6glich bei Ihnen melden.<\/p>\n<p><strong>Rufen Sie uns an:<\/strong> <a href=\"http:\/\/+86 18675762929\" rel=\"nofollow\">+8618675762929<\/a><br \/>\n<strong>Schreiben Sie uns eine E-Mail<\/strong>:\u00a0\u00a0<a href=\"mailto:info@mopochina.com\">info@mopochina.com<\/a><\/p>\n<p><strong>Skype\u00a0<\/strong>: <a href=\"skype:Sanitwell Shen?chat\">cheng jiawei<\/a><\/p>\n<p><strong>Adresse<\/strong> : B1, Nr. 10<sup>th<\/sup>, Yingkeyijia Keramikwelt, 4<sup>th<\/sup>\u00a0Jihua Road, Chancheng, Foshan, 528 000, Guangdong, China<\/p>\n<p><strong>PRODUKTIONSST\u00c4TTE :<\/strong>\u00a0Landkreis Chaoan, Stadt Chaozhou, Provinz Guangdong<\/p>\n<p><strong>Freundlicher Link:<\/strong><br \/>\n<a href=\"https:\/\/moposanitaryware.com\/de\/?attachment_id=4798\">https:\/\/moposanitaryware.com<\/a><br \/>\n<a href=\"https:\/\/www.mopotoilet.com\" rel=\"nofollow noopener\" target=\"_blank\">https:\/\/www.mopotoilet.com<\/a><br \/>\n<a href=\"https:\/\/\/de\/www.mopofaucet.com\/\">https:www.mopofaucet.com<\/a><\/p>\n<div class=\"social-icons follow-icons full-width text-left\" ><span>Folgen Sie uns<\/span><a href=\"https:\/\/www.facebook.com\/MOPOCHINA\" target=\"_blank\" data-label=\"Facebook\" class=\"icon primary button circle facebook tooltip\" title=\"Auf Facebook folgen\" aria-label=\"Auf Facebook folgen\" rel=\"noopener nofollow\"><i class=\"icon-facebook\" ><\/i><\/a><a href=\"https:\/\/www.instagram.com\/mopotoilet\/\" target=\"_blank\" data-label=\"Instagram\" class=\"icon primary button circle instagram tooltip\" title=\"Auf Instagram folgen\" aria-label=\"Auf Instagram folgen\" rel=\"noopener nofollow\"><i class=\"icon-instagram\" ><\/i><\/a><a href=\"https:\/\/twitter.com\/mopotoilet\" data-label=\"Twitter\" target=\"_blank\" class=\"icon primary button circle twitter tooltip\" title=\"Auf Twitter folgen\" aria-label=\"Auf Twitter folgen\" rel=\"noopener nofollow\"><i class=\"icon-twitter\" ><\/i><\/a><a href=\"mailto:info@mopochina.com\" data-label=\"E-mail\" target=\"_blank\" class=\"icon primary button circle email tooltip\" title=\"Sende uns eine E-Mail\" aria-label=\"Sende uns eine E-Mail\" rel=\"nofollow noopener\" ><i class=\"icon-envelop\" ><\/i><\/a><a href=\"https:\/\/www.linkedin.com\/company\/mopo-sanitary-ware\/\" data-label=\"LinkedIn\" target=\"_blank\" class=\"icon primary button circle linkedin tooltip\" title=\"Auf Linkedin folgen\" aria-label=\"Auf Linkedin folgen\" rel=\"noopener nofollow\"><i class=\"icon-linkedin\" ><\/i><\/a><a href=\"https:\/\/www.youtube.com\/c\/mopochina\/featured\" data-label=\"YouTube\" target=\"_blank\" class=\"icon primary button circle youtube tooltip\" title=\"Auf YouTube folgen\" aria-label=\"Auf YouTube folgen\" rel=\"noopener nofollow\"><i class=\"icon-youtube\" ><\/i><\/a><\/div>\n\t\t<\/div>\n\t\t\t\t\t<\/div>\n\n\t\n<\/div>","protected":false},"excerpt":{"rendered":"<p>Markenname: MOPO<br \/>\nProduktname: K\u00fcchensp\u00fclenarmaturen<br \/>\nModel Number\uff1a MP-0202<br \/>\nMaterial: 59 A-Level Messing\/Stahl<br \/>\nGr\u00f6\u00dfe: 440*27*75mm<br \/>\nGewicht: 2,5 kg<br \/>\nFarbe: Schwarz\/Chrom\/Gold\/Ros\u00e9gold<br \/>\nFunktion: 360-Grad-Schwenk-Pulldown<br \/>\nAnzahl der Griffe:: Einzelgriff<br \/>\nInstallationstyp: Deckmontage\/Sp\u00fcle<\/p>\n\t<a class=\"paoc-popup-click paoc-popup-cust-337 paoc-popup-button paoc-popup-btn\" href=\"javascript:void(0);\">Angebot anfordern<\/a>\r\n\u00a0 \u00a0 \u00a0<a href=\"https:\/\/api.whatsapp.com\/send?phone=8618675762929\"><img loading=\"lazy\" decoding=\"async\" class=\"alignnone wp-image-6698\" src=\"https:\/\/moposanitaryware.com\/wp-content\/uploads\/WhatsApp.png\" alt=\"\" width=\"140\" height=\"33\" srcset=\"https:\/\/moposanitaryware.com\/wp-content\/uploads\/WhatsApp.png 546w, https:\/\/moposanitaryware.com\/wp-content\/uploads\/WhatsApp-18x4.png 18w\" sizes=\"auto, (max-width: 140px) 100vw, 140px\" \/><\/a><\/p>","protected":false},"featured_media":2993,"template":"","meta":{"_acf_changed":false},"product_brand":[],"product_cat":[15,113,126],"product_tag":[130,168,169],"class_list":{"0":"post-2992","1":"product","2":"type-product","3":"status-publish","4":"has-post-thumbnail","6":"product_cat-see-all-categories","7":"product_cat-kitchen","8":"product_cat-kitchen-faucets","9":"product_tag-faucet","10":"product_tag-kitchen-sink-faucet","11":"product_tag-pull-down-kitchen-faucet","13":"first","14":"instock","15":"shipping-taxable","16":"product-type-simple"},"acf":[],"_links":{"self":[{"href":"https:\/\/moposanitaryware.com\/de\/wp-json\/wp\/v2\/product\/2992","targetHints":{"allow":["GET"]}}],"collection":[{"href":"https:\/\/moposanitaryware.com\/de\/wp-json\/wp\/v2\/product"}],"about":[{"href":"https:\/\/moposanitaryware.com\/de\/wp-json\/wp\/v2\/types\/product"}],"wp:featuredmedia":[{"embeddable":true,"href":"https:\/\/moposanitaryware.com\/de\/wp-json\/wp\/v2\/media\/2993"}],"wp:attachment":[{"href":"https:\/\/moposanitaryware.com\/de\/wp-json\/wp\/v2\/media?parent=2992"}],"wp:term":[{"taxonomy":"product_brand","embeddable":true,"href":"https:\/\/moposanitaryware.com\/de\/wp-json\/wp\/v2\/product_brand?post=2992"},{"taxonomy":"product_cat","embeddable":true,"href":"https:\/\/moposanitaryware.com\/de\/wp-json\/wp\/v2\/product_cat?post=2992"},{"taxonomy":"product_tag","embeddable":true,"href":"https:\/\/moposanitaryware.com\/de\/wp-json\/wp\/v2\/product_tag?post=2992"}],"curies":[{"name":"wp","href":"https:\/\/api.w.org\/{rel}","templated":true}]}}