{"id":2736,"date":"2021-07-16T08:55:51","date_gmt":"2021-07-16T08:55:51","guid":{"rendered":"https:\/\/moposanitaryware.com\/?post_type=product&#038;p=2736"},"modified":"2024-08-01T09:36:41","modified_gmt":"2024-08-01T09:36:41","slug":"chrome-waterfall-brass-bathtub-faucet","status":"publish","type":"product","link":"https:\/\/moposanitaryware.com\/de\/chrome-waterfall-brass-bathtub-faucet\/","title":{"rendered":"Chrom-Wasserfall-Badewannenarmatur, bodenmontiertes quadratisches Bad-Duschset aus Messing mit Handbrause, freistehender Wannen-Waschbeckenhahn"},"content":{"rendered":"<div class=\"row align-center\"  id=\"row-234413514\">\n\n\t<div id=\"col-389382191\" class=\"col medium-9 small-12 large-9\"  data-animate=\"fadeInUp\">\n\t\t\t\t<div class=\"col-inner\"  >\n\t\t\t\n\t\t\t\n<h1 style=\"text-align: center;\"><a href=\"https:\/\/moposanitaryware.com\/de\/produkt-kategorie\/faucets\/\">Wasserh\u00e4hne<\/a><\/h1>\n<p style=\"text-align: center;\">St\u00f6bern Sie durch K\u00fcchenarmaturen, Badarmaturen, Sp\u00fcltischarmaturen und Waschtischmischbatterien in vielen verschiedenen Stilen und Ausf\u00fchrungen. Badarmaturen vereinen Top-Design mit h\u00f6chster Qualit\u00e4t und innovativen Funktionen. Entdecken Sie faszinierende L\u00f6sungen f\u00fcr Ihr Badezimmer.<\/p>\n<div class=\"row\"  id=\"row-463045585\">\n\n\t<div id=\"col-517291608\" class=\"col small-12 large-12\"  >\n\t\t\t\t<div class=\"col-inner text-center\"  >\n\t\t\t\n\t\t\t\n<a href=\"https:\/\/moposanitaryware.com\/de\/produkt-kategorie\/faucets\/\" class=\"button secondary is-underline lowercase\"  >\n\t\t<span>Alles erkunden<\/span>\n\t<i class=\"icon-menu\" aria-hidden=\"true\" ><\/i><\/a>\n\n\t\t<\/div>\n\t\t\t\t\t<\/div>\n\n\t\n<\/div>\n\t\t<\/div>\n\t\t\t\t\t<\/div>\n\n\t\n<\/div>\n<div class=\"row align-center\"  id=\"row-911021974\">\n\n\t<div id=\"col-1869220726\" class=\"col medium-10 small-12 large-10\"  >\n\t\t\t\t<div class=\"col-inner text-left\"  >\n\t\t\t\n\t\t\t\n<table style=\"height: 492px;\" border=\"1\" width=\"667\">\n<tbody>\n<tr>\n<td>Herkunftsort:<\/td>\n<td>Foshan, China<\/td>\n<\/tr>\n<tr>\n<td>Modellname:<\/td>\n<td data-spm-anchor-id=\"a2700.details.pronpeci14.i1.47c970d3Zz0E3h\">MOPO\u00ae Modern Brass Bathroom Bathtub Faucets<\/td>\n<\/tr>\n<tr>\n<td><strong><span data-spm-anchor-id=\"a2700.wholesale.0.i33.2c534154qJukFc\">Besonderheit<\/span><\/strong><strong>\u00a0<\/strong><\/td>\n<td>Einhandbedienung, hochwertiges Material<br \/>\nHaltbarkeitZuverl\u00e4ssigkeitOberfl\u00e4chen widerstehen Korrosion<br \/>\nHochwertiges, massives Messingmaterial<br \/>\nKeramikscheibenkartusche sorgt f\u00fcr lange Lebensdauer<br \/>\nTropffreie Einhebelbedienung<br \/>\nHochtemperatur-Begrenzungsschalter verhindern Verbr\u00fchungen<br \/>\nHot cold water mixed sense Faucets<\/td>\n<\/tr>\n<tr>\n<td>Anwendung:<\/td>\n<td>Hotel, Haus, Villa, Wohnung, B\u00fcrogeb\u00e4ude, Krankenhaus, Einkaufszentrum,<\/td>\n<\/tr>\n<tr>\n<td>Zertifikat:<\/td>\n<td>CE, ISO 9001, SASO, Wasserzeichen, UPC<\/td>\n<\/tr>\n<tr>\n<td>Service nach dem Verkauf<\/td>\n<td>Technischer Online-Support, kostenlose Ersatzteile<\/td>\n<\/tr>\n<tr>\n<td>OEM und ODM:<\/td>\n<td>OEM<\/td>\n<\/tr>\n<tr>\n<td>Mindestbestellmenge:<\/td>\n<td>1 Satz<\/td>\n<\/tr>\n<tr>\n<td>Kostenlose Probe:<\/td>\n<td>Lohnprobe<\/td>\n<\/tr>\n<tr>\n<td>Lieferf\u00e4higkeit:<\/td>\n<td>500 S\u00e4tze pro Tag<\/td>\n<\/tr>\n<tr>\n<td style=\"text-align: left;\">Verpackung:<\/td>\n<td style=\"text-align: left;\">Karton: Neutrale Verpackung; Verpackung: Styroporbeutel oder Stoffbeutel; Wir bieten ma\u00dfgeschneiderte Verpackungsdesign-Dienstleistungen.<\/td>\n<\/tr>\n<\/tbody>\n<\/table>\n\t\t<\/div>\n\t\t\t\t\t<\/div>\n\n\t\n<\/div>\n<div class=\"row\"  id=\"row-2112393406\">\n\n\t<div id=\"col-1222151318\" class=\"col medium-4 small-12 large-4\"  >\n\t\t\t\t<div class=\"col-inner\"  >\n\t\t\t\n\t\t\t\n\t<div class=\"box has-hover   has-hover box-text-bottom\" >\n\n\t\t<div class=\"box-image\" >\n\t\t\t\t\t\t<div class=\"\" >\n\t\t\t\t<img loading=\"lazy\" decoding=\"async\" width=\"600\" height=\"420\" src=\"https:\/\/moposanitaryware.com\/wp-content\/uploads\/2021\/07\/China-Bathtub-Faucet-Supplier-Floor-Mounted-Brass-Square-Bath-Shower-Set-with-Handshower-Freestanding-Tub-Sink-Tap-All-Brass-Structure-Material-Design.jpg\" class=\"attachment- size-\" alt=\"Handshower freestanding bathtub sink tap-brass structure material design\" srcset=\"https:\/\/moposanitaryware.com\/wp-content\/uploads\/2021\/07\/China-Bathtub-Faucet-Supplier-Floor-Mounted-Brass-Square-Bath-Shower-Set-with-Handshower-Freestanding-Tub-Sink-Tap-All-Brass-Structure-Material-Design.jpg 600w, https:\/\/moposanitaryware.com\/wp-content\/uploads\/2021\/07\/China-Bathtub-Faucet-Supplier-Floor-Mounted-Brass-Square-Bath-Shower-Set-with-Handshower-Freestanding-Tub-Sink-Tap-All-Brass-Structure-Material-Design-571x400.jpg 571w\" sizes=\"auto, (max-width: 600px) 100vw, 600px\" title=\"\">\t\t\t\t\t\t\t\t\t\t\t<\/div>\n\t\t\t\t\t<\/div>\n\n\t\t<div class=\"box-text text-center\" >\n\t\t\t<div class=\"box-text-inner\">\n\t\t\t\t\n<p style=\"text-align: left;\">All brass design the faucet is made by heavy brass and black finished. the hand shower is adopted a modern and elegant design It&#8217;s perfectly integrated with the main faucet. manufactured by precision machining, totally natural, sturdy, and durable. solid brass construction to resist rust, corrosion<\/p>\n\t\t\t<\/div>\n\t\t<\/div>\n\t<\/div>\n\t\n\t\t<\/div>\n\t\t\t\t\t<\/div>\n\n\t\n\n\t<div id=\"col-1372458398\" class=\"col medium-4 small-12 large-4\"  >\n\t\t\t\t<div class=\"col-inner\"  >\n\t\t\t\n\t\t\t\n\t<div class=\"box has-hover   has-hover box-text-bottom\" >\n\n\t\t<div class=\"box-image\" >\n\t\t\t\t\t\t<div class=\"\" >\n\t\t\t\t<img loading=\"lazy\" decoding=\"async\" width=\"600\" height=\"420\" src=\"https:\/\/moposanitaryware.com\/wp-content\/uploads\/2021\/07\/Bathroom-accessories-304-Stainless-Steel-scratch-resistant-durablee-treatment-never-rusty-never-Fading.jpg\" class=\"attachment- size-\" alt=\"Badezimmerzubeh\u00f6r 304 Edelstahl\" srcset=\"https:\/\/moposanitaryware.com\/wp-content\/uploads\/2021\/07\/Bathroom-accessories-304-Stainless-Steel-scratch-resistant-durablee-treatment-never-rusty-never-Fading.jpg 600w, https:\/\/moposanitaryware.com\/wp-content\/uploads\/2021\/07\/Bathroom-accessories-304-Stainless-Steel-scratch-resistant-durablee-treatment-never-rusty-never-Fading-571x400.jpg 571w\" sizes=\"auto, (max-width: 600px) 100vw, 600px\" title=\"\">\t\t\t\t\t\t\t\t\t\t\t<\/div>\n\t\t\t\t\t<\/div>\n\n\t\t<div class=\"box-text text-center\" >\n\t\t\t<div class=\"box-text-inner\">\n\t\t\t\t\n<p style=\"text-align: left;\">304 Stainless steel, has excellent mmunication resistance to a wide range of nequipment atmospheric environments and many corrosive media.lt is subject to pitting and crevice corrosion in warm chloride environments and to resist rust, stress corrosion crackingabove about 60\u2103<\/p>\n\t\t\t<\/div>\n\t\t<\/div>\n\t<\/div>\n\t\n\t\t<\/div>\n\t\t\t\t\t<\/div>\n\n\t\n\n\t<div id=\"col-1691548624\" class=\"col medium-4 small-12 large-4\"  >\n\t\t\t\t<div class=\"col-inner\"  >\n\t\t\t\n\t\t\t\n\t<div class=\"box has-hover   has-hover box-text-bottom\" >\n\n\t\t<div class=\"box-image\" >\n\t\t\t\t\t\t<div class=\"\" >\n\t\t\t\t<img loading=\"lazy\" decoding=\"async\" width=\"600\" height=\"420\" src=\"https:\/\/moposanitaryware.com\/wp-content\/uploads\/2021\/07\/China-Bathtub-Faucet-Supplier-Floor-Mounted-Brass-Square-Bath-Shower-Set-with-Handshower-Freestanding-Tub-Sink-Tap-Electroplating-process.jpg\" class=\"attachment- size-\" alt=\"Handshower freestanding bathtub sink tap-electroplating process\" srcset=\"https:\/\/moposanitaryware.com\/wp-content\/uploads\/2021\/07\/China-Bathtub-Faucet-Supplier-Floor-Mounted-Brass-Square-Bath-Shower-Set-with-Handshower-Freestanding-Tub-Sink-Tap-Electroplating-process.jpg 600w, https:\/\/moposanitaryware.com\/wp-content\/uploads\/2021\/07\/China-Bathtub-Faucet-Supplier-Floor-Mounted-Brass-Square-Bath-Shower-Set-with-Handshower-Freestanding-Tub-Sink-Tap-Electroplating-process-571x400.jpg 571w\" sizes=\"auto, (max-width: 600px) 100vw, 600px\" title=\"\">\t\t\t\t\t\t\t\t\t\t\t<\/div>\n\t\t\t\t\t<\/div>\n\n\t\t<div class=\"box-text text-center\" >\n\t\t\t<div class=\"box-text-inner\">\n\t\t\t\t\n<p id=\"tw-target-text\" class=\"tw-data-text tw-text-large XcVN5d tw-ta\" dir=\"ltr\" style=\"text-align: left;\" data-placeholder=\"\u7ffb\u8bd1\">Mehrfachbehandlungsbasen: Die Basis verf\u00fcgt \u00fcber eine spiegelglatte, geb\u00fcrstete Oberfl\u00e4chenbehandlung, um die Sch\u00f6nheit des Erscheinungsbilds hervorzuheben. Modische und elegante Kunst, verschlei\u00dffest, kratzfest, langlebige Behandlung, eloxierte Oberfl\u00e4che, glatt und zart, rostet nicht und verblasst nicht, wirklich nuanciert und solide<\/p>\n\t\t\t<\/div>\n\t\t<\/div>\n\t<\/div>\n\t\n\t\t<\/div>\n\t\t\t\t\t<\/div>\n\n\t\n\n\t<div id=\"col-931666720\" class=\"col medium-4 small-12 large-4\"  >\n\t\t\t\t<div class=\"col-inner\"  >\n\t\t\t\n\t\t\t\n\t<div class=\"box has-hover   has-hover box-text-bottom\" >\n\n\t\t<div class=\"box-image\" >\n\t\t\t\t\t\t<div class=\"\" >\n\t\t\t\t<img loading=\"lazy\" decoding=\"async\" width=\"600\" height=\"420\" src=\"https:\/\/moposanitaryware.com\/wp-content\/uploads\/2021\/07\/China-Bathtub-Faucet-Supplier-Floor-Mounted-Brass-Square-Bath-Shower-Set-with-Handshower-Freestanding-Tub-Sink-Tap-Waterfall-Spout-Design-Beautiful.jpg\" class=\"attachment- size-\" alt=\"Bathtub faucet waterfall spout design beautiful\" srcset=\"https:\/\/moposanitaryware.com\/wp-content\/uploads\/2021\/07\/China-Bathtub-Faucet-Supplier-Floor-Mounted-Brass-Square-Bath-Shower-Set-with-Handshower-Freestanding-Tub-Sink-Tap-Waterfall-Spout-Design-Beautiful.jpg 600w, https:\/\/moposanitaryware.com\/wp-content\/uploads\/2021\/07\/China-Bathtub-Faucet-Supplier-Floor-Mounted-Brass-Square-Bath-Shower-Set-with-Handshower-Freestanding-Tub-Sink-Tap-Waterfall-Spout-Design-Beautiful-571x400.jpg 571w\" sizes=\"auto, (max-width: 600px) 100vw, 600px\" title=\"\">\t\t\t\t\t\t\t\t\t\t\t<\/div>\n\t\t\t\t\t<\/div>\n\n\t\t<div class=\"box-text text-center\" >\n\t\t\t<div class=\"box-text-inner\">\n\t\t\t\t\n<p style=\"text-align: left;\">Bathtub faucet 360-degree swivel spout allows you to adjust the position of the spout according to your own habits. waterfall spout design is modern and beautiful with the bathtub perfect ground union is an organic whole. better water flow<\/p>\n\t\t\t<\/div>\n\t\t<\/div>\n\t<\/div>\n\t\n\t\t<\/div>\n\t\t\t\t\t<\/div>\n\n\t\n\n\t<div id=\"col-621844177\" class=\"col medium-4 small-12 large-4\"  >\n\t\t\t\t<div class=\"col-inner\"  >\n\t\t\t\n\t\t\t\n\t<div class=\"box has-hover   has-hover box-text-bottom\" >\n\n\t\t<div class=\"box-image\" >\n\t\t\t\t\t\t<div class=\"\" >\n\t\t\t\t<img loading=\"lazy\" decoding=\"async\" width=\"600\" height=\"420\" src=\"https:\/\/moposanitaryware.com\/wp-content\/uploads\/2021\/07\/China-Bathtub-Faucet-Supplier-Floor-Mounted-Brass-Square-Bath-Shower-Set-with-Handshower-Freestanding-Tub-Sink-Tap-Different-Spray-Modes-Handheld-Shower-Head.jpg\" class=\"attachment- size-\" alt=\"Bathtub faucet different dpray modes handheld shower head\" srcset=\"https:\/\/moposanitaryware.com\/wp-content\/uploads\/2021\/07\/China-Bathtub-Faucet-Supplier-Floor-Mounted-Brass-Square-Bath-Shower-Set-with-Handshower-Freestanding-Tub-Sink-Tap-Different-Spray-Modes-Handheld-Shower-Head.jpg 600w, https:\/\/moposanitaryware.com\/wp-content\/uploads\/2021\/07\/China-Bathtub-Faucet-Supplier-Floor-Mounted-Brass-Square-Bath-Shower-Set-with-Handshower-Freestanding-Tub-Sink-Tap-Different-Spray-Modes-Handheld-Shower-Head-571x400.jpg 571w\" sizes=\"auto, (max-width: 600px) 100vw, 600px\" title=\"\">\t\t\t\t\t\t\t\t\t\t\t<\/div>\n\t\t\t\t\t<\/div>\n\n\t\t<div class=\"box-text text-center\" >\n\t\t\t<div class=\"box-text-inner\">\n\t\t\t\t\n<p style=\"text-align: left;\">Powerful and multi-functional handheld showerhead kit for low water flow and pressure showers, creates a pressure-increasing stream and delivers water at a higher velocity to compensate for low water pressure situations<\/p>\n\t\t\t<\/div>\n\t\t<\/div>\n\t<\/div>\n\t\n\t\t<\/div>\n\t\t\t\t\t<\/div>\n\n\t\n\n\t<div id=\"col-9495283\" class=\"col medium-4 small-12 large-4\"  >\n\t\t\t\t<div class=\"col-inner\"  >\n\t\t\t\n\t\t\t\n\t<div class=\"box has-hover   has-hover box-text-bottom\" >\n\n\t\t<div class=\"box-image\" >\n\t\t\t\t\t\t<div class=\"\" >\n\t\t\t\t<img loading=\"lazy\" decoding=\"async\" width=\"600\" height=\"420\" src=\"https:\/\/moposanitaryware.com\/wp-content\/uploads\/2021\/07\/China-Bathtub-Faucet-Supplier-Floor-Mounted-Brass-Square-Bath-Shower-Set-with-Handshower-Freestanding-Tub-Sink-Tap-304-Stainless-Steel-Hoses.jpg\" class=\"attachment- size-\" alt=\"Bathtub Faucet 304 Stainless Steel Hoses\" srcset=\"https:\/\/moposanitaryware.com\/wp-content\/uploads\/2021\/07\/China-Bathtub-Faucet-Supplier-Floor-Mounted-Brass-Square-Bath-Shower-Set-with-Handshower-Freestanding-Tub-Sink-Tap-304-Stainless-Steel-Hoses.jpg 600w, https:\/\/moposanitaryware.com\/wp-content\/uploads\/2021\/07\/China-Bathtub-Faucet-Supplier-Floor-Mounted-Brass-Square-Bath-Shower-Set-with-Handshower-Freestanding-Tub-Sink-Tap-304-Stainless-Steel-Hoses-571x400.jpg 571w\" sizes=\"auto, (max-width: 600px) 100vw, 600px\" title=\"\">\t\t\t\t\t\t\t\t\t\t\t<\/div>\n\t\t\t\t\t<\/div>\n\n\t\t<div class=\"box-text text-center\" >\n\t\t\t<div class=\"box-text-inner\">\n\t\t\t\t\n<p class=\"a-spacing-mini\" style=\"text-align: left;\">Multipurpose Hand Shower with stainless steel hoses multipurpose Hand Shower, perfect for the full-body shower, bathing your child, or cleaning the tub. high-quality stainless steel shower hose, durable, corrosion, resistant, and easy to install.<\/p>\n\t\t\t<\/div>\n\t\t<\/div>\n\t<\/div>\n\t\n\t\t<\/div>\n\t\t\t\t\t<\/div>\n\n\t\n<\/div>","protected":false},"excerpt":{"rendered":"<p>Markenname: <a href=\"#brave_open_popup_688\">MOPO<\/a><br \/>\nProduct Name: Bathtub Free Standing Faucet<br \/>\nModel Number\uff1a MP-6118<br \/>\nMaterial: 59 A-Level Messing\/Stahl<br \/>\nSize\uff1a 880*150*42mm<br \/>\nGewicht: 1,8 kg<br \/>\nFarbe: Schwarz\/Chrom\/Gold\/Ros\u00e9gold<br \/>\nFunktion: Dosierte Wasserh\u00e4hne<br \/>\nAnzahl der Griffe:: Einzelgriff<br \/>\nInstallation Type\uff1a Free Standing<\/p>\n\t<a class=\"paoc-popup-click paoc-popup-cust-337 paoc-popup-button paoc-popup-btn\" href=\"javascript:void(0);\">Angebot anfordern<\/a>\r\n\u00a0 \u00a0 \u00a0<a href=\"https:\/\/api.whatsapp.com\/send?phone=8618675762929\"><img loading=\"lazy\" decoding=\"async\" class=\"alignnone wp-image-6698\" src=\"https:\/\/moposanitaryware.com\/wp-content\/uploads\/WhatsApp.png\" alt=\"\" width=\"140\" height=\"33\" srcset=\"https:\/\/moposanitaryware.com\/wp-content\/uploads\/WhatsApp.png 546w, https:\/\/moposanitaryware.com\/wp-content\/uploads\/WhatsApp-18x4.png 18w\" sizes=\"auto, (max-width: 140px) 100vw, 140px\" \/><\/a><\/p>","protected":false},"featured_media":2748,"template":"","meta":{"_acf_changed":false},"product_brand":[],"product_cat":[15,23,96],"product_tag":[162,132],"class_list":{"0":"post-2736","1":"product","2":"type-product","3":"status-publish","4":"has-post-thumbnail","6":"product_cat-see-all-categories","7":"product_cat-faucets","8":"product_cat-bathtub-faucet","9":"product_tag-bathtub-faucet","10":"product_tag-water-mixer-tap","12":"first","13":"instock","14":"shipping-taxable","15":"product-type-simple"},"acf":[],"_links":{"self":[{"href":"https:\/\/moposanitaryware.com\/de\/wp-json\/wp\/v2\/product\/2736","targetHints":{"allow":["GET"]}}],"collection":[{"href":"https:\/\/moposanitaryware.com\/de\/wp-json\/wp\/v2\/product"}],"about":[{"href":"https:\/\/moposanitaryware.com\/de\/wp-json\/wp\/v2\/types\/product"}],"wp:featuredmedia":[{"embeddable":true,"href":"https:\/\/moposanitaryware.com\/de\/wp-json\/wp\/v2\/media\/2748"}],"wp:attachment":[{"href":"https:\/\/moposanitaryware.com\/de\/wp-json\/wp\/v2\/media?parent=2736"}],"wp:term":[{"taxonomy":"product_brand","embeddable":true,"href":"https:\/\/moposanitaryware.com\/de\/wp-json\/wp\/v2\/product_brand?post=2736"},{"taxonomy":"product_cat","embeddable":true,"href":"https:\/\/moposanitaryware.com\/de\/wp-json\/wp\/v2\/product_cat?post=2736"},{"taxonomy":"product_tag","embeddable":true,"href":"https:\/\/moposanitaryware.com\/de\/wp-json\/wp\/v2\/product_tag?post=2736"}],"curies":[{"name":"wp","href":"https:\/\/api.w.org\/{rel}","templated":true}]}}