{"id":2270,"date":"2021-07-03T09:31:15","date_gmt":"2021-07-03T09:31:15","guid":{"rendered":"https:\/\/moposanitaryware.com\/?post_type=product&#038;p=2270"},"modified":"2024-08-01T09:45:37","modified_gmt":"2024-08-01T09:45:37","slug":"factory-price-wholesale-hardware-coat-hook","status":"publish","type":"product","link":"https:\/\/moposanitaryware.com\/de\/factory-price-wholesale-hardware-coat-hook\/","title":{"rendered":"Neupreis Gro\u00dfhandel moderne Badezimmer-Accessoires Wandmontage Bad Hardware Kleiderhaken Doppel Robe Haken"},"content":{"rendered":"<div class=\"row align-center\"  id=\"row-167702007\">\n\n\t<div id=\"col-674835878\" class=\"col medium-9 small-12 large-9\"  data-animate=\"fadeInUp\">\n\t\t\t\t<div class=\"col-inner text-center\"  >\n\t\t\t\n\t\t\t\n<h1 style=\"text-align: center;\">Badezimmerzubeh\u00f6r<\/h1>\n<p style=\"text-align: center;\">Wenn Sie Badezimmer-Dekor-Sets kaufen, achten Sie auf den Umfang der Kollektion \u2013 einige Toiletten- und Badezimmer-AccessoiresSie finden alles, was Sie brauchen, von Badezimmerspiegeln, stilvollen Seifenschalen, eleganten Zahnb\u00fcrstenhaltern und diskreten Toilettenb\u00fcrsten \u2013 alles n\u00fctzliche Accessoires<\/p>\n<a href=\"https:\/\/moposanitaryware.com\/de\/produkt-kategorie\/bathroom-accessories\/\" class=\"button secondary is-underline lowercase\"  >\n\t\t<span>Alles erkunden<\/span>\n\t<i class=\"icon-menu\" aria-hidden=\"true\" ><\/i><\/a>\n\n\t\t<\/div>\n\t\t\t\t\t<\/div>\n\n\t\n<\/div>\n<div class=\"row\"  id=\"row-347585797\">\n\n\t<div id=\"col-265328142\" class=\"col small-12 large-12\"  >\n\t\t\t\t<div class=\"col-inner\"  >\n\t\t\t\n\t\t\t\n<table style=\"height: 492px;\" border=\"1\" width=\"667\">\n<tbody>\n<tr>\n<td>Herkunftsort:<\/td>\n<td>Foshan, China<\/td>\n<\/tr>\n<tr>\n<td>Modellname:<\/td>\n<td data-spm-anchor-id=\"a2700.details.pronpeci14.i1.47c970d3Zz0E3h\">MOPO\u00ae Modern Bathroom Stainless steel accessory Set<\/td>\n<\/tr>\n<tr>\n<td><strong><span data-spm-anchor-id=\"a2700.wholesale.0.i33.2c534154qJukFc\">Zubeh\u00f6r<\/span><\/strong><strong>\u00a0<\/strong><\/td>\n<td>Single towe bar, double towel bar, glass shelf, towel shelf,<br \/>\ntoilet brush &amp; holder, soap basket, double tumbler holder,<br \/>\npaper holder, single tumbler holder, soap dish &amp; holder,<br \/>\ndouble layer glass shelf, robe hook and soap dispenser &amp; holder<\/td>\n<\/tr>\n<tr>\n<td>Anwendung:<\/td>\n<td>Hotel, Haus, Villa, Wohnung,<\/td>\n<\/tr>\n<tr>\n<td>Zertifikat:<\/td>\n<td>CE, ISO 9001, SASO, Wasserzeichen, UPC<\/td>\n<\/tr>\n<tr>\n<td>Service nach dem Verkauf<\/td>\n<td>Technischer Online-Support, kostenlose Ersatzteile<\/td>\n<\/tr>\n<tr>\n<td>OEM und ODM:<\/td>\n<td>OEM<\/td>\n<\/tr>\n<tr>\n<td>Mindestbestellmenge:<\/td>\n<td>1 Satz<\/td>\n<\/tr>\n<tr>\n<td>Kostenlose Probe:<\/td>\n<td>Lohnprobe<\/td>\n<\/tr>\n<tr>\n<td>Lieferf\u00e4higkeit:<\/td>\n<td>500 S\u00e4tze pro Tag<\/td>\n<\/tr>\n<tr>\n<td style=\"text-align: left;\">Verpackung:<\/td>\n<td style=\"text-align: left;\">Standard-Exportkartons mit PE-Schaum und Polyschaum, Holzkisten sind f\u00fcr LCL-Versand optional<\/td>\n<\/tr>\n<\/tbody>\n<\/table>\n<div class=\"elementor-element elementor-element-4983a81 elementor-widget elementor-widget-heading\" data-id=\"4983a81\" data-element_type=\"widget\" data-widget_type=\"heading.default\">\n<div class=\"elementor-widget-container\">\n<div class=\"elementor-element elementor-element-6107deb elementor-widget elementor-widget-heading\" data-id=\"6107deb\" data-element_type=\"widget\" data-widget_type=\"heading.default\">\n<div class=\"elementor-widget-container\">\n<section class=\"elementor-section elementor-inner-section elementor-element elementor-element-0751ebd elementor-section-boxed elementor-section-height-default elementor-section-height-default\" data-id=\"0751ebd\" data-element_type=\"section\">\n<div class=\"elementor-container elementor-column-gap-default\">\n<div class=\"elementor-row\">\n<div class=\"elementor-column elementor-col-50 elementor-inner-column elementor-element elementor-element-64d1e6f\" data-id=\"64d1e6f\" data-element_type=\"column\">\n<div class=\"elementor-column-wrap elementor-element-populated\">\n<div class=\"elementor-widget-wrap\">\n<div class=\"elementor-element elementor-element-e0cf4e8 elementor-position-left elementor-view-default elementor-vertical-align-top elementor-widget elementor-widget-icon-box\" data-id=\"e0cf4e8\" data-element_type=\"widget\" data-widget_type=\"icon-box.default\">\n<div><\/div>\n<\/div>\n<\/div>\n<\/div>\n<\/div>\n<\/div>\n<\/div>\n<\/section>\n<\/div>\n<\/div>\n<\/div>\n<\/div>\n\t\t<\/div>\n\t\t\t\t\t<\/div>\n\n\t\n<\/div>\n<h2 style=\"text-align: center;\">Badezimmerzubeh\u00f6r <em>Kategorien<\/em><\/h2>\n<h1 style=\"text-align: center;\">\u00a0 \u00a0 \u00a0\u00a0<a href=\"https:\/\/moposanitaryware.com\/de\/produkt-kategorie\/bathroom-accessories\/sets\/\"><img loading=\"lazy\" decoding=\"async\" class=\"alignnone wp-image-2228\" style=\"font-size: 25.92px;\" src=\"https:\/\/moposanitaryware.com\/wp-content\/uploads\/2021\/07\/bathroom-accessories-set.jpg\" alt=\"\" width=\"90\" height=\"90\" title=\"\"><\/a><a href=\"https:\/\/moposanitaryware.com\/de\/produkt-kategorie\/bathroom-accessories\/single\/\"><img loading=\"lazy\" decoding=\"async\" class=\"alignnone wp-image-2223\" style=\"font-size: 25.92px;\" src=\"https:\/\/moposanitaryware.com\/wp-content\/uploads\/2021\/07\/bathroom-accessories-holder-tumbler-holder.jpg\" alt=\"\" width=\"80\" height=\"80\" title=\"\"><\/a> <a href=\"https:\/\/moposanitaryware.com\/de\/produkt-kategorie\/bathroom-accessories\/single\/\"><img loading=\"lazy\" decoding=\"async\" class=\"alignnone wp-image-2224\" style=\"font-size: 25.92px;\" src=\"https:\/\/moposanitaryware.com\/wp-content\/uploads\/2021\/07\/Bathroom-accessories-bathroom-finish-square-soap-dish-holder.jpg\" alt=\"\" width=\"80\" height=\"80\" title=\"\"><\/a> <a href=\"https:\/\/moposanitaryware.com\/de\/produkt-kategorie\/bathroom-accessories\/single\/\"><img loading=\"lazy\" decoding=\"async\" class=\"alignnone wp-image-2225\" style=\"font-size: 25.92px;\" src=\"https:\/\/moposanitaryware.com\/wp-content\/uploads\/2021\/07\/bathroom-accessories-double-robe-hook.jpg\" alt=\"\" width=\"80\" height=\"80\" title=\"\"><\/a> <a href=\"https:\/\/moposanitaryware.com\/de\/produkt-kategorie\/bathroom-accessories\/single\/\"><img loading=\"lazy\" decoding=\"async\" class=\"alignnone wp-image-2227\" src=\"https:\/\/moposanitaryware.com\/wp-content\/uploads\/2021\/07\/Bathroom-accessories-set-towel-shelf.jpg\" alt=\"\" width=\"80\" height=\"80\" title=\"\"><\/a><a href=\"https:\/\/moposanitaryware.com\/de\/produkt-kategorie\/bathroom-accessories\/single\/\"><img loading=\"lazy\" decoding=\"async\" class=\"alignnone wp-image-2226\" style=\"font-size: 25.92px;\" src=\"https:\/\/moposanitaryware.com\/wp-content\/uploads\/2021\/07\/bathroom-accessories-gold-brass-towel-ring.jpg\" alt=\"\" width=\"80\" height=\"80\" title=\"\"><\/a><\/h1>\n<div class=\"row row-solid\"  id=\"row-647224952\">\n\n\t<div id=\"col-640487739\" class=\"col medium-4 small-12 large-4\"  >\n\t\t\t\t<div class=\"col-inner\"  >\n\t\t\t\n\t\t\t\n\t<div class=\"box has-hover   has-hover box-text-bottom\" >\n\n\t\t<div class=\"box-image\" >\n\t\t\t\t\t\t<div class=\"\" >\n\t\t\t\t<img loading=\"lazy\" decoding=\"async\" width=\"600\" height=\"420\" src=\"https:\/\/moposanitaryware.com\/wp-content\/uploads\/2021\/07\/Bathroom-accessories-the-raw-material-of-bathroom-accessories-is-Pb-59-A-grade-brass.jpg\" class=\"attachment- size-\" alt=\"Der Rohstoff f\u00fcr Badezimmerzubeh\u00f6r ist Messing der G\u00fcteklasse Pb 59-A\" srcset=\"https:\/\/moposanitaryware.com\/wp-content\/uploads\/2021\/07\/Bathroom-accessories-the-raw-material-of-bathroom-accessories-is-Pb-59-A-grade-brass.jpg 600w, https:\/\/moposanitaryware.com\/wp-content\/uploads\/2021\/07\/Bathroom-accessories-the-raw-material-of-bathroom-accessories-is-Pb-59-A-grade-brass-571x400.jpg 571w\" sizes=\"auto, (max-width: 600px) 100vw, 600px\" title=\"\">\t\t\t\t\t\t\t\t\t\t\t<\/div>\n\t\t\t\t\t<\/div>\n\n\t\t<div class=\"box-text text-center\" >\n\t\t\t<div class=\"box-text-inner\">\n\t\t\t\t\n<p>Der Rohstoff f\u00fcr MOPO-Badarmaturen aus Messing ist bleifreies Messing der G\u00fcteklasse Pb 59-A. Es wird h\u00e4ufig f\u00fcr medizinische Ger\u00e4te, IT-Kommunikationsger\u00e4te, Wasseraufbereitungsger\u00e4te usw. verwendet. Die solide Messingstruktur ist \u00e4u\u00dferst langlebig und rost- und verf\u00e4rbungsbest\u00e4ndig.<\/p>\n\t\t\t<\/div>\n\t\t<\/div>\n\t<\/div>\n\t\n\t\t<\/div>\n\t\t\t\t\t<\/div>\n\n\t\n\n\t<div id=\"col-1110331008\" class=\"col medium-4 small-12 large-4\"  >\n\t\t\t\t<div class=\"col-inner\"  >\n\t\t\t\n\t\t\t\n\t<div class=\"box has-hover   has-hover box-text-bottom\" >\n\n\t\t<div class=\"box-image\" >\n\t\t\t\t\t\t<div class=\"\" >\n\t\t\t\t<img loading=\"lazy\" decoding=\"async\" width=\"600\" height=\"420\" src=\"https:\/\/moposanitaryware.com\/wp-content\/uploads\/2021\/07\/Bathroom-accessories-304-Stainless-Steel-scratch-resistant-durablee-treatment-never-rusty-never-Fading.jpg\" class=\"attachment- size-\" alt=\"Badezimmerzubeh\u00f6r 304 Edelstahl\" srcset=\"https:\/\/moposanitaryware.com\/wp-content\/uploads\/2021\/07\/Bathroom-accessories-304-Stainless-Steel-scratch-resistant-durablee-treatment-never-rusty-never-Fading.jpg 600w, https:\/\/moposanitaryware.com\/wp-content\/uploads\/2021\/07\/Bathroom-accessories-304-Stainless-Steel-scratch-resistant-durablee-treatment-never-rusty-never-Fading-571x400.jpg 571w\" sizes=\"auto, (max-width: 600px) 100vw, 600px\" title=\"\">\t\t\t\t\t\t\t\t\t\t\t<\/div>\n\t\t\t\t\t<\/div>\n\n\t\t<div class=\"box-text text-center\" >\n\t\t\t<div class=\"box-text-inner\">\n\t\t\t\t\n<p>Edelstahl 304 weist eine ausgezeichnete Kommunikationsbest\u00e4ndigkeit gegen\u00fcber einer Vielzahl von atmosph\u00e4rischen Umgebungen und vielen korrosiven Medien auf. Er ist anf\u00e4llig f\u00fcr Lochfra\u00df und Spaltkorrosion in warmen Chloridumgebungen und widersteht Rost und Spannungsrisskorrosion \u00fcber etwa 60 \u00b0C.<\/p>\n\t\t\t<\/div>\n\t\t<\/div>\n\t<\/div>\n\t\n\t\t<\/div>\n\t\t\t\t\t<\/div>\n\n\t\n\n\t<div id=\"col-325752012\" class=\"col medium-4 small-12 large-4\"  >\n\t\t\t\t<div class=\"col-inner\"  >\n\t\t\t\n\t\t\t\n\t<div class=\"box has-hover   has-hover box-text-bottom\" >\n\n\t\t<div class=\"box-image\" >\n\t\t\t\t\t\t<div class=\"\" >\n\t\t\t\t<img loading=\"lazy\" decoding=\"async\" width=\"600\" height=\"420\" src=\"https:\/\/moposanitaryware.com\/wp-content\/uploads\/2021\/07\/Bathroom-accessories-multiple-treatment-bases-the-base-adopts-mirror-light-brushed-surface-treatment.jpg\" class=\"attachment- size-\" alt=\"Badezimmerzubeh\u00f6r mit mehreren Behandlungsbasen. Die Basis verf\u00fcgt \u00fcber eine leicht geb\u00fcrstete Spiegeloberfl\u00e4chenbehandlung\" srcset=\"https:\/\/moposanitaryware.com\/wp-content\/uploads\/2021\/07\/Bathroom-accessories-multiple-treatment-bases-the-base-adopts-mirror-light-brushed-surface-treatment.jpg 600w, https:\/\/moposanitaryware.com\/wp-content\/uploads\/2021\/07\/Bathroom-accessories-multiple-treatment-bases-the-base-adopts-mirror-light-brushed-surface-treatment-571x400.jpg 571w\" sizes=\"auto, (max-width: 600px) 100vw, 600px\" title=\"\">\t\t\t\t\t\t\t\t\t\t\t<\/div>\n\t\t\t\t\t<\/div>\n\n\t\t<div class=\"box-text text-center\" >\n\t\t\t<div class=\"box-text-inner\">\n\t\t\t\t\n<p id=\"tw-target-text\" class=\"tw-data-text tw-text-large XcVN5d tw-ta\" dir=\"ltr\" data-placeholder=\"\u7ffb\u8bd1\">Mehrfachbehandlungsbasen: Die Basis verf\u00fcgt \u00fcber eine spiegelglatte, geb\u00fcrstete Oberfl\u00e4chenbehandlung, um die Sch\u00f6nheit des Erscheinungsbilds hervorzuheben. Modische und elegante Kunst, verschlei\u00dffest, kratzfest, langlebige Behandlung, eloxierte Oberfl\u00e4che, glatt und zart, rostet nicht und verblasst nicht, wirklich nuanciert und solide<\/p>\n\t\t\t<\/div>\n\t\t<\/div>\n\t<\/div>\n\t\n\t\t<\/div>\n\t\t\t\t\t<\/div>\n\n\t\n<\/div>\n<div class=\"row row-solid\"  id=\"row-167219680\">\n\n\t<div id=\"col-1308917596\" class=\"col medium-4 small-12 large-4\"  >\n\t\t\t\t<div class=\"col-inner\"  >\n\t\t\t\n\t\t\t\n\t<div class=\"box has-hover   has-hover box-text-bottom\" >\n\n\t\t<div class=\"box-image\" >\n\t\t\t\t\t\t<div class=\"\" >\n\t\t\t\t<img loading=\"lazy\" decoding=\"async\" width=\"600\" height=\"420\" src=\"https:\/\/moposanitaryware.com\/wp-content\/uploads\/2021\/07\/Brass-bathroom-accessories-more-Long-lasting-has-a-durable-long-lasting-finish-that-helps-prevent-corrosion.jpg\" class=\"attachment- size-\" alt=\"Badezimmerzubeh\u00f6r aus Messing ist langlebiger und verf\u00fcgt \u00fcber eine langlebige Oberfl\u00e4che, die Korrosion vorbeugt.\" srcset=\"https:\/\/moposanitaryware.com\/wp-content\/uploads\/2021\/07\/Brass-bathroom-accessories-more-Long-lasting-has-a-durable-long-lasting-finish-that-helps-prevent-corrosion.jpg 600w, https:\/\/moposanitaryware.com\/wp-content\/uploads\/2021\/07\/Brass-bathroom-accessories-more-Long-lasting-has-a-durable-long-lasting-finish-that-helps-prevent-corrosion-571x400.jpg 571w\" sizes=\"auto, (max-width: 600px) 100vw, 600px\" title=\"\">\t\t\t\t\t\t\t\t\t\t\t<\/div>\n\t\t\t\t\t<\/div>\n\n\t\t<div class=\"box-text text-center\" >\n\t\t\t<div class=\"box-text-inner\">\n\t\t\t\t\n<p>MOPO Badezimmerzubeh\u00f6r aus Messing Badezimmerzubeh\u00f6r aus Messing verleiht Ihrem Badezimmer Stil und Funktionalit\u00e4t mit Handtuchhaltern, Handtuchhaken, Handtuchringen, Seidenpapierhaltern und vielem mehr. Langlebig \u2013 Hat eine robuste, langlebige Oberfl\u00e4che, die Korrosion, Verf\u00e4rbungen oder Verf\u00e4rbungen verhindert, sodass Sie den Look, den Sie lieben, ein Leben lang genie\u00dfen k\u00f6nnen.<\/p>\n\t\t\t<\/div>\n\t\t<\/div>\n\t<\/div>\n\t\n\t\t<\/div>\n\t\t\t\t\t<\/div>\n\n\t\n\n\t<div id=\"col-613451404\" class=\"col medium-4 small-12 large-4\"  >\n\t\t\t\t<div class=\"col-inner\"  >\n\t\t\t\n\t\t\t\n\t<div class=\"box has-hover   has-hover box-text-bottom\" >\n\n\t\t<div class=\"box-image\" >\n\t\t\t\t\t\t<div class=\"\" >\n\t\t\t\t<img loading=\"lazy\" decoding=\"async\" width=\"600\" height=\"420\" src=\"https:\/\/moposanitaryware.com\/wp-content\/uploads\/2021\/07\/Bathroom-accessories-304-stainless-steel-anti-corrosion-anti-aging-fashion-design-beautiful-appearance-highlighting-grade.jpg\" class=\"attachment- size-\" alt=\"Badezimmer-Accessoires Anti-Korrosion Anti-Aging Mode-Design sch\u00f6nes Aussehen Hervorhebung Klasse\" srcset=\"https:\/\/moposanitaryware.com\/wp-content\/uploads\/2021\/07\/Bathroom-accessories-304-stainless-steel-anti-corrosion-anti-aging-fashion-design-beautiful-appearance-highlighting-grade.jpg 600w, https:\/\/moposanitaryware.com\/wp-content\/uploads\/2021\/07\/Bathroom-accessories-304-stainless-steel-anti-corrosion-anti-aging-fashion-design-beautiful-appearance-highlighting-grade-571x400.jpg 571w\" sizes=\"auto, (max-width: 600px) 100vw, 600px\" title=\"\">\t\t\t\t\t\t\t\t\t\t\t<\/div>\n\t\t\t\t\t<\/div>\n\n\t\t<div class=\"box-text text-center\" >\n\t\t\t<div class=\"box-text-inner\">\n\t\t\t\t\n<p>Einfache Badezimmer-Updates. Edelstahl 304, korrosionsbest\u00e4ndig, alterungsbest\u00e4ndig, modisches Design, sch\u00f6nes Aussehen, hervorstechende Qualit\u00e4t. Das Aktualisieren Ihrer Badezimmer-Hardware ist eine einfache und kosteng\u00fcnstige M\u00f6glichkeit, Ihrem Raum neuen Stil und neues Finish zu verleihen. Mit einer gro\u00dfen Auswahl an verf\u00fcgbaren Stilen ist es einfach, Ihr vorhandenes Dekor zu erg\u00e4nzen und gleichzeitig Ihr Badezimmer zu aktualisieren.<\/p>\n\t\t\t<\/div>\n\t\t<\/div>\n\t<\/div>\n\t\n\t\t<\/div>\n\t\t\t\t\t<\/div>\n\n\t\n\n\t<div id=\"col-1687337153\" class=\"col medium-4 small-12 large-4\"  >\n\t\t\t\t<div class=\"col-inner\"  >\n\t\t\t\n\t\t\t\n\t<div class=\"box has-hover   has-hover box-text-bottom\" >\n\n\t\t<div class=\"box-image\" >\n\t\t\t\t\t\t<div class=\"\" >\n\t\t\t\t<img loading=\"lazy\" decoding=\"async\" width=\"600\" height=\"420\" src=\"https:\/\/moposanitaryware.com\/wp-content\/uploads\/2021\/07\/Bathroom-accessories-offers-a-variety-of-finishes-that-complement-popular-decor-trends.jpg\" class=\"attachment- size-\" alt=\"Badezimmerzubeh\u00f6r bietet eine Vielzahl von Ausf\u00fchrungen\" srcset=\"https:\/\/moposanitaryware.com\/wp-content\/uploads\/2021\/07\/Bathroom-accessories-offers-a-variety-of-finishes-that-complement-popular-decor-trends.jpg 600w, https:\/\/moposanitaryware.com\/wp-content\/uploads\/2021\/07\/Bathroom-accessories-offers-a-variety-of-finishes-that-complement-popular-decor-trends-571x400.jpg 571w\" sizes=\"auto, (max-width: 600px) 100vw, 600px\" title=\"\">\t\t\t\t\t\t\t\t\t\t\t<\/div>\n\t\t\t\t\t<\/div>\n\n\t\t<div class=\"box-text text-center\" >\n\t\t\t<div class=\"box-text-inner\">\n\t\t\t\t\n<p>bietet eine Vielzahl von Ausf\u00fchrungen, die beliebte Dekortrends im gesamten Badezimmer erg\u00e4nzen und f\u00fcr ein stilvolles Design sorgen. Bietet Badzubeh\u00f6r wie Handtuchhalter, Handtuchst\u00e4nder, Toilettenpapierhalter und mehr, die Ihrem Raum einen klassischen Look verleihen.<\/p>\n\t\t\t<\/div>\n\t\t<\/div>\n\t<\/div>\n\t\n\t\t<\/div>\n\t\t\t\t\t<\/div>\n\n\t\n<\/div>\n<div class=\"row\"  id=\"row-1282615676\">\n\n\t<div id=\"col-856644547\" class=\"col medium-6 small-12 large-6\"  >\n\t\t\t\t<div class=\"col-inner\"  >\n\t\t\t\n\t\t\t\n<div class=\"container section-title-container\" ><h3 class=\"section-title section-title-normal\"><b><\/b><span class=\"section-title-main\" >senden Sie uns eine Email<\/span><b><\/b><\/h3><\/div>\n<p>Wenn Sie an unseren Produkten interessiert sind und weitere Einzelheiten erfahren m\u00f6chten, hinterlassen Sie hier bitte eine Nachricht. Wir werden Ihnen so schnell wie m\u00f6glich antworten.<\/p>\n\n<div class=\"wpcf7 no-js\" id=\"wpcf7-f13-o1\" lang=\"en-US\" dir=\"ltr\" data-wpcf7-id=\"13\">\n<div class=\"screen-reader-response\"><p role=\"status\" aria-live=\"polite\" aria-atomic=\"true\"><\/p> <ul><\/ul><\/div>\n<form action=\"\/de\/wp-json\/wp\/v2\/product\/2270#wpcf7-f13-o1\" method=\"post\" class=\"wpcf7-form init\" aria-label=\"Contact form\" novalidate=\"novalidate\" data-status=\"init\" data-trp-original-action=\"\/de\/wp-json\/wp\/v2\/product\/2270#wpcf7-f13-o1\">\n<fieldset class=\"hidden-fields-container\"><input type=\"hidden\" name=\"_wpcf7\" value=\"13\" \/><input type=\"hidden\" name=\"_wpcf7_version\" value=\"6.1.1\" \/><input type=\"hidden\" name=\"_wpcf7_locale\" value=\"en_US\" \/><input type=\"hidden\" name=\"_wpcf7_unit_tag\" value=\"wpcf7-f13-o1\" \/><input type=\"hidden\" name=\"_wpcf7_container_post\" value=\"0\" \/><input type=\"hidden\" name=\"_wpcf7_posted_data_hash\" value=\"\" \/><input type=\"hidden\" name=\"_wpcf7_recaptcha_response\" value=\"\" \/>\n<\/fieldset>\n<div class=\"form-flat\">\n\t<p><span class=\"wpcf7-form-control-wrap\" data-name=\"your-name\"><input size=\"40\" maxlength=\"400\" class=\"wpcf7-form-control wpcf7-text wpcf7-validates-as-required\" aria-required=\"true\" aria-invalid=\"false\" placeholder=\"Dein Name (erforderlich)\" value=\"\" type=\"text\" name=\"your-name\" \/><\/span><br \/>\n<span class=\"wpcf7-form-control-wrap\" data-name=\"your-email\"><input size=\"40\" maxlength=\"400\" class=\"wpcf7-form-control wpcf7-email wpcf7-validates-as-required wpcf7-text wpcf7-validates-as-email\" aria-required=\"true\" aria-invalid=\"false\" placeholder=\"Ihre E-Mailadresse (erforderlich)\" value=\"\" type=\"email\" name=\"your-email\" \/><\/span>\n\t<\/p>\n\t<p><span class=\"wpcf7-form-control-wrap\" data-name=\"your-tels\"><input size=\"40\" maxlength=\"400\" class=\"wpcf7-form-control wpcf7-tel wpcf7-text wpcf7-validates-as-tel\" aria-invalid=\"false\" placeholder=\"Ihr Tel (optional)\" value=\"\" type=\"tel\" name=\"your-tels\" \/><\/span>\n\t<\/p>\n\t<p><span class=\"wpcf7-form-control-wrap\" data-name=\"your-message\"><textarea cols=\"40\" rows=\"10\" maxlength=\"2000\" class=\"wpcf7-form-control wpcf7-textarea\" aria-invalid=\"false\" placeholder=\"F\u00fcr das beste Ergebnis empfehlen wir, die folgenden Details anzugeben: - Selbstvorstellung - Ben\u00f6tigte Artikel oder Dienstleistungen - Ben\u00f6tigte Menge\" name=\"your-message\"><\/textarea><\/span>\n\t<\/p>\n\t<p>Unternehmensberatung:*<br \/>\n<span class=\"wpcf7-form-control-wrap\" data-name=\"checkbox\"><span class=\"wpcf7-form-control wpcf7-checkbox wpcf7-validates-as-required wpcf7-exclusive-checkbox\"><span class=\"wpcf7-list-item first\"><label><input type=\"checkbox\" name=\"checkbox\" value=\"Quotation\" \/><span class=\"wpcf7-list-item-label\">Zitat<\/span><\/label><\/span><span class=\"wpcf7-list-item\"><label><input type=\"checkbox\" name=\"checkbox\" value=\"Catalog\" \/><span class=\"wpcf7-list-item-label\">Katalog<\/span><\/label><\/span><span class=\"wpcf7-list-item\"><label><input type=\"checkbox\" name=\"checkbox\" value=\"Service Support\" \/><span class=\"wpcf7-list-item-label\">Service-Unterst\u00fctzung<\/span><\/label><\/span><span class=\"wpcf7-list-item\"><label><input type=\"checkbox\" name=\"checkbox\" value=\"Project\" \/><span class=\"wpcf7-list-item-label\">Projekt<\/span><\/label><\/span><span class=\"wpcf7-list-item last\"><label><input type=\"checkbox\" name=\"checkbox\" value=\"I am interested in becoming an agent\" \/><span class=\"wpcf7-list-item-label\">Ich bin daran interessiert, Agent zu werden<\/span><\/label><\/span><\/span><\/span><br \/>\n<input class=\"wpcf7-form-control wpcf7-submit has-spinner button\" type=\"submit\" value=\"Einreichen\" \/>\n\t<\/p>\n<\/div><div class=\"wpcf7-response-output\" aria-hidden=\"true\"><\/div>\n<input type=\"hidden\" name=\"trp-form-language\" value=\"de\"\/><\/form>\n<\/div>\n\n\t\t<\/div>\n\t\t\t\t\t<\/div>\n\n\t\n\n\t<div id=\"col-560474979\" class=\"col medium-6 small-12 large-6\"  >\n\t\t\t\t<div class=\"col-inner\"  >\n\t\t\t\n\t\t\t\n<div class=\"container section-title-container\" ><h3 class=\"section-title section-title-normal\"><b><\/b><span class=\"section-title-main\" >KONTAKTIERE UNS<\/span><b><\/b><\/h3><\/div>\n<p>Wenn Sie eine Frage zu einem unserer Produkte haben oder aus einem anderen Grund Kontakt mit uns aufnehmen m\u00f6chten, f\u00fcllen Sie bitte das folgende Formular aus. Wir werden uns schnellstm\u00f6glich bei Ihnen melden.<\/p>\n<p><strong>Rufen Sie uns an:<\/strong> <a href=\"http:\/\/+86 18675762929\" rel=\"nofollow\">+8618675762929<\/a><br \/>\n<strong>Schreiben Sie uns eine E-Mail<\/strong>:\u00a0\u00a0<a href=\"mailto:info@mopochina.com\">info@mopochina.com<\/a><\/p>\n<p><strong>Skype\u00a0<\/strong>: <a href=\"skype:Sanitwell Shen?chat\">cheng jiawei<\/a><\/p>\n<p><strong>Adresse<\/strong> : B1, Nr. 10<sup>th<\/sup>, Yingkeyijia Keramikwelt, 4<sup>th<\/sup>\u00a0Jihua Road, Chancheng, Foshan, 528 000, Guangdong, China<\/p>\n<p><strong>PRODUKTIONSST\u00c4TTE :<\/strong>\u00a0Landkreis Chaoan, Stadt Chaozhou, Provinz Guangdong<\/p>\n<p><strong>Freundlicher Link:<\/strong><br \/>\n<a href=\"https:\/\/moposanitaryware.com\/de\/\">https:\/\/moposanitaryware.com<\/a><br \/>\n<a href=\"https:\/\/www.mopotoilet.com\" rel=\"nofollow noopener\" target=\"_blank\">https:\/\/www.mopotoilet.com<\/a><br \/>\n<a href=\"https:\/\/\/de\/www.mopofaucet.com\/\">https:www.mopofaucet.com<\/a><\/p>\n<div class=\"social-icons follow-icons full-width text-left\" ><span>Folgen Sie uns<\/span><a href=\"https:\/\/www.facebook.com\/MOPOCHINA\" target=\"_blank\" data-label=\"Facebook\" class=\"icon primary button circle facebook tooltip\" title=\"Auf Facebook folgen\" aria-label=\"Auf Facebook folgen\" rel=\"noopener nofollow\"><i class=\"icon-facebook\" ><\/i><\/a><a href=\"https:\/\/www.instagram.com\/mopotoilet\/\" target=\"_blank\" data-label=\"Instagram\" class=\"icon primary button circle instagram tooltip\" title=\"Auf Instagram folgen\" aria-label=\"Auf Instagram folgen\" rel=\"noopener nofollow\"><i class=\"icon-instagram\" ><\/i><\/a><a href=\"https:\/\/twitter.com\/mopotoilet\" data-label=\"Twitter\" target=\"_blank\" class=\"icon primary button circle twitter tooltip\" title=\"Auf Twitter folgen\" aria-label=\"Auf Twitter folgen\" rel=\"noopener nofollow\"><i class=\"icon-twitter\" ><\/i><\/a><a href=\"mailto:info@mopochina.com\" data-label=\"E-mail\" target=\"_blank\" class=\"icon primary button circle email tooltip\" title=\"Sende uns eine E-Mail\" aria-label=\"Sende uns eine E-Mail\" rel=\"nofollow noopener\" ><i class=\"icon-envelop\" ><\/i><\/a><a href=\"https:\/\/www.linkedin.com\/company\/mopo-sanitary-ware\/\" data-label=\"LinkedIn\" target=\"_blank\" class=\"icon primary button circle linkedin tooltip\" title=\"Auf Linkedin folgen\" aria-label=\"Auf Linkedin folgen\" rel=\"noopener nofollow\"><i class=\"icon-linkedin\" ><\/i><\/a><a href=\"https:\/\/www.youtube.com\/c\/mopochina\/featured\" data-label=\"YouTube\" target=\"_blank\" class=\"icon primary button circle youtube tooltip\" title=\"Auf YouTube folgen\" aria-label=\"Auf YouTube folgen\" rel=\"noopener nofollow\"><i class=\"icon-youtube\" ><\/i><\/a><\/div>\n\t\t<\/div>\n\t\t\t\t\t<\/div>\n\n\t\n<\/div>","protected":false},"excerpt":{"rendered":"<p>Markenname: <a href=\"#brave_open_popup_688\">MOPO\u00ae<\/a><br \/>\nName: Bathroom accessories robe hook<br \/>\nModellnummer: MP-2000-Serie<br \/>\nMaterial: Kupfer\/Jade\/Edelstahl<br \/>\nSize: 100mm*70mm*55mm<br \/>\nMaterial: Messingmaterial\/Edelstahl\/Jade<br \/>\nFarben: Chrom\/Schwarz\/Gold\/Ros\u00e9gold<br \/>\nInstallationstyp: Wandmontage<br \/>\nKundendienst: 3 Jahre Garantie<\/p>\n\t<a class=\"paoc-popup-click paoc-popup-cust-337 paoc-popup-button paoc-popup-btn\" href=\"javascript:void(0);\">Angebot anfordern<\/a>\r\n\u00a0 \u00a0 \u00a0<a href=\"https:\/\/api.whatsapp.com\/send?phone=8618675762929\"><img loading=\"lazy\" decoding=\"async\" class=\"alignnone wp-image-6698\" src=\"https:\/\/moposanitaryware.com\/wp-content\/uploads\/WhatsApp.png\" alt=\"\" width=\"140\" height=\"33\" srcset=\"https:\/\/moposanitaryware.com\/wp-content\/uploads\/WhatsApp.png 546w, https:\/\/moposanitaryware.com\/wp-content\/uploads\/WhatsApp-18x4.png 18w\" sizes=\"auto, (max-width: 140px) 100vw, 140px\" \/><\/a><\/p>","protected":false},"featured_media":2272,"template":"","meta":{"_acf_changed":false},"product_brand":[],"product_cat":[15,34,28,122],"product_tag":[140,121,145],"class_list":{"0":"post-2270","1":"product","2":"type-product","3":"status-publish","4":"has-post-thumbnail","6":"product_cat-see-all-categories","7":"product_cat-hardware-parts","8":"product_cat-bathroom-accessories","9":"product_cat-single","10":"product_tag-accessories","11":"product_tag-bathroom-accessories","12":"product_tag-robe-hook","14":"first","15":"instock","16":"shipping-taxable","17":"product-type-simple"},"acf":[],"_links":{"self":[{"href":"https:\/\/moposanitaryware.com\/de\/wp-json\/wp\/v2\/product\/2270","targetHints":{"allow":["GET"]}}],"collection":[{"href":"https:\/\/moposanitaryware.com\/de\/wp-json\/wp\/v2\/product"}],"about":[{"href":"https:\/\/moposanitaryware.com\/de\/wp-json\/wp\/v2\/types\/product"}],"wp:featuredmedia":[{"embeddable":true,"href":"https:\/\/moposanitaryware.com\/de\/wp-json\/wp\/v2\/media\/2272"}],"wp:attachment":[{"href":"https:\/\/moposanitaryware.com\/de\/wp-json\/wp\/v2\/media?parent=2270"}],"wp:term":[{"taxonomy":"product_brand","embeddable":true,"href":"https:\/\/moposanitaryware.com\/de\/wp-json\/wp\/v2\/product_brand?post=2270"},{"taxonomy":"product_cat","embeddable":true,"href":"https:\/\/moposanitaryware.com\/de\/wp-json\/wp\/v2\/product_cat?post=2270"},{"taxonomy":"product_tag","embeddable":true,"href":"https:\/\/moposanitaryware.com\/de\/wp-json\/wp\/v2\/product_tag?post=2270"}],"curies":[{"name":"wp","href":"https:\/\/api.w.org\/{rel}","templated":true}]}}