{"id":2052,"date":"2021-06-22T08:55:32","date_gmt":"2021-06-22T08:55:32","guid":{"rendered":"https:\/\/moposanitaryware.com\/?post_type=product&#038;p=2052"},"modified":"2024-08-01T09:48:38","modified_gmt":"2024-08-01T09:48:38","slug":"factory-wholesale-bathroom-smart-toilets","status":"publish","type":"product","link":"https:\/\/moposanitaryware.com\/de\/factory-wholesale-bathroom-smart-toilets\/","title":{"rendered":"Fabrikgro\u00dfhandel automatische elektronische Closestool intelligente Toilette einteiliges Siphon Jet Sp\u00fclung Badezimmer intelligente Toilette"},"content":{"rendered":"<div class=\"banner has-hover\" id=\"banner-1787613384\">\n          <div class=\"banner-inner fill\">\n        <div class=\"banner-bg fill\" >\n            <img loading=\"lazy\" decoding=\"async\" width=\"800\" height=\"333\" src=\"https:\/\/moposanitaryware.com\/wp-content\/uploads\/2022\/09\/smart-toilet-supplier-and-manufacturer-china-intelligent-toilet.jpg\" class=\"bg attachment-original size-original\" alt=\"\" title=\"\">                                    \n                    <\/div>\n\t\t\n        <div class=\"banner-layers container\">\n            <a class=\"fill\" href=\"https:\/\/moposanitaryware.com\/de\/shop\/bidets-toilets\/\" ><div class=\"fill banner-link\"><\/div><\/a>            \n   <div id=\"text-box-1224520499\" class=\"text-box banner-layer x85 md-x50 lg-x50 y70 md-y70 lg-y70 res-text\">\n                                <div class=\"text-box-content text dark\">\n              \n              <div class=\"text-inner text-center\">\n                  \n<h2 class=\"LC20lb MBeuO DKV0Md\"><span style=\"font-size: 80%;\"><a href=\"https:\/\/moposanitaryware.com\/de\/shop\/bidets-toilets\/\">Intelligente Toiletten<\/a> &#8211; Smart Bathroom<\/span><\/h2>\n<a href=\"#brave_open_popup_688\" class=\"button success lowercase\"  style=\"border-radius:99px;\">\n\t\t<span>Erhalten Sie Zitat<\/span>\n\t<\/a>\n\n              <\/div>\n           <\/div>\n                            \n<style>\n#text-box-1224520499 {\n  width: 61%;\n}\n#text-box-1224520499 .text-box-content {\n  font-size: 100%;\n}\n@media (min-width:550px) {\n  #text-box-1224520499 {\n    width: 28%;\n  }\n}\n<\/style>\n    <\/div>\n \n        <\/div>\n      <\/div>\n\n            \n<style>\n#banner-1787613384 {\n  padding-top: 50%;\n  background-color: rgb(255,255,255);\n}\n#banner-1787613384 .banner-bg img {\n  object-position: 37% 26%;\n}\n@media (min-width:550px) {\n  #banner-1787613384 {\n    padding-top: 35%;\n  }\n}\n<\/style>\n  <\/div>\n\n\n<div class=\"row align-center\"  id=\"row-1526348365\">\n\n\t<div id=\"col-219491754\" class=\"col medium-10 small-12 large-10\"  >\n\t\t\t\t<div class=\"col-inner text-center\"  >\n\t\t\t\n\t\t\t\n<h1 style=\"text-align: center;\"><a href=\"https:\/\/moposanitaryware.com\/de\/produkt-kategorie\/wandmontierter-badezimmer-waschtischmischer-aus-massivem-messing-modernes-design-thermostatischer-warm-und-kaltwasserhahn\/\">Intelligente Toilette<\/a><\/h1>\n<p style=\"text-align: center;\">High-quality intelligent toilet manufacturer &amp; supplier, specializes in wholesale of new Smart Toilet, Intelligent Toilet Seat MOPO Smart toilet manufactures quality, affordable, luxury smart bidet toilets. This intelligent technology will change the way you look at your bathroom. and a variety of bathroom products<\/p>\n\t\t<\/div>\n\t\t\t\t\t<\/div>\n\n\t\n<\/div>\n<div class=\"row\"  id=\"row-1171073758\">\n\n\t<div id=\"col-531347050\" class=\"col medium-6 small-12 large-6\"  >\n\t\t\t\t<div class=\"col-inner\"  >\n\t\t\t\n\t\t\t\n<h3>D\u00fcse aus Edelstahl<\/h3>\n<p><b>Mit 3-in-1-Funktion.<\/b>Der <a href=\"https:\/\/moposanitaryware.com\/de\/shop\/bidets-toilets\/\">intelligente Toilette<\/a> bringt die Reinigung, die Sie verdienen, in Ihr Badezimmer. Erleben Sie unsere speziell entwickelte 3-in-1-D\u00fcse, die Ihnen die beste Po-Reinigung, eine beruhigende Intimreinigung und eine effektive Turbo-Reinigung bietet. Die selbstreinigende Edelstahld\u00fcse verleiht der bereits gebotenen Eleganz noch mehr. Minimieren Sie den Wartungs- und Reinigungsbedarf mit dieser langlebigen und effektiven Komponente. Gesunde Pflege, Gesunde Pflege, Intimreinigung, H\u00fcftreinigung, D\u00fcsen-Selbstreinigung, mobile Massagereinigung. F\u00fcr Ihr komfortables und gesundes Leben stehen mehrere Waschoptionen zur Verf\u00fcgung.<\/p>\n\t\t<\/div>\n\t\t\t\t\t<\/div>\n\n\t\n\n\t<div id=\"col-759949985\" class=\"col medium-6 small-12 large-6\"  >\n\t\t\t\t<div class=\"col-inner\"  >\n\t\t\t\n\t\t\t\n\t<div class=\"img has-hover x md-x lg-x y md-y lg-y\" id=\"image_272994084\">\n\t\t<a class=\"open-video\" href=\"https:\/\/www.youtube.com\/watch?v=CeHGZjKQAcU\" rel=\"nofollow noopener\" target=\"_blank\">\t\t\t\t\t\t<div class=\"img-inner dark\" >\n\t\t\t<img loading=\"lazy\" decoding=\"async\" width=\"600\" height=\"420\" src=\"https:\/\/moposanitaryware.com\/wp-content\/uploads\/2022\/09\/Smart-toilet-Patented-3-in-1-nozzle.jpg\" class=\"attachment-original size-original\" alt=\"\" srcset=\"https:\/\/moposanitaryware.com\/wp-content\/uploads\/2022\/09\/Smart-toilet-Patented-3-in-1-nozzle.jpg 600w, https:\/\/moposanitaryware.com\/wp-content\/uploads\/2022\/09\/Smart-toilet-Patented-3-in-1-nozzle-571x400.jpg 571w\" sizes=\"auto, (max-width: 600px) 100vw, 600px\" title=\"\">\t\t\t\t\t\t\t<div class=\"overlay\" style=\"background-color: rgba(0,0,0,.2)\"><\/div>\n\t\t\t\t\t\t\t\t\t\t<div class=\"absolute no-click x50 y50 md-x50 md-y50 lg-x50 lg-y50 text-shadow-2\">\n\t\t\t\t\t<div class=\"overlay-icon\">\n\t\t\t\t\t\t<i class=\"icon-play\"><\/i>\n\t\t\t\t\t<\/div>\n\t\t\t\t<\/div>\n\t\t\t\n\t\t\t\t\t<\/div>\n\t\t\t\t\t\t<\/a>\t\t\n<style>\n#image_272994084 {\n  width: 100%;\n}\n<\/style>\n\t<\/div>\n\t\n\t\t<\/div>\n\t\t\t\t\t<\/div>\n\n\t\n<\/div>\n<div class=\"row\"  id=\"row-1553941594\">\n\n\t<div id=\"col-1933907125\" class=\"col medium-6 small-12 large-6\"  >\n\t\t\t\t<div class=\"col-inner\"  >\n\t\t\t\n\t\t\t\n\t<div class=\"img has-hover x md-x lg-x y md-y lg-y\" id=\"image_1081023199\">\n\t\t<a class=\"\" href=\"https:\/\/moposanitaryware.com\/de\/shop\/bidets-toilets\/\">\t\t\t\t\t\t<div class=\"img-inner dark\" >\n\t\t\t<img loading=\"lazy\" decoding=\"async\" width=\"600\" height=\"420\" src=\"https:\/\/moposanitaryware.com\/wp-content\/uploads\/2022\/09\/Smart-Toilet-Cleansing-Water-Warm-air-dryer.jpg\" class=\"attachment-original size-original\" alt=\"\" srcset=\"https:\/\/moposanitaryware.com\/wp-content\/uploads\/2022\/09\/Smart-Toilet-Cleansing-Water-Warm-air-dryer.jpg 600w, https:\/\/moposanitaryware.com\/wp-content\/uploads\/2022\/09\/Smart-Toilet-Cleansing-Water-Warm-air-dryer-571x400.jpg 571w\" sizes=\"auto, (max-width: 600px) 100vw, 600px\" title=\"\">\t\t\t\t\t\t\n\t\t\t\t\t<\/div>\n\t\t\t\t\t\t<\/a>\t\t\n<style>\n#image_1081023199 {\n  width: 100%;\n}\n<\/style>\n\t<\/div>\n\t\n\t\t<\/div>\n\t\t\t\t\t<\/div>\n\n\t\n\n\t<div id=\"col-967881039\" class=\"col medium-6 small-12 large-6\"  >\n\t\t\t\t<div class=\"col-inner\"  >\n\t\t\t\n\t\t\t\n<h3>Einstellbarer Warmlufttrockner<\/h3>\n<p>Genie\u00dfen Sie die Leichtigkeit und den Komfort des Trocknens mit dem temperaturregulierbaren Warmlufttrockner. Reduziert den Bedarf an<a href=\"https:\/\/moposanitaryware.com\/de\/shop\/bidets-toilets\/\"> Toilette<\/a> Papier und erm\u00f6glicht ein freih\u00e4ndigeres Erlebnis. Die Temperatur des Trockners l\u00e4sst sich je nach Ihrem Komfort und Geschmack auf bis zu 5 Stufen einstellen. W\u00e4hlen Sie, ob Sie es warm oder k\u00fchl halten m\u00f6chten. Runden Sie Ihr Erlebnis mit dem warmen Trockner ab und retten Sie dabei B\u00e4ume.<\/p>\n\t\t<\/div>\n\t\t\t\t\t<\/div>\n\n\t\n<\/div>\n<div class=\"row\"  id=\"row-840099851\">\n\n\t<div id=\"col-1650381328\" class=\"col medium-6 small-12 large-6\"  >\n\t\t\t\t<div class=\"col-inner\"  >\n\t\t\t\n\t\t\t\n<h3>Hybride Heiztechnologie<\/h3>\n<p>Die brillante Innovation der Hybrid-Warmwassertechnologie hat sich als eine der wirksamsten und zuverl\u00e4ssigsten Methoden zur sofortigen Warmwasserbereitung erwiesen. Wir haben eine neue Hybrid-Heiztechnologie entwickelt, die die besten Eigenschaften sowohl der Sofortheiz- als auch der Heiztechnologien nutzt. Das neue Hybrid-Heizsystem kombiniert Wasserdurchfluss und Temperaturkonsistenz mit einer unbegrenzten Dauer, um einen kontinuierlich warmen und belebenden Wasserfluss zu erzeugen.<\/p>\n\t\t<\/div>\n\t\t\t\t\t<\/div>\n\n\t\n\n\t<div id=\"col-998385365\" class=\"col medium-6 small-12 large-6\"  >\n\t\t\t\t<div class=\"col-inner\"  >\n\t\t\t\n\t\t\t\n\t<div class=\"img has-hover x md-x lg-x y md-y lg-y\" id=\"image_264264488\">\n\t\t<a class=\"\" href=\"https:\/\/moposanitaryware.com\/de\/shop\/bidets-toilets\/\">\t\t\t\t\t\t<div class=\"img-inner dark\" >\n\t\t\t<img loading=\"lazy\" decoding=\"async\" width=\"600\" height=\"420\" src=\"https:\/\/moposanitaryware.com\/wp-content\/uploads\/2022\/09\/Smart-Toilet-Hybrid-heating-technology-Built-to-last.jpg\" class=\"attachment-original size-original\" alt=\"\" srcset=\"https:\/\/moposanitaryware.com\/wp-content\/uploads\/2022\/09\/Smart-Toilet-Hybrid-heating-technology-Built-to-last.jpg 600w, https:\/\/moposanitaryware.com\/wp-content\/uploads\/2022\/09\/Smart-Toilet-Hybrid-heating-technology-Built-to-last-571x400.jpg 571w\" sizes=\"auto, (max-width: 600px) 100vw, 600px\" title=\"\">\t\t\t\t\t\t\n\t\t\t\t\t<\/div>\n\t\t\t\t\t\t<\/a>\t\t\n<style>\n#image_264264488 {\n  width: 100%;\n}\n<\/style>\n\t<\/div>\n\t\n\t\t<\/div>\n\t\t\t\t\t<\/div>\n\n\t\n<\/div>\n<div class=\"row\"  id=\"row-1304271397\">\n\n\t<div id=\"col-503429613\" class=\"col medium-6 small-12 large-6\"  >\n\t\t\t\t<div class=\"col-inner\"  >\n\t\t\t\n\t\t\t\n\t<div class=\"img has-hover x md-x lg-x y md-y lg-y\" id=\"image_1994995523\">\n\t\t<a class=\"open-video\" href=\"https:\/\/www.youtube.com\/watch?v=5KqqEmz7ak0\" rel=\"nofollow noopener\" target=\"_blank\">\t\t\t\t\t\t<div class=\"img-inner dark\" >\n\t\t\t<img loading=\"lazy\" decoding=\"async\" width=\"600\" height=\"420\" src=\"https:\/\/moposanitaryware.com\/wp-content\/uploads\/2022\/09\/Smart-Toilets-manufacturer-and-supplier-Bidet-Toilets-Foam-shield-Splash-proof.jpg\" class=\"attachment-original size-original\" alt=\"\" srcset=\"https:\/\/moposanitaryware.com\/wp-content\/uploads\/2022\/09\/Smart-Toilets-manufacturer-and-supplier-Bidet-Toilets-Foam-shield-Splash-proof.jpg 600w, https:\/\/moposanitaryware.com\/wp-content\/uploads\/2022\/09\/Smart-Toilets-manufacturer-and-supplier-Bidet-Toilets-Foam-shield-Splash-proof-571x400.jpg 571w\" sizes=\"auto, (max-width: 600px) 100vw, 600px\" title=\"\">\t\t\t\t\t\t\t<div class=\"overlay\" style=\"background-color: rgba(0,0,0,.2)\"><\/div>\n\t\t\t\t\t\t\t\t\t\t<div class=\"absolute no-click x50 y50 md-x50 md-y50 lg-x50 lg-y50 text-shadow-2\">\n\t\t\t\t\t<div class=\"overlay-icon\">\n\t\t\t\t\t\t<i class=\"icon-play\"><\/i>\n\t\t\t\t\t<\/div>\n\t\t\t\t<\/div>\n\t\t\t\n\t\t\t\t\t<\/div>\n\t\t\t\t\t\t<\/a>\t\t\n<style>\n#image_1994995523 {\n  width: 100%;\n}\n<\/style>\n\t<\/div>\n\t\n\t\t<\/div>\n\t\t\t\t\t<\/div>\n\n\t\n\n\t<div id=\"col-1365853843\" class=\"col medium-6 small-12 large-6\"  >\n\t\t\t\t<div class=\"col-inner\"  >\n\t\t\t\n\t\t\t\n<h3 class=\"a-spacing-mini\">Schaumstoffschild <span class=\"Y2IQFc\" lang=\"en\">Spritzfest<\/span><\/h3>\n<p class=\"a-spacing-mini\">herausragendes Merkmal unter <a href=\"https:\/\/moposanitaryware.com\/de\/shop\/bidets-toilets\/\">intelligente Toiletten<\/a>. Ein Schaumschutz verhindert, dass Wasser beim Sp\u00fclen herausspritzt. Dar\u00fcber hinaus verhindert er auch Geruch und Schmutz. Und was am wichtigsten ist: Dieser Schaum hilft dabei, Bakterien abzut\u00f6ten, die nach dem Gebrauch vorhanden sind, sowie Bakterien, die sich um die <a href=\"https:\/\/moposanitaryware.com\/de\/shop\/bidets-toilets\/\">Toilettensch\u00fcssel.<\/a><\/p>\n<p class=\"a-spacing-mini\">Auf diese Weise wird das <a href=\"https:\/\/moposanitaryware.com\/de\/shop\/bidets-toilets\/\">Toilettensch\u00fcssel<\/a> ist sauberer in der Anwendung. Viele achten nicht auf die Schwere von Bakterienbefall. Ein leichter Bakterienbefall kann zu einer Hautallergie f\u00fchren, ein schwerer Bakterienbefall kann jedoch mehr verursachen und Ihre Gesundheit sch\u00e4digen. Die Verwendung dieses Schaums kann Benutzern nun dabei helfen, alle oben genannten Probleme zu l\u00f6sen.<\/p>\n\t\t<\/div>\n\t\t\t\t\t<\/div>\n\n\t\n<\/div>\n<div class=\"row\"  id=\"row-1353975247\">\n\n\t<div id=\"col-407311835\" class=\"col medium-4 small-12 large-4\"  >\n\t\t\t\t<div class=\"col-inner\"  >\n\t\t\t\n\t\t\t\n\t<div class=\"img has-hover x md-x lg-x y md-y lg-y\" id=\"image_686790890\">\n\t\t<a class=\"open-video\" href=\"https:\/\/www.youtube.com\/watch?v=0knb9chQmwk\" rel=\"nofollow noopener\" target=\"_blank\">\t\t\t\t\t\t<div class=\"img-inner dark\" >\n\t\t\t<img loading=\"lazy\" decoding=\"async\" width=\"400\" height=\"280\" src=\"https:\/\/moposanitaryware.com\/wp-content\/uploads\/2022\/09\/bathroom-automatic-electronic-bidet-smart-toilet-Contoured-seat-is-heated.jpg\" class=\"attachment-original size-original\" alt=\"\" title=\"\">\t\t\t\t\t\t\t<div class=\"overlay\" style=\"background-color: rgba(0,0,0,.2)\"><\/div>\n\t\t\t\t\t\t\t\t\t\t<div class=\"absolute no-click x50 y50 md-x50 md-y50 lg-x50 lg-y50 text-shadow-2\">\n\t\t\t\t\t<div class=\"overlay-icon\">\n\t\t\t\t\t\t<i class=\"icon-play\"><\/i>\n\t\t\t\t\t<\/div>\n\t\t\t\t<\/div>\n\t\t\t\n\t\t\t\t\t<\/div>\n\t\t\t\t\t\t<\/a>\t\t\n<style>\n#image_686790890 {\n  width: 100%;\n}\n<\/style>\n\t<\/div>\n\t\n<h3 class=\"a-spacing-mini\">Gew\u00e4rmter Sitz<\/h3>\n<p><span class=\"a-list-item\">Der konturierte Sitz ist beheizt, um maximalen Komfort zu bieten und Sie warm und gem\u00fctlich zu halten <\/span><span class=\"a-list-item\">Durch die einstellbare Temperatureinstellung kann der Benutzer das perfekte W\u00e4rmeniveau erzeugen und aufrechterhalten.<\/span><\/p>\n\t\t<\/div>\n\t\t\t\t\t<\/div>\n\n\t\n\n\t<div id=\"col-722946717\" class=\"col medium-4 small-12 large-4\"  >\n\t\t\t\t<div class=\"col-inner\"  >\n\t\t\t\n\t\t\t\n\t<div class=\"img has-hover x md-x lg-x y md-y lg-y\" id=\"image_406744614\">\n\t\t<a class=\"open-video\" href=\"https:\/\/www.youtube.com\/watch?v=mE6-2ssjgZo\" rel=\"nofollow noopener\" target=\"_blank\">\t\t\t\t\t\t<div class=\"img-inner dark\" >\n\t\t\t<img loading=\"lazy\" decoding=\"async\" width=\"400\" height=\"280\" src=\"https:\/\/moposanitaryware.com\/wp-content\/uploads\/2022\/09\/Smart-Toilets-wireless-remote-controlconvenient-and-sanitary-.jpg\" class=\"attachment-original size-original\" alt=\"\" title=\"\">\t\t\t\t\t\t\t<div class=\"overlay\" style=\"background-color: rgba(0,0,0,.2)\"><\/div>\n\t\t\t\t\t\t\t\t\t\t<div class=\"absolute no-click x50 y50 md-x50 md-y50 lg-x50 lg-y50 text-shadow-2\">\n\t\t\t\t\t<div class=\"overlay-icon\">\n\t\t\t\t\t\t<i class=\"icon-play\"><\/i>\n\t\t\t\t\t<\/div>\n\t\t\t\t<\/div>\n\t\t\t\n\t\t\t\t\t<\/div>\n\t\t\t\t\t\t<\/a>\t\t\n<style>\n#image_406744614 {\n  width: 100%;\n}\n<\/style>\n\t<\/div>\n\t\n<h3>Drahtlose Fernbedienung<\/h3>\n<p>Eine Fernbedienung, die in Ihre Handfl\u00e4che passt. Enth\u00e4lt eine Fernbedienungshalterung, mit der Sie sie bequem in Reichweite neben sich an der Wand befestigen k\u00f6nnen. Bet\u00e4tigen Sie nach der Reinigung per Knopfdruck eine einstellbare Warmlufttrocknung und genie\u00dfen Sie dabei den Komfort eines sanft beheizten Sitzes<\/p>\n\t\t<\/div>\n\t\t\t\t\t<\/div>\n\n\t\n\n\t<div id=\"col-1683962334\" class=\"col medium-4 small-12 large-4\"  >\n\t\t\t\t<div class=\"col-inner\"  >\n\t\t\t\n\t\t\t\n\t<div class=\"img has-hover x md-x lg-x y md-y lg-y\" id=\"image_1403830662\">\n\t\t<a class=\"open-video\" href=\"https:\/\/www.youtube.com\/watch?v=OzG-pyRutuI\" rel=\"nofollow noopener\" target=\"_blank\">\t\t\t\t\t\t<div class=\"img-inner dark\" >\n\t\t\t<img loading=\"lazy\" decoding=\"async\" width=\"400\" height=\"280\" src=\"https:\/\/moposanitaryware.com\/wp-content\/uploads\/2022\/09\/sanitary-wares-bathroom-ceramic-one-piece-intelligent-toilet-with-LED-blue-night-light.jpg\" class=\"attachment-original size-original\" alt=\"\" title=\"\">\t\t\t\t\t\t\t<div class=\"overlay\" style=\"background-color: rgba(0,0,0,.2)\"><\/div>\n\t\t\t\t\t\t\t\t\t\t<div class=\"absolute no-click x50 y50 md-x50 md-y50 lg-x50 lg-y50 text-shadow-2\">\n\t\t\t\t\t<div class=\"overlay-icon\">\n\t\t\t\t\t\t<i class=\"icon-play\"><\/i>\n\t\t\t\t\t<\/div>\n\t\t\t\t<\/div>\n\t\t\t\n\t\t\t\t\t<\/div>\n\t\t\t\t\t\t<\/a>\t\t\n<style>\n#image_1403830662 {\n  width: 100%;\n}\n<\/style>\n\t<\/div>\n\t\n<h3 class=\"a-spacing-mini\">Leuchtendes Nachtlicht<\/h3>\n<p class=\"a-spacing-mini\">Das sanfte, leuchtende Nachtlicht des wird Ihnen den Weg zur Toilette leuchten. Das warme, einladende Leuchten des <a href=\"https:\/\/moposanitaryware.com\/de\/shop\/bidets-toilets\/\">Toilette<\/a> Der Sitz bietet Ihnen die M\u00f6glichkeit, sich auszuruhen, ohne mitten in der Nacht unter hellem Licht leiden zu m\u00fcssen. Wenn Sie lieber dunkel bleiben m\u00f6chten, k\u00f6nnen Sie das Nachtlicht ganz einfach per Knopfdruck ausschalten.<\/p>\n\t\t<\/div>\n\t\t\t\t\t<\/div>\n\n\t\n<\/div>","protected":false},"excerpt":{"rendered":"<p>Markenname: MOPO<br \/>\nModel Number\uff1a MP BM07<br \/>\nMaterial: Keramik<br \/>\nSize\uff1a 700x410x565mm<br \/>\nGewicht: 48 kg<br \/>\nFarbe wei\u00df<br \/>\nFunktion: Automatischer Betrieb<br \/>\n<span style=\"color: #ed1c24;\"><strong><span style=\"font-size: 100%;\">Zertifikat: Dieses Produkt hat die CE-Zertifizierung erhalten<\/span><\/strong><\/span><br \/>\nEntw\u00e4sserungsmuster: S-Siphon 300\/400 mm<br \/>\nSp\u00fclmethode: Siphon-Jet-Sp\u00fclung<br \/>\nInstallationstyp: Bodenmontage<\/p>\n\t<a class=\"paoc-popup-click paoc-popup-cust-337 paoc-popup-button paoc-popup-btn\" href=\"javascript:void(0);\">Angebot anfordern<\/a>\r\n\u00a0 \u00a0 \u00a0<a href=\"https:\/\/api.whatsapp.com\/send?phone=8618675762929\"><img loading=\"lazy\" decoding=\"async\" class=\"alignnone wp-image-6698\" src=\"https:\/\/moposanitaryware.com\/wp-content\/uploads\/WhatsApp.png\" alt=\"\" width=\"140\" height=\"33\" srcset=\"https:\/\/moposanitaryware.com\/wp-content\/uploads\/WhatsApp.png 546w, https:\/\/moposanitaryware.com\/wp-content\/uploads\/WhatsApp-18x4.png 18w\" sizes=\"auto, (max-width: 140px) 100vw, 140px\" \/><\/a><\/p>","protected":false},"featured_media":2042,"template":"","meta":{"_acf_changed":false},"product_brand":[],"product_cat":[61,81],"product_tag":[76,75],"class_list":{"0":"post-2052","1":"product","2":"type-product","3":"status-publish","4":"has-post-thumbnail","6":"product_cat-bidet-toilets","7":"product_cat-smart-bidet-toilet","8":"product_tag-intelligent-toilet","9":"product_tag-smart-toilet","11":"first","12":"instock","13":"shipping-taxable","14":"product-type-simple"},"acf":[],"_links":{"self":[{"href":"https:\/\/moposanitaryware.com\/de\/wp-json\/wp\/v2\/product\/2052","targetHints":{"allow":["GET"]}}],"collection":[{"href":"https:\/\/moposanitaryware.com\/de\/wp-json\/wp\/v2\/product"}],"about":[{"href":"https:\/\/moposanitaryware.com\/de\/wp-json\/wp\/v2\/types\/product"}],"wp:featuredmedia":[{"embeddable":true,"href":"https:\/\/moposanitaryware.com\/de\/wp-json\/wp\/v2\/media\/2042"}],"wp:attachment":[{"href":"https:\/\/moposanitaryware.com\/de\/wp-json\/wp\/v2\/media?parent=2052"}],"wp:term":[{"taxonomy":"product_brand","embeddable":true,"href":"https:\/\/moposanitaryware.com\/de\/wp-json\/wp\/v2\/product_brand?post=2052"},{"taxonomy":"product_cat","embeddable":true,"href":"https:\/\/moposanitaryware.com\/de\/wp-json\/wp\/v2\/product_cat?post=2052"},{"taxonomy":"product_tag","embeddable":true,"href":"https:\/\/moposanitaryware.com\/de\/wp-json\/wp\/v2\/product_tag?post=2052"}],"curies":[{"name":"wp","href":"https:\/\/api.w.org\/{rel}","templated":true}]}}