{"id":1704,"date":"2021-06-05T07:49:18","date_gmt":"2021-06-05T07:49:18","guid":{"rendered":"https:\/\/moposanitaryware.com\/?post_type=product&#038;p=1704"},"modified":"2024-08-01T10:02:56","modified_gmt":"2024-08-01T10:02:56","slug":"wall-mount-touch-sensor-led-smart-mirror","status":"publish","type":"product","link":"https:\/\/moposanitaryware.com\/de\/wall-mount-touch-sensor-led-smart-mirror\/","title":{"rendered":"Moderner randloser, ultrad\u00fcnner, beleuchteter LED-Smart-Badezimmerspiegel mit Touch-Sensor zur Wandmontage"},"content":{"rendered":"<div class=\"banner has-hover\" id=\"banner-584108486\">\n          <div class=\"banner-inner fill\">\n        <div class=\"banner-bg fill\" >\n            <img loading=\"lazy\" decoding=\"async\" width=\"1280\" height=\"600\" src=\"https:\/\/moposanitaryware.com\/wp-content\/uploads\/2021\/05\/Customized-anti-fog-wall-mounted-magnifying-makeup-mirror-led-light-smart-mirror-with-speaker.jpg\" class=\"bg attachment-original size-original\" alt=\"Customized anti-fog wall mounted magnifying makeup mirror\" title=\"\">                                    \n\t<div class=\"is-border\"\n\t\tstyle=\"border-width:0px 0px px 0px;margin:0px 0px px 0px;\">\n\t<\/div>\n                    <\/div>\n\t\t\n        <div class=\"banner-layers container\">\n            <a class=\"fill\" href=\"https:\/\/moposanitaryware.com\/de\/produkt-kategorie\/hemlock-gesunde-dampf-traditionelle-sauna-zimmer-gunstigen-preis-sauna-trockendampf-dusche\/\" ><div class=\"fill banner-link\"><\/div><\/a>            \n   <div id=\"text-box-240892631\" class=\"text-box banner-layer x50 md-x10 lg-x10 y5 md-y25 lg-y25 res-text\">\n                                <div class=\"text-box-content text dark\">\n              \n              <div class=\"text-inner text-center\">\n                  \n<h2 style=\"text-align: center;\"><a href=\"https:\/\/moposanitaryware.com\/de\/produkt-kategorie\/hemlock-gesunde-dampf-traditionelle-sauna-zimmer-gunstigen-preis-sauna-trockendampf-dusche\/\"><span style=\"font-size: 75%;\">Spiegel<\/span><\/a><\/h2>\n<p style=\"text-align: center;\">Kaufen Sie unser sch\u00f6nes Sortiment an Wandspiegeln, <a href=\"https:\/\/moposanitaryware.com\/de\/produkt-kategorie\/hemlock-gesunde-dampf-traditionelle-sauna-zimmer-gunstigen-preis-sauna-trockendampf-dusche\/\">Badezimmerspiegel<\/a> und Frisiertisch <a href=\"https:\/\/moposanitaryware.com\/de\/produkt-kategorie\/hemlock-gesunde-dampf-traditionelle-sauna-zimmer-gunstigen-preis-sauna-trockendampf-dusche\/\">Spiegel<\/a><\/p>\n<a data-animate=\"bounceIn\" href=\"#brave_open_popup_688\" class=\"button white is-outline lowercase\"  style=\"border-radius:31px;\">\n\t\t<span>Mehr lesen<\/span>\n\t<\/a>\n\n              <\/div>\n           <\/div>\n                            \n<style>\n#text-box-240892631 {\n  width: 74%;\n}\n#text-box-240892631 .text-box-content {\n  font-size: 100%;\n}\n@media (min-width:550px) {\n  #text-box-240892631 {\n    width: 33%;\n  }\n}\n<\/style>\n    <\/div>\n \n        <\/div>\n      <\/div>\n\n            \n<style>\n#banner-584108486 {\n  padding-top: 35%;\n  background-color: rgb(255,255,255);\n}\n#banner-584108486 .banner-bg img {\n  object-position: 52% 49%;\n}\n<\/style>\n  <\/div>\n\n\n<div class=\"row align-center\"  id=\"row-1424493209\">\n\n\t<div id=\"col-1936679724\" class=\"col medium-9 small-12 large-9\"  data-animate=\"fadeInUp\">\n\t\t\t\t<div class=\"col-inner text-center\"  >\n\t\t\t\n\t\t\t\n<h1 style=\"text-align: center;\"><a href=\"https:\/\/moposanitaryware.com\/de\/produkt-kategorie\/hemlock-gesunde-dampf-traditionelle-sauna-zimmer-gunstigen-preis-sauna-trockendampf-dusche\/\">Intelligenter Spiegel<\/a><\/h1>\n<p style=\"text-align: center;\">Der an der Wand montierte Smart Mirror verleiht Ihrem Zimmer ein modernes und elegantes Aussehen, verleiht jedem Raum einen Hauch zeitgen\u00f6ssischen Stils und sanftes Licht. Sie k\u00f6nnen den Platz an der Wand voll ausnutzen, indem Sie ihn einfach an der Wand des Badezimmers oder Schlafzimmers befestigen. Der praktische Ein-\/Ausschalter gibt Ihnen die H\u00e4nde frei, erleichtert die Beleuchtung Ihres Gesichts und h\u00e4lt den Spiegel frei von Kondensation.<\/p>\n<a href=\"https:\/\/moposanitaryware.com\/de\/produkt-kategorie\/hemlock-gesunde-dampf-traditionelle-sauna-zimmer-gunstigen-preis-sauna-trockendampf-dusche\/\" class=\"button secondary is-underline lowercase\"  >\n\t\t<span>Alles erkunden<\/span>\n\t<i class=\"icon-menu\" aria-hidden=\"true\" ><\/i><\/a>\n\n\t\t<\/div>\n\t\t\t\t\t<\/div>\n\n\t\n<\/div>\n<div class=\"row\"  id=\"row-2111065465\">\n\n\t<div id=\"col-1147964794\" class=\"col small-12 large-12\"  >\n\t\t\t\t<div class=\"col-inner\"  >\n\t\t\t\n\t\t\t\n<table style=\"height: 492px;\" border=\"1\" width=\"667\">\n<tbody>\n<tr>\n<td>Herkunftsort:<\/td>\n<td>Foshan, China<\/td>\n<\/tr>\n<tr>\n<td>Modellname:<\/td>\n<td data-spm-anchor-id=\"a2700.details.pronpeci14.i1.47c970d3Zz0E3h\">MOPO\u00ae Anpassen <a href=\"https:\/\/moposanitaryware.com\/de\/produkt-kategorie\/hemlock-gesunde-dampf-traditionelle-sauna-zimmer-gunstigen-preis-sauna-trockendampf-dusche\/\">Intelligenter Badezimmerspiegel<\/a><\/td>\n<\/tr>\n<tr>\n<td><strong><span data-spm-anchor-id=\"a2700.wholesale.0.i33.2c534154qJukFc\">Besonderheit<\/span><\/strong><\/td>\n<td>Zeitgen\u00f6ssischer und stilvoller Stil<br \/>\nRostfrei und zuverl\u00e4ssige Qualit\u00e4t<br \/>\nZeitanzeige<br \/>\nAntibeschlagfunktion<br \/>\nFarbtemperatur\u00e4nderung<br \/>\nWahre Reflexion<br \/>\nEnergiesparender LED-Streifen<br \/>\nwasserdicht und feuchtigkeitsbest\u00e4ndig<br \/>\nEinfach zu installieren<\/td>\n<\/tr>\n<tr>\n<td>Anwendung:<\/td>\n<td>Hotel, Haus, Villa, Wohnung,<\/td>\n<\/tr>\n<tr>\n<td>Zertifikat:<\/td>\n<td>CE, ISO 9001, SASO, Wasserzeichen, UPC<\/td>\n<\/tr>\n<tr>\n<td>Service nach dem Verkauf<\/td>\n<td>Technischer Online-Support, kostenlose Ersatzteile<\/td>\n<\/tr>\n<tr>\n<td>OEM und ODM:<\/td>\n<td>OEM<\/td>\n<\/tr>\n<tr>\n<td>Mindestbestellmenge:<\/td>\n<td>1 Satz<\/td>\n<\/tr>\n<tr>\n<td>Kostenlose Probe:<\/td>\n<td>Lohnprobe<\/td>\n<\/tr>\n<tr>\n<td>Lieferf\u00e4higkeit:<\/td>\n<td>500 S\u00e4tze pro Tag<\/td>\n<\/tr>\n<tr>\n<td style=\"text-align: left;\">Verpackung:<\/td>\n<td style=\"text-align: left;\">Standard-Exportkartons mit PE-Schaum und Polyschaum, Holzkisten sind f\u00fcr LCL-Versand optional<\/td>\n<\/tr>\n<\/tbody>\n<\/table>\n<div class=\"elementor-element elementor-element-4983a81 elementor-widget elementor-widget-heading\" data-id=\"4983a81\" data-element_type=\"widget\" data-widget_type=\"heading.default\">\n<div class=\"elementor-widget-container\">\n<div class=\"elementor-element elementor-element-6107deb elementor-widget elementor-widget-heading\" data-id=\"6107deb\" data-element_type=\"widget\" data-widget_type=\"heading.default\">\n<div class=\"elementor-widget-container\">\n<section class=\"elementor-section elementor-inner-section elementor-element elementor-element-0751ebd elementor-section-boxed elementor-section-height-default elementor-section-height-default\" data-id=\"0751ebd\" data-element_type=\"section\">\n<div class=\"elementor-container elementor-column-gap-default\">\n<div class=\"elementor-row\">\n<div class=\"elementor-column elementor-col-50 elementor-inner-column elementor-element elementor-element-64d1e6f\" data-id=\"64d1e6f\" data-element_type=\"column\">\n<div class=\"elementor-column-wrap elementor-element-populated\">\n<div class=\"elementor-widget-wrap\">\n<div class=\"elementor-element elementor-element-e0cf4e8 elementor-position-left elementor-view-default elementor-vertical-align-top elementor-widget elementor-widget-icon-box\" data-id=\"e0cf4e8\" data-element_type=\"widget\" data-widget_type=\"icon-box.default\">\n<div><\/div>\n<\/div>\n<\/div>\n<\/div>\n<\/div>\n<\/div>\n<\/div>\n<\/section>\n<\/div>\n<\/div>\n<\/div>\n<\/div>\n\t\t<\/div>\n\t\t\t\t\t<\/div>\n\n\t\n<\/div>\n<div class=\"row\"  id=\"row-274272470\">\n\n\t<div id=\"col-1173871829\" class=\"col medium-6 small-12 large-6\"  >\n\t\t\t\t<div class=\"col-inner\"  >\n\t\t\t\n\t\t\t\n\t<div class=\"img has-hover x md-x lg-x y md-y lg-y\" id=\"image_1694609706\">\n\t\t<a class=\"\" href=\"https:\/\/moposanitaryware.com\/de\/produkt-kategorie\/hemlock-gesunde-dampf-traditionelle-sauna-zimmer-gunstigen-preis-sauna-trockendampf-dusche\/\" >\t\t\t\t\t\t<div class=\"img-inner dark\" >\n\t\t\t<img loading=\"lazy\" decoding=\"async\" width=\"600\" height=\"375\" src=\"https:\/\/moposanitaryware.com\/wp-content\/uploads\/2021\/06\/China-Bathroom-Smart-Wall-LED-Light-Magic-Mirror-Display-with-Touchscreen-for-Hotel_Home-China-Touch-Screen-Mirror-and-LCD-Ad-Player-price-9.jpg\" class=\"attachment-large size-large\" alt=\"Bathroom Smart Mirror China Touch Screen LED Light Magic Mirror and LCD Ad Player price\" title=\"\">\t\t\t\t\t\t\n\t\t\t\t\t<\/div>\n\t\t\t\t\t\t<\/a>\t\t\n<style>\n#image_1694609706 {\n  width: 100%;\n}\n<\/style>\n\t<\/div>\n\t\n\t\t<\/div>\n\t\t\t\t\t<\/div>\n\n\t\n\n\t<div id=\"col-1339169256\" class=\"col medium-6 small-12 large-6\"  >\n\t\t\t\t<div class=\"col-inner\"  >\n\t\t\t\n\t\t\t\n<h3 class=\"pp_secSubTit\">Wichtige Spezifikationen\/Besonderheiten:<\/h3>\n<div class=\"txt_edit_area\"><a href=\"https:\/\/moposanitaryware.com\/de\/produkt-kategorie\/hemlock-gesunde-dampf-traditionelle-sauna-zimmer-gunstigen-preis-sauna-trockendampf-dusche\/\">Intelligenter Spiegel<\/a> kommt mit einer intelligenten interaktiven Plattform. Mit Touchscreen oder Sprachsteuerung, Ihre <a href=\"https:\/\/moposanitaryware.com\/de\/produkt-kategorie\/hemlock-gesunde-dampf-traditionelle-sauna-zimmer-gunstigen-preis-sauna-trockendampf-dusche\/\">Spiegel<\/a> ist mit allen Ihren intelligenten Ger\u00e4ten zu Hause verbunden, Sie k\u00f6nnen ganz einfach die Beleuchtung, Musik, den Luftreiniger, den Warmwasserbereiter usw. steuern. Ein Spiegel mit all seinen zu entdeckenden M\u00f6glichkeiten steht zu Ihrer Verf\u00fcgung.<b>Wann <a href=\"https:\/\/moposanitaryware.com\/de\/produkt-kategorie\/hemlock-gesunde-dampf-traditionelle-sauna-zimmer-gunstigen-preis-sauna-trockendampf-dusche\/\">Intelligenter Spiegel<\/a> ist aus,<\/b>Sie ist nur eine normale <a href=\"https:\/\/moposanitaryware.com\/de\/produkt-kategorie\/hemlock-gesunde-dampf-traditionelle-sauna-zimmer-gunstigen-preis-sauna-trockendampf-dusche\/\">Spiegel<\/a> \u00dcberpr\u00fcfen Sie in Ihrem Badezimmer vor ihr Ihr t\u00e4gliches Make-up.<b>Wann <a href=\"https:\/\/moposanitaryware.com\/de\/produkt-kategorie\/hemlock-gesunde-dampf-traditionelle-sauna-zimmer-gunstigen-preis-sauna-trockendampf-dusche\/\">Intelligenter Spiegel<\/a> wacht auf,<\/b>Sie wird zu einem intelligenten interaktiven Kontrollzentrum und Ihrer Lebensassistentin.<\/div>\n\t\t<\/div>\n\t\t\t\t\t<\/div>\n\n\t\n<\/div>\n<div class=\"row\"  id=\"row-60082412\">\n\n\t<div id=\"col-1655467007\" class=\"col medium-4 small-12 large-4\"  >\n\t\t\t\t<div class=\"col-inner\"  >\n\t\t\t\n\t\t\t\n\t<div class=\"box has-hover   has-hover box-text-bottom\" >\n\n\t\t<div class=\"box-image\" >\n\t\t\t<a href=\"https:\/\/moposanitaryware.com\/de\/produkt-kategorie\/hemlock-gesunde-dampf-traditionelle-sauna-zimmer-gunstigen-preis-sauna-trockendampf-dusche\/\" >\t\t\t<div class=\"\" >\n\t\t\t\t<img loading=\"lazy\" decoding=\"async\" width=\"600\" height=\"375\" src=\"https:\/\/moposanitaryware.com\/wp-content\/uploads\/2021\/06\/China-Bathroom-Smart-Wall-LED-Light-Magic-Mirror-Display-with-Touchscreen-for-Hotel_Home-China-Touch-Screen-Mirror-and-LCD-Ad-Player-price-1.jpg\" class=\"attachment- size-\" alt=\"Bathroom Smart Mirror China Touch Screen LED Light Magic Mirror Smart Weather Function\" title=\"\">\t\t\t\t\t\t\t\t\t\t\t<\/div>\n\t\t\t<\/a>\t\t<\/div>\n\n\t\t<div class=\"box-text text-center\" >\n\t\t\t<div class=\"box-text-inner\">\n\t\t\t\t\n<p>Sprachsteuerung integriert, <a href=\"https:\/\/moposanitaryware.com\/de\/produkt-kategorie\/hemlock-gesunde-dampf-traditionelle-sauna-zimmer-gunstigen-preis-sauna-trockendampf-dusche\/\">Intelligenter Spiegel<\/a>\u00a0bietet Ihnen vollen Zugriff auf die Steuerung von Musik-\/Videoinhalten und Haushaltsger\u00e4ten per Sprache. Au\u00dferdem k\u00f6nnen Sie per Ber\u00fchrung oder Sprache alle intelligenten Haushaltsger\u00e4te auf dem Smart Mirror steuern, die Beleuchtung im Haus, Musik, Luftreiniger und Heizung mit einem einzigen Ber\u00fchrungs-\/Sprachbefehl. Nachrichten, Wetter, Verkehr und Kalender \u2013 alles im \u00dcberblick auf dem <a href=\"https:\/\/moposanitaryware.com\/de\/produkt-kategorie\/hemlock-gesunde-dampf-traditionelle-sauna-zimmer-gunstigen-preis-sauna-trockendampf-dusche\/\">Intelligenter Spiegel<\/a>\u00a0for you, sendet zudem t\u00e4gliche Erinnerungen an Ihre Outdoor-Aktivit\u00e4ten.<\/p>\n\t\t\t<\/div>\n\t\t<\/div>\n\t<\/div>\n\t\n\t\t<\/div>\n\t\t\t\t\t<\/div>\n\n\t\n\n\t<div id=\"col-1230532062\" class=\"col medium-4 small-12 large-4\"  >\n\t\t\t\t<div class=\"col-inner\"  >\n\t\t\t\n\t\t\t\n\t<div class=\"box has-hover   has-hover box-text-bottom\" >\n\n\t\t<div class=\"box-image\" >\n\t\t\t<a href=\"https:\/\/moposanitaryware.com\/de\/produkt-kategorie\/hemlock-gesunde-dampf-traditionelle-sauna-zimmer-gunstigen-preis-sauna-trockendampf-dusche\/\" >\t\t\t<div class=\"\" >\n\t\t\t\t<img loading=\"lazy\" decoding=\"async\" width=\"600\" height=\"375\" src=\"https:\/\/moposanitaryware.com\/wp-content\/uploads\/2021\/06\/China-Bathroom-Smart-Wall-LED-Light-Magic-Mirror-Display-with-Touchscreen-for-Hotel_Home-China-Touch-Screen-Mirror-and-LCD-Ad-Player-price-2.jpg\" class=\"attachment- size-\" alt=\"Bathroom Smart Mirror China Touch Screen LED Light Magic Mirror Smart User System\" title=\"\">\t\t\t\t\t\t\t\t\t\t\t<\/div>\n\t\t\t<\/a>\t\t<\/div>\n\n\t\t<div class=\"box-text text-center\" >\n\t\t\t<div class=\"box-text-inner\">\n\t\t\t\t\n<p>Der beschlagfreie und lichtundurchl\u00e4ssige, an der Wand montierte beleuchtete Schminkspiegel verf\u00fcgt \u00fcber einen einzigartigen Antibeschlagknopf, der innerhalb von 3 Sekunden nach dem \u00d6ffnen wirksam wird. Dank der integrierten Antibeschlagfunktion ist es nicht erforderlich, den Spiegel h\u00e4ufig mit einem Antibeschlagspray zu behandeln oder ihn mehrmals pro Dusche abzusp\u00fclen. Gleichzeitig ist um den LED-Kosmetikspiegel ein auslaufsicheres Streifenband angebracht, um Lichtlecks zu verhindern.<\/p>\n\t\t\t<\/div>\n\t\t<\/div>\n\t<\/div>\n\t\n\t\t<\/div>\n\t\t\t\t\t<\/div>\n\n\t\n\n\t<div id=\"col-187401951\" class=\"col medium-4 small-12 large-4\"  >\n\t\t\t\t<div class=\"col-inner\"  >\n\t\t\t\n\t\t\t\n\t<div class=\"box has-hover   has-hover box-text-bottom\" >\n\n\t\t<div class=\"box-image\" >\n\t\t\t<a href=\"https:\/\/moposanitaryware.com\/de\/produkt-kategorie\/hemlock-gesunde-dampf-traditionelle-sauna-zimmer-gunstigen-preis-sauna-trockendampf-dusche\/\" >\t\t\t<div class=\"\" >\n\t\t\t\t<img loading=\"lazy\" decoding=\"async\" width=\"600\" height=\"375\" src=\"https:\/\/moposanitaryware.com\/wp-content\/uploads\/2021\/06\/China-Bathroom-Smart-Wall-LED-Light-Magic-Mirror-Display-with-Touchscreen-for-Hotel_Home-China-Touch-Screen-Mirror-and-LCD-Ad-Player-price-3.jpg\" class=\"attachment- size-\" alt=\"Bathroom Smart Mirror China Touch Screen LED Light Magic Mirror Smart Polymeric Materials\" title=\"\">\t\t\t\t\t\t\t\t\t\t\t<\/div>\n\t\t\t<\/a>\t\t<\/div>\n\n\t\t<div class=\"box-text text-center\" >\n\t\t\t<div class=\"box-text-inner\">\n\t\t\t\t\n<p>Tolle Materialien und Design: Hergestellt aus 5 mm dickem, umweltfreundlichem, kupferfreiem Silberspiegel, flimmerfrei, UV-best\u00e4ndig. Modernes, klassisches Au\u00dfendesign l\u00e4sst Ihr Badezimmer cooler und luxuri\u00f6ser aussehen. Mehr als 50.000 Stunden Lebensdauer, perfekt f\u00fcr Badezimmer, Schlafzimmer als Make-up- oder Lichtdekoration.<\/p>\n\t\t\t<\/div>\n\t\t<\/div>\n\t<\/div>\n\t\n\t\t<\/div>\n\t\t\t\t\t<\/div>\n\n\t\n<\/div>\n<div class=\"row\"  id=\"row-938851767\">\n\n\t<div id=\"col-904889482\" class=\"col medium-6 small-12 large-6\"  >\n\t\t\t\t<div class=\"col-inner\"  >\n\t\t\t\n\t\t\t\n<div class=\"container section-title-container\" ><h3 class=\"section-title section-title-normal\"><b><\/b><span class=\"section-title-main\" >senden Sie uns eine Email<\/span><b><\/b><\/h3><\/div>\n<p>Wenn Sie an unseren Produkten interessiert sind und weitere Einzelheiten erfahren m\u00f6chten, hinterlassen Sie hier bitte eine Nachricht. Wir werden Ihnen so schnell wie m\u00f6glich antworten.<\/p>\n\n<div class=\"wpcf7 no-js\" id=\"wpcf7-f13-o1\" lang=\"en-US\" dir=\"ltr\" data-wpcf7-id=\"13\">\n<div class=\"screen-reader-response\"><p role=\"status\" aria-live=\"polite\" aria-atomic=\"true\"><\/p> <ul><\/ul><\/div>\n<form action=\"\/de\/wp-json\/wp\/v2\/product\/1704#wpcf7-f13-o1\" method=\"post\" class=\"wpcf7-form init\" aria-label=\"Contact form\" novalidate=\"novalidate\" data-status=\"init\" data-trp-original-action=\"\/de\/wp-json\/wp\/v2\/product\/1704#wpcf7-f13-o1\">\n<fieldset class=\"hidden-fields-container\"><input type=\"hidden\" name=\"_wpcf7\" value=\"13\" \/><input type=\"hidden\" name=\"_wpcf7_version\" value=\"6.1.1\" \/><input type=\"hidden\" name=\"_wpcf7_locale\" value=\"en_US\" \/><input type=\"hidden\" name=\"_wpcf7_unit_tag\" value=\"wpcf7-f13-o1\" \/><input type=\"hidden\" name=\"_wpcf7_container_post\" value=\"0\" \/><input type=\"hidden\" name=\"_wpcf7_posted_data_hash\" value=\"\" \/><input type=\"hidden\" name=\"_wpcf7_recaptcha_response\" value=\"\" \/>\n<\/fieldset>\n<div class=\"form-flat\">\n\t<p><span class=\"wpcf7-form-control-wrap\" data-name=\"your-name\"><input size=\"40\" maxlength=\"400\" class=\"wpcf7-form-control wpcf7-text wpcf7-validates-as-required\" aria-required=\"true\" aria-invalid=\"false\" placeholder=\"Dein Name (erforderlich)\" value=\"\" type=\"text\" name=\"your-name\" \/><\/span><br \/>\n<span class=\"wpcf7-form-control-wrap\" data-name=\"your-email\"><input size=\"40\" maxlength=\"400\" class=\"wpcf7-form-control wpcf7-email wpcf7-validates-as-required wpcf7-text wpcf7-validates-as-email\" aria-required=\"true\" aria-invalid=\"false\" placeholder=\"Ihre E-Mailadresse (erforderlich)\" value=\"\" type=\"email\" name=\"your-email\" \/><\/span>\n\t<\/p>\n\t<p><span class=\"wpcf7-form-control-wrap\" data-name=\"your-tels\"><input size=\"40\" maxlength=\"400\" class=\"wpcf7-form-control wpcf7-tel wpcf7-text wpcf7-validates-as-tel\" aria-invalid=\"false\" placeholder=\"Ihr Tel (optional)\" value=\"\" type=\"tel\" name=\"your-tels\" \/><\/span>\n\t<\/p>\n\t<p><span class=\"wpcf7-form-control-wrap\" data-name=\"your-message\"><textarea cols=\"40\" rows=\"10\" maxlength=\"2000\" class=\"wpcf7-form-control wpcf7-textarea\" aria-invalid=\"false\" placeholder=\"F\u00fcr das beste Ergebnis empfehlen wir, die folgenden Details anzugeben: - Selbstvorstellung - Ben\u00f6tigte Artikel oder Dienstleistungen - Ben\u00f6tigte Menge\" name=\"your-message\"><\/textarea><\/span>\n\t<\/p>\n\t<p>Unternehmensberatung:*<br \/>\n<span class=\"wpcf7-form-control-wrap\" data-name=\"checkbox\"><span class=\"wpcf7-form-control wpcf7-checkbox wpcf7-validates-as-required wpcf7-exclusive-checkbox\"><span class=\"wpcf7-list-item first\"><label><input type=\"checkbox\" name=\"checkbox\" value=\"Quotation\" \/><span class=\"wpcf7-list-item-label\">Zitat<\/span><\/label><\/span><span class=\"wpcf7-list-item\"><label><input type=\"checkbox\" name=\"checkbox\" value=\"Catalog\" \/><span class=\"wpcf7-list-item-label\">Katalog<\/span><\/label><\/span><span class=\"wpcf7-list-item\"><label><input type=\"checkbox\" name=\"checkbox\" value=\"Service Support\" \/><span class=\"wpcf7-list-item-label\">Service-Unterst\u00fctzung<\/span><\/label><\/span><span class=\"wpcf7-list-item\"><label><input type=\"checkbox\" name=\"checkbox\" value=\"Project\" \/><span class=\"wpcf7-list-item-label\">Projekt<\/span><\/label><\/span><span class=\"wpcf7-list-item last\"><label><input type=\"checkbox\" name=\"checkbox\" value=\"I am interested in becoming an agent\" \/><span class=\"wpcf7-list-item-label\">Ich bin daran interessiert, Agent zu werden<\/span><\/label><\/span><\/span><\/span><br \/>\n<input class=\"wpcf7-form-control wpcf7-submit has-spinner button\" type=\"submit\" value=\"Einreichen\" \/>\n\t<\/p>\n<\/div><div class=\"wpcf7-response-output\" aria-hidden=\"true\"><\/div>\n<input type=\"hidden\" name=\"trp-form-language\" value=\"de\"\/><\/form>\n<\/div>\n\n\t\t<\/div>\n\t\t\t\t\t<\/div>\n\n\t\n\n\t<div id=\"col-933584292\" class=\"col medium-6 small-12 large-6\"  >\n\t\t\t\t<div class=\"col-inner\"  >\n\t\t\t\n\t\t\t\n<div class=\"container section-title-container\" ><h3 class=\"section-title section-title-normal\"><b><\/b><span class=\"section-title-main\" >KONTAKTIERE UNS<\/span><b><\/b><\/h3><\/div>\n<p>Wenn Sie eine Frage zu einem unserer Produkte haben oder aus einem anderen Grund Kontakt mit uns aufnehmen m\u00f6chten, f\u00fcllen Sie bitte das folgende Formular aus. Wir werden uns schnellstm\u00f6glich bei Ihnen melden.<\/p>\n<p><strong>Rufen Sie uns an:<\/strong> <a href=\"http:\/\/+86 18675762929\" rel=\"nofollow\">+8618675762929<\/a><br \/>\n<strong>Schreiben Sie uns eine E-Mail<\/strong>:\u00a0\u00a0<a href=\"mailto:info@mopochina.com\">info@mopochina.com<\/a><\/p>\n<p><strong>Skype\u00a0<\/strong>: <a href=\"skype:Sanitwell Shen?chat\">cheng jiawei<\/a><\/p>\n<p><strong>Adresse<\/strong> : B1, Nr. 10<sup>th<\/sup>, Yingkeyijia Keramikwelt, 4<sup>th<\/sup>\u00a0Jihua Road, Chancheng, Foshan, 528 000, Guangdong, China<\/p>\n<p><strong>PRODUKTIONSST\u00c4TTE :<\/strong>\u00a0Landkreis Chaoan, Stadt Chaozhou, Provinz Guangdong<\/p>\n<p><strong>Freundlicher Link:<\/strong><br \/>\n<a href=\"https:\/\/moposanitaryware.com\/de\/?attachment_id=1683\">https:\/\/moposanitaryware.com<\/a><br \/>\n<a href=\"https:\/\/www.mopotoilet.com\" rel=\"nofollow noopener\" target=\"_blank\">https:\/\/www.mopotoilet.com<\/a><br \/>\n<a href=\"https:\/\/\/de\/www.mopofaucet.com\/\">https:www.mopofaucet.com<\/a><\/p>\n<div class=\"social-icons follow-icons full-width text-left\" ><span>Folgen Sie uns<\/span><a href=\"https:\/\/www.facebook.com\/MOPOCHINA\" target=\"_blank\" data-label=\"Facebook\" class=\"icon primary button circle facebook tooltip\" title=\"Auf Facebook folgen\" aria-label=\"Auf Facebook folgen\" rel=\"noopener nofollow\"><i class=\"icon-facebook\" ><\/i><\/a><a href=\"https:\/\/www.instagram.com\/mopotoilet\/\" target=\"_blank\" data-label=\"Instagram\" class=\"icon primary button circle instagram tooltip\" title=\"Auf Instagram folgen\" aria-label=\"Auf Instagram folgen\" rel=\"noopener nofollow\"><i class=\"icon-instagram\" ><\/i><\/a><a href=\"https:\/\/twitter.com\/mopotoilet\" data-label=\"Twitter\" target=\"_blank\" class=\"icon primary button circle twitter tooltip\" title=\"Auf Twitter folgen\" aria-label=\"Auf Twitter folgen\" rel=\"noopener nofollow\"><i class=\"icon-twitter\" ><\/i><\/a><a href=\"mailto:info@mopochina.com\" data-label=\"E-mail\" target=\"_blank\" class=\"icon primary button circle email tooltip\" title=\"Sende uns eine E-Mail\" aria-label=\"Sende uns eine E-Mail\" rel=\"nofollow noopener\" ><i class=\"icon-envelop\" ><\/i><\/a><a href=\"https:\/\/www.linkedin.com\/company\/mopo-sanitary-ware\/\" data-label=\"LinkedIn\" target=\"_blank\" class=\"icon primary button circle linkedin tooltip\" title=\"Auf Linkedin folgen\" aria-label=\"Auf Linkedin folgen\" rel=\"noopener nofollow\"><i class=\"icon-linkedin\" ><\/i><\/a><a href=\"https:\/\/www.youtube.com\/c\/mopochina\/featured\" data-label=\"YouTube\" target=\"_blank\" class=\"icon primary button circle youtube tooltip\" title=\"Auf YouTube folgen\" aria-label=\"Auf YouTube folgen\" rel=\"noopener nofollow\"><i class=\"icon-youtube\" ><\/i><\/a><\/div>\n\t\t<\/div>\n\t\t\t\t\t<\/div>\n\n\t\n<\/div>","protected":false},"excerpt":{"rendered":"<p>Markenname: <a href=\"#brave_open_popup_688\">MOPO\u00ae<\/a><br \/>\nProduktname: Badezimmer <a href=\"https:\/\/moposanitaryware.com\/de\/shop\/mirrors\/\">Intelligenter Spiegel<\/a><br \/>\nModellnummer: MP-SM100-Serie<br \/>\nMaterial: Geh\u00e4rtetes Glas\/Metalllegierung<br \/>\nGr\u00f6\u00dfe: 24\/28\/36\/48 Zoll (optional)<br \/>\nFarben: Chrom\/Schwarz\/Gold\/Ros\u00e9gold<br \/>\nInstallationstyp: Wandmontage<br \/>\nVerwendung: Badezimmerdekoration, Make-up.<\/p>\n\t<a class=\"paoc-popup-click paoc-popup-cust-337 paoc-popup-button paoc-popup-btn\" href=\"javascript:void(0);\">Angebot anfordern<\/a>\r\n\u00a0 \u00a0 \u00a0<a href=\"https:\/\/api.whatsapp.com\/send?phone=8618675762929\"><img loading=\"lazy\" decoding=\"async\" class=\"alignnone wp-image-6698\" src=\"https:\/\/moposanitaryware.com\/wp-content\/uploads\/WhatsApp.png\" alt=\"\" width=\"140\" height=\"33\" srcset=\"https:\/\/moposanitaryware.com\/wp-content\/uploads\/WhatsApp.png 546w, https:\/\/moposanitaryware.com\/wp-content\/uploads\/WhatsApp-18x4.png 18w\" sizes=\"auto, (max-width: 140px) 100vw, 140px\" \/><\/a><\/p>","protected":false},"featured_media":1667,"template":"","meta":{"_acf_changed":false},"product_brand":[],"product_cat":[15,36,109],"product_tag":[134,133],"class_list":{"0":"post-1704","1":"product","2":"type-product","3":"status-publish","4":"has-post-thumbnail","6":"product_cat-see-all-categories","7":"product_cat-mirror","8":"product_cat-smart-mirror","9":"product_tag-bathroom-mirror","10":"product_tag-smart-mirror","12":"first","13":"instock","14":"shipping-taxable","15":"product-type-simple"},"acf":[],"_links":{"self":[{"href":"https:\/\/moposanitaryware.com\/de\/wp-json\/wp\/v2\/product\/1704","targetHints":{"allow":["GET"]}}],"collection":[{"href":"https:\/\/moposanitaryware.com\/de\/wp-json\/wp\/v2\/product"}],"about":[{"href":"https:\/\/moposanitaryware.com\/de\/wp-json\/wp\/v2\/types\/product"}],"wp:featuredmedia":[{"embeddable":true,"href":"https:\/\/moposanitaryware.com\/de\/wp-json\/wp\/v2\/media\/1667"}],"wp:attachment":[{"href":"https:\/\/moposanitaryware.com\/de\/wp-json\/wp\/v2\/media?parent=1704"}],"wp:term":[{"taxonomy":"product_brand","embeddable":true,"href":"https:\/\/moposanitaryware.com\/de\/wp-json\/wp\/v2\/product_brand?post=1704"},{"taxonomy":"product_cat","embeddable":true,"href":"https:\/\/moposanitaryware.com\/de\/wp-json\/wp\/v2\/product_cat?post=1704"},{"taxonomy":"product_tag","embeddable":true,"href":"https:\/\/moposanitaryware.com\/de\/wp-json\/wp\/v2\/product_tag?post=1704"}],"curies":[{"name":"wp","href":"https:\/\/api.w.org\/{rel}","templated":true}]}}